{"id":7698,"date":"2021-05-04T12:45:32","date_gmt":"2021-05-04T10:45:32","guid":{"rendered":"https:\/\/foufou-champagne.com\/?post_type=product&#038;p=7698"},"modified":"2026-02-11T15:30:41","modified_gmt":"2026-02-11T14:30:41","slug":"bonnet-ponson-cuvee-perpetuelle-rose","status":"publish","type":"product","link":"https:\/\/foufou-champagne.com\/de\/champagner\/bonnet-ponson-cuvee-perpetuelle-rose\/","title":{"rendered":"Bonnet-Ponson Cuv\u00e9e Perp\u00e9tuelle Ros\u00e9 (Non Dos\u00e9)"},"content":{"rendered":"<h4>Der Champagner<\/h4>\n<p>Die lachsfarbene Schwester des Cuv\u00e9e Perp\u00e9tuelle!<\/p>\n<p>Die Trauben f\u00fcr den<span style=\"color: #ff3399;\"><a style=\"color: #ff3399;\" href=\"https:\/\/foufou-champagne.com\/de\/produkt-kategorie\/bonnet-ponson-champagner\/\" target=\"_blank\" rel=\"noopener\"> Bonnet-Ponson<\/a> <\/span>Cuv\u00e9e Perp\u00e9tuelle Ros\u00e9 Non Dos\u00e9 stammen von Reben aus den Premier Cru-Anlagen um Chamery in der &#8220;Petit Montagne&#8221;. Er besteht zu 50% aus Pinot Noir und zu gleichen Teilen aus Chardonnay und Pinot Meunier. Die Herstellung dieses Champagners folgt einem Prinzip: das Erreichen der Balance zwischen Eleganz und Fruchtigkeit, Jugend und Reife. Hierf\u00fcr lagert der Cuv\u00e9e Perp\u00e9tuelle Ros\u00e9 sieben Monate bevor er mit den Reserveweinen der vergangenen Jahrg\u00e4nge und 8-10% der eigenen Rotweine verblendet wird. Weitere 48 Monate Flascheng\u00e4rung und eine Dosage von 5g\/l lassen die weinigen und w\u00fcrzigen Noten des Champagners mit dem fleischigen Ausdruck des Pinot Noir verschmelzen.<\/p>\n<h4>Tasting Note<\/h4>\n<ul>\n<li>Im Glas ein intensives Lachsrosa mit zarten orangefarbenen Reflexen und einer lebendigen Mousseux.<\/li>\n<li>In der Nase eindrucksvolle Aromen von Walderdbeeren, Feigen und wilden Kr\u00e4utern.<\/li>\n<li>Am Gaumen zeigt sich der Bonnet-Ponson Cuv\u00e9e Perp\u00e9tuelle Ros\u00e9 mit einer lebendige Perlage und einer feinen S\u00e4ure. Im Nachhall zeigen sich die intensiven Fruchtaromen mit einer intensiven W\u00fcrze und Mineralit\u00e4t.<\/li>\n<\/ul>\n<h4>passt zu<\/h4>\n<ul>\n<li>Dieser Champagner ist passender Begleiter zu w\u00fcrzigen und scharfen Speisen<\/li>\n<li>Zu Muscheln<\/li>\n<li>Er passt au\u00dferdem wunderbar zu Desserts mit N\u00fcssen und Steinfr\u00fcchten<\/li>\n<\/ul>\n<h4><span style=\"color: #000000;\">Das Champagnerhaus Bonnet-Ponson<\/span><\/h4>\n<p><strong>Aromatisch, energisch mit einer besonderen Reife.<\/strong><\/p>\n<p>Seit 1862 stellt die Familie Bonnet ihren Champagner in Chamery her. Gr\u00e9goire Bonnet war der erste Winzer in dieser Gegend. Der Gro\u00dfteil der Reben des Hauses ist auf den H\u00fcgeln der drei D\u00f6rfer Chamery, Vrigny und Coulommes la Montagne im westlichen Teils von der Montagne de Reims gepflanzt, auch bekannt als &#8220;petite montagne&#8221;. Die im Terti\u00e4r entstandenen B\u00f6den bestehen aus Sand, Ton\/Lehm und kalkhaltigem Lehm.\u00a01956 lernte Andr\u00e9 Bonnet seine Frau Monique Ponson kennen, die selbst aus einer Winzerfamilie in Vrigny stammt, ebenfalls aus der Montage de Reims. Gemeinsam begannen sie mit der Domain Bonnet-Ponson wenige Parzellen Meunier und Pinot Noir in Chamery, Vrigny und Coulommes la Montagne anzubauen. Heute ist die Fl\u00e4che auf 9 Hektar angewachsen, jeweils mit den drei Rebsorten zu gleichen Teilen bestockt. 1979 trat der Sohn Thierry Bonnet in das Champagnerhaus ein und setzte im Laufe von 30 Jahren die Entwicklung der Dom\u00e4ne weiter voran. Zus\u00e4tzliche Weinkeller in den sandigen B\u00f6den der &#8220;Petit Montagne&#8221; erm\u00f6glichen seither eine l\u00e4ngere Reifung der kostbaren Champagner.\u00a0Nach dem Studium der \u00d6nologie und der Arbeit als Rotweinmacher im S\u00fcdwesten Frankreichs trat Cyril Bonnet 2013 in die Familiendom\u00e4ne ein und begann zeitgleich mit der Umstellung des gesamten Weinbergs auf die biologische Anbaumethode. Wir sind gespannt, was folgt!<\/p>\n<p>&nbsp;<\/p>\n","protected":false},"excerpt":{"rendered":"<p>Ein eindrucksvoller und aromatischer Ros\u00e9 aus dem Hause Bonnet-Ponson.<\/p>\n","protected":false},"featured_media":16229,"comment_status":"open","ping_status":"closed","template":"","meta":{"_acf_changed":false,"_editorskit_title_hidden":false,"_editorskit_reading_time":0,"_editorskit_is_block_options_detached":false,"_editorskit_block_options_position":"{}","_coblocks_attr":"","_coblocks_dimensions":"","_coblocks_responsive_height":"","_coblocks_accordion_ie_support":""},"product_brand":[],"product_cat":[15,66,464,512,154],"product_tag":[167,483,91,210],"class_list":{"0":"post-7698","1":"product","2":"type-product","3":"status-publish","4":"has-post-thumbnail","6":"product_cat-champagner","7":"product_cat-bio-champagner","8":"product_cat-bonnet-ponson-champagner","9":"product_cat-rose-champagner","10":"product_cat-winzerchampagner","11":"product_tag-bio-champagner","12":"product_tag-rose","13":"product_tag-rose-champagner","14":"product_tag-winzerchampagner","15":"product_shipping_class-standard","16":"pa_kategorie-bio-champagner","17":"pa_kategorie-rose-champagner","18":"pa_kategorie-winzer-champagner","20":"first","21":"instock","22":"taxable","23":"shipping-taxable","24":"purchasable","25":"product-type-composite"},"composite_virtual":false,"composite_layout":"single","composite_add_to_cart_form_location":"default","composite_editable_in_cart":false,"composite_sold_individually_context":"product","composite_shop_price_calc":"defaults","composite_components":[{"id":"1686182354","title":"Geschenkverpackung (optional)","description":"","query_type":"product_ids","query_ids":[13154],"default_option_id":"","thumbnail_id":"","thumbnail_src":"","quantity_min":1,"quantity_max":1,"priced_individually":true,"shipped_individually":false,"optional":true,"discount":"","options_style":"dropdowns","pagination_style":"classic","display_prices":"absolute","show_sorting_options":false,"show_filtering_options":false,"attribute_filter_ids":[],"select_action":"view","product_title_visible":false,"product_descr_visible":true,"product_price_visible":true,"product_thumb_visible":true,"subtotal_visible_product":false,"subtotal_visible_cart":false,"subtotal_visible_orders":false,"product_addons_visible":true},{"id":"1686182355","title":"Gru\u00dfkarte mit Mini-Bouquet (optional)","description":"","query_type":"category_ids","query_ids":[635],"default_option_id":"","thumbnail_id":"","thumbnail_src":"","quantity_min":1,"quantity_max":1,"priced_individually":true,"shipped_individually":false,"optional":true,"discount":"","options_style":"dropdowns","pagination_style":"classic","display_prices":"absolute","show_sorting_options":false,"show_filtering_options":false,"attribute_filter_ids":[],"select_action":"view","product_title_visible":false,"product_descr_visible":true,"product_price_visible":true,"product_thumb_visible":true,"subtotal_visible_product":false,"subtotal_visible_cart":false,"subtotal_visible_orders":false,"product_addons_visible":true}],"composite_scenarios":[],"exclude_global_add_ons":[],"addons":[],"acf":[],"yoast_head":"<!-- This site is optimized with the Yoast SEO plugin v26.8 - https:\/\/yoast.com\/product\/yoast-seo-wordpress\/ -->\n<title>Bonnet-Ponson Cuv\u00e9e Perp\u00e9tuelle Ros\u00e9 (Non Dos\u00e9) | FOUFOU CHAMPAGNE BOUTIQUE<\/title>\n<meta name=\"description\" content=\"Der Cuv\u00e9e Perp\u00e9tuelle Ros\u00e9 von Bonnet-Ponson. Ein eindrucksvoller und aromatischer Ros\u00e9. Jetzt online kaufen!\" \/>\n<meta name=\"robots\" content=\"index, follow, max-snippet:-1, max-image-preview:large, max-video-preview:-1\" \/>\n<link rel=\"canonical\" href=\"https:\/\/foufou-champagne.com\/de\/champagner\/bonnet-ponson-cuvee-perpetuelle-rose\/\" \/>\n<meta property=\"og:locale\" content=\"de_DE\" \/>\n<meta property=\"og:type\" content=\"article\" \/>\n<meta property=\"og:title\" content=\"Bonnet-Ponson Cuv\u00e9e Perp\u00e9tuelle Ros\u00e9 (Non Dos\u00e9) | FOUFOU CHAMPAGNE BOUTIQUE\" \/>\n<meta property=\"og:description\" content=\"Der Cuv\u00e9e Perp\u00e9tuelle Ros\u00e9 von Bonnet-Ponson. Ein eindrucksvoller und aromatischer Ros\u00e9. Jetzt online kaufen!\" \/>\n<meta property=\"og:url\" content=\"https:\/\/foufou-champagne.com\/de\/champagner\/bonnet-ponson-cuvee-perpetuelle-rose\/\" \/>\n<meta property=\"og:site_name\" content=\"foufou-champagne.com\" \/>\n<meta property=\"article:modified_time\" content=\"2026-02-11T14:30:41+00:00\" \/>\n<meta property=\"og:image\" content=\"https:\/\/foufou-champagne.com\/wp-content\/uploads\/2021\/05\/FOUFOU-Champagne-5-scaled.jpg\" \/>\n\t<meta property=\"og:image:width\" content=\"1706\" \/>\n\t<meta property=\"og:image:height\" content=\"2560\" \/>\n\t<meta property=\"og:image:type\" content=\"image\/jpeg\" \/>\n<meta name=\"twitter:card\" content=\"summary_large_image\" \/>\n<meta name=\"twitter:label1\" content=\"Gesch\u00e4tzte Lesezeit\" \/>\n\t<meta name=\"twitter:data1\" content=\"3\u00a0Minuten\" \/>\n<script type=\"application\/ld+json\" class=\"yoast-schema-graph\">{\"@context\":\"https:\/\/schema.org\",\"@graph\":[{\"@type\":\"WebPage\",\"@id\":\"https:\/\/foufou-champagne.com\/de\/champagner\/bonnet-ponson-cuvee-perpetuelle-rose\/\",\"url\":\"https:\/\/foufou-champagne.com\/de\/champagner\/bonnet-ponson-cuvee-perpetuelle-rose\/\",\"name\":\"Bonnet-Ponson Cuv\u00e9e Perp\u00e9tuelle Ros\u00e9 (Non Dos\u00e9) | FOUFOU CHAMPAGNE BOUTIQUE\",\"isPartOf\":{\"@id\":\"https:\/\/foufou-champagne.com\/de\/#website\"},\"primaryImageOfPage\":{\"@id\":\"https:\/\/foufou-champagne.com\/de\/champagner\/bonnet-ponson-cuvee-perpetuelle-rose\/#primaryimage\"},\"image\":{\"@id\":\"https:\/\/foufou-champagne.com\/de\/champagner\/bonnet-ponson-cuvee-perpetuelle-rose\/#primaryimage\"},\"thumbnailUrl\":\"https:\/\/foufou-champagne.com\/wp-content\/uploads\/2021\/05\/FOUFOU-Champagne-5-scaled.jpg\",\"datePublished\":\"2021-05-04T10:45:32+00:00\",\"dateModified\":\"2026-02-11T14:30:41+00:00\",\"description\":\"Der Cuv\u00e9e Perp\u00e9tuelle Ros\u00e9 von Bonnet-Ponson. Ein eindrucksvoller und aromatischer Ros\u00e9. Jetzt online kaufen!\",\"breadcrumb\":{\"@id\":\"https:\/\/foufou-champagne.com\/de\/champagner\/bonnet-ponson-cuvee-perpetuelle-rose\/#breadcrumb\"},\"inLanguage\":\"de\",\"potentialAction\":[{\"@type\":\"ReadAction\",\"target\":[\"https:\/\/foufou-champagne.com\/de\/champagner\/bonnet-ponson-cuvee-perpetuelle-rose\/\"]}]},{\"@type\":\"ImageObject\",\"inLanguage\":\"de\",\"@id\":\"https:\/\/foufou-champagne.com\/de\/champagner\/bonnet-ponson-cuvee-perpetuelle-rose\/#primaryimage\",\"url\":\"https:\/\/foufou-champagne.com\/wp-content\/uploads\/2021\/05\/FOUFOU-Champagne-5-scaled.jpg\",\"contentUrl\":\"https:\/\/foufou-champagne.com\/wp-content\/uploads\/2021\/05\/FOUFOU-Champagne-5-scaled.jpg\",\"width\":1706,\"height\":2560},{\"@type\":\"BreadcrumbList\",\"@id\":\"https:\/\/foufou-champagne.com\/de\/champagner\/bonnet-ponson-cuvee-perpetuelle-rose\/#breadcrumb\",\"itemListElement\":[{\"@type\":\"ListItem\",\"position\":1,\"name\":\"Startseite\",\"item\":\"https:\/\/foufou-champagne.com\/de\/\"},{\"@type\":\"ListItem\",\"position\":2,\"name\":\"Shop\",\"item\":\"https:\/\/foufou-champagne.com\/de\/shop\/\"},{\"@type\":\"ListItem\",\"position\":3,\"name\":\"Bonnet-Ponson Cuv\u00e9e Perp\u00e9tuelle Ros\u00e9 (Non Dos\u00e9)\"}]},{\"@type\":\"WebSite\",\"@id\":\"https:\/\/foufou-champagne.com\/de\/#website\",\"url\":\"https:\/\/foufou-champagne.com\/de\/\",\"name\":\"foufou-champagne.com\",\"description\":\"CHAMPAGNE BOUTIQUE\",\"potentialAction\":[{\"@type\":\"SearchAction\",\"target\":{\"@type\":\"EntryPoint\",\"urlTemplate\":\"https:\/\/foufou-champagne.com\/de\/?s={search_term_string}\"},\"query-input\":{\"@type\":\"PropertyValueSpecification\",\"valueRequired\":true,\"valueName\":\"search_term_string\"}}],\"inLanguage\":\"de\"}]}<\/script>\n<!-- \/ Yoast SEO plugin. -->","yoast_head_json":{"title":"Bonnet-Ponson Cuv\u00e9e Perp\u00e9tuelle Ros\u00e9 (Non Dos\u00e9) | FOUFOU CHAMPAGNE BOUTIQUE","description":"Der Cuv\u00e9e Perp\u00e9tuelle Ros\u00e9 von Bonnet-Ponson. Ein eindrucksvoller und aromatischer Ros\u00e9. Jetzt online kaufen!","robots":{"index":"index","follow":"follow","max-snippet":"max-snippet:-1","max-image-preview":"max-image-preview:large","max-video-preview":"max-video-preview:-1"},"canonical":"https:\/\/foufou-champagne.com\/de\/champagner\/bonnet-ponson-cuvee-perpetuelle-rose\/","og_locale":"de_DE","og_type":"article","og_title":"Bonnet-Ponson Cuv\u00e9e Perp\u00e9tuelle Ros\u00e9 (Non Dos\u00e9) | FOUFOU CHAMPAGNE BOUTIQUE","og_description":"Der Cuv\u00e9e Perp\u00e9tuelle Ros\u00e9 von Bonnet-Ponson. Ein eindrucksvoller und aromatischer Ros\u00e9. Jetzt online kaufen!","og_url":"https:\/\/foufou-champagne.com\/de\/champagner\/bonnet-ponson-cuvee-perpetuelle-rose\/","og_site_name":"foufou-champagne.com","article_modified_time":"2026-02-11T14:30:41+00:00","og_image":[{"width":1706,"height":2560,"url":"https:\/\/foufou-champagne.com\/wp-content\/uploads\/2021\/05\/FOUFOU-Champagne-5-scaled.jpg","type":"image\/jpeg"}],"twitter_card":"summary_large_image","twitter_misc":{"Gesch\u00e4tzte Lesezeit":"3\u00a0Minuten"},"schema":{"@context":"https:\/\/schema.org","@graph":[{"@type":"WebPage","@id":"https:\/\/foufou-champagne.com\/de\/champagner\/bonnet-ponson-cuvee-perpetuelle-rose\/","url":"https:\/\/foufou-champagne.com\/de\/champagner\/bonnet-ponson-cuvee-perpetuelle-rose\/","name":"Bonnet-Ponson Cuv\u00e9e Perp\u00e9tuelle Ros\u00e9 (Non Dos\u00e9) | FOUFOU CHAMPAGNE BOUTIQUE","isPartOf":{"@id":"https:\/\/foufou-champagne.com\/de\/#website"},"primaryImageOfPage":{"@id":"https:\/\/foufou-champagne.com\/de\/champagner\/bonnet-ponson-cuvee-perpetuelle-rose\/#primaryimage"},"image":{"@id":"https:\/\/foufou-champagne.com\/de\/champagner\/bonnet-ponson-cuvee-perpetuelle-rose\/#primaryimage"},"thumbnailUrl":"https:\/\/foufou-champagne.com\/wp-content\/uploads\/2021\/05\/FOUFOU-Champagne-5-scaled.jpg","datePublished":"2021-05-04T10:45:32+00:00","dateModified":"2026-02-11T14:30:41+00:00","description":"Der Cuv\u00e9e Perp\u00e9tuelle Ros\u00e9 von Bonnet-Ponson. Ein eindrucksvoller und aromatischer Ros\u00e9. Jetzt online kaufen!","breadcrumb":{"@id":"https:\/\/foufou-champagne.com\/de\/champagner\/bonnet-ponson-cuvee-perpetuelle-rose\/#breadcrumb"},"inLanguage":"de","potentialAction":[{"@type":"ReadAction","target":["https:\/\/foufou-champagne.com\/de\/champagner\/bonnet-ponson-cuvee-perpetuelle-rose\/"]}]},{"@type":"ImageObject","inLanguage":"de","@id":"https:\/\/foufou-champagne.com\/de\/champagner\/bonnet-ponson-cuvee-perpetuelle-rose\/#primaryimage","url":"https:\/\/foufou-champagne.com\/wp-content\/uploads\/2021\/05\/FOUFOU-Champagne-5-scaled.jpg","contentUrl":"https:\/\/foufou-champagne.com\/wp-content\/uploads\/2021\/05\/FOUFOU-Champagne-5-scaled.jpg","width":1706,"height":2560},{"@type":"BreadcrumbList","@id":"https:\/\/foufou-champagne.com\/de\/champagner\/bonnet-ponson-cuvee-perpetuelle-rose\/#breadcrumb","itemListElement":[{"@type":"ListItem","position":1,"name":"Startseite","item":"https:\/\/foufou-champagne.com\/de\/"},{"@type":"ListItem","position":2,"name":"Shop","item":"https:\/\/foufou-champagne.com\/de\/shop\/"},{"@type":"ListItem","position":3,"name":"Bonnet-Ponson Cuv\u00e9e Perp\u00e9tuelle Ros\u00e9 (Non Dos\u00e9)"}]},{"@type":"WebSite","@id":"https:\/\/foufou-champagne.com\/de\/#website","url":"https:\/\/foufou-champagne.com\/de\/","name":"foufou-champagne.com","description":"CHAMPAGNE BOUTIQUE","potentialAction":[{"@type":"SearchAction","target":{"@type":"EntryPoint","urlTemplate":"https:\/\/foufou-champagne.com\/de\/?s={search_term_string}"},"query-input":{"@type":"PropertyValueSpecification","valueRequired":true,"valueName":"search_term_string"}}],"inLanguage":"de"}]}},"_links":{"self":[{"href":"https:\/\/foufou-champagne.com\/de\/wp-json\/wp\/v2\/product\/7698","targetHints":{"allow":["GET"]}}],"collection":[{"href":"https:\/\/foufou-champagne.com\/de\/wp-json\/wp\/v2\/product"}],"about":[{"href":"https:\/\/foufou-champagne.com\/de\/wp-json\/wp\/v2\/types\/product"}],"replies":[{"embeddable":true,"href":"https:\/\/foufou-champagne.com\/de\/wp-json\/wp\/v2\/comments?post=7698"}],"wp:featuredmedia":[{"embeddable":true,"href":"https:\/\/foufou-champagne.com\/de\/wp-json\/wp\/v2\/media\/16229"}],"wp:attachment":[{"href":"https:\/\/foufou-champagne.com\/de\/wp-json\/wp\/v2\/media?parent=7698"}],"wp:term":[{"taxonomy":"product_brand","embeddable":true,"href":"https:\/\/foufou-champagne.com\/de\/wp-json\/wp\/v2\/product_brand?post=7698"},{"taxonomy":"product_cat","embeddable":true,"href":"https:\/\/foufou-champagne.com\/de\/wp-json\/wp\/v2\/product_cat?post=7698"},{"taxonomy":"product_tag","embeddable":true,"href":"https:\/\/foufou-champagne.com\/de\/wp-json\/wp\/v2\/product_tag?post=7698"}],"curies":[{"name":"wp","href":"https:\/\/api.w.org\/{rel}","templated":true}]}}