{"id":7822,"date":"2021-05-06T18:55:24","date_gmt":"2021-05-06T16:55:24","guid":{"rendered":"https:\/\/foufou-champagne.com\/?post_type=product&#038;p=7822"},"modified":"2026-02-11T10:56:13","modified_gmt":"2026-02-11T09:56:13","slug":"de-sousa-chemins-des-terroirs-brut","status":"publish","type":"product","link":"https:\/\/foufou-champagne.com\/de\/champagner\/de-sousa-chemins-des-terroirs-brut\/","title":{"rendered":"De Sousa Chemins des Terroirs Brut"},"content":{"rendered":"<h4>Der Champagner<\/h4>\n<p>Der Chemins des Terroirs bietet die perfekte Gelegenheit, die Frische und Reinheit des Geschmacksstils des Hauses <a href=\"https:\/\/foufou-champagne.com\/de\/produkt-kategorie\/de-sousa-et-fils-champagner\/\" target=\"_blank\" rel=\"noopener\">De Sousa<\/a> kennenzulernen. Dieser Champagner trotzt nur so vor Vielseitigkeit. St\u00fcrmisch wirkt er dabei nicht, eine sehr ausgewogene Assemblage mit zitrischen und mineralischen Noten.<\/p>\n<p>50% Chardonnay, 30% Pinot Noir und 20% Pinot Meunier mit 40% Reservewein-Anteil.<\/p>\n<p><strong>Tasting Note<\/strong><\/p>\n<p>Der Blick wird von einem hellen Wei\u00dfgold mit kleinbl\u00e4sriger Perlage angezogen.<\/p>\n<p>In der Nase tritt ein wohltuender Duft von frisch gebackenem Geb\u00e4ck und M\u00fcrbeteig auf, der von leichten Frucht- und Bl\u00fctenaromen begleitet wird. Physalis, Pfirsisch, Zitrone und Minze reichen die Frische, gepaart mit leicht nussigen Noten.<\/p>\n<p>Am Gaumen entfalten sich die vielschichtigen Aromen mit achtsamer Zur\u00fcckhaltung. Die zarte Perlage wirkt dabei belebend und wohltuend. Der ausgewogene Geschmack wird durch die s\u00e4uerlichen Zitrusnoten in aufregende Spannung versetzt. Mineralische Aromen erden den Geschmack.<\/p>\n<p><strong>Passt zu<\/strong><\/p>\n<p>Passt besonders zu Gem\u00fcsegerichten und Antipasti<\/p>\n<p>Auch f\u00fcr Gerichte mit Fisch oder Wildfleisch ein perfekter Begleiter.<\/p>\n<div class=\"row row--collapse align-left\">\n<div class=\"col col-sm-12 col-xlg-12\">\n<div class=\"cmsPlainText\">\n<div class=\"row\">\n<div class=\"col col-sm-12\">\n<div class=\"cmsPlainText__content\">\n<div class=\"cmsPlainText__split cmsPlainText__split--1\">\n<p><a href=\"https:\/\/foufou-champagne.com\/de\/produkt-kategorie\/de-sousa-et-fils-champagner\/\" target=\"_blank\" rel=\"noopener\"><strong>Das Champagnerhaus De Sousa et Fils<\/strong><\/a><\/p>\n<p>Die Champagner von de Sousa sind bekannt und begehrt f\u00fcr ihren kristallinen und zugleich saftigen Charakter.<\/p>\n<p>Das Champagnerhaus De Sousa et Fils liegt im Herzen der C\u00f4te des Blancs. Hier liegen die ber\u00fchmtesten Weinberge der Champagne mit Trauben in Grand-Cru Qualit\u00e4t. De Sousa et Fils hat sich auf biodynamische Champagner spezialisiert. Neben der exzellenten Lage haben auch die Rebst\u00f6cke eine Besonderheit: ihr Durchschnittsalter von \u00fcber 45 Jahren ist eine absolute Ausnahme! De Sousa et Fils ist zudem f\u00fcr seine Kunst in der Champagnerproduktion bekannt. Die Trauben werden schonend gepresst, die Grundweine besonders langsam und vorsichtig ausgebaut. Alles in allem zeigt De Sousa mit seinen Champagnern die h\u00f6chste Terroirqualit\u00e4t, die in der Champagne zu finden ist.<\/p>\n<\/div>\n<\/div>\n<\/div>\n<\/div>\n<\/div>\n<\/div>\n<\/div>\n","protected":false},"excerpt":{"rendered":"<p>Dieser vielschichtige Champagner \u00fcberzeugt durch seine Ausgewogenheit, die reifen Hefenoten und durch einen lang anhaltenden, mild-trockenen Geschmack. Das i-T\u00fcpfelchen? F\u00fcr die Qualit\u00e4t ein unschlagbarer Preis.<\/p>\n","protected":false},"featured_media":9208,"comment_status":"open","ping_status":"closed","template":"","meta":{"_acf_changed":false,"_editorskit_title_hidden":false,"_editorskit_reading_time":0,"_editorskit_is_block_options_detached":false,"_editorskit_block_options_position":"{}","_coblocks_attr":"","_coblocks_dimensions":"","_coblocks_responsive_height":"","_coblocks_accordion_ie_support":""},"product_brand":[],"product_cat":[15,66,440,154],"product_tag":[167,160,161,210],"class_list":{"0":"post-7822","1":"product","2":"type-product","3":"status-publish","4":"has-post-thumbnail","6":"product_cat-champagner","7":"product_cat-bio-champagner","8":"product_cat-de-sousa-et-fils-champagner","9":"product_cat-winzerchampagner","10":"product_tag-bio-champagner","11":"product_tag-demeter-zertifiziert","12":"product_tag-vegetarische-gerichte","13":"product_tag-winzerchampagner","14":"product_shipping_class-standard","15":"pa_kategorie-bio-champagner","16":"pa_kategorie-winzer-champagner","18":"first","19":"instock","20":"taxable","21":"shipping-taxable","22":"purchasable","23":"product-type-composite"},"composite_virtual":false,"composite_layout":"single","composite_add_to_cart_form_location":"default","composite_editable_in_cart":false,"composite_sold_individually_context":"product","composite_shop_price_calc":"defaults","composite_components":[{"id":"1686184238","title":"Geschenkverpackung (optional)","description":"","query_type":"product_ids","query_ids":[13154],"default_option_id":"","thumbnail_id":"","thumbnail_src":"","quantity_min":1,"quantity_max":1,"priced_individually":true,"shipped_individually":false,"optional":true,"discount":"","options_style":"dropdowns","pagination_style":"classic","display_prices":"absolute","show_sorting_options":false,"show_filtering_options":false,"attribute_filter_ids":[],"select_action":"view","product_title_visible":false,"product_descr_visible":true,"product_price_visible":true,"product_thumb_visible":true,"subtotal_visible_product":false,"subtotal_visible_cart":false,"subtotal_visible_orders":false,"product_addons_visible":true},{"id":"1686184239","title":"Gru\u00dfkarte mit Mini-Bouquet (optional)","description":"","query_type":"category_ids","query_ids":[635],"default_option_id":"","thumbnail_id":"","thumbnail_src":"","quantity_min":1,"quantity_max":1,"priced_individually":true,"shipped_individually":false,"optional":true,"discount":"","options_style":"dropdowns","pagination_style":"classic","display_prices":"absolute","show_sorting_options":false,"show_filtering_options":false,"attribute_filter_ids":[],"select_action":"view","product_title_visible":false,"product_descr_visible":true,"product_price_visible":true,"product_thumb_visible":true,"subtotal_visible_product":false,"subtotal_visible_cart":false,"subtotal_visible_orders":false,"product_addons_visible":true}],"composite_scenarios":[],"exclude_global_add_ons":[],"addons":[],"acf":[],"yoast_head":"<!-- This site is optimized with the Yoast SEO plugin v26.8 - https:\/\/yoast.com\/product\/yoast-seo-wordpress\/ -->\n<title>De Sousa Chemins des Terroirs Brut | FOUFOU CHAMPAGNE BOUTIQUE<\/title>\n<meta name=\"description\" content=\"Dieser vielschichtige Champagner \u00fcberzeugt durch seine Ausgewogenheit, die reifen Hefenoten und durch einen lang anhaltenden, mild-trockenen Geschmack. Das i-T\u00fcpfelchen? F\u00fcr die Qualit\u00e4t ein unschlagbarer Preis. \u2665 Hier mehr.\" \/>\n<meta name=\"robots\" content=\"index, follow, max-snippet:-1, max-image-preview:large, max-video-preview:-1\" \/>\n<link rel=\"canonical\" href=\"https:\/\/foufou-champagne.com\/de\/champagner\/de-sousa-chemins-des-terroirs-brut\/\" \/>\n<meta property=\"og:locale\" content=\"de_DE\" \/>\n<meta property=\"og:type\" content=\"article\" \/>\n<meta property=\"og:title\" content=\"De Sousa Chemins des Terroirs Brut | FOUFOU CHAMPAGNE BOUTIQUE\" \/>\n<meta property=\"og:description\" content=\"Dieser vielschichtige Champagner \u00fcberzeugt durch seine Ausgewogenheit, die reifen Hefenoten und durch einen lang anhaltenden, mild-trockenen Geschmack. Das i-T\u00fcpfelchen? F\u00fcr die Qualit\u00e4t ein unschlagbarer Preis. \u2665 Hier mehr.\" \/>\n<meta property=\"og:url\" content=\"https:\/\/foufou-champagne.com\/de\/champagner\/de-sousa-chemins-des-terroirs-brut\/\" \/>\n<meta property=\"og:site_name\" content=\"foufou-champagne.com\" \/>\n<meta property=\"article:modified_time\" content=\"2026-02-11T09:56:13+00:00\" \/>\n<meta property=\"og:image\" content=\"https:\/\/foufou-champagne.com\/wp-content\/uploads\/2021\/05\/Champagne-de-sousa-chemins-des-terroirs-brut-FouFou-Champagne-Boutique-3.png\" \/>\n\t<meta property=\"og:image:width\" content=\"800\" \/>\n\t<meta property=\"og:image:height\" content=\"1000\" \/>\n\t<meta property=\"og:image:type\" content=\"image\/png\" \/>\n<meta name=\"twitter:card\" content=\"summary_large_image\" \/>\n<meta name=\"twitter:label1\" content=\"Gesch\u00e4tzte Lesezeit\" \/>\n\t<meta name=\"twitter:data1\" content=\"2\u00a0Minuten\" \/>\n<script type=\"application\/ld+json\" class=\"yoast-schema-graph\">{\"@context\":\"https:\/\/schema.org\",\"@graph\":[{\"@type\":\"WebPage\",\"@id\":\"https:\/\/foufou-champagne.com\/de\/champagner\/de-sousa-chemins-des-terroirs-brut\/\",\"url\":\"https:\/\/foufou-champagne.com\/de\/champagner\/de-sousa-chemins-des-terroirs-brut\/\",\"name\":\"De Sousa Chemins des Terroirs Brut | FOUFOU CHAMPAGNE BOUTIQUE\",\"isPartOf\":{\"@id\":\"https:\/\/foufou-champagne.com\/de\/#website\"},\"primaryImageOfPage\":{\"@id\":\"https:\/\/foufou-champagne.com\/de\/champagner\/de-sousa-chemins-des-terroirs-brut\/#primaryimage\"},\"image\":{\"@id\":\"https:\/\/foufou-champagne.com\/de\/champagner\/de-sousa-chemins-des-terroirs-brut\/#primaryimage\"},\"thumbnailUrl\":\"https:\/\/foufou-champagne.com\/wp-content\/uploads\/2021\/05\/Champagne-de-sousa-chemins-des-terroirs-brut-FouFou-Champagne-Boutique-3.png\",\"datePublished\":\"2021-05-06T16:55:24+00:00\",\"dateModified\":\"2026-02-11T09:56:13+00:00\",\"description\":\"Dieser vielschichtige Champagner \u00fcberzeugt durch seine Ausgewogenheit, die reifen Hefenoten und durch einen lang anhaltenden, mild-trockenen Geschmack. Das i-T\u00fcpfelchen? F\u00fcr die Qualit\u00e4t ein unschlagbarer Preis. \u2665 Hier mehr.\",\"breadcrumb\":{\"@id\":\"https:\/\/foufou-champagne.com\/de\/champagner\/de-sousa-chemins-des-terroirs-brut\/#breadcrumb\"},\"inLanguage\":\"de\",\"potentialAction\":[{\"@type\":\"ReadAction\",\"target\":[\"https:\/\/foufou-champagne.com\/de\/champagner\/de-sousa-chemins-des-terroirs-brut\/\"]}]},{\"@type\":\"ImageObject\",\"inLanguage\":\"de\",\"@id\":\"https:\/\/foufou-champagne.com\/de\/champagner\/de-sousa-chemins-des-terroirs-brut\/#primaryimage\",\"url\":\"https:\/\/foufou-champagne.com\/wp-content\/uploads\/2021\/05\/Champagne-de-sousa-chemins-des-terroirs-brut-FouFou-Champagne-Boutique-3.png\",\"contentUrl\":\"https:\/\/foufou-champagne.com\/wp-content\/uploads\/2021\/05\/Champagne-de-sousa-chemins-des-terroirs-brut-FouFou-Champagne-Boutique-3.png\",\"width\":800,\"height\":1000},{\"@type\":\"BreadcrumbList\",\"@id\":\"https:\/\/foufou-champagne.com\/de\/champagner\/de-sousa-chemins-des-terroirs-brut\/#breadcrumb\",\"itemListElement\":[{\"@type\":\"ListItem\",\"position\":1,\"name\":\"Startseite\",\"item\":\"https:\/\/foufou-champagne.com\/de\/\"},{\"@type\":\"ListItem\",\"position\":2,\"name\":\"Shop\",\"item\":\"https:\/\/foufou-champagne.com\/de\/shop\/\"},{\"@type\":\"ListItem\",\"position\":3,\"name\":\"De Sousa Chemins des Terroirs Brut\"}]},{\"@type\":\"WebSite\",\"@id\":\"https:\/\/foufou-champagne.com\/de\/#website\",\"url\":\"https:\/\/foufou-champagne.com\/de\/\",\"name\":\"foufou-champagne.com\",\"description\":\"CHAMPAGNE BOUTIQUE\",\"potentialAction\":[{\"@type\":\"SearchAction\",\"target\":{\"@type\":\"EntryPoint\",\"urlTemplate\":\"https:\/\/foufou-champagne.com\/de\/?s={search_term_string}\"},\"query-input\":{\"@type\":\"PropertyValueSpecification\",\"valueRequired\":true,\"valueName\":\"search_term_string\"}}],\"inLanguage\":\"de\"}]}<\/script>\n<!-- \/ Yoast SEO plugin. -->","yoast_head_json":{"title":"De Sousa Chemins des Terroirs Brut | FOUFOU CHAMPAGNE BOUTIQUE","description":"Dieser vielschichtige Champagner \u00fcberzeugt durch seine Ausgewogenheit, die reifen Hefenoten und durch einen lang anhaltenden, mild-trockenen Geschmack. Das i-T\u00fcpfelchen? F\u00fcr die Qualit\u00e4t ein unschlagbarer Preis. \u2665 Hier mehr.","robots":{"index":"index","follow":"follow","max-snippet":"max-snippet:-1","max-image-preview":"max-image-preview:large","max-video-preview":"max-video-preview:-1"},"canonical":"https:\/\/foufou-champagne.com\/de\/champagner\/de-sousa-chemins-des-terroirs-brut\/","og_locale":"de_DE","og_type":"article","og_title":"De Sousa Chemins des Terroirs Brut | FOUFOU CHAMPAGNE BOUTIQUE","og_description":"Dieser vielschichtige Champagner \u00fcberzeugt durch seine Ausgewogenheit, die reifen Hefenoten und durch einen lang anhaltenden, mild-trockenen Geschmack. Das i-T\u00fcpfelchen? F\u00fcr die Qualit\u00e4t ein unschlagbarer Preis. \u2665 Hier mehr.","og_url":"https:\/\/foufou-champagne.com\/de\/champagner\/de-sousa-chemins-des-terroirs-brut\/","og_site_name":"foufou-champagne.com","article_modified_time":"2026-02-11T09:56:13+00:00","og_image":[{"width":800,"height":1000,"url":"https:\/\/foufou-champagne.com\/wp-content\/uploads\/2021\/05\/Champagne-de-sousa-chemins-des-terroirs-brut-FouFou-Champagne-Boutique-3.png","type":"image\/png"}],"twitter_card":"summary_large_image","twitter_misc":{"Gesch\u00e4tzte Lesezeit":"2\u00a0Minuten"},"schema":{"@context":"https:\/\/schema.org","@graph":[{"@type":"WebPage","@id":"https:\/\/foufou-champagne.com\/de\/champagner\/de-sousa-chemins-des-terroirs-brut\/","url":"https:\/\/foufou-champagne.com\/de\/champagner\/de-sousa-chemins-des-terroirs-brut\/","name":"De Sousa Chemins des Terroirs Brut | FOUFOU CHAMPAGNE BOUTIQUE","isPartOf":{"@id":"https:\/\/foufou-champagne.com\/de\/#website"},"primaryImageOfPage":{"@id":"https:\/\/foufou-champagne.com\/de\/champagner\/de-sousa-chemins-des-terroirs-brut\/#primaryimage"},"image":{"@id":"https:\/\/foufou-champagne.com\/de\/champagner\/de-sousa-chemins-des-terroirs-brut\/#primaryimage"},"thumbnailUrl":"https:\/\/foufou-champagne.com\/wp-content\/uploads\/2021\/05\/Champagne-de-sousa-chemins-des-terroirs-brut-FouFou-Champagne-Boutique-3.png","datePublished":"2021-05-06T16:55:24+00:00","dateModified":"2026-02-11T09:56:13+00:00","description":"Dieser vielschichtige Champagner \u00fcberzeugt durch seine Ausgewogenheit, die reifen Hefenoten und durch einen lang anhaltenden, mild-trockenen Geschmack. Das i-T\u00fcpfelchen? F\u00fcr die Qualit\u00e4t ein unschlagbarer Preis. \u2665 Hier mehr.","breadcrumb":{"@id":"https:\/\/foufou-champagne.com\/de\/champagner\/de-sousa-chemins-des-terroirs-brut\/#breadcrumb"},"inLanguage":"de","potentialAction":[{"@type":"ReadAction","target":["https:\/\/foufou-champagne.com\/de\/champagner\/de-sousa-chemins-des-terroirs-brut\/"]}]},{"@type":"ImageObject","inLanguage":"de","@id":"https:\/\/foufou-champagne.com\/de\/champagner\/de-sousa-chemins-des-terroirs-brut\/#primaryimage","url":"https:\/\/foufou-champagne.com\/wp-content\/uploads\/2021\/05\/Champagne-de-sousa-chemins-des-terroirs-brut-FouFou-Champagne-Boutique-3.png","contentUrl":"https:\/\/foufou-champagne.com\/wp-content\/uploads\/2021\/05\/Champagne-de-sousa-chemins-des-terroirs-brut-FouFou-Champagne-Boutique-3.png","width":800,"height":1000},{"@type":"BreadcrumbList","@id":"https:\/\/foufou-champagne.com\/de\/champagner\/de-sousa-chemins-des-terroirs-brut\/#breadcrumb","itemListElement":[{"@type":"ListItem","position":1,"name":"Startseite","item":"https:\/\/foufou-champagne.com\/de\/"},{"@type":"ListItem","position":2,"name":"Shop","item":"https:\/\/foufou-champagne.com\/de\/shop\/"},{"@type":"ListItem","position":3,"name":"De Sousa Chemins des Terroirs Brut"}]},{"@type":"WebSite","@id":"https:\/\/foufou-champagne.com\/de\/#website","url":"https:\/\/foufou-champagne.com\/de\/","name":"foufou-champagne.com","description":"CHAMPAGNE BOUTIQUE","potentialAction":[{"@type":"SearchAction","target":{"@type":"EntryPoint","urlTemplate":"https:\/\/foufou-champagne.com\/de\/?s={search_term_string}"},"query-input":{"@type":"PropertyValueSpecification","valueRequired":true,"valueName":"search_term_string"}}],"inLanguage":"de"}]}},"_links":{"self":[{"href":"https:\/\/foufou-champagne.com\/de\/wp-json\/wp\/v2\/product\/7822","targetHints":{"allow":["GET"]}}],"collection":[{"href":"https:\/\/foufou-champagne.com\/de\/wp-json\/wp\/v2\/product"}],"about":[{"href":"https:\/\/foufou-champagne.com\/de\/wp-json\/wp\/v2\/types\/product"}],"replies":[{"embeddable":true,"href":"https:\/\/foufou-champagne.com\/de\/wp-json\/wp\/v2\/comments?post=7822"}],"wp:featuredmedia":[{"embeddable":true,"href":"https:\/\/foufou-champagne.com\/de\/wp-json\/wp\/v2\/media\/9208"}],"wp:attachment":[{"href":"https:\/\/foufou-champagne.com\/de\/wp-json\/wp\/v2\/media?parent=7822"}],"wp:term":[{"taxonomy":"product_brand","embeddable":true,"href":"https:\/\/foufou-champagne.com\/de\/wp-json\/wp\/v2\/product_brand?post=7822"},{"taxonomy":"product_cat","embeddable":true,"href":"https:\/\/foufou-champagne.com\/de\/wp-json\/wp\/v2\/product_cat?post=7822"},{"taxonomy":"product_tag","embeddable":true,"href":"https:\/\/foufou-champagne.com\/de\/wp-json\/wp\/v2\/product_tag?post=7822"}],"curies":[{"name":"wp","href":"https:\/\/api.w.org\/{rel}","templated":true}]}}