{"id":9224,"date":"2021-11-12T13:33:28","date_gmt":"2021-11-12T12:33:28","guid":{"rendered":"https:\/\/foufou-champagne.com\/?post_type=product&#038;p=9224"},"modified":"2025-05-25T19:57:55","modified_gmt":"2025-05-25T17:57:55","slug":"lacourte-godbillon-terroirs-decueil-premier-cru-brut-magnum","status":"publish","type":"product","link":"https:\/\/foufou-champagne.com\/de\/champagner\/lacourte-godbillon-terroirs-decueil-premier-cru-brut-magnum\/","title":{"rendered":"Lacourte-Godbillon Terroirs d&#8217;Ecueil Magnum 1,5L"},"content":{"rendered":"<h4>Der Champagner<\/h4>\n<p>92 Parker Punkte sprechen f\u00fcr sich. Der Terrois d&#8217;Ecueil ist ein Winzerchampagner mit hohem Handwerksanspruch, der einfach Spa\u00df macht. Das Cuv\u00e9e aus 85% Pinot Noir und 15% Chardonnay mit einer Dosage von 5g repr\u00e4sentiert die Charakteristika von<a href=\"https:\/\/foufou-champagne.com\/de\/lacourte-godbillon\/\"> Lacourte-Godbillon<\/a> auf eine eigene Art und Weise. Der Champagner bietet Frucht und Eleganz bei einer gleichzeitigen sch\u00f6nen Balance.<\/p>\n<h4>Tasting Note<\/h4>\n<ul>\n<li>Im Glas ein blasses Strohgelb, pur und leuchtend mit feiner Perlage.<\/li>\n<li>In der Nase begeistert der Champagner mit Orangenaromen, feinen Apfel- und Mandelnoten sowie Hefe und leichte R\u00f6staromen.<\/li>\n<li>Am Gaumen entfaltet sich der Champagner mit einer ausgepr\u00e4gten Frucht und einer beil\u00e4ufigen Hefenote.<\/li>\n<\/ul>\n<h4>Passt zu<\/h4>\n<ul>\n<li>Sehr passend zu vegetarischen Gerichten, Ziegenk\u00e4se und Salaten.<\/li>\n<li>Oder auch zu ger\u00e4uchertem Fisch und Wildgefl\u00fcgel.<\/li>\n<\/ul>\n<div class=\"row row--collapse align-left\">\n<div class=\"col col-sm-12 col-xlg-12\">\n<div class=\"cmsPlainText\">\n<div class=\"row\">\n<div class=\"col col-sm-12\">\n<div class=\"cmsPlainText__content\">\n<div class=\"cmsPlainText__split cmsPlainText__split--1\">\n<h4>Das Champagnerhaus Lacourte-Godbillon<\/h4>\n<p><span class=\"TextRun SCXW1100101 BCX4\" lang=\"DE-DE\" xml:lang=\"DE-DE\" data-contrast=\"auto\"><span class=\"NormalTextRun SCXW1100101 BCX4\">Das Weingut von Geraldine <\/span><\/span><a href=\"https:\/\/foufou-champagne.com\/de\/lacourte-godbillon\/\"><span class=\"TextRun SCXW1100101 BCX4\" lang=\"DE-DE\" xml:lang=\"DE-DE\" data-contrast=\"auto\"><span class=\"NormalTextRun SpellingErrorV2 SCXW1100101 BCX4\">Lacourte<\/span><\/span><\/a><span class=\"TextRun SCXW1100101 BCX4\" lang=\"DE-DE\" xml:lang=\"DE-DE\" data-contrast=\"auto\"><span class=\"NormalTextRun SCXW1100101 BCX4\"> und Richard <\/span><\/span><span class=\"TextRun SCXW1100101 BCX4\" lang=\"DE-DE\" xml:lang=\"DE-DE\" data-contrast=\"auto\"><span class=\"NormalTextRun SpellingErrorV2 SCXW1100101 BCX4\">Desvignes<\/span><\/span><span class=\"TextRun SCXW1100101 BCX4\" lang=\"DE-DE\" xml:lang=\"DE-DE\" data-contrast=\"auto\"><span class=\"NormalTextRun SCXW1100101 BCX4\"> befindet sich in <\/span><\/span><span class=\"TextRun SCXW1100101 BCX4\" lang=\"DE-DE\" xml:lang=\"DE-DE\" data-contrast=\"auto\"><span class=\"NormalTextRun SpellingErrorV2 SCXW1100101 BCX4\">Ecueil<\/span><\/span><span class=\"TextRun SCXW1100101 BCX4\" lang=\"DE-DE\" xml:lang=\"DE-DE\" data-contrast=\"auto\"><span class=\"NormalTextRun SCXW1100101 BCX4\"> im Herzen der <\/span><\/span><span class=\"TextRun SCXW1100101 BCX4\" lang=\"DE-DE\" xml:lang=\"DE-DE\" data-contrast=\"auto\"><span class=\"NormalTextRun SCXW1100101 BCX4\">Montagne<\/span><\/span><span class=\"TextRun SCXW1100101 BCX4\" lang=\"DE-DE\" xml:lang=\"DE-DE\" data-contrast=\"auto\"><span class=\"NormalTextRun SCXW1100101 BCX4\"> des Reims<\/span><\/span><span class=\"TextRun SCXW1100101 BCX4\" lang=\"DE-DE\" xml:lang=\"DE-DE\" data-contrast=\"auto\"><span class=\"NormalTextRun SCXW1100101 BCX4\">. Ihre 8,5 Hektar befinden sich alle in Premier-Cru Lagen <\/span><\/span><span class=\"TextRun SCXW1100101 BCX4\" lang=\"DE-DE\" xml:lang=\"DE-DE\" data-contrast=\"auto\"><span class=\"NormalTextRun SCXW1100101 BCX4\">in der N\u00e4he. 2006 stellte das Ehepaar die Weinreben auf eine <\/span><\/span><span class=\"TextRun SCXW1100101 BCX4\" lang=\"DE-DE\" xml:lang=\"DE-DE\" data-contrast=\"auto\"><span class=\"NormalTextRun SCXW1100101 BCX4\">nat\u00fcrliche Anbauweise um und sind in der Umstellung zum biologischen Anbau. <\/span><\/span><span class=\"TextRun SCXW1100101 BCX4\" lang=\"DE-DE\" xml:lang=\"DE-DE\" data-contrast=\"auto\"><span class=\"NormalTextRun SCXW1100101 BCX4\">Die Weinberge <\/span><\/span><span class=\"TextRun SCXW1100101 BCX4\" lang=\"DE-DE\" xml:lang=\"DE-DE\" data-contrast=\"auto\"><span class=\"NormalTextRun SCXW1100101 BCX4\">sind mit 85% Pinot Noir und 15% Chardonnay bestockt<\/span><\/span><span class=\"TextRun SCXW1100101 BCX4\" lang=\"DE-DE\" xml:lang=\"DE-DE\" data-contrast=\"auto\"><span class=\"NormalTextRun SCXW1100101 BCX4\"> und haben ein Durchschnittsalter von 30 Jahren<\/span><\/span><span class=\"TextRun SCXW1100101 BCX4\" lang=\"DE-DE\" xml:lang=\"DE-DE\" data-contrast=\"auto\"><span class=\"NormalTextRun SCXW1100101 BCX4\">. Sie werden erst in Edelstahl <\/span><\/span><span class=\"TextRun SCXW1100101 BCX4\" lang=\"DE-DE\" xml:lang=\"DE-DE\" data-contrast=\"auto\"><span class=\"NormalTextRun SCXW1100101 BCX4\">vergoren, manche im <\/span><\/span><span class=\"TextRun SCXW1100101 BCX4\" lang=\"DE-DE\" xml:lang=\"DE-DE\" data-contrast=\"auto\"><span class=\"NormalTextRun SCXW1100101 BCX4\">Eichenfass<\/span><\/span><span class=\"TextRun SCXW1100101 BCX4\" lang=\"DE-DE\" xml:lang=\"DE-DE\" data-contrast=\"auto\"><span class=\"NormalTextRun SCXW1100101 BCX4\"> ausgereift. <\/span><\/span><span class=\"TextRun SCXW1100101 BCX4\" lang=\"DE-DE\" xml:lang=\"DE-DE\" data-contrast=\"auto\"><span class=\"NormalTextRun SCXW1100101 BCX4\">Das Holz der F\u00e4sser stammt <\/span><\/span><span class=\"TextRun SCXW1100101 BCX4\" lang=\"DE-DE\" xml:lang=\"DE-DE\" data-contrast=\"auto\"><span class=\"NormalTextRun SCXW1100101 BCX4\">komplett<\/span><\/span><span class=\"TextRun SCXW1100101 BCX4\" lang=\"DE-DE\" xml:lang=\"DE-DE\" data-contrast=\"auto\"><span class=\"NormalTextRun SCXW1100101 BCX4\"> aus der Region. <\/span><\/span><span class=\"TextRun SCXW1100101 BCX4\" lang=\"DE-DE\" xml:lang=\"DE-DE\" data-contrast=\"auto\"><span class=\"NormalTextRun SCXW1100101 BCX4\">Jeder Wein aus jedem Jahrgang wird gesondert mit einer individuellen <\/span><\/span><span class=\"TextRun SCXW1100101 BCX4\" lang=\"DE-DE\" xml:lang=\"DE-DE\" data-contrast=\"auto\"><span class=\"NormalTextRun SCXW1100101 BCX4\">Dosage<\/span><\/span><span class=\"TextRun SCXW1100101 BCX4\" lang=\"DE-DE\" xml:lang=\"DE-DE\" data-contrast=\"auto\"><span class=\"NormalTextRun SCXW1100101 BCX4\"> versehen, um eine Balance zu erreichen <\/span><\/span><span class=\"TextRun SCXW1100101 BCX4\" lang=\"DE-DE\" xml:lang=\"DE-DE\" data-contrast=\"auto\"><span class=\"NormalTextRun SCXW1100101 BCX4\">und seinen Charakter zu zeigen. <\/span><\/span><span class=\"TextRun SCXW1100101 BCX4\" lang=\"DE-DE\" xml:lang=\"DE-DE\" data-contrast=\"auto\"><span class=\"NormalTextRun SCXW1100101 BCX4\">Der Charakter der Weine ist <\/span><\/span><span class=\"TextRun SCXW1100101 BCX4\" lang=\"DE-DE\" xml:lang=\"DE-DE\" data-contrast=\"auto\"><span class=\"NormalTextRun SCXW1100101 BCX4\">insgesamt <\/span><\/span><span class=\"TextRun SCXW1100101 BCX4\" lang=\"DE-DE\" xml:lang=\"DE-DE\" data-contrast=\"auto\"><span class=\"NormalTextRun SCXW1100101 BCX4\">eher modern. Sie sind sehr klar und straff, spiegeln zudem ih<\/span><\/span><span class=\"TextRun SCXW1100101 BCX4\" lang=\"DE-DE\" xml:lang=\"DE-DE\" data-contrast=\"auto\"><span class=\"NormalTextRun SCXW1100101 BCX4\">re Herkunft wider. Dabei bleiben sie jedoch immer sehr feinfruchtig und elegant tiefgr\u00fcndig.\u00a0<\/span><\/span><span class=\"EOP SCXW1100101 BCX4\" data-ccp-props=\"{}\">\u00a0<\/span><\/p>\n<\/div>\n<\/div>\n<\/div>\n<\/div>\n<\/div>\n<\/div>\n<\/div>\n","protected":false},"excerpt":{"rendered":"<p>Der Winzerchampagner Lacourte-Godbillon Terroirs d&#8217;Ecueil Premier Cru Brut zeichnet sich aus durch seinen hohen Handwerksanspruch und einer starken Frucht. Macht Spa\u00df!<\/p>\n","protected":false},"featured_media":9226,"comment_status":"open","ping_status":"closed","template":"","meta":{"_acf_changed":false,"_editorskit_title_hidden":false,"_editorskit_reading_time":0,"_editorskit_is_block_options_detached":false,"_editorskit_block_options_position":"{}","_coblocks_attr":"","_coblocks_dimensions":"","_coblocks_responsive_height":"","_coblocks_accordion_ie_support":""},"product_brand":[],"product_cat":[15,66,595,448,154],"product_tag":[167,514,161,210],"class_list":{"0":"post-9224","1":"product","2":"type-product","3":"status-publish","4":"has-post-thumbnail","6":"product_cat-champagner","7":"product_cat-bio-champagner","8":"product_cat-champagner-magnum-flaschen","9":"product_cat-lacourte-godbillon","10":"product_cat-winzerchampagner","11":"product_tag-bio-champagner","12":"product_tag-magnum","13":"product_tag-vegetarische-gerichte","14":"product_tag-winzerchampagner","15":"product_shipping_class-standard","16":"pa_kategorie-bio-champagner","17":"pa_kategorie-winzer-champagner","19":"first","20":"outofstock","21":"taxable","22":"shipping-taxable","23":"purchasable","24":"product-type-composite"},"composite_virtual":false,"composite_layout":"single","composite_add_to_cart_form_location":"default","composite_editable_in_cart":false,"composite_sold_individually_context":"product","composite_shop_price_calc":"defaults","composite_components":[{"id":"1686186090","title":"Geschenkverpackung (optional)","description":"","query_type":"product_ids","query_ids":[13161],"default_option_id":"","thumbnail_id":"","thumbnail_src":"","quantity_min":1,"quantity_max":1,"priced_individually":true,"shipped_individually":false,"optional":true,"discount":"","options_style":"dropdowns","pagination_style":"classic","display_prices":"absolute","show_sorting_options":false,"show_filtering_options":false,"attribute_filter_ids":[],"select_action":"view","product_title_visible":false,"product_descr_visible":true,"product_price_visible":true,"product_thumb_visible":true,"subtotal_visible_product":false,"subtotal_visible_cart":false,"subtotal_visible_orders":false,"product_addons_visible":true},{"id":"1686186091","title":"Gru\u00dfkarte mit Mini-Bouquet (optional)","description":"","query_type":"category_ids","query_ids":[635],"default_option_id":"","thumbnail_id":"","thumbnail_src":"","quantity_min":1,"quantity_max":1,"priced_individually":true,"shipped_individually":false,"optional":true,"discount":"","options_style":"dropdowns","pagination_style":"classic","display_prices":"absolute","show_sorting_options":false,"show_filtering_options":false,"attribute_filter_ids":[],"select_action":"view","product_title_visible":false,"product_descr_visible":true,"product_price_visible":true,"product_thumb_visible":true,"subtotal_visible_product":false,"subtotal_visible_cart":false,"subtotal_visible_orders":false,"product_addons_visible":true}],"composite_scenarios":[],"exclude_global_add_ons":[],"addons":[],"acf":[],"yoast_head":"<!-- This site is optimized with the Yoast SEO plugin v26.8 - https:\/\/yoast.com\/product\/yoast-seo-wordpress\/ -->\n<title>Lacourte-Godbillon Terroirs d&#039;Ecueil Magnum online kaufen | FOUFOU CHAMPAGNE<\/title>\n<meta name=\"description\" content=\"Ein Winzerchampagner aus dem Herzen der Montagne des Reims - fruchtig, ausbalanciert und elegant. Wir m\u00f6gen ihn und ihr?\" \/>\n<meta name=\"robots\" content=\"index, follow, max-snippet:-1, max-image-preview:large, max-video-preview:-1\" \/>\n<link rel=\"canonical\" href=\"https:\/\/foufou-champagne.com\/de\/champagner\/lacourte-godbillon-terroirs-decueil-premier-cru-brut-magnum\/\" \/>\n<meta property=\"og:locale\" content=\"de_DE\" \/>\n<meta property=\"og:type\" content=\"article\" \/>\n<meta property=\"og:title\" content=\"Lacourte-Godbillon Terroirs d&#039;Ecueil Magnum online kaufen | FOUFOU CHAMPAGNE\" \/>\n<meta property=\"og:description\" content=\"Ein Winzerchampagner aus dem Herzen der Montagne des Reims - fruchtig, ausbalanciert und elegant. Wir m\u00f6gen ihn und ihr?\" \/>\n<meta property=\"og:url\" content=\"https:\/\/foufou-champagne.com\/de\/champagner\/lacourte-godbillon-terroirs-decueil-premier-cru-brut-magnum\/\" \/>\n<meta property=\"og:site_name\" content=\"foufou-champagne.com\" \/>\n<meta property=\"article:modified_time\" content=\"2025-05-25T17:57:55+00:00\" \/>\n<meta property=\"og:image\" content=\"https:\/\/foufou-champagne.com\/wp-content\/uploads\/2021\/11\/Champagne-lacourte-godbillon-terroirs-decueil-premier-cru-brut-magnum-FouFou-Champagne-Boutique.png\" \/>\n\t<meta property=\"og:image:width\" content=\"800\" \/>\n\t<meta property=\"og:image:height\" content=\"1000\" \/>\n\t<meta property=\"og:image:type\" content=\"image\/png\" \/>\n<meta name=\"twitter:card\" content=\"summary_large_image\" \/>\n<meta name=\"twitter:label1\" content=\"Gesch\u00e4tzte Lesezeit\" \/>\n\t<meta name=\"twitter:data1\" content=\"2\u00a0Minuten\" \/>\n<script type=\"application\/ld+json\" class=\"yoast-schema-graph\">{\"@context\":\"https:\/\/schema.org\",\"@graph\":[{\"@type\":\"WebPage\",\"@id\":\"https:\/\/foufou-champagne.com\/de\/champagner\/lacourte-godbillon-terroirs-decueil-premier-cru-brut-magnum\/\",\"url\":\"https:\/\/foufou-champagne.com\/de\/champagner\/lacourte-godbillon-terroirs-decueil-premier-cru-brut-magnum\/\",\"name\":\"Lacourte-Godbillon Terroirs d'Ecueil Magnum online kaufen | FOUFOU CHAMPAGNE\",\"isPartOf\":{\"@id\":\"https:\/\/foufou-champagne.com\/de\/#website\"},\"primaryImageOfPage\":{\"@id\":\"https:\/\/foufou-champagne.com\/de\/champagner\/lacourte-godbillon-terroirs-decueil-premier-cru-brut-magnum\/#primaryimage\"},\"image\":{\"@id\":\"https:\/\/foufou-champagne.com\/de\/champagner\/lacourte-godbillon-terroirs-decueil-premier-cru-brut-magnum\/#primaryimage\"},\"thumbnailUrl\":\"https:\/\/foufou-champagne.com\/wp-content\/uploads\/2021\/11\/Champagne-lacourte-godbillon-terroirs-decueil-premier-cru-brut-magnum-FouFou-Champagne-Boutique.png\",\"datePublished\":\"2021-11-12T12:33:28+00:00\",\"dateModified\":\"2025-05-25T17:57:55+00:00\",\"description\":\"Ein Winzerchampagner aus dem Herzen der Montagne des Reims - fruchtig, ausbalanciert und elegant. Wir m\u00f6gen ihn und ihr?\",\"breadcrumb\":{\"@id\":\"https:\/\/foufou-champagne.com\/de\/champagner\/lacourte-godbillon-terroirs-decueil-premier-cru-brut-magnum\/#breadcrumb\"},\"inLanguage\":\"de\",\"potentialAction\":[{\"@type\":\"ReadAction\",\"target\":[\"https:\/\/foufou-champagne.com\/de\/champagner\/lacourte-godbillon-terroirs-decueil-premier-cru-brut-magnum\/\"]}]},{\"@type\":\"ImageObject\",\"inLanguage\":\"de\",\"@id\":\"https:\/\/foufou-champagne.com\/de\/champagner\/lacourte-godbillon-terroirs-decueil-premier-cru-brut-magnum\/#primaryimage\",\"url\":\"https:\/\/foufou-champagne.com\/wp-content\/uploads\/2021\/11\/Champagne-lacourte-godbillon-terroirs-decueil-premier-cru-brut-magnum-FouFou-Champagne-Boutique.png\",\"contentUrl\":\"https:\/\/foufou-champagne.com\/wp-content\/uploads\/2021\/11\/Champagne-lacourte-godbillon-terroirs-decueil-premier-cru-brut-magnum-FouFou-Champagne-Boutique.png\",\"width\":800,\"height\":1000},{\"@type\":\"BreadcrumbList\",\"@id\":\"https:\/\/foufou-champagne.com\/de\/champagner\/lacourte-godbillon-terroirs-decueil-premier-cru-brut-magnum\/#breadcrumb\",\"itemListElement\":[{\"@type\":\"ListItem\",\"position\":1,\"name\":\"Startseite\",\"item\":\"https:\/\/foufou-champagne.com\/de\/\"},{\"@type\":\"ListItem\",\"position\":2,\"name\":\"Shop\",\"item\":\"https:\/\/foufou-champagne.com\/de\/shop\/\"},{\"@type\":\"ListItem\",\"position\":3,\"name\":\"Lacourte-Godbillon Terroirs d&#8217;Ecueil Magnum 1,5L\"}]},{\"@type\":\"WebSite\",\"@id\":\"https:\/\/foufou-champagne.com\/de\/#website\",\"url\":\"https:\/\/foufou-champagne.com\/de\/\",\"name\":\"foufou-champagne.com\",\"description\":\"CHAMPAGNE BOUTIQUE\",\"potentialAction\":[{\"@type\":\"SearchAction\",\"target\":{\"@type\":\"EntryPoint\",\"urlTemplate\":\"https:\/\/foufou-champagne.com\/de\/?s={search_term_string}\"},\"query-input\":{\"@type\":\"PropertyValueSpecification\",\"valueRequired\":true,\"valueName\":\"search_term_string\"}}],\"inLanguage\":\"de\"}]}<\/script>\n<!-- \/ Yoast SEO plugin. -->","yoast_head_json":{"title":"Lacourte-Godbillon Terroirs d'Ecueil Magnum online kaufen | FOUFOU CHAMPAGNE","description":"Ein Winzerchampagner aus dem Herzen der Montagne des Reims - fruchtig, ausbalanciert und elegant. Wir m\u00f6gen ihn und ihr?","robots":{"index":"index","follow":"follow","max-snippet":"max-snippet:-1","max-image-preview":"max-image-preview:large","max-video-preview":"max-video-preview:-1"},"canonical":"https:\/\/foufou-champagne.com\/de\/champagner\/lacourte-godbillon-terroirs-decueil-premier-cru-brut-magnum\/","og_locale":"de_DE","og_type":"article","og_title":"Lacourte-Godbillon Terroirs d'Ecueil Magnum online kaufen | FOUFOU CHAMPAGNE","og_description":"Ein Winzerchampagner aus dem Herzen der Montagne des Reims - fruchtig, ausbalanciert und elegant. Wir m\u00f6gen ihn und ihr?","og_url":"https:\/\/foufou-champagne.com\/de\/champagner\/lacourte-godbillon-terroirs-decueil-premier-cru-brut-magnum\/","og_site_name":"foufou-champagne.com","article_modified_time":"2025-05-25T17:57:55+00:00","og_image":[{"width":800,"height":1000,"url":"https:\/\/foufou-champagne.com\/wp-content\/uploads\/2021\/11\/Champagne-lacourte-godbillon-terroirs-decueil-premier-cru-brut-magnum-FouFou-Champagne-Boutique.png","type":"image\/png"}],"twitter_card":"summary_large_image","twitter_misc":{"Gesch\u00e4tzte Lesezeit":"2\u00a0Minuten"},"schema":{"@context":"https:\/\/schema.org","@graph":[{"@type":"WebPage","@id":"https:\/\/foufou-champagne.com\/de\/champagner\/lacourte-godbillon-terroirs-decueil-premier-cru-brut-magnum\/","url":"https:\/\/foufou-champagne.com\/de\/champagner\/lacourte-godbillon-terroirs-decueil-premier-cru-brut-magnum\/","name":"Lacourte-Godbillon Terroirs d'Ecueil Magnum online kaufen | FOUFOU CHAMPAGNE","isPartOf":{"@id":"https:\/\/foufou-champagne.com\/de\/#website"},"primaryImageOfPage":{"@id":"https:\/\/foufou-champagne.com\/de\/champagner\/lacourte-godbillon-terroirs-decueil-premier-cru-brut-magnum\/#primaryimage"},"image":{"@id":"https:\/\/foufou-champagne.com\/de\/champagner\/lacourte-godbillon-terroirs-decueil-premier-cru-brut-magnum\/#primaryimage"},"thumbnailUrl":"https:\/\/foufou-champagne.com\/wp-content\/uploads\/2021\/11\/Champagne-lacourte-godbillon-terroirs-decueil-premier-cru-brut-magnum-FouFou-Champagne-Boutique.png","datePublished":"2021-11-12T12:33:28+00:00","dateModified":"2025-05-25T17:57:55+00:00","description":"Ein Winzerchampagner aus dem Herzen der Montagne des Reims - fruchtig, ausbalanciert und elegant. Wir m\u00f6gen ihn und ihr?","breadcrumb":{"@id":"https:\/\/foufou-champagne.com\/de\/champagner\/lacourte-godbillon-terroirs-decueil-premier-cru-brut-magnum\/#breadcrumb"},"inLanguage":"de","potentialAction":[{"@type":"ReadAction","target":["https:\/\/foufou-champagne.com\/de\/champagner\/lacourte-godbillon-terroirs-decueil-premier-cru-brut-magnum\/"]}]},{"@type":"ImageObject","inLanguage":"de","@id":"https:\/\/foufou-champagne.com\/de\/champagner\/lacourte-godbillon-terroirs-decueil-premier-cru-brut-magnum\/#primaryimage","url":"https:\/\/foufou-champagne.com\/wp-content\/uploads\/2021\/11\/Champagne-lacourte-godbillon-terroirs-decueil-premier-cru-brut-magnum-FouFou-Champagne-Boutique.png","contentUrl":"https:\/\/foufou-champagne.com\/wp-content\/uploads\/2021\/11\/Champagne-lacourte-godbillon-terroirs-decueil-premier-cru-brut-magnum-FouFou-Champagne-Boutique.png","width":800,"height":1000},{"@type":"BreadcrumbList","@id":"https:\/\/foufou-champagne.com\/de\/champagner\/lacourte-godbillon-terroirs-decueil-premier-cru-brut-magnum\/#breadcrumb","itemListElement":[{"@type":"ListItem","position":1,"name":"Startseite","item":"https:\/\/foufou-champagne.com\/de\/"},{"@type":"ListItem","position":2,"name":"Shop","item":"https:\/\/foufou-champagne.com\/de\/shop\/"},{"@type":"ListItem","position":3,"name":"Lacourte-Godbillon Terroirs d&#8217;Ecueil Magnum 1,5L"}]},{"@type":"WebSite","@id":"https:\/\/foufou-champagne.com\/de\/#website","url":"https:\/\/foufou-champagne.com\/de\/","name":"foufou-champagne.com","description":"CHAMPAGNE BOUTIQUE","potentialAction":[{"@type":"SearchAction","target":{"@type":"EntryPoint","urlTemplate":"https:\/\/foufou-champagne.com\/de\/?s={search_term_string}"},"query-input":{"@type":"PropertyValueSpecification","valueRequired":true,"valueName":"search_term_string"}}],"inLanguage":"de"}]}},"_links":{"self":[{"href":"https:\/\/foufou-champagne.com\/de\/wp-json\/wp\/v2\/product\/9224","targetHints":{"allow":["GET"]}}],"collection":[{"href":"https:\/\/foufou-champagne.com\/de\/wp-json\/wp\/v2\/product"}],"about":[{"href":"https:\/\/foufou-champagne.com\/de\/wp-json\/wp\/v2\/types\/product"}],"replies":[{"embeddable":true,"href":"https:\/\/foufou-champagne.com\/de\/wp-json\/wp\/v2\/comments?post=9224"}],"wp:featuredmedia":[{"embeddable":true,"href":"https:\/\/foufou-champagne.com\/de\/wp-json\/wp\/v2\/media\/9226"}],"wp:attachment":[{"href":"https:\/\/foufou-champagne.com\/de\/wp-json\/wp\/v2\/media?parent=9224"}],"wp:term":[{"taxonomy":"product_brand","embeddable":true,"href":"https:\/\/foufou-champagne.com\/de\/wp-json\/wp\/v2\/product_brand?post=9224"},{"taxonomy":"product_cat","embeddable":true,"href":"https:\/\/foufou-champagne.com\/de\/wp-json\/wp\/v2\/product_cat?post=9224"},{"taxonomy":"product_tag","embeddable":true,"href":"https:\/\/foufou-champagne.com\/de\/wp-json\/wp\/v2\/product_tag?post=9224"}],"curies":[{"name":"wp","href":"https:\/\/api.w.org\/{rel}","templated":true}]}}