{"id":9234,"date":"2021-11-12T14:30:05","date_gmt":"2021-11-12T13:30:05","guid":{"rendered":"https:\/\/foufou-champagne.com\/?post_type=product&#038;p=9234"},"modified":"2025-03-28T10:51:58","modified_gmt":"2025-03-28T09:51:58","slug":"marguet-shaman-20-bio-magnum","status":"publish","type":"product","link":"https:\/\/foufou-champagne.com\/de\/champagner\/marguet-shaman-20-bio-magnum\/","title":{"rendered":"Benoit Marguet Shaman 20 Magnum 1,5L"},"content":{"rendered":"<h4>Der Champagner<\/h4>\n<p>Der Demeter zertifizierte Champagner Shaman ist der Einstiegs-Champagner des Hauses <a href=\"https:\/\/foufou-champagne.com\/de\/produkt-kategorie\/marguet-champagner\/\">Marguet<\/a>. Ein Jahrgangs-Champagner aus 69% Pinot Noir und 31% Chardonnay. Charakterstark und im expressiven Marguet-Stil.<\/p>\n<p>Fruchtig herb mit animierenden Noten nach Apfel in einem langen, rauchigen Finale.\u00a0Ein verr\u00fcckter Bio-Champagner, den man mal probiert haben sollte. Zum jetzt trinken oder lagern.<\/p>\n<div class=\"product--description\">\n<h4><strong>Tasting Note<\/strong><\/h4>\n<\/div>\n<ul>\n<li>Im Glas helle, strohgelbe Farbe mit einer kr\u00e4ftigen Perlage.<\/li>\n<li>In der Nase ein Duft nach Apfel, salzigen Hefenoten und auch ein bisschen malzig.<\/li>\n<li>Im Mund Aprikose, Walnuss, Sauerkirsche, Hefezopf. Angenehm &#8220;weinig&#8221;. Der Shaman hat eine knackige S\u00e4ure, die aber sehr gut eingebunden ist.<\/li>\n<\/ul>\n<h4>Passt zu<\/h4>\n<ul>\n<li>Ein toller Begleiter zu leichten vegetarischen (Nudel-) Gerichten.<\/li>\n<li>Passt super zu Muscheln mit Pommes Frites.<\/li>\n<li>Au\u00dferdem ein super Begleiter zu japanischen Gerichten.<\/li>\n<\/ul>\n<h4>Das Champagnerhaus Marguet<\/h4>\n<div class=\"row row--collapse align-left\">\n<div class=\"col col-sm-12 col-xlg-12\">\n<div class=\"cmsPlainText\">\n<div class=\"row\">\n<div class=\"col col-sm-12\">\n<div class=\"cmsPlainText__content\">\n<div class=\"cmsPlainText__split cmsPlainText__split--1\">\n<p>Das kleine Champagnerhaus Marguet liegt in der s\u00fcdlichen Montagne de Reims und wird durch Benoit Marguet bereits in der f\u00fcnften Generation gef\u00fchrt. Das bringt den Winzer in die tolle Lage, mit Reben arbeiten zu k\u00f6nnen, die im Schnitt 38 Jahre alt sind. Benoit Marguet ist der festen \u00dcberzeugung, dass ein ehrlicher und geradliniger Champagner nur durch einen biologischen Anbau entstehen kann. Seine Weinberge werden noch mit Pferden gepfl\u00fcgt und alle Champagner werden in Holz ausgebaut.<br \/>\nSeit 2006 arbeitet Marguet mit Herv\u00e9 Jestin zusammen, dem ehemaligen Kellermeister von Duval-Leroy. Jestin ber\u00e4t viele Champagnerh\u00e4user, von ihm hat Beno\u00eet Marguet viel zu biodynamischem Weinbau gelernt.<\/p>\n<p>Die Marguet Champagner sind fruchtbetonte, elegante aber auch kraftvolle Champagner. Meist ohne Dosage und mit w\u00fcrziger und manchmal rauchiger Note. Daher eignen sie sich \u00fcbrigens auch hervorragend als Essensbegleiter.<\/p>\n<\/div>\n<\/div>\n<\/div>\n<\/div>\n<\/div>\n<\/div>\n<\/div>\n","protected":false},"excerpt":{"rendered":"<p>Dieser Champagner ist schon ein bisschen foufou: Ein sch\u00f6ner Kontrast aus frischen, kreidig-mineralischen Noten und oxidativ, nussigen Noten. Sehr komplex, sehr Marguet, sehr \u00fcberzeugend!<\/p>\n","protected":false},"featured_media":15195,"comment_status":"open","ping_status":"closed","template":"","meta":{"_acf_changed":false,"_editorskit_title_hidden":false,"_editorskit_reading_time":0,"_editorskit_is_block_options_detached":false,"_editorskit_block_options_position":"{}","_coblocks_attr":"","_coblocks_dimensions":"","_coblocks_responsive_height":"","_coblocks_accordion_ie_support":""},"product_brand":[],"product_cat":[15,66,163,595,426,154],"product_tag":[160,164,175,514,161],"class_list":{"0":"post-9234","1":"product","2":"type-product","3":"status-publish","4":"has-post-thumbnail","6":"product_cat-champagner","7":"product_cat-bio-champagner","8":"product_cat-blanc-de-blancs","9":"product_cat-champagner-magnum-flaschen","10":"product_cat-marguet-champagner","11":"product_cat-winzerchampagner","12":"product_tag-demeter-zertifiziert","13":"product_tag-extra-brut","14":"product_tag-guter-essensbegleiter","15":"product_tag-magnum","16":"product_tag-vegetarische-gerichte","17":"product_shipping_class-standard","18":"pa_kategorie-bio-champagner","19":"pa_kategorie-vintage-champagner","20":"pa_kategorie-winzer-champagner","22":"first","23":"outofstock","24":"taxable","25":"shipping-taxable","26":"purchasable","27":"product-type-simple"},"composite_virtual":false,"composite_layout":"","composite_add_to_cart_form_location":"","composite_editable_in_cart":false,"composite_sold_individually_context":"","composite_shop_price_calc":"","composite_components":[],"composite_scenarios":[],"exclude_global_add_ons":[],"addons":[],"acf":[],"yoast_head":"<!-- This site is optimized with the Yoast SEO plugin v26.8 - https:\/\/yoast.com\/product\/yoast-seo-wordpress\/ -->\n<title>Marguet Shaman 20 Magnum online kaufen | foufou Champagne Boutique<\/title>\n<meta name=\"description\" content=\"Dieser Champagner ist schon ein bisschen foufou: Ein sch\u00f6ner Kontrast aus frischen, kreidig-mineralischen Noten und oxidativ, nussigen Noten. Sehr komplex, sehr Marguet, sehr \u00fcberzeugend!\" \/>\n<meta name=\"robots\" content=\"index, follow, max-snippet:-1, max-image-preview:large, max-video-preview:-1\" \/>\n<link rel=\"canonical\" href=\"https:\/\/foufou-champagne.com\/de\/champagner\/marguet-shaman-20-bio-magnum\/\" \/>\n<meta property=\"og:locale\" content=\"de_DE\" \/>\n<meta property=\"og:type\" content=\"article\" \/>\n<meta property=\"og:title\" content=\"Marguet Shaman 20 Magnum online kaufen | foufou Champagne Boutique\" \/>\n<meta property=\"og:description\" content=\"Dieser Champagner ist schon ein bisschen foufou: Ein sch\u00f6ner Kontrast aus frischen, kreidig-mineralischen Noten und oxidativ, nussigen Noten. Sehr komplex, sehr Marguet, sehr \u00fcberzeugend!\" \/>\n<meta property=\"og:url\" content=\"https:\/\/foufou-champagne.com\/de\/champagner\/marguet-shaman-20-bio-magnum\/\" \/>\n<meta property=\"og:site_name\" content=\"foufou-champagne.com\" \/>\n<meta property=\"article:modified_time\" content=\"2025-03-28T09:51:58+00:00\" \/>\n<meta property=\"og:image\" content=\"https:\/\/foufou-champagne.com\/wp-content\/uploads\/2021\/11\/Champagne-Marguet-Shaman-Magnum-FouFou-Champagne-Boutique2-1.png\" \/>\n\t<meta property=\"og:image:width\" content=\"800\" \/>\n\t<meta property=\"og:image:height\" content=\"1000\" \/>\n\t<meta property=\"og:image:type\" content=\"image\/png\" \/>\n<meta name=\"twitter:card\" content=\"summary_large_image\" \/>\n<meta name=\"twitter:label1\" content=\"Gesch\u00e4tzte Lesezeit\" \/>\n\t<meta name=\"twitter:data1\" content=\"2\u00a0Minuten\" \/>\n<script type=\"application\/ld+json\" class=\"yoast-schema-graph\">{\"@context\":\"https:\/\/schema.org\",\"@graph\":[{\"@type\":\"WebPage\",\"@id\":\"https:\/\/foufou-champagne.com\/de\/champagner\/marguet-shaman-20-bio-magnum\/\",\"url\":\"https:\/\/foufou-champagne.com\/de\/champagner\/marguet-shaman-20-bio-magnum\/\",\"name\":\"Marguet Shaman 20 Magnum online kaufen | foufou Champagne Boutique\",\"isPartOf\":{\"@id\":\"https:\/\/foufou-champagne.com\/de\/#website\"},\"primaryImageOfPage\":{\"@id\":\"https:\/\/foufou-champagne.com\/de\/champagner\/marguet-shaman-20-bio-magnum\/#primaryimage\"},\"image\":{\"@id\":\"https:\/\/foufou-champagne.com\/de\/champagner\/marguet-shaman-20-bio-magnum\/#primaryimage\"},\"thumbnailUrl\":\"https:\/\/foufou-champagne.com\/wp-content\/uploads\/2021\/11\/Champagne-Marguet-Shaman-Magnum-FouFou-Champagne-Boutique2-1.png\",\"datePublished\":\"2021-11-12T13:30:05+00:00\",\"dateModified\":\"2025-03-28T09:51:58+00:00\",\"description\":\"Dieser Champagner ist schon ein bisschen foufou: Ein sch\u00f6ner Kontrast aus frischen, kreidig-mineralischen Noten und oxidativ, nussigen Noten. Sehr komplex, sehr Marguet, sehr \u00fcberzeugend!\",\"breadcrumb\":{\"@id\":\"https:\/\/foufou-champagne.com\/de\/champagner\/marguet-shaman-20-bio-magnum\/#breadcrumb\"},\"inLanguage\":\"de\",\"potentialAction\":[{\"@type\":\"ReadAction\",\"target\":[\"https:\/\/foufou-champagne.com\/de\/champagner\/marguet-shaman-20-bio-magnum\/\"]}]},{\"@type\":\"ImageObject\",\"inLanguage\":\"de\",\"@id\":\"https:\/\/foufou-champagne.com\/de\/champagner\/marguet-shaman-20-bio-magnum\/#primaryimage\",\"url\":\"https:\/\/foufou-champagne.com\/wp-content\/uploads\/2021\/11\/Champagne-Marguet-Shaman-Magnum-FouFou-Champagne-Boutique2-1.png\",\"contentUrl\":\"https:\/\/foufou-champagne.com\/wp-content\/uploads\/2021\/11\/Champagne-Marguet-Shaman-Magnum-FouFou-Champagne-Boutique2-1.png\",\"width\":800,\"height\":1000},{\"@type\":\"BreadcrumbList\",\"@id\":\"https:\/\/foufou-champagne.com\/de\/champagner\/marguet-shaman-20-bio-magnum\/#breadcrumb\",\"itemListElement\":[{\"@type\":\"ListItem\",\"position\":1,\"name\":\"Startseite\",\"item\":\"https:\/\/foufou-champagne.com\/de\/\"},{\"@type\":\"ListItem\",\"position\":2,\"name\":\"Shop\",\"item\":\"https:\/\/foufou-champagne.com\/de\/shop\/\"},{\"@type\":\"ListItem\",\"position\":3,\"name\":\"Benoit Marguet Shaman 20 Magnum 1,5L\"}]},{\"@type\":\"WebSite\",\"@id\":\"https:\/\/foufou-champagne.com\/de\/#website\",\"url\":\"https:\/\/foufou-champagne.com\/de\/\",\"name\":\"foufou-champagne.com\",\"description\":\"CHAMPAGNE BOUTIQUE\",\"potentialAction\":[{\"@type\":\"SearchAction\",\"target\":{\"@type\":\"EntryPoint\",\"urlTemplate\":\"https:\/\/foufou-champagne.com\/de\/?s={search_term_string}\"},\"query-input\":{\"@type\":\"PropertyValueSpecification\",\"valueRequired\":true,\"valueName\":\"search_term_string\"}}],\"inLanguage\":\"de\"}]}<\/script>\n<!-- \/ Yoast SEO plugin. -->","yoast_head_json":{"title":"Marguet Shaman 20 Magnum online kaufen | foufou Champagne Boutique","description":"Dieser Champagner ist schon ein bisschen foufou: Ein sch\u00f6ner Kontrast aus frischen, kreidig-mineralischen Noten und oxidativ, nussigen Noten. Sehr komplex, sehr Marguet, sehr \u00fcberzeugend!","robots":{"index":"index","follow":"follow","max-snippet":"max-snippet:-1","max-image-preview":"max-image-preview:large","max-video-preview":"max-video-preview:-1"},"canonical":"https:\/\/foufou-champagne.com\/de\/champagner\/marguet-shaman-20-bio-magnum\/","og_locale":"de_DE","og_type":"article","og_title":"Marguet Shaman 20 Magnum online kaufen | foufou Champagne Boutique","og_description":"Dieser Champagner ist schon ein bisschen foufou: Ein sch\u00f6ner Kontrast aus frischen, kreidig-mineralischen Noten und oxidativ, nussigen Noten. Sehr komplex, sehr Marguet, sehr \u00fcberzeugend!","og_url":"https:\/\/foufou-champagne.com\/de\/champagner\/marguet-shaman-20-bio-magnum\/","og_site_name":"foufou-champagne.com","article_modified_time":"2025-03-28T09:51:58+00:00","og_image":[{"width":800,"height":1000,"url":"https:\/\/foufou-champagne.com\/wp-content\/uploads\/2021\/11\/Champagne-Marguet-Shaman-Magnum-FouFou-Champagne-Boutique2-1.png","type":"image\/png"}],"twitter_card":"summary_large_image","twitter_misc":{"Gesch\u00e4tzte Lesezeit":"2\u00a0Minuten"},"schema":{"@context":"https:\/\/schema.org","@graph":[{"@type":"WebPage","@id":"https:\/\/foufou-champagne.com\/de\/champagner\/marguet-shaman-20-bio-magnum\/","url":"https:\/\/foufou-champagne.com\/de\/champagner\/marguet-shaman-20-bio-magnum\/","name":"Marguet Shaman 20 Magnum online kaufen | foufou Champagne Boutique","isPartOf":{"@id":"https:\/\/foufou-champagne.com\/de\/#website"},"primaryImageOfPage":{"@id":"https:\/\/foufou-champagne.com\/de\/champagner\/marguet-shaman-20-bio-magnum\/#primaryimage"},"image":{"@id":"https:\/\/foufou-champagne.com\/de\/champagner\/marguet-shaman-20-bio-magnum\/#primaryimage"},"thumbnailUrl":"https:\/\/foufou-champagne.com\/wp-content\/uploads\/2021\/11\/Champagne-Marguet-Shaman-Magnum-FouFou-Champagne-Boutique2-1.png","datePublished":"2021-11-12T13:30:05+00:00","dateModified":"2025-03-28T09:51:58+00:00","description":"Dieser Champagner ist schon ein bisschen foufou: Ein sch\u00f6ner Kontrast aus frischen, kreidig-mineralischen Noten und oxidativ, nussigen Noten. Sehr komplex, sehr Marguet, sehr \u00fcberzeugend!","breadcrumb":{"@id":"https:\/\/foufou-champagne.com\/de\/champagner\/marguet-shaman-20-bio-magnum\/#breadcrumb"},"inLanguage":"de","potentialAction":[{"@type":"ReadAction","target":["https:\/\/foufou-champagne.com\/de\/champagner\/marguet-shaman-20-bio-magnum\/"]}]},{"@type":"ImageObject","inLanguage":"de","@id":"https:\/\/foufou-champagne.com\/de\/champagner\/marguet-shaman-20-bio-magnum\/#primaryimage","url":"https:\/\/foufou-champagne.com\/wp-content\/uploads\/2021\/11\/Champagne-Marguet-Shaman-Magnum-FouFou-Champagne-Boutique2-1.png","contentUrl":"https:\/\/foufou-champagne.com\/wp-content\/uploads\/2021\/11\/Champagne-Marguet-Shaman-Magnum-FouFou-Champagne-Boutique2-1.png","width":800,"height":1000},{"@type":"BreadcrumbList","@id":"https:\/\/foufou-champagne.com\/de\/champagner\/marguet-shaman-20-bio-magnum\/#breadcrumb","itemListElement":[{"@type":"ListItem","position":1,"name":"Startseite","item":"https:\/\/foufou-champagne.com\/de\/"},{"@type":"ListItem","position":2,"name":"Shop","item":"https:\/\/foufou-champagne.com\/de\/shop\/"},{"@type":"ListItem","position":3,"name":"Benoit Marguet Shaman 20 Magnum 1,5L"}]},{"@type":"WebSite","@id":"https:\/\/foufou-champagne.com\/de\/#website","url":"https:\/\/foufou-champagne.com\/de\/","name":"foufou-champagne.com","description":"CHAMPAGNE BOUTIQUE","potentialAction":[{"@type":"SearchAction","target":{"@type":"EntryPoint","urlTemplate":"https:\/\/foufou-champagne.com\/de\/?s={search_term_string}"},"query-input":{"@type":"PropertyValueSpecification","valueRequired":true,"valueName":"search_term_string"}}],"inLanguage":"de"}]}},"_links":{"self":[{"href":"https:\/\/foufou-champagne.com\/de\/wp-json\/wp\/v2\/product\/9234","targetHints":{"allow":["GET"]}}],"collection":[{"href":"https:\/\/foufou-champagne.com\/de\/wp-json\/wp\/v2\/product"}],"about":[{"href":"https:\/\/foufou-champagne.com\/de\/wp-json\/wp\/v2\/types\/product"}],"replies":[{"embeddable":true,"href":"https:\/\/foufou-champagne.com\/de\/wp-json\/wp\/v2\/comments?post=9234"}],"wp:featuredmedia":[{"embeddable":true,"href":"https:\/\/foufou-champagne.com\/de\/wp-json\/wp\/v2\/media\/15195"}],"wp:attachment":[{"href":"https:\/\/foufou-champagne.com\/de\/wp-json\/wp\/v2\/media?parent=9234"}],"wp:term":[{"taxonomy":"product_brand","embeddable":true,"href":"https:\/\/foufou-champagne.com\/de\/wp-json\/wp\/v2\/product_brand?post=9234"},{"taxonomy":"product_cat","embeddable":true,"href":"https:\/\/foufou-champagne.com\/de\/wp-json\/wp\/v2\/product_cat?post=9234"},{"taxonomy":"product_tag","embeddable":true,"href":"https:\/\/foufou-champagne.com\/de\/wp-json\/wp\/v2\/product_tag?post=9234"}],"curies":[{"name":"wp","href":"https:\/\/api.w.org\/{rel}","templated":true}]}}