{"id":9237,"date":"2023-07-31T14:32:31","date_gmt":"2023-07-31T12:32:31","guid":{"rendered":"https:\/\/foufou-champagne.com\/?post_type=product&#038;p=9237"},"modified":"2024-11-23T17:56:53","modified_gmt":"2024-11-23T16:56:53","slug":"benoit-marguet-ambonnay-grand-cru-2015-bio-magnum","status":"publish","type":"product","link":"https:\/\/foufou-champagne.com\/de\/champagner\/benoit-marguet-ambonnay-grand-cru-2015-bio-magnum\/","title":{"rendered":"Benoit Marguet Ambonnay 2018 Magnum 1,5L"},"content":{"rendered":"<h4>Der Champagner<\/h4>\n<p><strong>Knackig &#8211; Mineralisch &#8211; Pr\u00e4gnant\u00a0<\/strong><\/p>\n<p>Pinot Noir 69% und Chardonnay 31%\u00a0 aus dem Jahrgang 2018.<\/p>\n<p>Die Trauben zu diesem Champagner stammen aus der Heimatgemeinde des Weinguts &#8211; Ambonnay (Marne). Alle Trauben werden einzeln in gebrauchten Holzf\u00e4ssern vergoren und ausgebaut. Der 2018er Ambonnay Grand Cru besteht zu knapp 70% aus Pinot Noir und 30% Chardonnay und lag fast vier Jahre auf der Hefe. Zero-Dosage mit lediglich einer minimalen Schwefelzugabe. Heraus kommt ein charakterstarker Champagner mit fruchtig, mineralischen sowie w\u00fcrzigen Aromen und einer animierenden S\u00e4ure, die den Durst immens f\u00f6rdert.<\/p>\n<div class=\"product--description\">\n<h4>Tasting Note<\/h4>\n<\/div>\n<ul>\n<li>Im Glas strahlend und klar, ein helles Zitronengelb mit gr\u00fcnlichen Reflexen und feinen, sehr aktiven Perlen.<\/li>\n<li>In der Nase zitrusgetrieben mit Nuancen von gr\u00fcnem Apfel und mineralischen Noten.<\/li>\n<li>Am Gaumen Zitronengras und gelbfleischige Fr\u00fcchte, zarte Hefenoten in Kombination mit einer animierenden, gut eingebundenen S\u00e4ure. Das Finale ist wieder von kalkigen Ankl\u00e4ngen dominiert.<\/li>\n<\/ul>\n<h4>Passt zu<\/h4>\n<ul>\n<li>Sehr guter Aperitif.<\/li>\n<li>Passt super zu vegetarischen Gerichten wie bspw. Gem\u00fcse-Tempura.<\/li>\n<li>Au\u00dferdem ein super Begleiter zu Gefl\u00fcgel und Fisch.<\/li>\n<\/ul>\n<h4>Das Champagnerhaus Marguet<\/h4>\n<div class=\"row row--collapse align-left\">\n<div class=\"col col-sm-12 col-xlg-12\">\n<div class=\"cmsPlainText\">\n<div class=\"row\">\n<div class=\"col col-sm-12\">\n<div class=\"cmsPlainText__content\">\n<div class=\"cmsPlainText__split cmsPlainText__split--1\">\n<p>Das kleine Champagnerhaus <a href=\"https:\/\/foufou-champagne.com\/de\/produkt-kategorie\/marguet-champagner\/\">Marguet<\/a> liegt in der s\u00fcdlichen Montagne de Reims und wird durch Benoit Marguet bereits in der f\u00fcnften Generation gef\u00fchrt. Das bringt den Winzer in die tolle Lage, mit Reben arbeiten zu k\u00f6nnen, die im Schnitt 38 Jahre alt sind. Benoit Marguet ist der festen \u00dcberzeugung, dass ein ehrlicher und geradliniger Champagner nur durch einen biologischen Anbau entstehen kann. Seine Weinberge werden noch mit Pferden gepfl\u00fcgt und alle Champagner werden in Holz ausgebaut.<br \/>\nSeit 2006 arbeitet Marguet mit Herv\u00e9 Jestin zusammen, dem ehemaligen Kellermeister von Duval-Leroy. Jestin ber\u00e4t viele Champagnerh\u00e4user, von ihm hat Beno\u00eet Marguet viel zu biodynamischem Weinbau gelernt.<\/p>\n<p>Die Marguet Champagner sind fruchtbetonte, elegante aber auch kraftvolle Champagner. Meist ohne Dosage und mit w\u00fcrziger und manchmal rauchiger Note. Daher eignen sie sich \u00fcbrigens auch hervorragend als Essensbegleiter.<\/p>\n<\/div>\n<\/div>\n<\/div>\n<\/div>\n<\/div>\n<\/div>\n<\/div>\n","protected":false},"excerpt":{"rendered":"<p>Ambonnay Grand Cru 2018 Magnum ist ebenso zug\u00e4nglich wie komplex. Ein toller, charakterstarker Bio-Champagner aus dem warmen und au\u00dfergew\u00f6hnlichen Jahr 2018.<\/p>\n","protected":false},"featured_media":9239,"comment_status":"open","ping_status":"closed","template":"","meta":{"_acf_changed":false,"_editorskit_title_hidden":false,"_editorskit_reading_time":0,"_editorskit_is_block_options_detached":false,"_editorskit_block_options_position":"{}","_coblocks_attr":"","_coblocks_dimensions":"","_coblocks_responsive_height":"","_coblocks_accordion_ie_support":""},"product_brand":[],"product_cat":[15,66,595,141,426,154],"product_tag":[160,175,514,161,169],"class_list":{"0":"post-9237","1":"product","2":"type-product","3":"status-publish","4":"has-post-thumbnail","6":"product_cat-champagner","7":"product_cat-bio-champagner","8":"product_cat-champagner-magnum-flaschen","9":"product_cat-jahrgangschampagner","10":"product_cat-marguet-champagner","11":"product_cat-winzerchampagner","12":"product_tag-demeter-zertifiziert","13":"product_tag-guter-essensbegleiter","14":"product_tag-magnum","15":"product_tag-vegetarische-gerichte","16":"product_tag-zero-dosage","17":"product_shipping_class-standard","18":"pa_kategorie-bio-champagner","19":"pa_kategorie-vintage-champagner","20":"pa_kategorie-winzer-champagner","22":"first","23":"outofstock","24":"taxable","25":"shipping-taxable","26":"purchasable","27":"product-type-composite"},"composite_virtual":false,"composite_layout":"single","composite_add_to_cart_form_location":"default","composite_editable_in_cart":false,"composite_sold_individually_context":"product","composite_shop_price_calc":"defaults","composite_components":[{"id":"1690899401","title":"Geschenkverpackung (optional)","description":"","query_type":"product_ids","query_ids":[13161],"default_option_id":"","thumbnail_id":"","thumbnail_src":"","quantity_min":1,"quantity_max":1,"priced_individually":true,"shipped_individually":false,"optional":true,"discount":"","options_style":"dropdowns","pagination_style":"classic","display_prices":"absolute","show_sorting_options":false,"show_filtering_options":false,"attribute_filter_ids":[],"select_action":"view","product_title_visible":false,"product_descr_visible":true,"product_price_visible":true,"product_thumb_visible":true,"subtotal_visible_product":false,"subtotal_visible_cart":false,"subtotal_visible_orders":false,"product_addons_visible":true},{"id":"1690899402","title":"Gru\u00dfkarte mit Mini-Bouquet (optional)","description":"","query_type":"category_ids","query_ids":[635],"default_option_id":"","thumbnail_id":"","thumbnail_src":"","quantity_min":1,"quantity_max":1,"priced_individually":true,"shipped_individually":false,"optional":true,"discount":"","options_style":"dropdowns","pagination_style":"classic","display_prices":"absolute","show_sorting_options":false,"show_filtering_options":false,"attribute_filter_ids":[],"select_action":"view","product_title_visible":false,"product_descr_visible":true,"product_price_visible":true,"product_thumb_visible":true,"subtotal_visible_product":false,"subtotal_visible_cart":false,"subtotal_visible_orders":false,"product_addons_visible":true}],"composite_scenarios":[],"exclude_global_add_ons":[],"addons":[],"acf":[],"yoast_head":"<!-- This site is optimized with the Yoast SEO plugin v26.8 - https:\/\/yoast.com\/product\/yoast-seo-wordpress\/ -->\n<title>Marguet Ambonnay Grand Cru 2015 Magnum kaufen | FOUFOU CHAMPAGNE<\/title>\n<meta name=\"description\" content=\"Ambonnay Grand Cru 2015 ist ebenso zug\u00e4nglich wie komplex. Ein toller, charakterstarker Bio-Champagner aus dem warmen und sonnigen Jahrgang 2015.\" \/>\n<meta name=\"robots\" content=\"index, follow, max-snippet:-1, max-image-preview:large, max-video-preview:-1\" \/>\n<link rel=\"canonical\" href=\"https:\/\/foufou-champagne.com\/de\/champagner\/benoit-marguet-ambonnay-grand-cru-2015-bio-magnum\/\" \/>\n<meta property=\"og:locale\" content=\"de_DE\" \/>\n<meta property=\"og:type\" content=\"article\" \/>\n<meta property=\"og:title\" content=\"Marguet Ambonnay Grand Cru 2015 Magnum kaufen | FOUFOU CHAMPAGNE\" \/>\n<meta property=\"og:description\" content=\"Ambonnay Grand Cru 2015 ist ebenso zug\u00e4nglich wie komplex. Ein toller, charakterstarker Bio-Champagner aus dem warmen und sonnigen Jahrgang 2015.\" \/>\n<meta property=\"og:url\" content=\"https:\/\/foufou-champagne.com\/de\/champagner\/benoit-marguet-ambonnay-grand-cru-2015-bio-magnum\/\" \/>\n<meta property=\"og:site_name\" content=\"foufou-champagne.com\" \/>\n<meta property=\"article:modified_time\" content=\"2024-11-23T16:56:53+00:00\" \/>\n<meta property=\"og:image\" content=\"https:\/\/foufou-champagne.com\/wp-content\/uploads\/2021\/11\/Champagne-FouFou-Champagne-Boutique-8.png\" \/>\n\t<meta property=\"og:image:width\" content=\"800\" \/>\n\t<meta property=\"og:image:height\" content=\"1000\" \/>\n\t<meta property=\"og:image:type\" content=\"image\/png\" \/>\n<meta name=\"twitter:card\" content=\"summary_large_image\" \/>\n<meta name=\"twitter:label1\" content=\"Gesch\u00e4tzte Lesezeit\" \/>\n\t<meta name=\"twitter:data1\" content=\"2\u00a0Minuten\" \/>\n<script type=\"application\/ld+json\" class=\"yoast-schema-graph\">{\"@context\":\"https:\/\/schema.org\",\"@graph\":[{\"@type\":\"WebPage\",\"@id\":\"https:\/\/foufou-champagne.com\/de\/champagner\/benoit-marguet-ambonnay-grand-cru-2015-bio-magnum\/\",\"url\":\"https:\/\/foufou-champagne.com\/de\/champagner\/benoit-marguet-ambonnay-grand-cru-2015-bio-magnum\/\",\"name\":\"Marguet Ambonnay Grand Cru 2015 Magnum kaufen | FOUFOU CHAMPAGNE\",\"isPartOf\":{\"@id\":\"https:\/\/foufou-champagne.com\/de\/#website\"},\"primaryImageOfPage\":{\"@id\":\"https:\/\/foufou-champagne.com\/de\/champagner\/benoit-marguet-ambonnay-grand-cru-2015-bio-magnum\/#primaryimage\"},\"image\":{\"@id\":\"https:\/\/foufou-champagne.com\/de\/champagner\/benoit-marguet-ambonnay-grand-cru-2015-bio-magnum\/#primaryimage\"},\"thumbnailUrl\":\"https:\/\/foufou-champagne.com\/wp-content\/uploads\/2021\/11\/Champagne-FouFou-Champagne-Boutique-8.png\",\"datePublished\":\"2023-07-31T12:32:31+00:00\",\"dateModified\":\"2024-11-23T16:56:53+00:00\",\"description\":\"Ambonnay Grand Cru 2015 ist ebenso zug\u00e4nglich wie komplex. Ein toller, charakterstarker Bio-Champagner aus dem warmen und sonnigen Jahrgang 2015.\",\"breadcrumb\":{\"@id\":\"https:\/\/foufou-champagne.com\/de\/champagner\/benoit-marguet-ambonnay-grand-cru-2015-bio-magnum\/#breadcrumb\"},\"inLanguage\":\"de\",\"potentialAction\":[{\"@type\":\"ReadAction\",\"target\":[\"https:\/\/foufou-champagne.com\/de\/champagner\/benoit-marguet-ambonnay-grand-cru-2015-bio-magnum\/\"]}]},{\"@type\":\"ImageObject\",\"inLanguage\":\"de\",\"@id\":\"https:\/\/foufou-champagne.com\/de\/champagner\/benoit-marguet-ambonnay-grand-cru-2015-bio-magnum\/#primaryimage\",\"url\":\"https:\/\/foufou-champagne.com\/wp-content\/uploads\/2021\/11\/Champagne-FouFou-Champagne-Boutique-8.png\",\"contentUrl\":\"https:\/\/foufou-champagne.com\/wp-content\/uploads\/2021\/11\/Champagne-FouFou-Champagne-Boutique-8.png\",\"width\":800,\"height\":1000},{\"@type\":\"BreadcrumbList\",\"@id\":\"https:\/\/foufou-champagne.com\/de\/champagner\/benoit-marguet-ambonnay-grand-cru-2015-bio-magnum\/#breadcrumb\",\"itemListElement\":[{\"@type\":\"ListItem\",\"position\":1,\"name\":\"Startseite\",\"item\":\"https:\/\/foufou-champagne.com\/de\/\"},{\"@type\":\"ListItem\",\"position\":2,\"name\":\"Shop\",\"item\":\"https:\/\/foufou-champagne.com\/de\/shop\/\"},{\"@type\":\"ListItem\",\"position\":3,\"name\":\"Benoit Marguet Ambonnay 2018 Magnum 1,5L\"}]},{\"@type\":\"WebSite\",\"@id\":\"https:\/\/foufou-champagne.com\/de\/#website\",\"url\":\"https:\/\/foufou-champagne.com\/de\/\",\"name\":\"foufou-champagne.com\",\"description\":\"CHAMPAGNE BOUTIQUE\",\"potentialAction\":[{\"@type\":\"SearchAction\",\"target\":{\"@type\":\"EntryPoint\",\"urlTemplate\":\"https:\/\/foufou-champagne.com\/de\/?s={search_term_string}\"},\"query-input\":{\"@type\":\"PropertyValueSpecification\",\"valueRequired\":true,\"valueName\":\"search_term_string\"}}],\"inLanguage\":\"de\"}]}<\/script>\n<!-- \/ Yoast SEO plugin. -->","yoast_head_json":{"title":"Marguet Ambonnay Grand Cru 2015 Magnum kaufen | FOUFOU CHAMPAGNE","description":"Ambonnay Grand Cru 2015 ist ebenso zug\u00e4nglich wie komplex. Ein toller, charakterstarker Bio-Champagner aus dem warmen und sonnigen Jahrgang 2015.","robots":{"index":"index","follow":"follow","max-snippet":"max-snippet:-1","max-image-preview":"max-image-preview:large","max-video-preview":"max-video-preview:-1"},"canonical":"https:\/\/foufou-champagne.com\/de\/champagner\/benoit-marguet-ambonnay-grand-cru-2015-bio-magnum\/","og_locale":"de_DE","og_type":"article","og_title":"Marguet Ambonnay Grand Cru 2015 Magnum kaufen | FOUFOU CHAMPAGNE","og_description":"Ambonnay Grand Cru 2015 ist ebenso zug\u00e4nglich wie komplex. Ein toller, charakterstarker Bio-Champagner aus dem warmen und sonnigen Jahrgang 2015.","og_url":"https:\/\/foufou-champagne.com\/de\/champagner\/benoit-marguet-ambonnay-grand-cru-2015-bio-magnum\/","og_site_name":"foufou-champagne.com","article_modified_time":"2024-11-23T16:56:53+00:00","og_image":[{"width":800,"height":1000,"url":"https:\/\/foufou-champagne.com\/wp-content\/uploads\/2021\/11\/Champagne-FouFou-Champagne-Boutique-8.png","type":"image\/png"}],"twitter_card":"summary_large_image","twitter_misc":{"Gesch\u00e4tzte Lesezeit":"2\u00a0Minuten"},"schema":{"@context":"https:\/\/schema.org","@graph":[{"@type":"WebPage","@id":"https:\/\/foufou-champagne.com\/de\/champagner\/benoit-marguet-ambonnay-grand-cru-2015-bio-magnum\/","url":"https:\/\/foufou-champagne.com\/de\/champagner\/benoit-marguet-ambonnay-grand-cru-2015-bio-magnum\/","name":"Marguet Ambonnay Grand Cru 2015 Magnum kaufen | FOUFOU CHAMPAGNE","isPartOf":{"@id":"https:\/\/foufou-champagne.com\/de\/#website"},"primaryImageOfPage":{"@id":"https:\/\/foufou-champagne.com\/de\/champagner\/benoit-marguet-ambonnay-grand-cru-2015-bio-magnum\/#primaryimage"},"image":{"@id":"https:\/\/foufou-champagne.com\/de\/champagner\/benoit-marguet-ambonnay-grand-cru-2015-bio-magnum\/#primaryimage"},"thumbnailUrl":"https:\/\/foufou-champagne.com\/wp-content\/uploads\/2021\/11\/Champagne-FouFou-Champagne-Boutique-8.png","datePublished":"2023-07-31T12:32:31+00:00","dateModified":"2024-11-23T16:56:53+00:00","description":"Ambonnay Grand Cru 2015 ist ebenso zug\u00e4nglich wie komplex. Ein toller, charakterstarker Bio-Champagner aus dem warmen und sonnigen Jahrgang 2015.","breadcrumb":{"@id":"https:\/\/foufou-champagne.com\/de\/champagner\/benoit-marguet-ambonnay-grand-cru-2015-bio-magnum\/#breadcrumb"},"inLanguage":"de","potentialAction":[{"@type":"ReadAction","target":["https:\/\/foufou-champagne.com\/de\/champagner\/benoit-marguet-ambonnay-grand-cru-2015-bio-magnum\/"]}]},{"@type":"ImageObject","inLanguage":"de","@id":"https:\/\/foufou-champagne.com\/de\/champagner\/benoit-marguet-ambonnay-grand-cru-2015-bio-magnum\/#primaryimage","url":"https:\/\/foufou-champagne.com\/wp-content\/uploads\/2021\/11\/Champagne-FouFou-Champagne-Boutique-8.png","contentUrl":"https:\/\/foufou-champagne.com\/wp-content\/uploads\/2021\/11\/Champagne-FouFou-Champagne-Boutique-8.png","width":800,"height":1000},{"@type":"BreadcrumbList","@id":"https:\/\/foufou-champagne.com\/de\/champagner\/benoit-marguet-ambonnay-grand-cru-2015-bio-magnum\/#breadcrumb","itemListElement":[{"@type":"ListItem","position":1,"name":"Startseite","item":"https:\/\/foufou-champagne.com\/de\/"},{"@type":"ListItem","position":2,"name":"Shop","item":"https:\/\/foufou-champagne.com\/de\/shop\/"},{"@type":"ListItem","position":3,"name":"Benoit Marguet Ambonnay 2018 Magnum 1,5L"}]},{"@type":"WebSite","@id":"https:\/\/foufou-champagne.com\/de\/#website","url":"https:\/\/foufou-champagne.com\/de\/","name":"foufou-champagne.com","description":"CHAMPAGNE BOUTIQUE","potentialAction":[{"@type":"SearchAction","target":{"@type":"EntryPoint","urlTemplate":"https:\/\/foufou-champagne.com\/de\/?s={search_term_string}"},"query-input":{"@type":"PropertyValueSpecification","valueRequired":true,"valueName":"search_term_string"}}],"inLanguage":"de"}]}},"_links":{"self":[{"href":"https:\/\/foufou-champagne.com\/de\/wp-json\/wp\/v2\/product\/9237","targetHints":{"allow":["GET"]}}],"collection":[{"href":"https:\/\/foufou-champagne.com\/de\/wp-json\/wp\/v2\/product"}],"about":[{"href":"https:\/\/foufou-champagne.com\/de\/wp-json\/wp\/v2\/types\/product"}],"replies":[{"embeddable":true,"href":"https:\/\/foufou-champagne.com\/de\/wp-json\/wp\/v2\/comments?post=9237"}],"wp:featuredmedia":[{"embeddable":true,"href":"https:\/\/foufou-champagne.com\/de\/wp-json\/wp\/v2\/media\/9239"}],"wp:attachment":[{"href":"https:\/\/foufou-champagne.com\/de\/wp-json\/wp\/v2\/media?parent=9237"}],"wp:term":[{"taxonomy":"product_brand","embeddable":true,"href":"https:\/\/foufou-champagne.com\/de\/wp-json\/wp\/v2\/product_brand?post=9237"},{"taxonomy":"product_cat","embeddable":true,"href":"https:\/\/foufou-champagne.com\/de\/wp-json\/wp\/v2\/product_cat?post=9237"},{"taxonomy":"product_tag","embeddable":true,"href":"https:\/\/foufou-champagne.com\/de\/wp-json\/wp\/v2\/product_tag?post=9237"}],"curies":[{"name":"wp","href":"https:\/\/api.w.org\/{rel}","templated":true}]}}