{"id":9727,"date":"2021-12-17T17:29:39","date_gmt":"2021-12-17T16:29:39","guid":{"rendered":"https:\/\/foufou-champagne.com\/?post_type=product&#038;p=9727"},"modified":"2026-02-14T20:12:21","modified_gmt":"2026-02-14T19:12:21","slug":"oliver-horiot-metisse-bio","status":"publish","type":"product","link":"https:\/\/foufou-champagne.com\/de\/champagner\/oliver-horiot-metisse-bio\/","title":{"rendered":"Olivier Horiot Cuv\u00e9e M\u00e9tisse"},"content":{"rendered":"<h4>Der Champagner<\/h4>\n<p><span data-contrast=\"auto\">Die Assemblage des Champagners setzt sich zu 80% aus Pinot Noir und zu 20% aus der in der Champagne selten vorkommenden Traube Pinot Blanc zusammen. Die zwei Rebsorten stammen aus acht verschiedenen Parzellen rund um Riceys sur Marnes, dessen B\u00f6den Lehm und Kimmeridgien-Kalk enthalten. Rund 20% Reserve-Weine werden der Assemblage hinzugef\u00fcgt, welche in Holzfudern reifen. Typisch f\u00fcr Horiot, wird der Grundwein in Holzf\u00e4ssern ausgebaut und reift danach auf der Hefe. Brut Nature \u2013 also keine Dosage.<\/span><span data-ccp-props=\"{&quot;201341983&quot;:0,&quot;335559739&quot;:160,&quot;335559740&quot;:259}\">\u00a0<\/span><\/p>\n<h4>Tasting Note<\/h4>\n<ul>\n<li><span data-contrast=\"auto\">Im Glas gold\/gelb gl\u00e4nzend mit sehr zarten Perlen, aber dichtem Mousseux.<\/span><span data-ccp-props=\"{&quot;201341983&quot;:0,&quot;335559739&quot;:160,&quot;335559740&quot;:259}\">\u00a0<\/span><\/li>\n<li><span data-contrast=\"auto\">In der Nase trocken mit geradliniger Kargheit. Stark mineralisch mit feiner Frucht von Mirabellen, Aprikosen und Zitronen. Feine Noten von Brioche und Quitten-Tarte scheinen ein bisschen durch. Wird von Limettenbl\u00e4ttern und Basilikum abgerundet.<\/span><span data-ccp-props=\"{&quot;201341983&quot;:0,&quot;335559739&quot;:160,&quot;335559740&quot;:259}\">\u00a0<\/span><\/li>\n<li><span data-contrast=\"auto\">Am Gaumen ist die Mineralit\u00e4t des M\u00e9tisse permanent vordergr\u00fcndig: Salzig mit zitrischen Nuancen. Ohne Schnickschnack, mit sch\u00f6ner Langwierigkeit und stark adstringierender Wirkung.<\/span><span data-ccp-props=\"{&quot;201341983&quot;:0,&quot;335559739&quot;:160,&quot;335559740&quot;:259}\">\u00a0<\/span><\/li>\n<\/ul>\n<h4>Passt zu<\/h4>\n<ul>\n<li><span data-contrast=\"auto\">Ist f\u00fcr Fisch- und Fleischgerichte ein perfekter Begleiter. Zum Beispiel zu Austern, Saibling serviert mit Wurzelgem\u00fcse oder Kalbstartar mit Kr\u00e4utern.<\/span><span data-ccp-props=\"{&quot;201341983&quot;:0,&quot;335559739&quot;:160,&quot;335559740&quot;:259}\">\u00a0<\/span><\/li>\n<\/ul>\n<h4>Das Champagnerhaus Olivier Horiot<\/h4>\n<div class=\"row row--collapse align-left\">\n<div class=\"col col-sm-12 col-xlg-12\">\n<div class=\"cmsPlainText\">\n<div class=\"row\">\n<div class=\"col col-sm-12\">\n<div class=\"cmsPlainText__content\">\n<div class=\"cmsPlainText__split cmsPlainText__split--1\">\n<p><span data-contrast=\"auto\">Olivier Horiots Vorfahren haben schon seit dem 16. Jahrhundert Wein in Les Riceys angebaut und diesen traditionell an die Genossenschaft weitergegeben. Seit 2000 produziert das Haus des junges Winzers Wein (nicht \u00fcblich in der Champagne) und 2004 begann er, selbst Champagner biodynamisch herzustellen. Daraus ergab sich eine Reihe besonderer Jahrgangs-Champagner, die ein Jahr in Eichenf\u00e4ssern auf Feinhefe reifen. Die wahrscheinlich signifikanteste Besonderheit des Hauses Olivier Horiots ist, dass die Champagner aus nicht nur den drei \u00fcblichen Rebsorten, sondern auch aus den deutlich selteneren Sorten Arbanne, Pinot Blanc, Pinot Gris und Petit Meslier hergestellt werden. In der Vielzahl der Burgunderf\u00e4sser, die sich im Weinkeller verbergen, befinden sich also einzigartige Cuv\u00e9es, die Champagner mit besonderer Assemblage hervorbringen.<\/span><span data-ccp-props=\"{&quot;134233117&quot;:true,&quot;134233118&quot;:true,&quot;201341983&quot;:0,&quot;335559739&quot;:160,&quot;335559740&quot;:240}\">\u00a0<\/span><\/p>\n<\/div>\n<\/div>\n<\/div>\n<\/div>\n<\/div>\n<\/div>\n<\/div>\n","protected":false},"excerpt":{"rendered":"<p><span class=\"TextRun SCXW43010513 BCX2\" lang=\"DE-DE\" xml:lang=\"DE-DE\" data-contrast=\"auto\"><span class=\"NormalTextRun SpellingErrorV2 DefaultHighlightTransition SCXW43010513 BCX2\">M\u00e9tisse<\/span> <\/span>Noir &amp; Blanc L18 Brut Nature \u2013 Pinot Noir und die seltene Rebsorte Pinot Blanc bilden die spannende Assemblage dieses Champagners.<\/p>\n","protected":false},"featured_media":16230,"comment_status":"open","ping_status":"closed","template":"","meta":{"_acf_changed":false,"_editorskit_title_hidden":false,"_editorskit_reading_time":0,"_editorskit_is_block_options_detached":false,"_editorskit_block_options_position":"{}","_coblocks_attr":"","_coblocks_dimensions":"","_coblocks_responsive_height":"","_coblocks_accordion_ie_support":""},"product_brand":[],"product_cat":[15,66,652,154],"product_tag":[167,160,175,161,210,169],"class_list":{"0":"post-9727","1":"product","2":"type-product","3":"status-publish","4":"has-post-thumbnail","6":"product_cat-champagner","7":"product_cat-bio-champagner","8":"product_cat-olivier-horiot","9":"product_cat-winzerchampagner","10":"product_tag-bio-champagner","11":"product_tag-demeter-zertifiziert","12":"product_tag-guter-essensbegleiter","13":"product_tag-vegetarische-gerichte","14":"product_tag-winzerchampagner","15":"product_tag-zero-dosage","16":"product_shipping_class-standard","17":"pa_kategorie-bio-champagner","18":"pa_kategorie-winzer-champagner","20":"first","21":"instock","22":"taxable","23":"shipping-taxable","24":"purchasable","25":"product-type-composite"},"composite_virtual":false,"composite_layout":"single","composite_add_to_cart_form_location":"default","composite_editable_in_cart":false,"composite_sold_individually_context":"product","composite_shop_price_calc":"defaults","composite_components":[{"id":"1686186496","title":"Geschenkverpackung (optional)","description":"","query_type":"product_ids","query_ids":[13154],"default_option_id":"","thumbnail_id":"","thumbnail_src":"","quantity_min":1,"quantity_max":1,"priced_individually":true,"shipped_individually":false,"optional":true,"discount":"","options_style":"dropdowns","pagination_style":"classic","display_prices":"absolute","show_sorting_options":false,"show_filtering_options":false,"attribute_filter_ids":[],"select_action":"view","product_title_visible":false,"product_descr_visible":true,"product_price_visible":true,"product_thumb_visible":true,"subtotal_visible_product":false,"subtotal_visible_cart":false,"subtotal_visible_orders":false,"product_addons_visible":true},{"id":"1686186497","title":"Gru\u00dfkarte mit Mini-Bouquet (optional)","description":"","query_type":"category_ids","query_ids":[635],"default_option_id":"","thumbnail_id":"","thumbnail_src":"","quantity_min":1,"quantity_max":1,"priced_individually":true,"shipped_individually":false,"optional":true,"discount":"","options_style":"dropdowns","pagination_style":"classic","display_prices":"absolute","show_sorting_options":false,"show_filtering_options":false,"attribute_filter_ids":[],"select_action":"view","product_title_visible":false,"product_descr_visible":true,"product_price_visible":true,"product_thumb_visible":true,"subtotal_visible_product":false,"subtotal_visible_cart":false,"subtotal_visible_orders":false,"product_addons_visible":true}],"composite_scenarios":[],"exclude_global_add_ons":[],"addons":[],"acf":[],"yoast_head":"<!-- This site is optimized with the Yoast SEO plugin v26.8 - https:\/\/yoast.com\/product\/yoast-seo-wordpress\/ -->\n<title>Olivier Horiot M\u00e9tisse online kaufen | FOUFOU CHAMPAGNE BOUTIQUE<\/title>\n<meta name=\"description\" content=\"M\u00e9tisse Noir &amp; Blanc L18 Brut Nature \u2013 Pinot Noir und die seltene Rebsorte Pinot Blanc bilden die spannende Assemblage dieses Champagners.\u00a0\u00a0\" \/>\n<meta name=\"robots\" content=\"index, follow, max-snippet:-1, max-image-preview:large, max-video-preview:-1\" \/>\n<link rel=\"canonical\" href=\"https:\/\/foufou-champagne.com\/de\/champagner\/oliver-horiot-metisse-bio\/\" \/>\n<meta property=\"og:locale\" content=\"de_DE\" \/>\n<meta property=\"og:type\" content=\"article\" \/>\n<meta property=\"og:title\" content=\"Olivier Horiot M\u00e9tisse online kaufen | FOUFOU CHAMPAGNE BOUTIQUE\" \/>\n<meta property=\"og:description\" content=\"M\u00e9tisse Noir &amp; Blanc L18 Brut Nature \u2013 Pinot Noir und die seltene Rebsorte Pinot Blanc bilden die spannende Assemblage dieses Champagners.\u00a0\u00a0\" \/>\n<meta property=\"og:url\" content=\"https:\/\/foufou-champagne.com\/de\/champagner\/oliver-horiot-metisse-bio\/\" \/>\n<meta property=\"og:site_name\" content=\"foufou-champagne.com\" \/>\n<meta property=\"article:modified_time\" content=\"2026-02-14T19:12:21+00:00\" \/>\n<meta property=\"og:image\" content=\"https:\/\/foufou-champagne.com\/wp-content\/uploads\/2021\/05\/FOUFOU-Champagne-3-scaled.jpg\" \/>\n\t<meta property=\"og:image:width\" content=\"1707\" \/>\n\t<meta property=\"og:image:height\" content=\"2560\" \/>\n\t<meta property=\"og:image:type\" content=\"image\/jpeg\" \/>\n<meta name=\"twitter:card\" content=\"summary_large_image\" \/>\n<meta name=\"twitter:label1\" content=\"Gesch\u00e4tzte Lesezeit\" \/>\n\t<meta name=\"twitter:data1\" content=\"2\u00a0Minuten\" \/>\n<script type=\"application\/ld+json\" class=\"yoast-schema-graph\">{\"@context\":\"https:\/\/schema.org\",\"@graph\":[{\"@type\":\"WebPage\",\"@id\":\"https:\/\/foufou-champagne.com\/de\/champagner\/oliver-horiot-metisse-bio\/\",\"url\":\"https:\/\/foufou-champagne.com\/de\/champagner\/oliver-horiot-metisse-bio\/\",\"name\":\"Olivier Horiot M\u00e9tisse online kaufen | FOUFOU CHAMPAGNE BOUTIQUE\",\"isPartOf\":{\"@id\":\"https:\/\/foufou-champagne.com\/de\/#website\"},\"primaryImageOfPage\":{\"@id\":\"https:\/\/foufou-champagne.com\/de\/champagner\/oliver-horiot-metisse-bio\/#primaryimage\"},\"image\":{\"@id\":\"https:\/\/foufou-champagne.com\/de\/champagner\/oliver-horiot-metisse-bio\/#primaryimage\"},\"thumbnailUrl\":\"https:\/\/foufou-champagne.com\/wp-content\/uploads\/2021\/05\/FOUFOU-Champagne-3-scaled.jpg\",\"datePublished\":\"2021-12-17T16:29:39+00:00\",\"dateModified\":\"2026-02-14T19:12:21+00:00\",\"description\":\"M\u00e9tisse Noir & Blanc L18 Brut Nature \u2013 Pinot Noir und die seltene Rebsorte Pinot Blanc bilden die spannende Assemblage dieses Champagners.\u00a0\u00a0\",\"breadcrumb\":{\"@id\":\"https:\/\/foufou-champagne.com\/de\/champagner\/oliver-horiot-metisse-bio\/#breadcrumb\"},\"inLanguage\":\"de\",\"potentialAction\":[{\"@type\":\"ReadAction\",\"target\":[\"https:\/\/foufou-champagne.com\/de\/champagner\/oliver-horiot-metisse-bio\/\"]}]},{\"@type\":\"ImageObject\",\"inLanguage\":\"de\",\"@id\":\"https:\/\/foufou-champagne.com\/de\/champagner\/oliver-horiot-metisse-bio\/#primaryimage\",\"url\":\"https:\/\/foufou-champagne.com\/wp-content\/uploads\/2021\/05\/FOUFOU-Champagne-3-scaled.jpg\",\"contentUrl\":\"https:\/\/foufou-champagne.com\/wp-content\/uploads\/2021\/05\/FOUFOU-Champagne-3-scaled.jpg\",\"width\":1707,\"height\":2560},{\"@type\":\"BreadcrumbList\",\"@id\":\"https:\/\/foufou-champagne.com\/de\/champagner\/oliver-horiot-metisse-bio\/#breadcrumb\",\"itemListElement\":[{\"@type\":\"ListItem\",\"position\":1,\"name\":\"Startseite\",\"item\":\"https:\/\/foufou-champagne.com\/de\/\"},{\"@type\":\"ListItem\",\"position\":2,\"name\":\"Shop\",\"item\":\"https:\/\/foufou-champagne.com\/de\/shop\/\"},{\"@type\":\"ListItem\",\"position\":3,\"name\":\"Olivier Horiot Cuv\u00e9e M\u00e9tisse\"}]},{\"@type\":\"WebSite\",\"@id\":\"https:\/\/foufou-champagne.com\/de\/#website\",\"url\":\"https:\/\/foufou-champagne.com\/de\/\",\"name\":\"foufou-champagne.com\",\"description\":\"CHAMPAGNE BOUTIQUE\",\"potentialAction\":[{\"@type\":\"SearchAction\",\"target\":{\"@type\":\"EntryPoint\",\"urlTemplate\":\"https:\/\/foufou-champagne.com\/de\/?s={search_term_string}\"},\"query-input\":{\"@type\":\"PropertyValueSpecification\",\"valueRequired\":true,\"valueName\":\"search_term_string\"}}],\"inLanguage\":\"de\"}]}<\/script>\n<!-- \/ Yoast SEO plugin. -->","yoast_head_json":{"title":"Olivier Horiot M\u00e9tisse online kaufen | FOUFOU CHAMPAGNE BOUTIQUE","description":"M\u00e9tisse Noir & Blanc L18 Brut Nature \u2013 Pinot Noir und die seltene Rebsorte Pinot Blanc bilden die spannende Assemblage dieses Champagners.\u00a0\u00a0","robots":{"index":"index","follow":"follow","max-snippet":"max-snippet:-1","max-image-preview":"max-image-preview:large","max-video-preview":"max-video-preview:-1"},"canonical":"https:\/\/foufou-champagne.com\/de\/champagner\/oliver-horiot-metisse-bio\/","og_locale":"de_DE","og_type":"article","og_title":"Olivier Horiot M\u00e9tisse online kaufen | FOUFOU CHAMPAGNE BOUTIQUE","og_description":"M\u00e9tisse Noir & Blanc L18 Brut Nature \u2013 Pinot Noir und die seltene Rebsorte Pinot Blanc bilden die spannende Assemblage dieses Champagners.\u00a0\u00a0","og_url":"https:\/\/foufou-champagne.com\/de\/champagner\/oliver-horiot-metisse-bio\/","og_site_name":"foufou-champagne.com","article_modified_time":"2026-02-14T19:12:21+00:00","og_image":[{"width":1707,"height":2560,"url":"https:\/\/foufou-champagne.com\/wp-content\/uploads\/2021\/05\/FOUFOU-Champagne-3-scaled.jpg","type":"image\/jpeg"}],"twitter_card":"summary_large_image","twitter_misc":{"Gesch\u00e4tzte Lesezeit":"2\u00a0Minuten"},"schema":{"@context":"https:\/\/schema.org","@graph":[{"@type":"WebPage","@id":"https:\/\/foufou-champagne.com\/de\/champagner\/oliver-horiot-metisse-bio\/","url":"https:\/\/foufou-champagne.com\/de\/champagner\/oliver-horiot-metisse-bio\/","name":"Olivier Horiot M\u00e9tisse online kaufen | FOUFOU CHAMPAGNE BOUTIQUE","isPartOf":{"@id":"https:\/\/foufou-champagne.com\/de\/#website"},"primaryImageOfPage":{"@id":"https:\/\/foufou-champagne.com\/de\/champagner\/oliver-horiot-metisse-bio\/#primaryimage"},"image":{"@id":"https:\/\/foufou-champagne.com\/de\/champagner\/oliver-horiot-metisse-bio\/#primaryimage"},"thumbnailUrl":"https:\/\/foufou-champagne.com\/wp-content\/uploads\/2021\/05\/FOUFOU-Champagne-3-scaled.jpg","datePublished":"2021-12-17T16:29:39+00:00","dateModified":"2026-02-14T19:12:21+00:00","description":"M\u00e9tisse Noir & Blanc L18 Brut Nature \u2013 Pinot Noir und die seltene Rebsorte Pinot Blanc bilden die spannende Assemblage dieses Champagners.\u00a0\u00a0","breadcrumb":{"@id":"https:\/\/foufou-champagne.com\/de\/champagner\/oliver-horiot-metisse-bio\/#breadcrumb"},"inLanguage":"de","potentialAction":[{"@type":"ReadAction","target":["https:\/\/foufou-champagne.com\/de\/champagner\/oliver-horiot-metisse-bio\/"]}]},{"@type":"ImageObject","inLanguage":"de","@id":"https:\/\/foufou-champagne.com\/de\/champagner\/oliver-horiot-metisse-bio\/#primaryimage","url":"https:\/\/foufou-champagne.com\/wp-content\/uploads\/2021\/05\/FOUFOU-Champagne-3-scaled.jpg","contentUrl":"https:\/\/foufou-champagne.com\/wp-content\/uploads\/2021\/05\/FOUFOU-Champagne-3-scaled.jpg","width":1707,"height":2560},{"@type":"BreadcrumbList","@id":"https:\/\/foufou-champagne.com\/de\/champagner\/oliver-horiot-metisse-bio\/#breadcrumb","itemListElement":[{"@type":"ListItem","position":1,"name":"Startseite","item":"https:\/\/foufou-champagne.com\/de\/"},{"@type":"ListItem","position":2,"name":"Shop","item":"https:\/\/foufou-champagne.com\/de\/shop\/"},{"@type":"ListItem","position":3,"name":"Olivier Horiot Cuv\u00e9e M\u00e9tisse"}]},{"@type":"WebSite","@id":"https:\/\/foufou-champagne.com\/de\/#website","url":"https:\/\/foufou-champagne.com\/de\/","name":"foufou-champagne.com","description":"CHAMPAGNE BOUTIQUE","potentialAction":[{"@type":"SearchAction","target":{"@type":"EntryPoint","urlTemplate":"https:\/\/foufou-champagne.com\/de\/?s={search_term_string}"},"query-input":{"@type":"PropertyValueSpecification","valueRequired":true,"valueName":"search_term_string"}}],"inLanguage":"de"}]}},"_links":{"self":[{"href":"https:\/\/foufou-champagne.com\/de\/wp-json\/wp\/v2\/product\/9727","targetHints":{"allow":["GET"]}}],"collection":[{"href":"https:\/\/foufou-champagne.com\/de\/wp-json\/wp\/v2\/product"}],"about":[{"href":"https:\/\/foufou-champagne.com\/de\/wp-json\/wp\/v2\/types\/product"}],"replies":[{"embeddable":true,"href":"https:\/\/foufou-champagne.com\/de\/wp-json\/wp\/v2\/comments?post=9727"}],"wp:featuredmedia":[{"embeddable":true,"href":"https:\/\/foufou-champagne.com\/de\/wp-json\/wp\/v2\/media\/16230"}],"wp:attachment":[{"href":"https:\/\/foufou-champagne.com\/de\/wp-json\/wp\/v2\/media?parent=9727"}],"wp:term":[{"taxonomy":"product_brand","embeddable":true,"href":"https:\/\/foufou-champagne.com\/de\/wp-json\/wp\/v2\/product_brand?post=9727"},{"taxonomy":"product_cat","embeddable":true,"href":"https:\/\/foufou-champagne.com\/de\/wp-json\/wp\/v2\/product_cat?post=9727"},{"taxonomy":"product_tag","embeddable":true,"href":"https:\/\/foufou-champagne.com\/de\/wp-json\/wp\/v2\/product_tag?post=9727"}],"curies":[{"name":"wp","href":"https:\/\/api.w.org\/{rel}","templated":true}]}}