{"id":9747,"date":"2021-12-17T18:23:14","date_gmt":"2021-12-17T17:23:14","guid":{"rendered":"https:\/\/foufou-champagne.com\/?post_type=product&#038;p=9747"},"modified":"2025-01-31T15:44:29","modified_gmt":"2025-01-31T14:44:29","slug":"olivier-horiot-cuvee-5sens-bio","status":"publish","type":"product","link":"https:\/\/foufou-champagne.com\/de\/champagner\/olivier-horiot-cuvee-5sens-bio\/","title":{"rendered":"Olivier Horiot 2016 Cuv\u00e9e 5 Sens"},"content":{"rendered":"<h4>Der Champagner<\/h4>\n<p><span data-contrast=\"auto\">20% Chardonnay, 20% Pinot Noir, 20% Pinot Meunier, 20% Arbanne, 20% Pinot Blanc: Dieser Bio-Champagner hat\u2019s offensichtlich in sich! Auch aus dem Grund, dass die Weinreben auf Lehm-Kalkb\u00f6den in den Weinbergen in Les Riceys wachsen und der Champagner dadurch erdige und mineralische Aromen gewinnt. Die Weine des 2016er 5 Sens g\u00e4ren langsam in f\u00fcnf F\u00e4ssern auf der Hefe, bevor sie f\u00fcr die zweite G\u00e4rung in die Flasche gezogen werden. Als Brut Nature, ohne Dosage, kr\u00e4ftig und f\u00fcllig, allerdings halten sich die nussigen und hefigen Aromen auch nicht zur\u00fcck. Auch fruchtige Noten von Apfel und Zitrone scheinen durch. Ein geradliniger Champagner mit aufregender Assemblage. <\/span><span data-ccp-props=\"{&quot;134233117&quot;:true,&quot;134233118&quot;:true,&quot;201341983&quot;:0,&quot;335559740&quot;:240}\">\u00a0<\/span><\/p>\n<p>&nbsp;<\/p>\n<h4>Tasting Note<\/h4>\n<ul>\n<li><span data-contrast=\"auto\">Im Glas ein zitronengelbes Farbspiel mit feiner Perlage.<\/span><span data-ccp-props=\"{&quot;134233117&quot;:true,&quot;134233118&quot;:true,&quot;201341983&quot;:0,&quot;335559740&quot;:240}\">\u00a0<\/span><\/li>\n<li><span data-contrast=\"auto\">In der Nase super mineralisch: Hefe, nasse Kreide und Reife. Zitronenschale und Ingwer sind daneben aber nicht weniger pr\u00e4sent. Unauff\u00e4llig kommt etwas gesalzenes Karamell und Krokant dazu.<\/span><span data-ccp-props=\"{&quot;134233117&quot;:true,&quot;134233118&quot;:true,&quot;201341983&quot;:0,&quot;335559740&quot;:240}\">\u00a0<\/span><\/li>\n<li><span data-contrast=\"auto\">Am Gaumen, wie auch in der Nase, ausgesprochen mineralisch. Hier zeigt sich die Hefe und Mineralit\u00e4t des Champagners, daneben tauchen immer wieder Aromen von Apfel, Zitrone und Ingwer auf. Erscheint komplexer als der 5 Sens ist. Geradlinig und unkompliziert.<\/span><span data-ccp-props=\"{&quot;134233117&quot;:true,&quot;134233118&quot;:true,&quot;201341983&quot;:0,&quot;335559740&quot;:240}\">\u00a0<\/span><\/li>\n<\/ul>\n<h4><\/h4>\n<p>&nbsp;<\/p>\n<h4>Passt zu<\/h4>\n<ul>\n<li><span data-contrast=\"auto\">Dieser Bio-Champagner ist perfekt als Speisebegleiter geeignet. Vor allem zu Fisch, wie Lachs, Meeresfr\u00fcchte oder Austern. Geht auch nach dem Essen zur K\u00e4seplatte mit mildem K\u00e4se oder Weichk\u00e4se.<\/span><span data-ccp-props=\"{&quot;134233117&quot;:true,&quot;134233118&quot;:true,&quot;201341983&quot;:0,&quot;335559740&quot;:240}\">\u00a0<\/span><\/li>\n<\/ul>\n<p>&nbsp;<\/p>\n<p>&nbsp;<\/p>\n<h4>Das Champagnerhaus <span class=\"TextRun BCX2 SCXW172806965\" lang=\"DE-DE\" xml:lang=\"DE-DE\" data-contrast=\"auto\"><span class=\"NormalTextRun BCX2 SCXW172806965\" data-ccp-charstyle=\"eop\" data-ccp-charstyle-defn=\"{&quot;ObjectId&quot;:&quot;09fba55a-51b8-430a-a7fd-03c01bd8dedd|7&quot;,&quot;ClassId&quot;:1073872969,&quot;Properties&quot;:[134233614,&quot;true&quot;,201340122,&quot;1&quot;,469775450,&quot;eop&quot;,469778129,&quot;eop&quot;,469778324,&quot;Default Paragraph Font&quot;]}\">Olivier <\/span><span class=\"NormalTextRun SpellingErrorV2 BCX2 DefaultHighlightTransition SCXW172806965\" data-ccp-charstyle=\"eop\">Horiot<\/span> <\/span><\/h4>\n<div class=\"row row--collapse align-left\">\n<div class=\"col col-sm-12 col-xlg-12\">\n<div class=\"cmsPlainText\">\n<div class=\"row\">\n<div class=\"col col-sm-12\">\n<div class=\"cmsPlainText__content\">\n<div class=\"cmsPlainText__split cmsPlainText__split--1\">\n<p><span data-contrast=\"auto\">Olivier Horiots Vorfahren haben schon seit dem 16. Jahrhundert Wein in Les Riceys angebaut und diesen traditionell an die Genossenschaft weitergegeben. Seit 2000 produziert das Haus des junges Winzers Wein (nicht \u00fcblich in der Champagne) und 2004 begann er, selbst Champagner biodynamisch herzustellen. Daraus ergab sich eine Reihe besonderer Jahrgangs-Champagner, die ein Jahr in Eichenf\u00e4ssern auf Feinhefe reifen. Die wahrscheinlich signifikanteste Besonderheit des Hauses Olivier Horiots ist, dass die Champagner aus nicht nur den drei \u00fcblichen Rebsorten, sondern auch aus den deutlich selteneren Sorten Arbanne, Pinot Blanc, Pinot Gris und Petit Meslier hergestellt werden. In der Vielzahl der Burgunderf\u00e4sser, die sich im Weinkeller verbergen, befinden sich also einzigartige Cuv\u00e9es, die Champagner mit besonderer Assemblage hervorbringen.<\/span><span data-ccp-props=\"{&quot;134233117&quot;:true,&quot;134233118&quot;:true,&quot;201341983&quot;:0,&quot;335559739&quot;:160,&quot;335559740&quot;:240}\">\u00a0<\/span><\/p>\n<\/div>\n<\/div>\n<\/div>\n<\/div>\n<\/div>\n<\/div>\n<\/div>\n","protected":false},"excerpt":{"rendered":"<p>Cuv\u00e9e 5 Sens Brut Nature \u2013 e<span data-contrast=\"auto\">in ganz besonderer seiner Art! Hier stecken sagenhafte 5 verschiedene Rebsorten drin. Dieser Champagner fordert mehrere Sinne heraus \ud83d\ude09<\/span><span data-ccp-props=\"{&quot;201341983&quot;:0,&quot;335559739&quot;:160,&quot;335559740&quot;:259}\">\u00a0<\/span><\/p>\n<p><span data-ccp-props=\"{&quot;201341983&quot;:0,&quot;335559739&quot;:160,&quot;335559740&quot;:259}\">\u00a0<\/span><\/p>\n","protected":false},"featured_media":9757,"comment_status":"open","ping_status":"closed","template":"","meta":{"_acf_changed":false,"_editorskit_title_hidden":false,"_editorskit_reading_time":0,"_editorskit_is_block_options_detached":false,"_editorskit_block_options_position":"{}","_coblocks_attr":"","_coblocks_dimensions":"","_coblocks_responsive_height":"","_coblocks_accordion_ie_support":""},"product_brand":[],"product_cat":[15,66,652,154],"product_tag":[167,642,160,175,161,210,169],"class_list":{"0":"post-9747","1":"product","2":"type-product","3":"status-publish","4":"has-post-thumbnail","6":"product_cat-champagner","7":"product_cat-bio-champagner","8":"product_cat-olivier-horiot","9":"product_cat-winzerchampagner","10":"product_tag-bio-champagner","11":"product_tag-brut-nature","12":"product_tag-demeter-zertifiziert","13":"product_tag-guter-essensbegleiter","14":"product_tag-vegetarische-gerichte","15":"product_tag-winzerchampagner","16":"product_tag-zero-dosage","17":"product_shipping_class-standard","18":"pa_kategorie-bio-champagner","19":"pa_kategorie-winzer-champagner","21":"first","22":"outofstock","23":"taxable","24":"shipping-taxable","25":"purchasable","26":"product-type-composite"},"composite_virtual":false,"composite_layout":"single","composite_add_to_cart_form_location":"default","composite_editable_in_cart":false,"composite_sold_individually_context":"product","composite_shop_price_calc":"defaults","composite_components":[{"id":"1692202614","title":"Geschenkverpackung (optional)","description":"","query_type":"product_ids","query_ids":[13154],"default_option_id":"","thumbnail_id":"","thumbnail_src":"","quantity_min":1,"quantity_max":1,"priced_individually":true,"shipped_individually":false,"optional":true,"discount":"","options_style":"dropdowns","pagination_style":"classic","display_prices":"absolute","show_sorting_options":false,"show_filtering_options":false,"attribute_filter_ids":[],"select_action":"view","product_title_visible":false,"product_descr_visible":true,"product_price_visible":true,"product_thumb_visible":true,"subtotal_visible_product":false,"subtotal_visible_cart":false,"subtotal_visible_orders":false,"product_addons_visible":true},{"id":"1692202615","title":"Gru\u00dfkarte mit Mini-Bouquet (optional)","description":"","query_type":"category_ids","query_ids":[635],"default_option_id":"","thumbnail_id":"","thumbnail_src":"","quantity_min":1,"quantity_max":1,"priced_individually":true,"shipped_individually":false,"optional":true,"discount":"","options_style":"dropdowns","pagination_style":"classic","display_prices":"absolute","show_sorting_options":false,"show_filtering_options":false,"attribute_filter_ids":[],"select_action":"view","product_title_visible":false,"product_descr_visible":true,"product_price_visible":true,"product_thumb_visible":true,"subtotal_visible_product":false,"subtotal_visible_cart":false,"subtotal_visible_orders":false,"product_addons_visible":true}],"composite_scenarios":[],"exclude_global_add_ons":[],"addons":[],"acf":[],"yoast_head":"<!-- This site is optimized with the Yoast SEO plugin v26.8 - https:\/\/yoast.com\/product\/yoast-seo-wordpress\/ -->\n<title>Olivier Horiot 5 Sens online kaufen | FOUFOU CHAMPAGNE BOUTIQUE<\/title>\n<meta name=\"description\" content=\"Cuv\u00e9e 5 Sens Brut Nature 2016 \u2013 hier stecken sagenhafte 5 verschiedene Rebsorten drin. Dieser Champagner fordert mehrere Sinne heraus ;)\" \/>\n<meta name=\"robots\" content=\"index, follow, max-snippet:-1, max-image-preview:large, max-video-preview:-1\" \/>\n<link rel=\"canonical\" href=\"https:\/\/foufou-champagne.com\/de\/champagner\/olivier-horiot-cuvee-5sens-bio\/\" \/>\n<meta property=\"og:locale\" content=\"de_DE\" \/>\n<meta property=\"og:type\" content=\"article\" \/>\n<meta property=\"og:title\" content=\"Olivier Horiot 5 Sens online kaufen | FOUFOU CHAMPAGNE BOUTIQUE\" \/>\n<meta property=\"og:description\" content=\"Cuv\u00e9e 5 Sens Brut Nature 2016 \u2013 hier stecken sagenhafte 5 verschiedene Rebsorten drin. Dieser Champagner fordert mehrere Sinne heraus ;)\" \/>\n<meta property=\"og:url\" content=\"https:\/\/foufou-champagne.com\/de\/champagner\/olivier-horiot-cuvee-5sens-bio\/\" \/>\n<meta property=\"og:site_name\" content=\"foufou-champagne.com\" \/>\n<meta property=\"article:modified_time\" content=\"2025-01-31T14:44:29+00:00\" \/>\n<meta property=\"og:image\" content=\"https:\/\/foufou-champagne.com\/wp-content\/uploads\/2021\/12\/Champagne-FouFou-Champagne-Boutique-2.png\" \/>\n\t<meta property=\"og:image:width\" content=\"800\" \/>\n\t<meta property=\"og:image:height\" content=\"1000\" \/>\n\t<meta property=\"og:image:type\" content=\"image\/png\" \/>\n<meta name=\"twitter:card\" content=\"summary_large_image\" \/>\n<meta name=\"twitter:label1\" content=\"Gesch\u00e4tzte Lesezeit\" \/>\n\t<meta name=\"twitter:data1\" content=\"2\u00a0Minuten\" \/>\n<script type=\"application\/ld+json\" class=\"yoast-schema-graph\">{\"@context\":\"https:\/\/schema.org\",\"@graph\":[{\"@type\":\"WebPage\",\"@id\":\"https:\/\/foufou-champagne.com\/de\/champagner\/olivier-horiot-cuvee-5sens-bio\/\",\"url\":\"https:\/\/foufou-champagne.com\/de\/champagner\/olivier-horiot-cuvee-5sens-bio\/\",\"name\":\"Olivier Horiot 5 Sens online kaufen | FOUFOU CHAMPAGNE BOUTIQUE\",\"isPartOf\":{\"@id\":\"https:\/\/foufou-champagne.com\/de\/#website\"},\"primaryImageOfPage\":{\"@id\":\"https:\/\/foufou-champagne.com\/de\/champagner\/olivier-horiot-cuvee-5sens-bio\/#primaryimage\"},\"image\":{\"@id\":\"https:\/\/foufou-champagne.com\/de\/champagner\/olivier-horiot-cuvee-5sens-bio\/#primaryimage\"},\"thumbnailUrl\":\"https:\/\/foufou-champagne.com\/wp-content\/uploads\/2021\/12\/Champagne-FouFou-Champagne-Boutique-2.png\",\"datePublished\":\"2021-12-17T17:23:14+00:00\",\"dateModified\":\"2025-01-31T14:44:29+00:00\",\"description\":\"Cuv\u00e9e 5 Sens Brut Nature 2016 \u2013 hier stecken sagenhafte 5 verschiedene Rebsorten drin. Dieser Champagner fordert mehrere Sinne heraus ;)\",\"breadcrumb\":{\"@id\":\"https:\/\/foufou-champagne.com\/de\/champagner\/olivier-horiot-cuvee-5sens-bio\/#breadcrumb\"},\"inLanguage\":\"de\",\"potentialAction\":[{\"@type\":\"ReadAction\",\"target\":[\"https:\/\/foufou-champagne.com\/de\/champagner\/olivier-horiot-cuvee-5sens-bio\/\"]}]},{\"@type\":\"ImageObject\",\"inLanguage\":\"de\",\"@id\":\"https:\/\/foufou-champagne.com\/de\/champagner\/olivier-horiot-cuvee-5sens-bio\/#primaryimage\",\"url\":\"https:\/\/foufou-champagne.com\/wp-content\/uploads\/2021\/12\/Champagne-FouFou-Champagne-Boutique-2.png\",\"contentUrl\":\"https:\/\/foufou-champagne.com\/wp-content\/uploads\/2021\/12\/Champagne-FouFou-Champagne-Boutique-2.png\",\"width\":800,\"height\":1000},{\"@type\":\"BreadcrumbList\",\"@id\":\"https:\/\/foufou-champagne.com\/de\/champagner\/olivier-horiot-cuvee-5sens-bio\/#breadcrumb\",\"itemListElement\":[{\"@type\":\"ListItem\",\"position\":1,\"name\":\"Startseite\",\"item\":\"https:\/\/foufou-champagne.com\/de\/\"},{\"@type\":\"ListItem\",\"position\":2,\"name\":\"Shop\",\"item\":\"https:\/\/foufou-champagne.com\/de\/shop\/\"},{\"@type\":\"ListItem\",\"position\":3,\"name\":\"Olivier Horiot 2016 Cuv\u00e9e 5 Sens\"}]},{\"@type\":\"WebSite\",\"@id\":\"https:\/\/foufou-champagne.com\/de\/#website\",\"url\":\"https:\/\/foufou-champagne.com\/de\/\",\"name\":\"foufou-champagne.com\",\"description\":\"CHAMPAGNE BOUTIQUE\",\"potentialAction\":[{\"@type\":\"SearchAction\",\"target\":{\"@type\":\"EntryPoint\",\"urlTemplate\":\"https:\/\/foufou-champagne.com\/de\/?s={search_term_string}\"},\"query-input\":{\"@type\":\"PropertyValueSpecification\",\"valueRequired\":true,\"valueName\":\"search_term_string\"}}],\"inLanguage\":\"de\"}]}<\/script>\n<!-- \/ Yoast SEO plugin. -->","yoast_head_json":{"title":"Olivier Horiot 5 Sens online kaufen | FOUFOU CHAMPAGNE BOUTIQUE","description":"Cuv\u00e9e 5 Sens Brut Nature 2016 \u2013 hier stecken sagenhafte 5 verschiedene Rebsorten drin. Dieser Champagner fordert mehrere Sinne heraus ;)","robots":{"index":"index","follow":"follow","max-snippet":"max-snippet:-1","max-image-preview":"max-image-preview:large","max-video-preview":"max-video-preview:-1"},"canonical":"https:\/\/foufou-champagne.com\/de\/champagner\/olivier-horiot-cuvee-5sens-bio\/","og_locale":"de_DE","og_type":"article","og_title":"Olivier Horiot 5 Sens online kaufen | FOUFOU CHAMPAGNE BOUTIQUE","og_description":"Cuv\u00e9e 5 Sens Brut Nature 2016 \u2013 hier stecken sagenhafte 5 verschiedene Rebsorten drin. Dieser Champagner fordert mehrere Sinne heraus ;)","og_url":"https:\/\/foufou-champagne.com\/de\/champagner\/olivier-horiot-cuvee-5sens-bio\/","og_site_name":"foufou-champagne.com","article_modified_time":"2025-01-31T14:44:29+00:00","og_image":[{"width":800,"height":1000,"url":"https:\/\/foufou-champagne.com\/wp-content\/uploads\/2021\/12\/Champagne-FouFou-Champagne-Boutique-2.png","type":"image\/png"}],"twitter_card":"summary_large_image","twitter_misc":{"Gesch\u00e4tzte Lesezeit":"2\u00a0Minuten"},"schema":{"@context":"https:\/\/schema.org","@graph":[{"@type":"WebPage","@id":"https:\/\/foufou-champagne.com\/de\/champagner\/olivier-horiot-cuvee-5sens-bio\/","url":"https:\/\/foufou-champagne.com\/de\/champagner\/olivier-horiot-cuvee-5sens-bio\/","name":"Olivier Horiot 5 Sens online kaufen | FOUFOU CHAMPAGNE BOUTIQUE","isPartOf":{"@id":"https:\/\/foufou-champagne.com\/de\/#website"},"primaryImageOfPage":{"@id":"https:\/\/foufou-champagne.com\/de\/champagner\/olivier-horiot-cuvee-5sens-bio\/#primaryimage"},"image":{"@id":"https:\/\/foufou-champagne.com\/de\/champagner\/olivier-horiot-cuvee-5sens-bio\/#primaryimage"},"thumbnailUrl":"https:\/\/foufou-champagne.com\/wp-content\/uploads\/2021\/12\/Champagne-FouFou-Champagne-Boutique-2.png","datePublished":"2021-12-17T17:23:14+00:00","dateModified":"2025-01-31T14:44:29+00:00","description":"Cuv\u00e9e 5 Sens Brut Nature 2016 \u2013 hier stecken sagenhafte 5 verschiedene Rebsorten drin. Dieser Champagner fordert mehrere Sinne heraus ;)","breadcrumb":{"@id":"https:\/\/foufou-champagne.com\/de\/champagner\/olivier-horiot-cuvee-5sens-bio\/#breadcrumb"},"inLanguage":"de","potentialAction":[{"@type":"ReadAction","target":["https:\/\/foufou-champagne.com\/de\/champagner\/olivier-horiot-cuvee-5sens-bio\/"]}]},{"@type":"ImageObject","inLanguage":"de","@id":"https:\/\/foufou-champagne.com\/de\/champagner\/olivier-horiot-cuvee-5sens-bio\/#primaryimage","url":"https:\/\/foufou-champagne.com\/wp-content\/uploads\/2021\/12\/Champagne-FouFou-Champagne-Boutique-2.png","contentUrl":"https:\/\/foufou-champagne.com\/wp-content\/uploads\/2021\/12\/Champagne-FouFou-Champagne-Boutique-2.png","width":800,"height":1000},{"@type":"BreadcrumbList","@id":"https:\/\/foufou-champagne.com\/de\/champagner\/olivier-horiot-cuvee-5sens-bio\/#breadcrumb","itemListElement":[{"@type":"ListItem","position":1,"name":"Startseite","item":"https:\/\/foufou-champagne.com\/de\/"},{"@type":"ListItem","position":2,"name":"Shop","item":"https:\/\/foufou-champagne.com\/de\/shop\/"},{"@type":"ListItem","position":3,"name":"Olivier Horiot 2016 Cuv\u00e9e 5 Sens"}]},{"@type":"WebSite","@id":"https:\/\/foufou-champagne.com\/de\/#website","url":"https:\/\/foufou-champagne.com\/de\/","name":"foufou-champagne.com","description":"CHAMPAGNE BOUTIQUE","potentialAction":[{"@type":"SearchAction","target":{"@type":"EntryPoint","urlTemplate":"https:\/\/foufou-champagne.com\/de\/?s={search_term_string}"},"query-input":{"@type":"PropertyValueSpecification","valueRequired":true,"valueName":"search_term_string"}}],"inLanguage":"de"}]}},"_links":{"self":[{"href":"https:\/\/foufou-champagne.com\/de\/wp-json\/wp\/v2\/product\/9747","targetHints":{"allow":["GET"]}}],"collection":[{"href":"https:\/\/foufou-champagne.com\/de\/wp-json\/wp\/v2\/product"}],"about":[{"href":"https:\/\/foufou-champagne.com\/de\/wp-json\/wp\/v2\/types\/product"}],"replies":[{"embeddable":true,"href":"https:\/\/foufou-champagne.com\/de\/wp-json\/wp\/v2\/comments?post=9747"}],"wp:featuredmedia":[{"embeddable":true,"href":"https:\/\/foufou-champagne.com\/de\/wp-json\/wp\/v2\/media\/9757"}],"wp:attachment":[{"href":"https:\/\/foufou-champagne.com\/de\/wp-json\/wp\/v2\/media?parent=9747"}],"wp:term":[{"taxonomy":"product_brand","embeddable":true,"href":"https:\/\/foufou-champagne.com\/de\/wp-json\/wp\/v2\/product_brand?post=9747"},{"taxonomy":"product_cat","embeddable":true,"href":"https:\/\/foufou-champagne.com\/de\/wp-json\/wp\/v2\/product_cat?post=9747"},{"taxonomy":"product_tag","embeddable":true,"href":"https:\/\/foufou-champagne.com\/de\/wp-json\/wp\/v2\/product_tag?post=9747"}],"curies":[{"name":"wp","href":"https:\/\/api.w.org\/{rel}","templated":true}]}}