{"id":9789,"date":"2021-12-23T11:22:54","date_gmt":"2021-12-23T10:22:54","guid":{"rendered":"https:\/\/foufou-champagne.com\/?post_type=product&#038;p=9789"},"modified":"2025-03-20T22:37:54","modified_gmt":"2025-03-20T21:37:54","slug":"nicolas-feuillatte-cuvee-speciale-blanc-de-blancs","status":"publish","type":"product","link":"https:\/\/foufou-champagne.com\/de\/champagner\/nicolas-feuillatte-cuvee-speciale-blanc-de-blancs\/","title":{"rendered":"Nicolas Feuillatte Cuv\u00e9e Sp\u00e9ciale Blanc de Blancs"},"content":{"rendered":"<h4>Der Champagner<\/h4>\n<p class=\"p2\">Dieser 100%ige Chardonnay ist animierend, frisch und floral. Aromen von frischen Fr\u00fcchten, wei\u00dfen Blumen und Mandeln, klare Struktur und ein langanhaltendes Finale. Ein wunderbarer Vertreter der C\u00f4te de Blancs mit herausragender Pr\u00e4zision!<\/p>\n<h4 class=\"p2\">Tasting Note<\/h4>\n<ul>\n<li>Im Glas strohgelb mit aktiver Perlage<\/li>\n<li>In der Nase feine frische florale Noten<\/li>\n<li>Am Gaumen\u00a0 animierend, fruchtig mit floralen Noten und Mandel-Aromen, denen sich eine leise Spur von Ingwer anh\u00e4ngt.<\/li>\n<\/ul>\n<h4>Passt zu<\/h4>\n<ul>\n<li>Aperitif oder solo<\/li>\n<li>Gegrilltes Iberico Schwein mit Auberginen Caviar.<\/li>\n<li>Gegrillte Lammfilets mit mediterranem Gem\u00fcse<span class=\"Apple-converted-space\">\u00a0<\/span><\/li>\n<\/ul>\n<div class=\"col col-sm-12 col-xlg-12\">\n<div class=\"cmsPlainText\">\n<div class=\"row\">\n<div class=\"col col-sm-12\">\n<div class=\"cmsPlainText__content\">\n<div class=\"cmsPlainText__split cmsPlainText__split--1\">\n<h4>Das Champagnerhaus Nicolas Feuillatte<\/h4>\n<p>Nicolas Feuillatte ist eines der j\u00fcngsten Champagnerh\u00e4user, z\u00e4hlte aber schon fr\u00fch zu den renommiertesten und beliebtesten Marken: Erst 1976 kreierte der Weinliebhaber Nicolas Feuillatte seine erste Cuv\u00e9e aus eigenem Anbau \u2013 heute trinken die Franzosen Feuillattes Champagner mit am liebsten. Und auch rund um den Globus z\u00e4hlt Nicolas Feuillatte zu den gefragtesten Champagnern. Der Stil des Hauses wird durch die drei W\u00f6rter Pr\u00e4zision, Eleganz und Finesse definiert und findet sich in jedem Schluck einer ihrer ausgezeichneten Champagner wieder. Rund 5.000 Winzer sichern in der Champagne die Produktion von Nicolas Feuillatte \u2013 f\u00fcr jeden Geschmack, f\u00fcr jeden Anlass und zum erstklassigen Preis-Genuss-Verh\u00e4ltnis.<\/p>\n<\/div>\n<\/div>\n<\/div>\n<\/div>\n<\/div>\n<\/div>\n","protected":false},"excerpt":{"rendered":"<p>Puristisch, animierend und frisch zeigt dieser Blanc de Blancs alles, was ein Chardonnay von der C\u00f4te de Blancs zu bieten hat.<\/p>\n","protected":false},"featured_media":9802,"comment_status":"open","ping_status":"closed","template":"","meta":{"_acf_changed":false,"_editorskit_title_hidden":false,"_editorskit_reading_time":0,"_editorskit_is_block_options_detached":false,"_editorskit_block_options_position":"{}","_coblocks_attr":"","_coblocks_dimensions":"","_coblocks_responsive_height":"","_coblocks_accordion_ie_support":""},"product_brand":[],"product_cat":[15,163,488],"product_tag":[502],"class_list":{"0":"post-9789","1":"product","2":"type-product","3":"status-publish","4":"has-post-thumbnail","6":"product_cat-champagner","7":"product_cat-blanc-de-blancs","8":"product_cat-nicolas-feuillatte","9":"product_tag-blanc-de-blancs","10":"product_shipping_class-standard","11":"pa_kategorie-blanc-de-blancs","13":"first","14":"outofstock","15":"taxable","16":"shipping-taxable","17":"purchasable","18":"product-type-composite"},"composite_virtual":false,"composite_layout":"single","composite_add_to_cart_form_location":"default","composite_editable_in_cart":false,"composite_sold_individually_context":"product","composite_shop_price_calc":"defaults","composite_components":[{"id":"1686167771","title":"Geschenkverpackung (optional)","description":"","query_type":"product_ids","query_ids":[13154],"default_option_id":"","thumbnail_id":"","thumbnail_src":"","quantity_min":1,"quantity_max":1,"priced_individually":true,"shipped_individually":false,"optional":true,"discount":"","options_style":"dropdowns","pagination_style":"classic","display_prices":"absolute","show_sorting_options":false,"show_filtering_options":false,"attribute_filter_ids":[],"select_action":"view","product_title_visible":false,"product_descr_visible":true,"product_price_visible":true,"product_thumb_visible":true,"subtotal_visible_product":false,"subtotal_visible_cart":false,"subtotal_visible_orders":false,"product_addons_visible":true},{"id":"1686167772","title":"Gru\u00dfkarte mit Mini-Bouquet (optional)","description":"","query_type":"category_ids","query_ids":[635],"default_option_id":"","thumbnail_id":"","thumbnail_src":"","quantity_min":1,"quantity_max":1,"priced_individually":true,"shipped_individually":false,"optional":true,"discount":"","options_style":"dropdowns","pagination_style":"classic","display_prices":"absolute","show_sorting_options":false,"show_filtering_options":false,"attribute_filter_ids":[],"select_action":"view","product_title_visible":false,"product_descr_visible":true,"product_price_visible":true,"product_thumb_visible":true,"subtotal_visible_product":false,"subtotal_visible_cart":false,"subtotal_visible_orders":false,"product_addons_visible":true}],"composite_scenarios":[],"exclude_global_add_ons":[],"addons":[],"acf":[],"yoast_head":"<!-- This site is optimized with the Yoast SEO plugin v26.8 - https:\/\/yoast.com\/product\/yoast-seo-wordpress\/ -->\n<title>Nicolas Feuillatte Cuv\u00e9e Sp\u00e9ciale Blanc de Blancs | FOUFOU CHAMPAGNE<\/title>\n<meta name=\"description\" content=\"Puristisch, animierend und frisch zeigt dieser Blanc de Blancs alles, was ein Chardonnay von der C\u00f4te de Blancs zu bieten hat.\u00a0\" \/>\n<meta name=\"robots\" content=\"index, follow, max-snippet:-1, max-image-preview:large, max-video-preview:-1\" \/>\n<link rel=\"canonical\" href=\"https:\/\/foufou-champagne.com\/de\/champagner\/nicolas-feuillatte-cuvee-speciale-blanc-de-blancs\/\" \/>\n<meta property=\"og:locale\" content=\"de_DE\" \/>\n<meta property=\"og:type\" content=\"article\" \/>\n<meta property=\"og:title\" content=\"Nicolas Feuillatte Cuv\u00e9e Sp\u00e9ciale Blanc de Blancs | FOUFOU CHAMPAGNE\" \/>\n<meta property=\"og:description\" content=\"Puristisch, animierend und frisch zeigt dieser Blanc de Blancs alles, was ein Chardonnay von der C\u00f4te de Blancs zu bieten hat.\u00a0\" \/>\n<meta property=\"og:url\" content=\"https:\/\/foufou-champagne.com\/de\/champagner\/nicolas-feuillatte-cuvee-speciale-blanc-de-blancs\/\" \/>\n<meta property=\"og:site_name\" content=\"foufou-champagne.com\" \/>\n<meta property=\"article:modified_time\" content=\"2025-03-20T21:37:54+00:00\" \/>\n<meta property=\"og:image\" content=\"https:\/\/foufou-champagne.com\/wp-content\/uploads\/2021\/12\/Champagne-FouFou-Champagne-Boutique-2-1.png\" \/>\n\t<meta property=\"og:image:width\" content=\"800\" \/>\n\t<meta property=\"og:image:height\" content=\"1000\" \/>\n\t<meta property=\"og:image:type\" content=\"image\/png\" \/>\n<meta name=\"twitter:card\" content=\"summary_large_image\" \/>\n<meta name=\"twitter:label1\" content=\"Gesch\u00e4tzte Lesezeit\" \/>\n\t<meta name=\"twitter:data1\" content=\"2\u00a0Minuten\" \/>\n<script type=\"application\/ld+json\" class=\"yoast-schema-graph\">{\"@context\":\"https:\/\/schema.org\",\"@graph\":[{\"@type\":\"WebPage\",\"@id\":\"https:\/\/foufou-champagne.com\/de\/champagner\/nicolas-feuillatte-cuvee-speciale-blanc-de-blancs\/\",\"url\":\"https:\/\/foufou-champagne.com\/de\/champagner\/nicolas-feuillatte-cuvee-speciale-blanc-de-blancs\/\",\"name\":\"Nicolas Feuillatte Cuv\u00e9e Sp\u00e9ciale Blanc de Blancs | FOUFOU CHAMPAGNE\",\"isPartOf\":{\"@id\":\"https:\/\/foufou-champagne.com\/de\/#website\"},\"primaryImageOfPage\":{\"@id\":\"https:\/\/foufou-champagne.com\/de\/champagner\/nicolas-feuillatte-cuvee-speciale-blanc-de-blancs\/#primaryimage\"},\"image\":{\"@id\":\"https:\/\/foufou-champagne.com\/de\/champagner\/nicolas-feuillatte-cuvee-speciale-blanc-de-blancs\/#primaryimage\"},\"thumbnailUrl\":\"https:\/\/foufou-champagne.com\/wp-content\/uploads\/2021\/12\/Champagne-FouFou-Champagne-Boutique-2-1.png\",\"datePublished\":\"2021-12-23T10:22:54+00:00\",\"dateModified\":\"2025-03-20T21:37:54+00:00\",\"description\":\"Puristisch, animierend und frisch zeigt dieser Blanc de Blancs alles, was ein Chardonnay von der C\u00f4te de Blancs zu bieten hat.\u00a0\",\"breadcrumb\":{\"@id\":\"https:\/\/foufou-champagne.com\/de\/champagner\/nicolas-feuillatte-cuvee-speciale-blanc-de-blancs\/#breadcrumb\"},\"inLanguage\":\"de\",\"potentialAction\":[{\"@type\":\"ReadAction\",\"target\":[\"https:\/\/foufou-champagne.com\/de\/champagner\/nicolas-feuillatte-cuvee-speciale-blanc-de-blancs\/\"]}]},{\"@type\":\"ImageObject\",\"inLanguage\":\"de\",\"@id\":\"https:\/\/foufou-champagne.com\/de\/champagner\/nicolas-feuillatte-cuvee-speciale-blanc-de-blancs\/#primaryimage\",\"url\":\"https:\/\/foufou-champagne.com\/wp-content\/uploads\/2021\/12\/Champagne-FouFou-Champagne-Boutique-2-1.png\",\"contentUrl\":\"https:\/\/foufou-champagne.com\/wp-content\/uploads\/2021\/12\/Champagne-FouFou-Champagne-Boutique-2-1.png\",\"width\":800,\"height\":1000},{\"@type\":\"BreadcrumbList\",\"@id\":\"https:\/\/foufou-champagne.com\/de\/champagner\/nicolas-feuillatte-cuvee-speciale-blanc-de-blancs\/#breadcrumb\",\"itemListElement\":[{\"@type\":\"ListItem\",\"position\":1,\"name\":\"Startseite\",\"item\":\"https:\/\/foufou-champagne.com\/de\/\"},{\"@type\":\"ListItem\",\"position\":2,\"name\":\"Shop\",\"item\":\"https:\/\/foufou-champagne.com\/de\/shop\/\"},{\"@type\":\"ListItem\",\"position\":3,\"name\":\"Nicolas Feuillatte Cuv\u00e9e Sp\u00e9ciale Blanc de Blancs\"}]},{\"@type\":\"WebSite\",\"@id\":\"https:\/\/foufou-champagne.com\/de\/#website\",\"url\":\"https:\/\/foufou-champagne.com\/de\/\",\"name\":\"foufou-champagne.com\",\"description\":\"CHAMPAGNE BOUTIQUE\",\"potentialAction\":[{\"@type\":\"SearchAction\",\"target\":{\"@type\":\"EntryPoint\",\"urlTemplate\":\"https:\/\/foufou-champagne.com\/de\/?s={search_term_string}\"},\"query-input\":{\"@type\":\"PropertyValueSpecification\",\"valueRequired\":true,\"valueName\":\"search_term_string\"}}],\"inLanguage\":\"de\"}]}<\/script>\n<!-- \/ Yoast SEO plugin. -->","yoast_head_json":{"title":"Nicolas Feuillatte Cuv\u00e9e Sp\u00e9ciale Blanc de Blancs | FOUFOU CHAMPAGNE","description":"Puristisch, animierend und frisch zeigt dieser Blanc de Blancs alles, was ein Chardonnay von der C\u00f4te de Blancs zu bieten hat.\u00a0","robots":{"index":"index","follow":"follow","max-snippet":"max-snippet:-1","max-image-preview":"max-image-preview:large","max-video-preview":"max-video-preview:-1"},"canonical":"https:\/\/foufou-champagne.com\/de\/champagner\/nicolas-feuillatte-cuvee-speciale-blanc-de-blancs\/","og_locale":"de_DE","og_type":"article","og_title":"Nicolas Feuillatte Cuv\u00e9e Sp\u00e9ciale Blanc de Blancs | FOUFOU CHAMPAGNE","og_description":"Puristisch, animierend und frisch zeigt dieser Blanc de Blancs alles, was ein Chardonnay von der C\u00f4te de Blancs zu bieten hat.\u00a0","og_url":"https:\/\/foufou-champagne.com\/de\/champagner\/nicolas-feuillatte-cuvee-speciale-blanc-de-blancs\/","og_site_name":"foufou-champagne.com","article_modified_time":"2025-03-20T21:37:54+00:00","og_image":[{"width":800,"height":1000,"url":"https:\/\/foufou-champagne.com\/wp-content\/uploads\/2021\/12\/Champagne-FouFou-Champagne-Boutique-2-1.png","type":"image\/png"}],"twitter_card":"summary_large_image","twitter_misc":{"Gesch\u00e4tzte Lesezeit":"2\u00a0Minuten"},"schema":{"@context":"https:\/\/schema.org","@graph":[{"@type":"WebPage","@id":"https:\/\/foufou-champagne.com\/de\/champagner\/nicolas-feuillatte-cuvee-speciale-blanc-de-blancs\/","url":"https:\/\/foufou-champagne.com\/de\/champagner\/nicolas-feuillatte-cuvee-speciale-blanc-de-blancs\/","name":"Nicolas Feuillatte Cuv\u00e9e Sp\u00e9ciale Blanc de Blancs | FOUFOU CHAMPAGNE","isPartOf":{"@id":"https:\/\/foufou-champagne.com\/de\/#website"},"primaryImageOfPage":{"@id":"https:\/\/foufou-champagne.com\/de\/champagner\/nicolas-feuillatte-cuvee-speciale-blanc-de-blancs\/#primaryimage"},"image":{"@id":"https:\/\/foufou-champagne.com\/de\/champagner\/nicolas-feuillatte-cuvee-speciale-blanc-de-blancs\/#primaryimage"},"thumbnailUrl":"https:\/\/foufou-champagne.com\/wp-content\/uploads\/2021\/12\/Champagne-FouFou-Champagne-Boutique-2-1.png","datePublished":"2021-12-23T10:22:54+00:00","dateModified":"2025-03-20T21:37:54+00:00","description":"Puristisch, animierend und frisch zeigt dieser Blanc de Blancs alles, was ein Chardonnay von der C\u00f4te de Blancs zu bieten hat.\u00a0","breadcrumb":{"@id":"https:\/\/foufou-champagne.com\/de\/champagner\/nicolas-feuillatte-cuvee-speciale-blanc-de-blancs\/#breadcrumb"},"inLanguage":"de","potentialAction":[{"@type":"ReadAction","target":["https:\/\/foufou-champagne.com\/de\/champagner\/nicolas-feuillatte-cuvee-speciale-blanc-de-blancs\/"]}]},{"@type":"ImageObject","inLanguage":"de","@id":"https:\/\/foufou-champagne.com\/de\/champagner\/nicolas-feuillatte-cuvee-speciale-blanc-de-blancs\/#primaryimage","url":"https:\/\/foufou-champagne.com\/wp-content\/uploads\/2021\/12\/Champagne-FouFou-Champagne-Boutique-2-1.png","contentUrl":"https:\/\/foufou-champagne.com\/wp-content\/uploads\/2021\/12\/Champagne-FouFou-Champagne-Boutique-2-1.png","width":800,"height":1000},{"@type":"BreadcrumbList","@id":"https:\/\/foufou-champagne.com\/de\/champagner\/nicolas-feuillatte-cuvee-speciale-blanc-de-blancs\/#breadcrumb","itemListElement":[{"@type":"ListItem","position":1,"name":"Startseite","item":"https:\/\/foufou-champagne.com\/de\/"},{"@type":"ListItem","position":2,"name":"Shop","item":"https:\/\/foufou-champagne.com\/de\/shop\/"},{"@type":"ListItem","position":3,"name":"Nicolas Feuillatte Cuv\u00e9e Sp\u00e9ciale Blanc de Blancs"}]},{"@type":"WebSite","@id":"https:\/\/foufou-champagne.com\/de\/#website","url":"https:\/\/foufou-champagne.com\/de\/","name":"foufou-champagne.com","description":"CHAMPAGNE BOUTIQUE","potentialAction":[{"@type":"SearchAction","target":{"@type":"EntryPoint","urlTemplate":"https:\/\/foufou-champagne.com\/de\/?s={search_term_string}"},"query-input":{"@type":"PropertyValueSpecification","valueRequired":true,"valueName":"search_term_string"}}],"inLanguage":"de"}]}},"_links":{"self":[{"href":"https:\/\/foufou-champagne.com\/de\/wp-json\/wp\/v2\/product\/9789","targetHints":{"allow":["GET"]}}],"collection":[{"href":"https:\/\/foufou-champagne.com\/de\/wp-json\/wp\/v2\/product"}],"about":[{"href":"https:\/\/foufou-champagne.com\/de\/wp-json\/wp\/v2\/types\/product"}],"replies":[{"embeddable":true,"href":"https:\/\/foufou-champagne.com\/de\/wp-json\/wp\/v2\/comments?post=9789"}],"wp:featuredmedia":[{"embeddable":true,"href":"https:\/\/foufou-champagne.com\/de\/wp-json\/wp\/v2\/media\/9802"}],"wp:attachment":[{"href":"https:\/\/foufou-champagne.com\/de\/wp-json\/wp\/v2\/media?parent=9789"}],"wp:term":[{"taxonomy":"product_brand","embeddable":true,"href":"https:\/\/foufou-champagne.com\/de\/wp-json\/wp\/v2\/product_brand?post=9789"},{"taxonomy":"product_cat","embeddable":true,"href":"https:\/\/foufou-champagne.com\/de\/wp-json\/wp\/v2\/product_cat?post=9789"},{"taxonomy":"product_tag","embeddable":true,"href":"https:\/\/foufou-champagne.com\/de\/wp-json\/wp\/v2\/product_tag?post=9789"}],"curies":[{"name":"wp","href":"https:\/\/api.w.org\/{rel}","templated":true}]}}