{"id":9804,"date":"2021-12-27T12:41:04","date_gmt":"2021-12-27T11:41:04","guid":{"rendered":"https:\/\/foufou-champagne.com\/?post_type=product&#038;p=9804"},"modified":"2025-03-12T12:11:43","modified_gmt":"2025-03-12T11:11:43","slug":"bonnet-ponson-le-jour-brut-nature-2019","status":"publish","type":"product","link":"https:\/\/foufou-champagne.com\/de\/champagner\/bonnet-ponson-le-jour-brut-nature-2019\/","title":{"rendered":"Bonnet-Ponson Le Jour 2019 Brut Nature"},"content":{"rendered":"<h4>Der Champagner<\/h4>\n<p>Eine Seltenheit &#8211; ein Champagner aus 100% Pinot Meunier! Dar\u00fcber hinaus verzichtet Cyril Bonnet bei dieser Cuv\u00e9e vollst\u00e4ndig auf zus\u00e4tzlichen Schwefel und auf Dosage. So ungesch\u00f6nt und pur ist Le Jour ein konsequenter Ausdruck seiner Herkunft, die Premier-Cru-Einzellage \u201eLe Jour\u201c in Vrigny. Die alten Reben wurden in dieser Parzelle 1971 gepflanzt, auf einem lehmigen Boden mit einer tiefer liegenden Kalkstein-Schicht.<\/p>\n<p>Ein sehr besonderer, voller Champagner, der stilistisch definitiv den Naturweinen zuzuordnen ist. Trotz der 0% Dosage verleiht der Meunier dem Champagner eine feine S\u00fc\u00dfe von reifen Fr\u00fcchten mit sehr dezenter S\u00e4ure. Fruchtig und w\u00fcrzig, gepr\u00e4gt von einem vollen, k\u00f6stlichen und mineralischen Geschmack mit einem langen und salzigen Abgang.<\/p>\n<h4><strong>Tasting Note<\/strong><\/h4>\n<ul>\n<li>Im Glas: funkelndes Strohgelb und eine enorm feine, elegante Perlage<\/li>\n<li>In der Nase: wei\u00dfe Frucht, nasser Stein und leichte Aromen von Zitrusfr\u00fcchten<\/li>\n<li>Am Gaumen: offen und einladend, reife wei\u00dfe Fr\u00fcchte, w\u00fcrzige Tabaknoten und eine feine Mineralit\u00e4t. Der Abgang ist lang und angenehm mineralisch, salzig.<\/li>\n<\/ul>\n<p><strong>Passt zu<\/strong><\/p>\n<ul>\n<li>Le Jour passt perfekt zu hellem Fleisch sowie zu mildem K\u00e4se.<\/li>\n<\/ul>\n<p>&nbsp;<\/p>\n<h4>Das Champagnerhaus Bonnet-Ponson<\/h4>\n<p><strong>Aromatisch, energisch mit einer besonderen Reife.<\/strong><\/p>\n<p>Seit 1862 stellt die Familie Bonnet ihren Champagner in Chamery her. Gr\u00e9goire Bonnet war der erste Winzer in dieser Gegend. Der Gro\u00dfteil der Reben des Hauses befindet sich auf den H\u00fcgeln der drei D\u00f6rfer Chamery, Vrigny und Coulommes la Montagne im westlichen Teils von der Montagne de Reims, auch bekannt als &#8220;petite montagne&#8221;. Die im Terti\u00e4r entstandenen B\u00f6den bestehen aus Sand, Ton\/Lehm und kalkhaltigem Lehm. 1956 lernte Andr\u00e9 Bonnet seine Frau Monique Ponson kennen, die selbst aus einer Winzerfamilie in Vrigny stammt, ebenfalls aus der Montage de Reims. Gemeinsam begannen sie mit der Domain Bonnet-Ponson wenige Parzellen Meunier und Pinot Noir in Chamery, Vrigny und Coulommes la Montagne anzubauen. Heute ist die Fl\u00e4che auf 9 Hektar angewachsen, jeweils mit den drei Rebsorten zu gleichen Teilen bestockt. 1979 trat der Sohn Thierry Bonnet in das Champagnerhaus ein und trieb im Laufe von 30 Jahren die Entwicklung der Dom\u00e4ne weiter voran. Zus\u00e4tzliche Weinkeller in den sandigen B\u00f6den der &#8220;Petit Montagne&#8221; erm\u00f6glichen seither eine l\u00e4ngere Reifung der kostbaren Champagner. Nach dem Studium der \u00d6nologie und der Arbeit als Rotweinmacher im S\u00fcdwesten Frankreichs trat Cyril Bonnet 2013 in die Familiendom\u00e4ne ein und begann zeitgleich mit der Umstellung des gesamten Weinbergs auf die biologische Anbaumethode. Wir sind gespannt, was folgt!<\/p>\n<p>&nbsp;<\/p>\n","protected":false},"excerpt":{"rendered":"<p>100 % Pinot Meunier, 100% Bio. 100% empfehlenswert! Du magst Naturwein? Dann wirst du diesen Champagner lieben! W\u00fcrzig, fruchtig, mineralisch mit ganz eigner Identit\u00e4t.<\/p>\n","protected":false},"featured_media":9930,"comment_status":"open","ping_status":"closed","template":"","meta":{"_acf_changed":false,"_editorskit_title_hidden":false,"_editorskit_reading_time":0,"_editorskit_is_block_options_detached":false,"_editorskit_block_options_position":"{}","_coblocks_attr":"","_coblocks_dimensions":"","_coblocks_responsive_height":"","_coblocks_accordion_ie_support":""},"product_brand":[],"product_cat":[15,66,464,141,154],"product_tag":[167,143,142,210],"class_list":{"0":"post-9804","1":"product","2":"type-product","3":"status-publish","4":"has-post-thumbnail","6":"product_cat-champagner","7":"product_cat-bio-champagner","8":"product_cat-bonnet-ponson-champagner","9":"product_cat-jahrgangschampagner","10":"product_cat-winzerchampagner","11":"product_tag-bio-champagner","12":"product_tag-jahrgangs-champagner","13":"product_tag-vintage-champagner","14":"product_tag-winzerchampagner","15":"product_shipping_class-standard","16":"pa_kategorie-bio-champagner","17":"pa_kategorie-vintage-champagner","18":"pa_kategorie-winzer-champagner","20":"first","21":"outofstock","22":"taxable","23":"shipping-taxable","24":"purchasable","25":"product-type-composite"},"composite_virtual":false,"composite_layout":"single","composite_add_to_cart_form_location":"default","composite_editable_in_cart":false,"composite_sold_individually_context":"product","composite_shop_price_calc":"defaults","composite_components":[{"id":"1686182541","title":"Geschenkverpackung (optional)","description":"","query_type":"product_ids","query_ids":[13154],"default_option_id":"","thumbnail_id":"","thumbnail_src":"","quantity_min":1,"quantity_max":1,"priced_individually":true,"shipped_individually":false,"optional":true,"discount":"","options_style":"dropdowns","pagination_style":"classic","display_prices":"absolute","show_sorting_options":false,"show_filtering_options":false,"attribute_filter_ids":[],"select_action":"view","product_title_visible":false,"product_descr_visible":true,"product_price_visible":true,"product_thumb_visible":true,"subtotal_visible_product":false,"subtotal_visible_cart":false,"subtotal_visible_orders":false,"product_addons_visible":true},{"id":"1686182542","title":"Gru\u00dfkarte mit Mini-Bouquet (optional)","description":"","query_type":"category_ids","query_ids":[635],"default_option_id":"","thumbnail_id":"","thumbnail_src":"","quantity_min":1,"quantity_max":1,"priced_individually":true,"shipped_individually":false,"optional":true,"discount":"","options_style":"dropdowns","pagination_style":"classic","display_prices":"absolute","show_sorting_options":false,"show_filtering_options":false,"attribute_filter_ids":[],"select_action":"view","product_title_visible":false,"product_descr_visible":true,"product_price_visible":true,"product_thumb_visible":true,"subtotal_visible_product":false,"subtotal_visible_cart":false,"subtotal_visible_orders":false,"product_addons_visible":true}],"composite_scenarios":[],"exclude_global_add_ons":[],"addons":[],"acf":[],"yoast_head":"<!-- This site is optimized with the Yoast SEO plugin v26.8 - https:\/\/yoast.com\/product\/yoast-seo-wordpress\/ -->\n<title>Bonnet-Ponson Le Jour 2019 (BIO) Brut Nature | FOUFOU CHAMPAGNE BOUTIQUE<\/title>\n<meta name=\"description\" content=\"100 % Pinot Meunier, 100% Bio. 100% empfehlenswert! Ein besonderer Champagner aus der Parzelle &quot;Le Jour&quot;, w\u00fcrzig, fruchtig, vollmundig.\u00a0Hier kaufen.\" \/>\n<meta name=\"robots\" content=\"index, follow, max-snippet:-1, max-image-preview:large, max-video-preview:-1\" \/>\n<link rel=\"canonical\" href=\"https:\/\/foufou-champagne.com\/de\/champagner\/bonnet-ponson-le-jour-brut-nature-2019\/\" \/>\n<meta property=\"og:locale\" content=\"de_DE\" \/>\n<meta property=\"og:type\" content=\"article\" \/>\n<meta property=\"og:title\" content=\"Bonnet-Ponson Le Jour 2019 (BIO) Brut Nature | FOUFOU CHAMPAGNE BOUTIQUE\" \/>\n<meta property=\"og:description\" content=\"100 % Pinot Meunier, 100% Bio. 100% empfehlenswert! Ein besonderer Champagner aus der Parzelle &quot;Le Jour&quot;, w\u00fcrzig, fruchtig, vollmundig.\u00a0Hier kaufen.\" \/>\n<meta property=\"og:url\" content=\"https:\/\/foufou-champagne.com\/de\/champagner\/bonnet-ponson-le-jour-brut-nature-2019\/\" \/>\n<meta property=\"og:site_name\" content=\"foufou-champagne.com\" \/>\n<meta property=\"article:modified_time\" content=\"2025-03-12T11:11:43+00:00\" \/>\n<meta property=\"og:image\" content=\"https:\/\/foufou-champagne.com\/wp-content\/uploads\/2021\/12\/Champagne-Bonnet-Ponson-Le-Jour-2019-Brut-Nature-FouFou-Champagne-Boutique.png\" \/>\n\t<meta property=\"og:image:width\" content=\"800\" \/>\n\t<meta property=\"og:image:height\" content=\"1000\" \/>\n\t<meta property=\"og:image:type\" content=\"image\/png\" \/>\n<meta name=\"twitter:card\" content=\"summary_large_image\" \/>\n<meta name=\"twitter:label1\" content=\"Gesch\u00e4tzte Lesezeit\" \/>\n\t<meta name=\"twitter:data1\" content=\"3\u00a0Minuten\" \/>\n<script type=\"application\/ld+json\" class=\"yoast-schema-graph\">{\"@context\":\"https:\/\/schema.org\",\"@graph\":[{\"@type\":\"WebPage\",\"@id\":\"https:\/\/foufou-champagne.com\/de\/champagner\/bonnet-ponson-le-jour-brut-nature-2019\/\",\"url\":\"https:\/\/foufou-champagne.com\/de\/champagner\/bonnet-ponson-le-jour-brut-nature-2019\/\",\"name\":\"Bonnet-Ponson Le Jour 2019 (BIO) Brut Nature | FOUFOU CHAMPAGNE BOUTIQUE\",\"isPartOf\":{\"@id\":\"https:\/\/foufou-champagne.com\/de\/#website\"},\"primaryImageOfPage\":{\"@id\":\"https:\/\/foufou-champagne.com\/de\/champagner\/bonnet-ponson-le-jour-brut-nature-2019\/#primaryimage\"},\"image\":{\"@id\":\"https:\/\/foufou-champagne.com\/de\/champagner\/bonnet-ponson-le-jour-brut-nature-2019\/#primaryimage\"},\"thumbnailUrl\":\"https:\/\/foufou-champagne.com\/wp-content\/uploads\/2021\/12\/Champagne-Bonnet-Ponson-Le-Jour-2019-Brut-Nature-FouFou-Champagne-Boutique.png\",\"datePublished\":\"2021-12-27T11:41:04+00:00\",\"dateModified\":\"2025-03-12T11:11:43+00:00\",\"description\":\"100 % Pinot Meunier, 100% Bio. 100% empfehlenswert! Ein besonderer Champagner aus der Parzelle \\\"Le Jour\\\", w\u00fcrzig, fruchtig, vollmundig.\u00a0Hier kaufen.\",\"breadcrumb\":{\"@id\":\"https:\/\/foufou-champagne.com\/de\/champagner\/bonnet-ponson-le-jour-brut-nature-2019\/#breadcrumb\"},\"inLanguage\":\"de\",\"potentialAction\":[{\"@type\":\"ReadAction\",\"target\":[\"https:\/\/foufou-champagne.com\/de\/champagner\/bonnet-ponson-le-jour-brut-nature-2019\/\"]}]},{\"@type\":\"ImageObject\",\"inLanguage\":\"de\",\"@id\":\"https:\/\/foufou-champagne.com\/de\/champagner\/bonnet-ponson-le-jour-brut-nature-2019\/#primaryimage\",\"url\":\"https:\/\/foufou-champagne.com\/wp-content\/uploads\/2021\/12\/Champagne-Bonnet-Ponson-Le-Jour-2019-Brut-Nature-FouFou-Champagne-Boutique.png\",\"contentUrl\":\"https:\/\/foufou-champagne.com\/wp-content\/uploads\/2021\/12\/Champagne-Bonnet-Ponson-Le-Jour-2019-Brut-Nature-FouFou-Champagne-Boutique.png\",\"width\":800,\"height\":1000},{\"@type\":\"BreadcrumbList\",\"@id\":\"https:\/\/foufou-champagne.com\/de\/champagner\/bonnet-ponson-le-jour-brut-nature-2019\/#breadcrumb\",\"itemListElement\":[{\"@type\":\"ListItem\",\"position\":1,\"name\":\"Startseite\",\"item\":\"https:\/\/foufou-champagne.com\/de\/\"},{\"@type\":\"ListItem\",\"position\":2,\"name\":\"Shop\",\"item\":\"https:\/\/foufou-champagne.com\/de\/shop\/\"},{\"@type\":\"ListItem\",\"position\":3,\"name\":\"Bonnet-Ponson Le Jour 2019 Brut Nature\"}]},{\"@type\":\"WebSite\",\"@id\":\"https:\/\/foufou-champagne.com\/de\/#website\",\"url\":\"https:\/\/foufou-champagne.com\/de\/\",\"name\":\"foufou-champagne.com\",\"description\":\"CHAMPAGNE BOUTIQUE\",\"potentialAction\":[{\"@type\":\"SearchAction\",\"target\":{\"@type\":\"EntryPoint\",\"urlTemplate\":\"https:\/\/foufou-champagne.com\/de\/?s={search_term_string}\"},\"query-input\":{\"@type\":\"PropertyValueSpecification\",\"valueRequired\":true,\"valueName\":\"search_term_string\"}}],\"inLanguage\":\"de\"}]}<\/script>\n<!-- \/ Yoast SEO plugin. -->","yoast_head_json":{"title":"Bonnet-Ponson Le Jour 2019 (BIO) Brut Nature | FOUFOU CHAMPAGNE BOUTIQUE","description":"100 % Pinot Meunier, 100% Bio. 100% empfehlenswert! Ein besonderer Champagner aus der Parzelle \"Le Jour\", w\u00fcrzig, fruchtig, vollmundig.\u00a0Hier kaufen.","robots":{"index":"index","follow":"follow","max-snippet":"max-snippet:-1","max-image-preview":"max-image-preview:large","max-video-preview":"max-video-preview:-1"},"canonical":"https:\/\/foufou-champagne.com\/de\/champagner\/bonnet-ponson-le-jour-brut-nature-2019\/","og_locale":"de_DE","og_type":"article","og_title":"Bonnet-Ponson Le Jour 2019 (BIO) Brut Nature | FOUFOU CHAMPAGNE BOUTIQUE","og_description":"100 % Pinot Meunier, 100% Bio. 100% empfehlenswert! Ein besonderer Champagner aus der Parzelle \"Le Jour\", w\u00fcrzig, fruchtig, vollmundig.\u00a0Hier kaufen.","og_url":"https:\/\/foufou-champagne.com\/de\/champagner\/bonnet-ponson-le-jour-brut-nature-2019\/","og_site_name":"foufou-champagne.com","article_modified_time":"2025-03-12T11:11:43+00:00","og_image":[{"width":800,"height":1000,"url":"https:\/\/foufou-champagne.com\/wp-content\/uploads\/2021\/12\/Champagne-Bonnet-Ponson-Le-Jour-2019-Brut-Nature-FouFou-Champagne-Boutique.png","type":"image\/png"}],"twitter_card":"summary_large_image","twitter_misc":{"Gesch\u00e4tzte Lesezeit":"3\u00a0Minuten"},"schema":{"@context":"https:\/\/schema.org","@graph":[{"@type":"WebPage","@id":"https:\/\/foufou-champagne.com\/de\/champagner\/bonnet-ponson-le-jour-brut-nature-2019\/","url":"https:\/\/foufou-champagne.com\/de\/champagner\/bonnet-ponson-le-jour-brut-nature-2019\/","name":"Bonnet-Ponson Le Jour 2019 (BIO) Brut Nature | FOUFOU CHAMPAGNE BOUTIQUE","isPartOf":{"@id":"https:\/\/foufou-champagne.com\/de\/#website"},"primaryImageOfPage":{"@id":"https:\/\/foufou-champagne.com\/de\/champagner\/bonnet-ponson-le-jour-brut-nature-2019\/#primaryimage"},"image":{"@id":"https:\/\/foufou-champagne.com\/de\/champagner\/bonnet-ponson-le-jour-brut-nature-2019\/#primaryimage"},"thumbnailUrl":"https:\/\/foufou-champagne.com\/wp-content\/uploads\/2021\/12\/Champagne-Bonnet-Ponson-Le-Jour-2019-Brut-Nature-FouFou-Champagne-Boutique.png","datePublished":"2021-12-27T11:41:04+00:00","dateModified":"2025-03-12T11:11:43+00:00","description":"100 % Pinot Meunier, 100% Bio. 100% empfehlenswert! Ein besonderer Champagner aus der Parzelle \"Le Jour\", w\u00fcrzig, fruchtig, vollmundig.\u00a0Hier kaufen.","breadcrumb":{"@id":"https:\/\/foufou-champagne.com\/de\/champagner\/bonnet-ponson-le-jour-brut-nature-2019\/#breadcrumb"},"inLanguage":"de","potentialAction":[{"@type":"ReadAction","target":["https:\/\/foufou-champagne.com\/de\/champagner\/bonnet-ponson-le-jour-brut-nature-2019\/"]}]},{"@type":"ImageObject","inLanguage":"de","@id":"https:\/\/foufou-champagne.com\/de\/champagner\/bonnet-ponson-le-jour-brut-nature-2019\/#primaryimage","url":"https:\/\/foufou-champagne.com\/wp-content\/uploads\/2021\/12\/Champagne-Bonnet-Ponson-Le-Jour-2019-Brut-Nature-FouFou-Champagne-Boutique.png","contentUrl":"https:\/\/foufou-champagne.com\/wp-content\/uploads\/2021\/12\/Champagne-Bonnet-Ponson-Le-Jour-2019-Brut-Nature-FouFou-Champagne-Boutique.png","width":800,"height":1000},{"@type":"BreadcrumbList","@id":"https:\/\/foufou-champagne.com\/de\/champagner\/bonnet-ponson-le-jour-brut-nature-2019\/#breadcrumb","itemListElement":[{"@type":"ListItem","position":1,"name":"Startseite","item":"https:\/\/foufou-champagne.com\/de\/"},{"@type":"ListItem","position":2,"name":"Shop","item":"https:\/\/foufou-champagne.com\/de\/shop\/"},{"@type":"ListItem","position":3,"name":"Bonnet-Ponson Le Jour 2019 Brut Nature"}]},{"@type":"WebSite","@id":"https:\/\/foufou-champagne.com\/de\/#website","url":"https:\/\/foufou-champagne.com\/de\/","name":"foufou-champagne.com","description":"CHAMPAGNE BOUTIQUE","potentialAction":[{"@type":"SearchAction","target":{"@type":"EntryPoint","urlTemplate":"https:\/\/foufou-champagne.com\/de\/?s={search_term_string}"},"query-input":{"@type":"PropertyValueSpecification","valueRequired":true,"valueName":"search_term_string"}}],"inLanguage":"de"}]}},"_links":{"self":[{"href":"https:\/\/foufou-champagne.com\/de\/wp-json\/wp\/v2\/product\/9804","targetHints":{"allow":["GET"]}}],"collection":[{"href":"https:\/\/foufou-champagne.com\/de\/wp-json\/wp\/v2\/product"}],"about":[{"href":"https:\/\/foufou-champagne.com\/de\/wp-json\/wp\/v2\/types\/product"}],"replies":[{"embeddable":true,"href":"https:\/\/foufou-champagne.com\/de\/wp-json\/wp\/v2\/comments?post=9804"}],"wp:featuredmedia":[{"embeddable":true,"href":"https:\/\/foufou-champagne.com\/de\/wp-json\/wp\/v2\/media\/9930"}],"wp:attachment":[{"href":"https:\/\/foufou-champagne.com\/de\/wp-json\/wp\/v2\/media?parent=9804"}],"wp:term":[{"taxonomy":"product_brand","embeddable":true,"href":"https:\/\/foufou-champagne.com\/de\/wp-json\/wp\/v2\/product_brand?post=9804"},{"taxonomy":"product_cat","embeddable":true,"href":"https:\/\/foufou-champagne.com\/de\/wp-json\/wp\/v2\/product_cat?post=9804"},{"taxonomy":"product_tag","embeddable":true,"href":"https:\/\/foufou-champagne.com\/de\/wp-json\/wp\/v2\/product_tag?post=9804"}],"curies":[{"name":"wp","href":"https:\/\/api.w.org\/{rel}","templated":true}]}}