{"id":10128,"date":"2022-03-14T15:14:40","date_gmt":"2022-03-14T14:14:40","guid":{"rendered":"https:\/\/foufou-champagne.com\/?post_type=product&#038;p=10128"},"modified":"2023-06-13T19:46:14","modified_gmt":"2023-06-13T17:46:14","slug":"jeaunaux-robin-eclats-de-meuliere-extra-brut-0-375-demi","status":"publish","type":"product","link":"https:\/\/foufou-champagne.com\/en\/champagne\/jeaunaux-robin-eclats-de-meuliere-extra-brut-0-375-demi\/","title":{"rendered":"Jeaunaux-Robin \u00c9clats de Meuli\u00e8re 0.375l Demi"},"content":{"rendered":"<h4>The Champagne<\/h4>\n<p>\u00c9clats de Meuli\u00e8re &#8211; the fragment of a millstone. The name comes from a layer of rock in Champagne, originally used for the construction of mill wheels. The cuv\u00e9e of 60% Pinot Meunier, 30% Pinot Noir and 10% Chardonnay, which reflects the signature of Cyril Jeaunaux, grows on this terroir. The champagne shows itself fruit-driven and vibrant. It opens with bright stone fruit, lemon wedges, dried fruit and some cookie. One senses the fruit of Pinot Meunier. These grapes make up the character of the vintner&#8217;s Champagnes in the Talus area. Cyril Jeaunaux champagnes all show themselves fruit-driven and at the same time reflect the specificity of the place and the soil. Furthermore, Jeaunaux uses the low dosage of only 5.5g so skillfully that the \u00c9clats de Meuli\u00e8re is still very balanced and round.<\/p>\n<p>Jeanaux-Robin has been committed to biodynamic methods since becoming a member of &#8220;Terres des Vins de Champagne&#8221; in 2009 and began converting to organic viticulture in 2015.<\/p>\n<h4>Tasting Note<\/h4>\n<ul>\n<li>In the glass pale yellow with light amber reflections.<\/li>\n<li>The nose reveals aromas of light stone fruit, lemons, dried fruit and cookie.<\/li>\n<li>Very balanced on the palate with creamy, almost fleshy fruit, which is balanced by a slight acidity and minerality.<\/li>\n<\/ul>\n<h4>Pair with<\/h4>\n<ul>\n<li>Especially vegetarian dishes.<\/li>\n<li>It also perfectly accompanies crustaceans, such as crabs and salads.<\/li>\n<li>This champagne is also the ideal companion for veal in combination with dried fruits.The Champagne House Jeaunaux-Robin<\/li>\n<\/ul>\n<div class=\"row row--collapse align-left\">\n<div class=\"col col-sm-12 col-xlg-12\">\n<div class=\"cmsPlainText\">\n<div class=\"row\">\n<div class=\"col col-sm-12\">\n<div class=\"cmsPlainText__content\">\n<div class=\"cmsPlainText__split cmsPlainText__split--1\">\n<p><span class=\"TextRun BCX4 SCXW243529254\" lang=\"DE-DE\" xml:lang=\"DE-DE\" data-contrast=\"auto\"><span class=\"NormalTextRun BCX4 SCXW243529254\">The winery Jeanaux-Robin was founded in 1950 by the parents of Cyril Jeaunaux. The vineyards are located in the very south of the C\u00f4te des Blancs near the village of Talus-Saint-Prix in a very rural area. Away from the glitz and luxury of Champagne. A cool breeze passes by the surrounding hills, often exposing the vines to late frost. Therefore, Pinot Meunier is the grape of choice here, a variety well-prepared for the job.The high percentage of flint guarantees a perfect base for the cultivation of Meunier. A small percentage of the grapes also comes from the C\u00f4te des Bar. In addition to stainless steel barrels, the wines are also aged in used barrique, largely avoiding biological acid reduction. Thus, the champagnes acquire a certain uniqueness and honesty, combining acidity, minerality and drinking flow. <\/span><\/span><\/p>\n<\/div>\n<\/div>\n<\/div>\n<\/div>\n<\/div>\n<\/div>\n<\/div>\n","protected":false},"excerpt":{"rendered":"<p>Creamy, balanced and at the same time fruity. Away from the style of the well-known brands. Especially due to the unusually high share of Pinot Meunier.<\/p>\n","protected":false},"featured_media":10125,"comment_status":"open","ping_status":"closed","template":"","meta":{"_acf_changed":false,"_editorskit_title_hidden":false,"_editorskit_reading_time":0,"_editorskit_is_block_options_detached":false,"_editorskit_block_options_position":"{}","_coblocks_attr":"","_coblocks_dimensions":"","_coblocks_responsive_height":"","_coblocks_accordion_ie_support":""},"product_brand":[],"product_cat":[225,447,264,265],"product_tag":[625,267,270],"class_list":{"0":"post-10128","1":"product","2":"type-product","3":"status-publish","4":"has-post-thumbnail","6":"product_cat-champagne","7":"product_cat-jeanaux-robin-champagne","8":"product_cat-organic-champagne","9":"product_cat-winemaker-champagne","10":"product_tag-0-375-litre","11":"product_tag-organic-champagne","12":"product_tag-winzerchampagner-en","13":"product_shipping_class-standard-en","14":"pa_kategorie-bio-champagner-en","15":"pa_kategorie-winemaker-champagne","17":"first","18":"outofstock","19":"taxable","20":"shipping-taxable","21":"purchasable","22":"product-type-composite"},"composite_virtual":false,"composite_layout":"single","composite_add_to_cart_form_location":"default","composite_editable_in_cart":false,"composite_sold_individually_context":"product","composite_shop_price_calc":"min_max","composite_components":[{"id":"1686185006","title":"Greeting card with mini bouquet (optional)","description":"","query_type":"category_ids","query_ids":[636],"default_option_id":"","thumbnail_id":"","thumbnail_src":"","quantity_min":1,"quantity_max":1,"priced_individually":true,"shipped_individually":false,"optional":true,"discount":"","options_style":"dropdowns","pagination_style":"classic","display_prices":"absolute","show_sorting_options":false,"show_filtering_options":false,"attribute_filter_ids":[],"select_action":"view","product_title_visible":false,"product_descr_visible":true,"product_price_visible":true,"product_thumb_visible":true,"subtotal_visible_product":false,"subtotal_visible_cart":false,"subtotal_visible_orders":false,"product_addons_visible":true}],"composite_scenarios":[],"exclude_global_add_ons":[],"addons":[],"acf":[],"yoast_head":"<!-- This site is optimized with the Yoast SEO plugin v26.8 - https:\/\/yoast.com\/product\/yoast-seo-wordpress\/ -->\n<title>Buy Jeaunaux-Robin \u00c9clats de Meuli\u00e8re 0.375l | FOUFOU CHAMPAGNE<\/title>\n<meta name=\"description\" content=\"Finesse, paired with elegance and down-to-earthness. The \u00c9clats de Meuli\u00e8re from Jeaunaux-Robin shows what winemaker champagnes can do.\" \/>\n<meta name=\"robots\" content=\"index, follow, max-snippet:-1, max-image-preview:large, max-video-preview:-1\" \/>\n<link rel=\"canonical\" href=\"https:\/\/foufou-champagne.com\/en\/champagne\/jeaunaux-robin-eclats-de-meuliere-extra-brut-0-375-demi\/\" \/>\n<meta property=\"og:locale\" content=\"en_US\" \/>\n<meta property=\"og:type\" content=\"article\" \/>\n<meta property=\"og:title\" content=\"Buy Jeaunaux-Robin \u00c9clats de Meuli\u00e8re 0.375l | FOUFOU CHAMPAGNE\" \/>\n<meta property=\"og:description\" content=\"Finesse, paired with elegance and down-to-earthness. The \u00c9clats de Meuli\u00e8re from Jeaunaux-Robin shows what winemaker champagnes can do.\" \/>\n<meta property=\"og:url\" content=\"https:\/\/foufou-champagne.com\/en\/champagne\/jeaunaux-robin-eclats-de-meuliere-extra-brut-0-375-demi\/\" \/>\n<meta property=\"og:site_name\" content=\"foufou-champagne.com\" \/>\n<meta property=\"article:modified_time\" content=\"2023-06-13T17:46:14+00:00\" \/>\n<meta property=\"og:image\" content=\"https:\/\/foufou-champagne.com\/wp-content\/uploads\/2022\/03\/FOUFOU-0375-2.jpg\" \/>\n\t<meta property=\"og:image:width\" content=\"1201\" \/>\n\t<meta property=\"og:image:height\" content=\"1800\" \/>\n\t<meta property=\"og:image:type\" content=\"image\/jpeg\" \/>\n<meta name=\"twitter:card\" content=\"summary_large_image\" \/>\n<meta name=\"twitter:label1\" content=\"Est. reading time\" \/>\n\t<meta name=\"twitter:data1\" content=\"3 minutes\" \/>\n<script type=\"application\/ld+json\" class=\"yoast-schema-graph\">{\"@context\":\"https:\/\/schema.org\",\"@graph\":[{\"@type\":\"WebPage\",\"@id\":\"https:\/\/foufou-champagne.com\/en\/champagne\/jeaunaux-robin-eclats-de-meuliere-extra-brut-0-375-demi\/\",\"url\":\"https:\/\/foufou-champagne.com\/en\/champagne\/jeaunaux-robin-eclats-de-meuliere-extra-brut-0-375-demi\/\",\"name\":\"Buy Jeaunaux-Robin \u00c9clats de Meuli\u00e8re 0.375l | FOUFOU CHAMPAGNE\",\"isPartOf\":{\"@id\":\"https:\/\/foufou-champagne.com\/en\/#website\"},\"primaryImageOfPage\":{\"@id\":\"https:\/\/foufou-champagne.com\/en\/champagne\/jeaunaux-robin-eclats-de-meuliere-extra-brut-0-375-demi\/#primaryimage\"},\"image\":{\"@id\":\"https:\/\/foufou-champagne.com\/en\/champagne\/jeaunaux-robin-eclats-de-meuliere-extra-brut-0-375-demi\/#primaryimage\"},\"thumbnailUrl\":\"https:\/\/foufou-champagne.com\/wp-content\/uploads\/2022\/03\/FOUFOU-0375-2.jpg\",\"datePublished\":\"2022-03-14T14:14:40+00:00\",\"dateModified\":\"2023-06-13T17:46:14+00:00\",\"description\":\"Finesse, paired with elegance and down-to-earthness. The \u00c9clats de Meuli\u00e8re from Jeaunaux-Robin shows what winemaker champagnes can do.\",\"breadcrumb\":{\"@id\":\"https:\/\/foufou-champagne.com\/en\/champagne\/jeaunaux-robin-eclats-de-meuliere-extra-brut-0-375-demi\/#breadcrumb\"},\"inLanguage\":\"en-US\",\"potentialAction\":[{\"@type\":\"ReadAction\",\"target\":[\"https:\/\/foufou-champagne.com\/en\/champagne\/jeaunaux-robin-eclats-de-meuliere-extra-brut-0-375-demi\/\"]}]},{\"@type\":\"ImageObject\",\"inLanguage\":\"en-US\",\"@id\":\"https:\/\/foufou-champagne.com\/en\/champagne\/jeaunaux-robin-eclats-de-meuliere-extra-brut-0-375-demi\/#primaryimage\",\"url\":\"https:\/\/foufou-champagne.com\/wp-content\/uploads\/2022\/03\/FOUFOU-0375-2.jpg\",\"contentUrl\":\"https:\/\/foufou-champagne.com\/wp-content\/uploads\/2022\/03\/FOUFOU-0375-2.jpg\",\"width\":1201,\"height\":1800},{\"@type\":\"BreadcrumbList\",\"@id\":\"https:\/\/foufou-champagne.com\/en\/champagne\/jeaunaux-robin-eclats-de-meuliere-extra-brut-0-375-demi\/#breadcrumb\",\"itemListElement\":[{\"@type\":\"ListItem\",\"position\":1,\"name\":\"Startseite\",\"item\":\"https:\/\/foufou-champagne.com\/en\/\"},{\"@type\":\"ListItem\",\"position\":2,\"name\":\"Shop\",\"item\":\"https:\/\/foufou-champagne.com\/en\/shop\/\"},{\"@type\":\"ListItem\",\"position\":3,\"name\":\"Jeaunaux-Robin \u00c9clats de Meuli\u00e8re 0.375l Demi\"}]},{\"@type\":\"WebSite\",\"@id\":\"https:\/\/foufou-champagne.com\/en\/#website\",\"url\":\"https:\/\/foufou-champagne.com\/en\/\",\"name\":\"foufou-champagne.com\",\"description\":\"CHAMPAGNE BOUTIQUE\",\"potentialAction\":[{\"@type\":\"SearchAction\",\"target\":{\"@type\":\"EntryPoint\",\"urlTemplate\":\"https:\/\/foufou-champagne.com\/en\/?s={search_term_string}\"},\"query-input\":{\"@type\":\"PropertyValueSpecification\",\"valueRequired\":true,\"valueName\":\"search_term_string\"}}],\"inLanguage\":\"en-US\"}]}<\/script>\n<!-- \/ Yoast SEO plugin. -->","yoast_head_json":{"title":"Buy Jeaunaux-Robin \u00c9clats de Meuli\u00e8re 0.375l | FOUFOU CHAMPAGNE","description":"Finesse, paired with elegance and down-to-earthness. The \u00c9clats de Meuli\u00e8re from Jeaunaux-Robin shows what winemaker champagnes can do.","robots":{"index":"index","follow":"follow","max-snippet":"max-snippet:-1","max-image-preview":"max-image-preview:large","max-video-preview":"max-video-preview:-1"},"canonical":"https:\/\/foufou-champagne.com\/en\/champagne\/jeaunaux-robin-eclats-de-meuliere-extra-brut-0-375-demi\/","og_locale":"en_US","og_type":"article","og_title":"Buy Jeaunaux-Robin \u00c9clats de Meuli\u00e8re 0.375l | FOUFOU CHAMPAGNE","og_description":"Finesse, paired with elegance and down-to-earthness. The \u00c9clats de Meuli\u00e8re from Jeaunaux-Robin shows what winemaker champagnes can do.","og_url":"https:\/\/foufou-champagne.com\/en\/champagne\/jeaunaux-robin-eclats-de-meuliere-extra-brut-0-375-demi\/","og_site_name":"foufou-champagne.com","article_modified_time":"2023-06-13T17:46:14+00:00","og_image":[{"width":1201,"height":1800,"url":"https:\/\/foufou-champagne.com\/wp-content\/uploads\/2022\/03\/FOUFOU-0375-2.jpg","type":"image\/jpeg"}],"twitter_card":"summary_large_image","twitter_misc":{"Est. reading time":"3 minutes"},"schema":{"@context":"https:\/\/schema.org","@graph":[{"@type":"WebPage","@id":"https:\/\/foufou-champagne.com\/en\/champagne\/jeaunaux-robin-eclats-de-meuliere-extra-brut-0-375-demi\/","url":"https:\/\/foufou-champagne.com\/en\/champagne\/jeaunaux-robin-eclats-de-meuliere-extra-brut-0-375-demi\/","name":"Buy Jeaunaux-Robin \u00c9clats de Meuli\u00e8re 0.375l | FOUFOU CHAMPAGNE","isPartOf":{"@id":"https:\/\/foufou-champagne.com\/en\/#website"},"primaryImageOfPage":{"@id":"https:\/\/foufou-champagne.com\/en\/champagne\/jeaunaux-robin-eclats-de-meuliere-extra-brut-0-375-demi\/#primaryimage"},"image":{"@id":"https:\/\/foufou-champagne.com\/en\/champagne\/jeaunaux-robin-eclats-de-meuliere-extra-brut-0-375-demi\/#primaryimage"},"thumbnailUrl":"https:\/\/foufou-champagne.com\/wp-content\/uploads\/2022\/03\/FOUFOU-0375-2.jpg","datePublished":"2022-03-14T14:14:40+00:00","dateModified":"2023-06-13T17:46:14+00:00","description":"Finesse, paired with elegance and down-to-earthness. The \u00c9clats de Meuli\u00e8re from Jeaunaux-Robin shows what winemaker champagnes can do.","breadcrumb":{"@id":"https:\/\/foufou-champagne.com\/en\/champagne\/jeaunaux-robin-eclats-de-meuliere-extra-brut-0-375-demi\/#breadcrumb"},"inLanguage":"en-US","potentialAction":[{"@type":"ReadAction","target":["https:\/\/foufou-champagne.com\/en\/champagne\/jeaunaux-robin-eclats-de-meuliere-extra-brut-0-375-demi\/"]}]},{"@type":"ImageObject","inLanguage":"en-US","@id":"https:\/\/foufou-champagne.com\/en\/champagne\/jeaunaux-robin-eclats-de-meuliere-extra-brut-0-375-demi\/#primaryimage","url":"https:\/\/foufou-champagne.com\/wp-content\/uploads\/2022\/03\/FOUFOU-0375-2.jpg","contentUrl":"https:\/\/foufou-champagne.com\/wp-content\/uploads\/2022\/03\/FOUFOU-0375-2.jpg","width":1201,"height":1800},{"@type":"BreadcrumbList","@id":"https:\/\/foufou-champagne.com\/en\/champagne\/jeaunaux-robin-eclats-de-meuliere-extra-brut-0-375-demi\/#breadcrumb","itemListElement":[{"@type":"ListItem","position":1,"name":"Startseite","item":"https:\/\/foufou-champagne.com\/en\/"},{"@type":"ListItem","position":2,"name":"Shop","item":"https:\/\/foufou-champagne.com\/en\/shop\/"},{"@type":"ListItem","position":3,"name":"Jeaunaux-Robin \u00c9clats de Meuli\u00e8re 0.375l Demi"}]},{"@type":"WebSite","@id":"https:\/\/foufou-champagne.com\/en\/#website","url":"https:\/\/foufou-champagne.com\/en\/","name":"foufou-champagne.com","description":"CHAMPAGNE BOUTIQUE","potentialAction":[{"@type":"SearchAction","target":{"@type":"EntryPoint","urlTemplate":"https:\/\/foufou-champagne.com\/en\/?s={search_term_string}"},"query-input":{"@type":"PropertyValueSpecification","valueRequired":true,"valueName":"search_term_string"}}],"inLanguage":"en-US"}]}},"_links":{"self":[{"href":"https:\/\/foufou-champagne.com\/en\/wp-json\/wp\/v2\/product\/10128","targetHints":{"allow":["GET"]}}],"collection":[{"href":"https:\/\/foufou-champagne.com\/en\/wp-json\/wp\/v2\/product"}],"about":[{"href":"https:\/\/foufou-champagne.com\/en\/wp-json\/wp\/v2\/types\/product"}],"replies":[{"embeddable":true,"href":"https:\/\/foufou-champagne.com\/en\/wp-json\/wp\/v2\/comments?post=10128"}],"wp:featuredmedia":[{"embeddable":true,"href":"https:\/\/foufou-champagne.com\/en\/wp-json\/wp\/v2\/media\/10125"}],"wp:attachment":[{"href":"https:\/\/foufou-champagne.com\/en\/wp-json\/wp\/v2\/media?parent=10128"}],"wp:term":[{"taxonomy":"product_brand","embeddable":true,"href":"https:\/\/foufou-champagne.com\/en\/wp-json\/wp\/v2\/product_brand?post=10128"},{"taxonomy":"product_cat","embeddable":true,"href":"https:\/\/foufou-champagne.com\/en\/wp-json\/wp\/v2\/product_cat?post=10128"},{"taxonomy":"product_tag","embeddable":true,"href":"https:\/\/foufou-champagne.com\/en\/wp-json\/wp\/v2\/product_tag?post=10128"}],"curies":[{"name":"wp","href":"https:\/\/api.w.org\/{rel}","templated":true}]}}