{"id":10366,"date":"2022-05-02T15:49:56","date_gmt":"2022-05-02T13:49:56","guid":{"rendered":"https:\/\/foufou-champagne.com\/?post_type=product&#038;p=10366"},"modified":"2022-08-14T14:28:04","modified_gmt":"2022-08-14T12:28:04","slug":"stoelzle-lausitz-champagne-glass-prestige-set-of-6","status":"publish","type":"product","link":"https:\/\/foufou-champagne.com\/en\/champagne\/stoelzle-lausitz-champagne-glass-prestige-set-of-6\/","title":{"rendered":"St\u00f6lzle Lausitz Prestige Champagne Glass set of 6"},"content":{"rendered":"<h4>The glass<\/h4>\n<p>A medium-high, robust crystal champagne glass with a classic design. Its elegant tulip shape and wide mouth allow a champagne&#8217;s bouquet to unfold perfectly. The mousse point ensures a consistent, even and centered rising of the bubbles. Ideal not only for champagne, these tulip-shaped glasses are also wonderful for serving champagne cocktails.<\/p>\n<h4>The shape<\/h4>\n<ul>\n<li>Diameter: 8 cm (3.15 in)<\/li>\n<li>Height: 23.2 cm (91.24 in)<\/li>\n<li>Capacity: 343 ml (brimful)<\/li>\n<\/ul>\n<h4>The brand<\/h4>\n<p>The secret of St\u00f6lzle glasses? 130 years of glassmaking art using sand from the Lausitz region. Founded in 1889 in Wei\u00dfwasser, St\u00f6lzle has become one of the largest German stemware manufacturers. True wine connoisseurs describe St\u00f6lzle glasses as the ideal habitat for every special drop. We agree!<\/p>\n","protected":false},"excerpt":{"rendered":"<p>Champagne glass in the shape of a tulip. Classic and elegant. Suitable for everyday champagne enjoyment as well as for champagne cocktails&#8230;.<\/p>\n<p>&#8230;and for dishwashers \ud83d\ude09<\/p>\n","protected":false},"featured_media":10373,"comment_status":"open","ping_status":"closed","template":"","meta":{"_acf_changed":false,"_editorskit_title_hidden":false,"_editorskit_reading_time":0,"_editorskit_is_block_options_detached":false,"_editorskit_block_options_position":"{}","_coblocks_attr":"","_coblocks_dimensions":"","_coblocks_responsive_height":"","_coblocks_accordion_ie_support":""},"product_brand":[],"product_cat":[468,355],"product_tag":[527,524],"class_list":{"0":"post-10366","1":"product","2":"type-product","3":"status-publish","4":"has-post-thumbnail","6":"product_cat-champagne-accessoires-en","7":"product_cat-champagne-glasses","8":"product_tag-champagne-glas","9":"product_tag-glasses","10":"product_shipping_class-standard-en","11":"pa_kategorie-champagne-accessories","13":"first","14":"instock","15":"taxable","16":"shipping-taxable","17":"purchasable","18":"product-type-simple"},"composite_virtual":false,"composite_layout":"","composite_add_to_cart_form_location":"","composite_editable_in_cart":false,"composite_sold_individually_context":"","composite_shop_price_calc":"","composite_components":[],"composite_scenarios":[],"exclude_global_add_ons":[],"addons":[],"acf":[],"yoast_head":"<!-- This site is optimized with the Yoast SEO plugin v26.8 - https:\/\/yoast.com\/product\/yoast-seo-wordpress\/ -->\n<title>Buy St\u00f6lzle Champagne Glass Prestige set of 6 | FOUFOU CHAMPAGNE<\/title>\n<meta name=\"description\" content=\"Champagne glass in the shape of a tulip. Classic and elegant. Suitable for both everyday champagne enjoyment and champagne cocktails. Learn more here.\" \/>\n<meta name=\"robots\" content=\"index, follow, max-snippet:-1, max-image-preview:large, max-video-preview:-1\" \/>\n<link rel=\"canonical\" href=\"https:\/\/foufou-champagne.com\/en\/champagne\/stoelzle-lausitz-champagne-glass-prestige-set-of-6\/\" \/>\n<meta property=\"og:locale\" content=\"en_US\" \/>\n<meta property=\"og:type\" content=\"article\" \/>\n<meta property=\"og:title\" content=\"Buy St\u00f6lzle Champagne Glass Prestige set of 6 | FOUFOU CHAMPAGNE\" \/>\n<meta property=\"og:description\" content=\"Champagne glass in the shape of a tulip. Classic and elegant. Suitable for both everyday champagne enjoyment and champagne cocktails. Learn more here.\" \/>\n<meta property=\"og:url\" content=\"https:\/\/foufou-champagne.com\/en\/champagne\/stoelzle-lausitz-champagne-glass-prestige-set-of-6\/\" \/>\n<meta property=\"og:site_name\" content=\"foufou-champagne.com\" \/>\n<meta property=\"article:modified_time\" content=\"2022-08-14T12:28:04+00:00\" \/>\n<meta property=\"og:image\" content=\"https:\/\/foufou-champagne.com\/wp-content\/uploads\/2022\/05\/prestige-champagnerglas-stoelzle-foufou-champagne5.jpg\" \/>\n\t<meta property=\"og:image:width\" content=\"1067\" \/>\n\t<meta property=\"og:image:height\" content=\"1600\" \/>\n\t<meta property=\"og:image:type\" content=\"image\/jpeg\" \/>\n<meta name=\"twitter:card\" content=\"summary_large_image\" \/>\n<meta name=\"twitter:label1\" content=\"Est. reading time\" \/>\n\t<meta name=\"twitter:data1\" content=\"1 minute\" \/>\n<script type=\"application\/ld+json\" class=\"yoast-schema-graph\">{\"@context\":\"https:\/\/schema.org\",\"@graph\":[{\"@type\":\"WebPage\",\"@id\":\"https:\/\/foufou-champagne.com\/en\/champagne\/stoelzle-lausitz-champagne-glass-prestige-set-of-6\/\",\"url\":\"https:\/\/foufou-champagne.com\/en\/champagne\/stoelzle-lausitz-champagne-glass-prestige-set-of-6\/\",\"name\":\"Buy St\u00f6lzle Champagne Glass Prestige set of 6 | FOUFOU CHAMPAGNE\",\"isPartOf\":{\"@id\":\"https:\/\/foufou-champagne.com\/en\/#website\"},\"primaryImageOfPage\":{\"@id\":\"https:\/\/foufou-champagne.com\/en\/champagne\/stoelzle-lausitz-champagne-glass-prestige-set-of-6\/#primaryimage\"},\"image\":{\"@id\":\"https:\/\/foufou-champagne.com\/en\/champagne\/stoelzle-lausitz-champagne-glass-prestige-set-of-6\/#primaryimage\"},\"thumbnailUrl\":\"https:\/\/foufou-champagne.com\/wp-content\/uploads\/2022\/05\/prestige-champagnerglas-stoelzle-foufou-champagne5.jpg\",\"datePublished\":\"2022-05-02T13:49:56+00:00\",\"dateModified\":\"2022-08-14T12:28:04+00:00\",\"description\":\"Champagne glass in the shape of a tulip. Classic and elegant. Suitable for both everyday champagne enjoyment and champagne cocktails. Learn more here.\",\"breadcrumb\":{\"@id\":\"https:\/\/foufou-champagne.com\/en\/champagne\/stoelzle-lausitz-champagne-glass-prestige-set-of-6\/#breadcrumb\"},\"inLanguage\":\"en-US\",\"potentialAction\":[{\"@type\":\"ReadAction\",\"target\":[\"https:\/\/foufou-champagne.com\/en\/champagne\/stoelzle-lausitz-champagne-glass-prestige-set-of-6\/\"]}]},{\"@type\":\"ImageObject\",\"inLanguage\":\"en-US\",\"@id\":\"https:\/\/foufou-champagne.com\/en\/champagne\/stoelzle-lausitz-champagne-glass-prestige-set-of-6\/#primaryimage\",\"url\":\"https:\/\/foufou-champagne.com\/wp-content\/uploads\/2022\/05\/prestige-champagnerglas-stoelzle-foufou-champagne5.jpg\",\"contentUrl\":\"https:\/\/foufou-champagne.com\/wp-content\/uploads\/2022\/05\/prestige-champagnerglas-stoelzle-foufou-champagne5.jpg\",\"width\":1067,\"height\":1600},{\"@type\":\"BreadcrumbList\",\"@id\":\"https:\/\/foufou-champagne.com\/en\/champagne\/stoelzle-lausitz-champagne-glass-prestige-set-of-6\/#breadcrumb\",\"itemListElement\":[{\"@type\":\"ListItem\",\"position\":1,\"name\":\"Startseite\",\"item\":\"https:\/\/foufou-champagne.com\/en\/\"},{\"@type\":\"ListItem\",\"position\":2,\"name\":\"Shop\",\"item\":\"https:\/\/foufou-champagne.com\/en\/shop\/\"},{\"@type\":\"ListItem\",\"position\":3,\"name\":\"St\u00f6lzle Lausitz Prestige Champagne Glass set of 6\"}]},{\"@type\":\"WebSite\",\"@id\":\"https:\/\/foufou-champagne.com\/en\/#website\",\"url\":\"https:\/\/foufou-champagne.com\/en\/\",\"name\":\"foufou-champagne.com\",\"description\":\"CHAMPAGNE BOUTIQUE\",\"potentialAction\":[{\"@type\":\"SearchAction\",\"target\":{\"@type\":\"EntryPoint\",\"urlTemplate\":\"https:\/\/foufou-champagne.com\/en\/?s={search_term_string}\"},\"query-input\":{\"@type\":\"PropertyValueSpecification\",\"valueRequired\":true,\"valueName\":\"search_term_string\"}}],\"inLanguage\":\"en-US\"}]}<\/script>\n<!-- \/ Yoast SEO plugin. -->","yoast_head_json":{"title":"Buy St\u00f6lzle Champagne Glass Prestige set of 6 | FOUFOU CHAMPAGNE","description":"Champagne glass in the shape of a tulip. Classic and elegant. Suitable for both everyday champagne enjoyment and champagne cocktails. Learn more here.","robots":{"index":"index","follow":"follow","max-snippet":"max-snippet:-1","max-image-preview":"max-image-preview:large","max-video-preview":"max-video-preview:-1"},"canonical":"https:\/\/foufou-champagne.com\/en\/champagne\/stoelzle-lausitz-champagne-glass-prestige-set-of-6\/","og_locale":"en_US","og_type":"article","og_title":"Buy St\u00f6lzle Champagne Glass Prestige set of 6 | FOUFOU CHAMPAGNE","og_description":"Champagne glass in the shape of a tulip. Classic and elegant. Suitable for both everyday champagne enjoyment and champagne cocktails. Learn more here.","og_url":"https:\/\/foufou-champagne.com\/en\/champagne\/stoelzle-lausitz-champagne-glass-prestige-set-of-6\/","og_site_name":"foufou-champagne.com","article_modified_time":"2022-08-14T12:28:04+00:00","og_image":[{"width":1067,"height":1600,"url":"https:\/\/foufou-champagne.com\/wp-content\/uploads\/2022\/05\/prestige-champagnerglas-stoelzle-foufou-champagne5.jpg","type":"image\/jpeg"}],"twitter_card":"summary_large_image","twitter_misc":{"Est. reading time":"1 minute"},"schema":{"@context":"https:\/\/schema.org","@graph":[{"@type":"WebPage","@id":"https:\/\/foufou-champagne.com\/en\/champagne\/stoelzle-lausitz-champagne-glass-prestige-set-of-6\/","url":"https:\/\/foufou-champagne.com\/en\/champagne\/stoelzle-lausitz-champagne-glass-prestige-set-of-6\/","name":"Buy St\u00f6lzle Champagne Glass Prestige set of 6 | FOUFOU CHAMPAGNE","isPartOf":{"@id":"https:\/\/foufou-champagne.com\/en\/#website"},"primaryImageOfPage":{"@id":"https:\/\/foufou-champagne.com\/en\/champagne\/stoelzle-lausitz-champagne-glass-prestige-set-of-6\/#primaryimage"},"image":{"@id":"https:\/\/foufou-champagne.com\/en\/champagne\/stoelzle-lausitz-champagne-glass-prestige-set-of-6\/#primaryimage"},"thumbnailUrl":"https:\/\/foufou-champagne.com\/wp-content\/uploads\/2022\/05\/prestige-champagnerglas-stoelzle-foufou-champagne5.jpg","datePublished":"2022-05-02T13:49:56+00:00","dateModified":"2022-08-14T12:28:04+00:00","description":"Champagne glass in the shape of a tulip. Classic and elegant. Suitable for both everyday champagne enjoyment and champagne cocktails. Learn more here.","breadcrumb":{"@id":"https:\/\/foufou-champagne.com\/en\/champagne\/stoelzle-lausitz-champagne-glass-prestige-set-of-6\/#breadcrumb"},"inLanguage":"en-US","potentialAction":[{"@type":"ReadAction","target":["https:\/\/foufou-champagne.com\/en\/champagne\/stoelzle-lausitz-champagne-glass-prestige-set-of-6\/"]}]},{"@type":"ImageObject","inLanguage":"en-US","@id":"https:\/\/foufou-champagne.com\/en\/champagne\/stoelzle-lausitz-champagne-glass-prestige-set-of-6\/#primaryimage","url":"https:\/\/foufou-champagne.com\/wp-content\/uploads\/2022\/05\/prestige-champagnerglas-stoelzle-foufou-champagne5.jpg","contentUrl":"https:\/\/foufou-champagne.com\/wp-content\/uploads\/2022\/05\/prestige-champagnerglas-stoelzle-foufou-champagne5.jpg","width":1067,"height":1600},{"@type":"BreadcrumbList","@id":"https:\/\/foufou-champagne.com\/en\/champagne\/stoelzle-lausitz-champagne-glass-prestige-set-of-6\/#breadcrumb","itemListElement":[{"@type":"ListItem","position":1,"name":"Startseite","item":"https:\/\/foufou-champagne.com\/en\/"},{"@type":"ListItem","position":2,"name":"Shop","item":"https:\/\/foufou-champagne.com\/en\/shop\/"},{"@type":"ListItem","position":3,"name":"St\u00f6lzle Lausitz Prestige Champagne Glass set of 6"}]},{"@type":"WebSite","@id":"https:\/\/foufou-champagne.com\/en\/#website","url":"https:\/\/foufou-champagne.com\/en\/","name":"foufou-champagne.com","description":"CHAMPAGNE BOUTIQUE","potentialAction":[{"@type":"SearchAction","target":{"@type":"EntryPoint","urlTemplate":"https:\/\/foufou-champagne.com\/en\/?s={search_term_string}"},"query-input":{"@type":"PropertyValueSpecification","valueRequired":true,"valueName":"search_term_string"}}],"inLanguage":"en-US"}]}},"_links":{"self":[{"href":"https:\/\/foufou-champagne.com\/en\/wp-json\/wp\/v2\/product\/10366","targetHints":{"allow":["GET"]}}],"collection":[{"href":"https:\/\/foufou-champagne.com\/en\/wp-json\/wp\/v2\/product"}],"about":[{"href":"https:\/\/foufou-champagne.com\/en\/wp-json\/wp\/v2\/types\/product"}],"replies":[{"embeddable":true,"href":"https:\/\/foufou-champagne.com\/en\/wp-json\/wp\/v2\/comments?post=10366"}],"wp:featuredmedia":[{"embeddable":true,"href":"https:\/\/foufou-champagne.com\/en\/wp-json\/wp\/v2\/media\/10373"}],"wp:attachment":[{"href":"https:\/\/foufou-champagne.com\/en\/wp-json\/wp\/v2\/media?parent=10366"}],"wp:term":[{"taxonomy":"product_brand","embeddable":true,"href":"https:\/\/foufou-champagne.com\/en\/wp-json\/wp\/v2\/product_brand?post=10366"},{"taxonomy":"product_cat","embeddable":true,"href":"https:\/\/foufou-champagne.com\/en\/wp-json\/wp\/v2\/product_cat?post=10366"},{"taxonomy":"product_tag","embeddable":true,"href":"https:\/\/foufou-champagne.com\/en\/wp-json\/wp\/v2\/product_tag?post=10366"}],"curies":[{"name":"wp","href":"https:\/\/api.w.org\/{rel}","templated":true}]}}