{"id":11876,"date":"2022-09-03T14:54:45","date_gmt":"2022-09-03T12:54:45","guid":{"rendered":"https:\/\/foufou-champagne.com\/?post_type=product&#038;p=11876"},"modified":"2023-06-13T19:12:53","modified_gmt":"2023-06-13T17:12:53","slug":"a-r-lenoble-rose-mag14","status":"publish","type":"product","link":"https:\/\/foufou-champagne.com\/en\/champagne\/a-r-lenoble-rose-mag14\/","title":{"rendered":"A.R. Lenoble Ros\u00e9 Terroirs mag14 brut"},"content":{"rendered":"<h4>The Champagne<\/h4>\n<p>This ros\u00e9 is virtually a Grand Cru, because the incredible proportion of 93% Chardonnay comes from Chouilly (Grand Cru plots). The remaining 7% Pinot Noir from Bisseuil (Premier Cru site). A very unusual composition for a ros\u00e9 champagne, not surprising that it initially reminds one of a Blanc de Blancs on the nose. On the palate it is already much more full-bodied, here the red, rather exotic fruits also come to the fore, underpinned by a nice minerality and a very light yeasty touch. Long finish and nice creamy texture. A beautiful ros\u00e9 champagne that will also appeal to Blanc de Blancs lovers. Highly praised also by Vinum, Fallstaff, James Suckling and Parker.<\/p>\n<h4>Tasting Note<\/h4>\n<ul>\n<li>In the glass: light salmon pink, subtle orange reflections, delicate mousseux.<\/li>\n<li>In the nose: apple, cookie, some red berries, very discreet tobacco notes.<\/li>\n<li>On the palate lively, well structured, flavors of cherry but also lemon and nice minerality.<\/li>\n<\/ul>\n<h4>Pair with<\/h4>\n<ul>\n<li>Aperitif or as an accompaniment to food<\/li>\n<li>This champagne goes perfectly with duck breast or smoked salmon<\/li>\n<\/ul>\n<p>&nbsp;<\/p>\n<h4>The Champagne House Bruno Paillard<\/h4>\n<p><strong>Purity, minerality, elegance and complexity<\/strong><\/p>\n<p>Champagne A.R. Lenoble was founded in 1920 by Armand-Rapha\u00ebl Graser. It is one of the few champagne houses that has been family owned for over 100 years. The current owners Anne and Antoine Malassagne are the great-grandchildren of the founder and thus the fourth generation of the family to run the winery. The 18 hectares of vines of the estate are distributed as follows: 10 hectares in Chouilly where Anne and Antoine grow Chardonnay in Grand Cru sites &#8211; definitely the jewel of the Champagne house, 6 hectares in in Bisseuil (Pinot Noir, Premier Cru) and 2 hectares in Damery.<\/p>\n","protected":false},"excerpt":{"rendered":"<p>A precise and fresh ros\u00e9 champagne. Very drinkable, we recommend chilling at least two bottles just to be safe.<\/p>\n","protected":false},"featured_media":11878,"comment_status":"open","ping_status":"closed","template":"","meta":{"_acf_changed":false,"_editorskit_title_hidden":false,"_editorskit_reading_time":0,"_editorskit_is_block_options_detached":false,"_editorskit_block_options_position":"{}","_coblocks_attr":"","_coblocks_dimensions":"","_coblocks_responsive_height":"","_coblocks_accordion_ie_support":""},"product_brand":[],"product_cat":[623,225,513],"product_tag":[518,257],"class_list":{"0":"post-11876","1":"product","2":"type-product","3":"status-publish","4":"has-post-thumbnail","6":"product_cat-a-r-lenoble-en","7":"product_cat-champagne","8":"product_cat-rose-champagne","9":"product_tag-rose-en","10":"product_tag-rose-champagne","11":"product_shipping_class-standard-en","12":"pa_kategorie-rose-champagne","14":"first","15":"instock","16":"taxable","17":"shipping-taxable","18":"purchasable","19":"product-type-composite"},"composite_virtual":false,"composite_layout":"single","composite_add_to_cart_form_location":"default","composite_editable_in_cart":false,"composite_sold_individually_context":"product","composite_shop_price_calc":"min_max","composite_components":[{"id":"1686179272","title":"Gift box (optional)","description":"","query_type":"product_ids","query_ids":[13157],"default_option_id":"","thumbnail_id":"","thumbnail_src":"","quantity_min":1,"quantity_max":1,"priced_individually":true,"shipped_individually":false,"optional":true,"discount":"","options_style":"dropdowns","pagination_style":"classic","display_prices":"absolute","show_sorting_options":false,"show_filtering_options":false,"attribute_filter_ids":[],"select_action":"view","product_title_visible":false,"product_descr_visible":true,"product_price_visible":true,"product_thumb_visible":true,"subtotal_visible_product":false,"subtotal_visible_cart":false,"subtotal_visible_orders":false,"product_addons_visible":true},{"id":"1686179273","title":"Greeting card with mini bouquet (optional)","description":"","query_type":"category_ids","query_ids":[636],"default_option_id":"","thumbnail_id":"","thumbnail_src":"","quantity_min":1,"quantity_max":1,"priced_individually":true,"shipped_individually":false,"optional":true,"discount":"","options_style":"dropdowns","pagination_style":"classic","display_prices":"absolute","show_sorting_options":false,"show_filtering_options":false,"attribute_filter_ids":[],"select_action":"view","product_title_visible":false,"product_descr_visible":true,"product_price_visible":true,"product_thumb_visible":true,"subtotal_visible_product":false,"subtotal_visible_cart":false,"subtotal_visible_orders":false,"product_addons_visible":true}],"composite_scenarios":[],"exclude_global_add_ons":[],"addons":[],"acf":[],"yoast_head":"<!-- This site is optimized with the Yoast SEO plugin v26.8 - https:\/\/yoast.com\/product\/yoast-seo-wordpress\/ -->\n<title>A.R. Lenoble Ros\u00e9 Terroirs mag14 brut | FOUFOU CHAMPAGNE BOUTIQUE<\/title>\n<meta name=\"description\" content=\"A.R. Lenoble Ros\u00e9 is a precise and fresh ros\u00e9 champagne for everyone and for every occasion. Very drinkable, we recommend chilling at least two bottles for safety.\" \/>\n<meta name=\"robots\" content=\"index, follow, max-snippet:-1, max-image-preview:large, max-video-preview:-1\" \/>\n<link rel=\"canonical\" href=\"https:\/\/foufou-champagne.com\/en\/champagne\/a-r-lenoble-rose-mag14\/\" \/>\n<meta property=\"og:locale\" content=\"en_US\" \/>\n<meta property=\"og:type\" content=\"article\" \/>\n<meta property=\"og:title\" content=\"A.R. Lenoble Ros\u00e9 Terroirs mag14 brut | FOUFOU CHAMPAGNE BOUTIQUE\" \/>\n<meta property=\"og:description\" content=\"A.R. Lenoble Ros\u00e9 is a precise and fresh ros\u00e9 champagne for everyone and for every occasion. Very drinkable, we recommend chilling at least two bottles for safety.\" \/>\n<meta property=\"og:url\" content=\"https:\/\/foufou-champagne.com\/en\/champagne\/a-r-lenoble-rose-mag14\/\" \/>\n<meta property=\"og:site_name\" content=\"foufou-champagne.com\" \/>\n<meta property=\"article:modified_time\" content=\"2023-06-13T17:12:53+00:00\" \/>\n<meta property=\"og:image\" content=\"https:\/\/foufou-champagne.com\/wp-content\/uploads\/2022\/09\/0009_Champagne-FouFou-Champagne-Boutique.png\" \/>\n\t<meta property=\"og:image:width\" content=\"800\" \/>\n\t<meta property=\"og:image:height\" content=\"1000\" \/>\n\t<meta property=\"og:image:type\" content=\"image\/png\" \/>\n<meta name=\"twitter:card\" content=\"summary_large_image\" \/>\n<meta name=\"twitter:label1\" content=\"Est. reading time\" \/>\n\t<meta name=\"twitter:data1\" content=\"2 minutes\" \/>\n<script type=\"application\/ld+json\" class=\"yoast-schema-graph\">{\"@context\":\"https:\/\/schema.org\",\"@graph\":[{\"@type\":\"WebPage\",\"@id\":\"https:\/\/foufou-champagne.com\/en\/champagne\/a-r-lenoble-rose-mag14\/\",\"url\":\"https:\/\/foufou-champagne.com\/en\/champagne\/a-r-lenoble-rose-mag14\/\",\"name\":\"A.R. Lenoble Ros\u00e9 Terroirs mag14 brut | FOUFOU CHAMPAGNE BOUTIQUE\",\"isPartOf\":{\"@id\":\"https:\/\/foufou-champagne.com\/en\/#website\"},\"primaryImageOfPage\":{\"@id\":\"https:\/\/foufou-champagne.com\/en\/champagne\/a-r-lenoble-rose-mag14\/#primaryimage\"},\"image\":{\"@id\":\"https:\/\/foufou-champagne.com\/en\/champagne\/a-r-lenoble-rose-mag14\/#primaryimage\"},\"thumbnailUrl\":\"https:\/\/foufou-champagne.com\/wp-content\/uploads\/2022\/09\/0009_Champagne-FouFou-Champagne-Boutique.png\",\"datePublished\":\"2022-09-03T12:54:45+00:00\",\"dateModified\":\"2023-06-13T17:12:53+00:00\",\"description\":\"A.R. Lenoble Ros\u00e9 is a precise and fresh ros\u00e9 champagne for everyone and for every occasion. Very drinkable, we recommend chilling at least two bottles for safety.\",\"breadcrumb\":{\"@id\":\"https:\/\/foufou-champagne.com\/en\/champagne\/a-r-lenoble-rose-mag14\/#breadcrumb\"},\"inLanguage\":\"en-US\",\"potentialAction\":[{\"@type\":\"ReadAction\",\"target\":[\"https:\/\/foufou-champagne.com\/en\/champagne\/a-r-lenoble-rose-mag14\/\"]}]},{\"@type\":\"ImageObject\",\"inLanguage\":\"en-US\",\"@id\":\"https:\/\/foufou-champagne.com\/en\/champagne\/a-r-lenoble-rose-mag14\/#primaryimage\",\"url\":\"https:\/\/foufou-champagne.com\/wp-content\/uploads\/2022\/09\/0009_Champagne-FouFou-Champagne-Boutique.png\",\"contentUrl\":\"https:\/\/foufou-champagne.com\/wp-content\/uploads\/2022\/09\/0009_Champagne-FouFou-Champagne-Boutique.png\",\"width\":800,\"height\":1000,\"caption\":\"AR Lenoble-Rose Champagner\"},{\"@type\":\"BreadcrumbList\",\"@id\":\"https:\/\/foufou-champagne.com\/en\/champagne\/a-r-lenoble-rose-mag14\/#breadcrumb\",\"itemListElement\":[{\"@type\":\"ListItem\",\"position\":1,\"name\":\"Startseite\",\"item\":\"https:\/\/foufou-champagne.com\/en\/\"},{\"@type\":\"ListItem\",\"position\":2,\"name\":\"Shop\",\"item\":\"https:\/\/foufou-champagne.com\/en\/shop\/\"},{\"@type\":\"ListItem\",\"position\":3,\"name\":\"A.R. Lenoble Ros\u00e9 Terroirs mag14 brut\"}]},{\"@type\":\"WebSite\",\"@id\":\"https:\/\/foufou-champagne.com\/en\/#website\",\"url\":\"https:\/\/foufou-champagne.com\/en\/\",\"name\":\"foufou-champagne.com\",\"description\":\"CHAMPAGNE BOUTIQUE\",\"potentialAction\":[{\"@type\":\"SearchAction\",\"target\":{\"@type\":\"EntryPoint\",\"urlTemplate\":\"https:\/\/foufou-champagne.com\/en\/?s={search_term_string}\"},\"query-input\":{\"@type\":\"PropertyValueSpecification\",\"valueRequired\":true,\"valueName\":\"search_term_string\"}}],\"inLanguage\":\"en-US\"}]}<\/script>\n<!-- \/ Yoast SEO plugin. -->","yoast_head_json":{"title":"A.R. Lenoble Ros\u00e9 Terroirs mag14 brut | FOUFOU CHAMPAGNE BOUTIQUE","description":"A.R. Lenoble Ros\u00e9 is a precise and fresh ros\u00e9 champagne for everyone and for every occasion. Very drinkable, we recommend chilling at least two bottles for safety.","robots":{"index":"index","follow":"follow","max-snippet":"max-snippet:-1","max-image-preview":"max-image-preview:large","max-video-preview":"max-video-preview:-1"},"canonical":"https:\/\/foufou-champagne.com\/en\/champagne\/a-r-lenoble-rose-mag14\/","og_locale":"en_US","og_type":"article","og_title":"A.R. Lenoble Ros\u00e9 Terroirs mag14 brut | FOUFOU CHAMPAGNE BOUTIQUE","og_description":"A.R. Lenoble Ros\u00e9 is a precise and fresh ros\u00e9 champagne for everyone and for every occasion. Very drinkable, we recommend chilling at least two bottles for safety.","og_url":"https:\/\/foufou-champagne.com\/en\/champagne\/a-r-lenoble-rose-mag14\/","og_site_name":"foufou-champagne.com","article_modified_time":"2023-06-13T17:12:53+00:00","og_image":[{"width":800,"height":1000,"url":"https:\/\/foufou-champagne.com\/wp-content\/uploads\/2022\/09\/0009_Champagne-FouFou-Champagne-Boutique.png","type":"image\/png"}],"twitter_card":"summary_large_image","twitter_misc":{"Est. reading time":"2 minutes"},"schema":{"@context":"https:\/\/schema.org","@graph":[{"@type":"WebPage","@id":"https:\/\/foufou-champagne.com\/en\/champagne\/a-r-lenoble-rose-mag14\/","url":"https:\/\/foufou-champagne.com\/en\/champagne\/a-r-lenoble-rose-mag14\/","name":"A.R. Lenoble Ros\u00e9 Terroirs mag14 brut | FOUFOU CHAMPAGNE BOUTIQUE","isPartOf":{"@id":"https:\/\/foufou-champagne.com\/en\/#website"},"primaryImageOfPage":{"@id":"https:\/\/foufou-champagne.com\/en\/champagne\/a-r-lenoble-rose-mag14\/#primaryimage"},"image":{"@id":"https:\/\/foufou-champagne.com\/en\/champagne\/a-r-lenoble-rose-mag14\/#primaryimage"},"thumbnailUrl":"https:\/\/foufou-champagne.com\/wp-content\/uploads\/2022\/09\/0009_Champagne-FouFou-Champagne-Boutique.png","datePublished":"2022-09-03T12:54:45+00:00","dateModified":"2023-06-13T17:12:53+00:00","description":"A.R. Lenoble Ros\u00e9 is a precise and fresh ros\u00e9 champagne for everyone and for every occasion. Very drinkable, we recommend chilling at least two bottles for safety.","breadcrumb":{"@id":"https:\/\/foufou-champagne.com\/en\/champagne\/a-r-lenoble-rose-mag14\/#breadcrumb"},"inLanguage":"en-US","potentialAction":[{"@type":"ReadAction","target":["https:\/\/foufou-champagne.com\/en\/champagne\/a-r-lenoble-rose-mag14\/"]}]},{"@type":"ImageObject","inLanguage":"en-US","@id":"https:\/\/foufou-champagne.com\/en\/champagne\/a-r-lenoble-rose-mag14\/#primaryimage","url":"https:\/\/foufou-champagne.com\/wp-content\/uploads\/2022\/09\/0009_Champagne-FouFou-Champagne-Boutique.png","contentUrl":"https:\/\/foufou-champagne.com\/wp-content\/uploads\/2022\/09\/0009_Champagne-FouFou-Champagne-Boutique.png","width":800,"height":1000,"caption":"AR Lenoble-Rose Champagner"},{"@type":"BreadcrumbList","@id":"https:\/\/foufou-champagne.com\/en\/champagne\/a-r-lenoble-rose-mag14\/#breadcrumb","itemListElement":[{"@type":"ListItem","position":1,"name":"Startseite","item":"https:\/\/foufou-champagne.com\/en\/"},{"@type":"ListItem","position":2,"name":"Shop","item":"https:\/\/foufou-champagne.com\/en\/shop\/"},{"@type":"ListItem","position":3,"name":"A.R. Lenoble Ros\u00e9 Terroirs mag14 brut"}]},{"@type":"WebSite","@id":"https:\/\/foufou-champagne.com\/en\/#website","url":"https:\/\/foufou-champagne.com\/en\/","name":"foufou-champagne.com","description":"CHAMPAGNE BOUTIQUE","potentialAction":[{"@type":"SearchAction","target":{"@type":"EntryPoint","urlTemplate":"https:\/\/foufou-champagne.com\/en\/?s={search_term_string}"},"query-input":{"@type":"PropertyValueSpecification","valueRequired":true,"valueName":"search_term_string"}}],"inLanguage":"en-US"}]}},"_links":{"self":[{"href":"https:\/\/foufou-champagne.com\/en\/wp-json\/wp\/v2\/product\/11876","targetHints":{"allow":["GET"]}}],"collection":[{"href":"https:\/\/foufou-champagne.com\/en\/wp-json\/wp\/v2\/product"}],"about":[{"href":"https:\/\/foufou-champagne.com\/en\/wp-json\/wp\/v2\/types\/product"}],"replies":[{"embeddable":true,"href":"https:\/\/foufou-champagne.com\/en\/wp-json\/wp\/v2\/comments?post=11876"}],"wp:featuredmedia":[{"embeddable":true,"href":"https:\/\/foufou-champagne.com\/en\/wp-json\/wp\/v2\/media\/11878"}],"wp:attachment":[{"href":"https:\/\/foufou-champagne.com\/en\/wp-json\/wp\/v2\/media?parent=11876"}],"wp:term":[{"taxonomy":"product_brand","embeddable":true,"href":"https:\/\/foufou-champagne.com\/en\/wp-json\/wp\/v2\/product_brand?post=11876"},{"taxonomy":"product_cat","embeddable":true,"href":"https:\/\/foufou-champagne.com\/en\/wp-json\/wp\/v2\/product_cat?post=11876"},{"taxonomy":"product_tag","embeddable":true,"href":"https:\/\/foufou-champagne.com\/en\/wp-json\/wp\/v2\/product_tag?post=11876"}],"curies":[{"name":"wp","href":"https:\/\/api.w.org\/{rel}","templated":true}]}}