{"id":12173,"date":"2022-11-12T13:51:59","date_gmt":"2022-11-12T12:52:01","guid":{"rendered":"https:\/\/foufou-champagne.com\/?post_type=product&#038;p=12173"},"modified":"2026-03-26T09:09:52","modified_gmt":"2026-03-26T08:09:52","slug":"champagner-geschenkset-bruno-paillard-glaeser","status":"publish","type":"product","link":"https:\/\/foufou-champagne.com\/en\/champagne\/champagner-geschenkset-bruno-paillard-glaeser\/","title":{"rendered":"Champagne gift set Bruno Paillard (Champagne &#038; 2 glasses)"},"content":{"rendered":"<h2>Bruno Paillard gift set with two champagne glasses<\/h2>\n<p>Looking for a special gift? Voil\u00e0! A Bruno Paillard champagne of your choice and the matching Bruno Paillard champagne glasses in a super premium gift box. With this you can only win!<\/p>\n<h2><strong>YOU DECIDE<\/strong><\/h2>\n<p>You can choose from 4 different BP champagnes:<\/p>\n<p><a href=\"https:\/\/foufou-champagne.com\/en\/champagne\/bruno-paillard-premiere-cuvee\/\" target=\"_blank\" rel=\"noopener\">Bruno Paillard Premi\u00e8re Cuv\u00e9e<\/a>: One of our top sellers. Elegant but fresh and mineral. Guaranteed to please everyone.<br \/>\n<a href=\"https:\/\/foufou-champagne.com\/en\/champagne\/bruno-paillard-rose-premiere-cuvee\/\" target=\"_blank\" rel=\"noopener\">Bruno Paillard Ros\u00e9 Premi\u00e8re Cuv\u00e9e:<\/a> AA heavenly ros\u00e9 champagne with lightness and ease.<br \/>\n<a href=\"https:\/\/foufou-champagne.com\/en\/champagne\/bruno-paillard-dosage-zero\/\" target=\"_blank\" rel=\"noopener\">Bruno Paillard Zer\u00f3 Dosage<\/a>: A Z\u00e9ro Dosage for purists and champagne lovers! Dry and reduced to the essentials.<br \/>\n<a href=\"https:\/\/foufou-champagne.com\/en\/champagne\/bruno-paillard-blanc-de-blancs\/\" target=\"_blank\" rel=\"noopener\">Bruno Paillard Blancs de Blanc Grand Cru:<\/a> A beautifully delicate and creamy Blanc de Blancs with an unmistakable minerality. A real treasure and a top class champagne!<\/p>\n","protected":false},"excerpt":{"rendered":"<p>The perfect addition to your gift for a very special loved one.<\/p>\n","protected":false},"featured_media":12151,"comment_status":"open","ping_status":"closed","template":"","meta":{"_acf_changed":false,"_editorskit_title_hidden":false,"_editorskit_reading_time":0,"_editorskit_is_block_options_detached":false,"_editorskit_block_options_position":"{}","_coblocks_attr":"","_coblocks_dimensions":"","_coblocks_responsive_height":"","_coblocks_accordion_ie_support":""},"product_brand":[],"product_cat":[307,437,225],"product_tag":[402,572],"class_list":{"0":"post-12173","1":"product","2":"type-product","3":"status-publish","4":"has-post-thumbnail","6":"product_cat-as-a-gift","7":"product_cat-bruno-paillard-champagne","8":"product_cat-champagne","9":"product_tag-gift","10":"product_tag-gift-box","11":"product_shipping_class-standard-en","13":"first","14":"instock","15":"taxable","16":"shipping-taxable","17":"purchasable","18":"product-type-variable","19":"has-default-attributes"},"composite_virtual":false,"composite_layout":"","composite_add_to_cart_form_location":"","composite_editable_in_cart":false,"composite_sold_individually_context":"","composite_shop_price_calc":"","composite_components":[],"composite_scenarios":[],"exclude_global_add_ons":[],"addons":[],"acf":[],"yoast_head":"<!-- This site is optimized with the Yoast SEO plugin v26.8 - https:\/\/yoast.com\/product\/yoast-seo-wordpress\/ -->\n<title>Greeting card with mini bouquet | FOUFOU CHAMPAGNE BOUTIQUE<\/title>\n<meta name=\"description\" content=\"In search of a special gift? Add a custom greeting card and bouquet to your bottle of champagne!\" \/>\n<meta name=\"robots\" content=\"index, follow, max-snippet:-1, max-image-preview:large, max-video-preview:-1\" \/>\n<link rel=\"canonical\" href=\"https:\/\/foufou-champagne.com\/en\/champagne\/champagner-geschenkset-bruno-paillard-glaeser\/\" \/>\n<meta property=\"og:locale\" content=\"en_US\" \/>\n<meta property=\"og:type\" content=\"article\" \/>\n<meta property=\"og:title\" content=\"Greeting card with mini bouquet | FOUFOU CHAMPAGNE BOUTIQUE\" \/>\n<meta property=\"og:description\" content=\"In search of a special gift? Add a custom greeting card and bouquet to your bottle of champagne!\" \/>\n<meta property=\"og:url\" content=\"https:\/\/foufou-champagne.com\/en\/champagne\/champagner-geschenkset-bruno-paillard-glaeser\/\" \/>\n<meta property=\"og:site_name\" content=\"foufou-champagne.com\" \/>\n<meta property=\"article:modified_time\" content=\"2026-03-26T08:09:52+00:00\" \/>\n<meta property=\"og:image\" content=\"https:\/\/foufou-champagne.com\/wp-content\/uploads\/2022\/11\/foufou-22-10-92.jpg\" \/>\n\t<meta property=\"og:image:width\" content=\"1168\" \/>\n\t<meta property=\"og:image:height\" content=\"1751\" \/>\n\t<meta property=\"og:image:type\" content=\"image\/jpeg\" \/>\n<meta name=\"twitter:card\" content=\"summary_large_image\" \/>\n<meta name=\"twitter:label1\" content=\"Est. reading time\" \/>\n\t<meta name=\"twitter:data1\" content=\"1 minute\" \/>\n<script type=\"application\/ld+json\" class=\"yoast-schema-graph\">{\"@context\":\"https:\/\/schema.org\",\"@graph\":[{\"@type\":\"WebPage\",\"@id\":\"https:\/\/foufou-champagne.com\/en\/champagne\/champagner-geschenkset-bruno-paillard-glaeser\/\",\"url\":\"https:\/\/foufou-champagne.com\/en\/champagne\/champagner-geschenkset-bruno-paillard-glaeser\/\",\"name\":\"Greeting card with mini bouquet | FOUFOU CHAMPAGNE BOUTIQUE\",\"isPartOf\":{\"@id\":\"https:\/\/foufou-champagne.com\/en\/#website\"},\"primaryImageOfPage\":{\"@id\":\"https:\/\/foufou-champagne.com\/en\/champagne\/champagner-geschenkset-bruno-paillard-glaeser\/#primaryimage\"},\"image\":{\"@id\":\"https:\/\/foufou-champagne.com\/en\/champagne\/champagner-geschenkset-bruno-paillard-glaeser\/#primaryimage\"},\"thumbnailUrl\":\"https:\/\/foufou-champagne.com\/wp-content\/uploads\/2022\/11\/foufou-22-10-92-e1696420030801.jpg\",\"datePublished\":\"2022-11-12T12:52:01+00:00\",\"dateModified\":\"2026-03-26T08:09:52+00:00\",\"description\":\"In search of a special gift? Add a custom greeting card and bouquet to your bottle of champagne!\",\"breadcrumb\":{\"@id\":\"https:\/\/foufou-champagne.com\/en\/champagne\/champagner-geschenkset-bruno-paillard-glaeser\/#breadcrumb\"},\"inLanguage\":\"en-US\",\"potentialAction\":[{\"@type\":\"ReadAction\",\"target\":[\"https:\/\/foufou-champagne.com\/en\/champagne\/champagner-geschenkset-bruno-paillard-glaeser\/\"]}]},{\"@type\":\"ImageObject\",\"inLanguage\":\"en-US\",\"@id\":\"https:\/\/foufou-champagne.com\/en\/champagne\/champagner-geschenkset-bruno-paillard-glaeser\/#primaryimage\",\"url\":\"https:\/\/foufou-champagne.com\/wp-content\/uploads\/2022\/11\/foufou-22-10-92-e1696420030801.jpg\",\"contentUrl\":\"https:\/\/foufou-champagne.com\/wp-content\/uploads\/2022\/11\/foufou-22-10-92-e1696420030801.jpg\",\"width\":1168,\"height\":1751,\"caption\":\"Champagner Geschenset mit Gl\u00e4sern Bruno Paillard\"},{\"@type\":\"BreadcrumbList\",\"@id\":\"https:\/\/foufou-champagne.com\/en\/champagne\/champagner-geschenkset-bruno-paillard-glaeser\/#breadcrumb\",\"itemListElement\":[{\"@type\":\"ListItem\",\"position\":1,\"name\":\"Startseite\",\"item\":\"https:\/\/foufou-champagne.com\/en\/\"},{\"@type\":\"ListItem\",\"position\":2,\"name\":\"Shop\",\"item\":\"https:\/\/foufou-champagne.com\/en\/shop\/\"},{\"@type\":\"ListItem\",\"position\":3,\"name\":\"Champagne gift set Bruno Paillard (Champagne &#038; 2 glasses)\"}]},{\"@type\":\"WebSite\",\"@id\":\"https:\/\/foufou-champagne.com\/en\/#website\",\"url\":\"https:\/\/foufou-champagne.com\/en\/\",\"name\":\"foufou-champagne.com\",\"description\":\"CHAMPAGNE BOUTIQUE\",\"potentialAction\":[{\"@type\":\"SearchAction\",\"target\":{\"@type\":\"EntryPoint\",\"urlTemplate\":\"https:\/\/foufou-champagne.com\/en\/?s={search_term_string}\"},\"query-input\":{\"@type\":\"PropertyValueSpecification\",\"valueRequired\":true,\"valueName\":\"search_term_string\"}}],\"inLanguage\":\"en-US\"}]}<\/script>\n<!-- \/ Yoast SEO plugin. -->","yoast_head_json":{"title":"Greeting card with mini bouquet | FOUFOU CHAMPAGNE BOUTIQUE","description":"In search of a special gift? Add a custom greeting card and bouquet to your bottle of champagne!","robots":{"index":"index","follow":"follow","max-snippet":"max-snippet:-1","max-image-preview":"max-image-preview:large","max-video-preview":"max-video-preview:-1"},"canonical":"https:\/\/foufou-champagne.com\/en\/champagne\/champagner-geschenkset-bruno-paillard-glaeser\/","og_locale":"en_US","og_type":"article","og_title":"Greeting card with mini bouquet | FOUFOU CHAMPAGNE BOUTIQUE","og_description":"In search of a special gift? Add a custom greeting card and bouquet to your bottle of champagne!","og_url":"https:\/\/foufou-champagne.com\/en\/champagne\/champagner-geschenkset-bruno-paillard-glaeser\/","og_site_name":"foufou-champagne.com","article_modified_time":"2026-03-26T08:09:52+00:00","og_image":[{"width":1168,"height":1751,"url":"https:\/\/foufou-champagne.com\/wp-content\/uploads\/2022\/11\/foufou-22-10-92.jpg","type":"image\/jpeg"}],"twitter_card":"summary_large_image","twitter_misc":{"Est. reading time":"1 minute"},"schema":{"@context":"https:\/\/schema.org","@graph":[{"@type":"WebPage","@id":"https:\/\/foufou-champagne.com\/en\/champagne\/champagner-geschenkset-bruno-paillard-glaeser\/","url":"https:\/\/foufou-champagne.com\/en\/champagne\/champagner-geschenkset-bruno-paillard-glaeser\/","name":"Greeting card with mini bouquet | FOUFOU CHAMPAGNE BOUTIQUE","isPartOf":{"@id":"https:\/\/foufou-champagne.com\/en\/#website"},"primaryImageOfPage":{"@id":"https:\/\/foufou-champagne.com\/en\/champagne\/champagner-geschenkset-bruno-paillard-glaeser\/#primaryimage"},"image":{"@id":"https:\/\/foufou-champagne.com\/en\/champagne\/champagner-geschenkset-bruno-paillard-glaeser\/#primaryimage"},"thumbnailUrl":"https:\/\/foufou-champagne.com\/wp-content\/uploads\/2022\/11\/foufou-22-10-92-e1696420030801.jpg","datePublished":"2022-11-12T12:52:01+00:00","dateModified":"2026-03-26T08:09:52+00:00","description":"In search of a special gift? Add a custom greeting card and bouquet to your bottle of champagne!","breadcrumb":{"@id":"https:\/\/foufou-champagne.com\/en\/champagne\/champagner-geschenkset-bruno-paillard-glaeser\/#breadcrumb"},"inLanguage":"en-US","potentialAction":[{"@type":"ReadAction","target":["https:\/\/foufou-champagne.com\/en\/champagne\/champagner-geschenkset-bruno-paillard-glaeser\/"]}]},{"@type":"ImageObject","inLanguage":"en-US","@id":"https:\/\/foufou-champagne.com\/en\/champagne\/champagner-geschenkset-bruno-paillard-glaeser\/#primaryimage","url":"https:\/\/foufou-champagne.com\/wp-content\/uploads\/2022\/11\/foufou-22-10-92-e1696420030801.jpg","contentUrl":"https:\/\/foufou-champagne.com\/wp-content\/uploads\/2022\/11\/foufou-22-10-92-e1696420030801.jpg","width":1168,"height":1751,"caption":"Champagner Geschenset mit Gl\u00e4sern Bruno Paillard"},{"@type":"BreadcrumbList","@id":"https:\/\/foufou-champagne.com\/en\/champagne\/champagner-geschenkset-bruno-paillard-glaeser\/#breadcrumb","itemListElement":[{"@type":"ListItem","position":1,"name":"Startseite","item":"https:\/\/foufou-champagne.com\/en\/"},{"@type":"ListItem","position":2,"name":"Shop","item":"https:\/\/foufou-champagne.com\/en\/shop\/"},{"@type":"ListItem","position":3,"name":"Champagne gift set Bruno Paillard (Champagne &#038; 2 glasses)"}]},{"@type":"WebSite","@id":"https:\/\/foufou-champagne.com\/en\/#website","url":"https:\/\/foufou-champagne.com\/en\/","name":"foufou-champagne.com","description":"CHAMPAGNE BOUTIQUE","potentialAction":[{"@type":"SearchAction","target":{"@type":"EntryPoint","urlTemplate":"https:\/\/foufou-champagne.com\/en\/?s={search_term_string}"},"query-input":{"@type":"PropertyValueSpecification","valueRequired":true,"valueName":"search_term_string"}}],"inLanguage":"en-US"}]}},"_links":{"self":[{"href":"https:\/\/foufou-champagne.com\/en\/wp-json\/wp\/v2\/product\/12173","targetHints":{"allow":["GET"]}}],"collection":[{"href":"https:\/\/foufou-champagne.com\/en\/wp-json\/wp\/v2\/product"}],"about":[{"href":"https:\/\/foufou-champagne.com\/en\/wp-json\/wp\/v2\/types\/product"}],"replies":[{"embeddable":true,"href":"https:\/\/foufou-champagne.com\/en\/wp-json\/wp\/v2\/comments?post=12173"}],"wp:featuredmedia":[{"embeddable":true,"href":"https:\/\/foufou-champagne.com\/en\/wp-json\/wp\/v2\/media\/12151"}],"wp:attachment":[{"href":"https:\/\/foufou-champagne.com\/en\/wp-json\/wp\/v2\/media?parent=12173"}],"wp:term":[{"taxonomy":"product_brand","embeddable":true,"href":"https:\/\/foufou-champagne.com\/en\/wp-json\/wp\/v2\/product_brand?post=12173"},{"taxonomy":"product_cat","embeddable":true,"href":"https:\/\/foufou-champagne.com\/en\/wp-json\/wp\/v2\/product_cat?post=12173"},{"taxonomy":"product_tag","embeddable":true,"href":"https:\/\/foufou-champagne.com\/en\/wp-json\/wp\/v2\/product_tag?post=12173"}],"curies":[{"name":"wp","href":"https:\/\/api.w.org\/{rel}","templated":true}]}}