{"id":13334,"date":"2023-08-01T10:00:50","date_gmt":"2023-08-01T08:00:50","guid":{"rendered":"https:\/\/foufou-champagne.com\/champagner\/13334\/"},"modified":"2024-06-20T20:53:57","modified_gmt":"2024-06-20T18:53:57","slug":"le-brun-de-veuville-cote-blance","status":"publish","type":"product","link":"https:\/\/foufou-champagne.com\/en\/champagne\/le-brun-de-veuville-cote-blance\/","title":{"rendered":"LE BRUN DE NEUVILLE C\u00d4TE BLANCHE"},"content":{"rendered":"<h3>The Champagne<\/h3>\n<p>Le Brun de Neuville &#8211; C\u00f4te Blanche Brut is a Blanc de Blancs Champagne made from 100% Chardonnay grapes grown on the chalky slopes of the C\u00f4te de S\u00e9zanne. A 45-year-old vineyard with clay and chalk soils gives the champagne freshness and minerality. After traditional bottle fermentation, the champagne ages on its lees for a full 5 years before developing its irresistible character. The nose reveals notes of white flowers and delicate hazelnut fragrance. On the palate, it has a fresh taste of citrus and green apple with a fine perlage and creamy minerality. 52% of the cuv\u00e9e consists of reserve wines from older vintages.<\/p>\n<h3>TASTING NOTE<\/h3>\n<ul>\n<li>In the glass bright and brilliant golden hue.<br \/>\nOn the nose, fresh citrus, apple and white flowers, accompanied by subtle notes of brioche<\/li>\n<li>On the palate, this Blanc de Blancs convinces with a lively acidity and a creamy minerality that blends perfectly with the delicate citrus and apple flavorS<\/li>\n<\/ul>\n<h3>PAIR WITH<\/h3>\n<ul>\n<li>The Blanc de Blancs is wonderful as an aperitif or breakfast champagne due to its beautiful freshness.<\/li>\n<li>For food it matches well with dishes with crab, caviar or salmon.<\/li>\n<\/ul>\n","protected":false},"excerpt":{"rendered":"<p>A sparkling Blanc de Blancs Champagne that awakens the senses.<\/p>\n","protected":false},"featured_media":12977,"comment_status":"closed","ping_status":"closed","template":"","meta":{"_acf_changed":false,"_editorskit_title_hidden":false,"_editorskit_reading_time":0,"_editorskit_is_block_options_detached":false,"_editorskit_block_options_position":"{}","_coblocks_attr":"","_coblocks_dimensions":"","_coblocks_responsive_height":"","_coblocks_accordion_ie_support":""},"product_brand":[],"product_cat":[284,639],"product_tag":[515],"class_list":{"0":"post-13334","1":"product","2":"type-product","3":"status-publish","4":"has-post-thumbnail","6":"product_cat-blanc-de-blancs","7":"product_cat-le-brun-de-neuville-en","8":"product_tag-blanc-de-blancs-en","9":"pa_kategorie-blanc-de-blancs-en","11":"first","12":"outofstock","13":"taxable","14":"shipping-taxable","15":"purchasable","16":"product-type-composite"},"composite_virtual":false,"composite_layout":"single","composite_add_to_cart_form_location":"default","composite_editable_in_cart":false,"composite_sold_individually_context":"product","composite_shop_price_calc":"min_max","composite_components":[{"id":"1690891422","title":"gift box (optional)","description":"","query_type":"product_ids","query_ids":[13157],"default_option_id":"","thumbnail_id":"","thumbnail_src":"","quantity_min":1,"quantity_max":1,"priced_individually":true,"shipped_individually":false,"optional":true,"discount":"","options_style":"dropdowns","pagination_style":"classic","display_prices":"absolute","show_sorting_options":false,"show_filtering_options":false,"attribute_filter_ids":[],"select_action":"view","product_title_visible":false,"product_descr_visible":true,"product_price_visible":true,"product_thumb_visible":true,"subtotal_visible_product":false,"subtotal_visible_cart":false,"subtotal_visible_orders":false,"product_addons_visible":true},{"id":"1690891423","title":"greeting card with mini bouquet (optional)","description":"","query_type":"category_ids","query_ids":[636],"default_option_id":"","thumbnail_id":"","thumbnail_src":"","quantity_min":1,"quantity_max":1,"priced_individually":true,"shipped_individually":false,"optional":true,"discount":"","options_style":"dropdowns","pagination_style":"classic","display_prices":"absolute","show_sorting_options":false,"show_filtering_options":false,"attribute_filter_ids":[],"select_action":"view","product_title_visible":false,"product_descr_visible":true,"product_price_visible":true,"product_thumb_visible":true,"subtotal_visible_product":false,"subtotal_visible_cart":false,"subtotal_visible_orders":false,"product_addons_visible":true}],"composite_scenarios":[],"exclude_global_add_ons":[],"addons":[],"acf":[],"yoast_head":"<!-- This site is optimized with the Yoast SEO plugin v26.8 - https:\/\/yoast.com\/product\/yoast-seo-wordpress\/ -->\n<title>LE BRUN DE NEUVILLE C\u00d4TE BLANCHE - foufou-champagne.com<\/title>\n<meta name=\"description\" content=\"A fresh and lively Blanc de Blancs Champagne that awakens the senses. Buy online now.\" \/>\n<meta name=\"robots\" content=\"index, follow, max-snippet:-1, max-image-preview:large, max-video-preview:-1\" \/>\n<link rel=\"canonical\" href=\"https:\/\/foufou-champagne.com\/en\/champagne\/le-brun-de-veuville-cote-blance\/\" \/>\n<meta property=\"og:locale\" content=\"en_US\" \/>\n<meta property=\"og:type\" content=\"article\" \/>\n<meta property=\"og:title\" content=\"LE BRUN DE NEUVILLE C\u00d4TE BLANCHE - foufou-champagne.com\" \/>\n<meta property=\"og:description\" content=\"A fresh and lively Blanc de Blancs Champagne that awakens the senses. Buy online now.\" \/>\n<meta property=\"og:url\" content=\"https:\/\/foufou-champagne.com\/en\/champagne\/le-brun-de-veuville-cote-blance\/\" \/>\n<meta property=\"og:site_name\" content=\"foufou-champagne.com\" \/>\n<meta property=\"article:modified_time\" content=\"2024-06-20T18:53:57+00:00\" \/>\n<meta property=\"og:image\" content=\"https:\/\/foufou-champagne.com\/wp-content\/uploads\/2023\/05\/0011_Champagne-FouFou-Champagne-Boutique.png\" \/>\n\t<meta property=\"og:image:width\" content=\"800\" \/>\n\t<meta property=\"og:image:height\" content=\"1000\" \/>\n\t<meta property=\"og:image:type\" content=\"image\/png\" \/>\n<meta name=\"twitter:card\" content=\"summary_large_image\" \/>\n<meta name=\"twitter:label1\" content=\"Est. reading time\" \/>\n\t<meta name=\"twitter:data1\" content=\"2 minutes\" \/>\n<script type=\"application\/ld+json\" class=\"yoast-schema-graph\">{\"@context\":\"https:\/\/schema.org\",\"@graph\":[{\"@type\":\"WebPage\",\"@id\":\"https:\/\/foufou-champagne.com\/en\/champagne\/le-brun-de-veuville-cote-blance\/\",\"url\":\"https:\/\/foufou-champagne.com\/en\/champagne\/le-brun-de-veuville-cote-blance\/\",\"name\":\"LE BRUN DE NEUVILLE C\u00d4TE BLANCHE - foufou-champagne.com\",\"isPartOf\":{\"@id\":\"https:\/\/foufou-champagne.com\/en\/#website\"},\"primaryImageOfPage\":{\"@id\":\"https:\/\/foufou-champagne.com\/en\/champagne\/le-brun-de-veuville-cote-blance\/#primaryimage\"},\"image\":{\"@id\":\"https:\/\/foufou-champagne.com\/en\/champagne\/le-brun-de-veuville-cote-blance\/#primaryimage\"},\"thumbnailUrl\":\"https:\/\/foufou-champagne.com\/wp-content\/uploads\/2023\/05\/0011_Champagne-FouFou-Champagne-Boutique.png\",\"datePublished\":\"2023-08-01T08:00:50+00:00\",\"dateModified\":\"2024-06-20T18:53:57+00:00\",\"description\":\"A fresh and lively Blanc de Blancs Champagne that awakens the senses. Buy online now.\",\"breadcrumb\":{\"@id\":\"https:\/\/foufou-champagne.com\/en\/champagne\/le-brun-de-veuville-cote-blance\/#breadcrumb\"},\"inLanguage\":\"en-US\",\"potentialAction\":[{\"@type\":\"ReadAction\",\"target\":[\"https:\/\/foufou-champagne.com\/en\/champagne\/le-brun-de-veuville-cote-blance\/\"]}]},{\"@type\":\"ImageObject\",\"inLanguage\":\"en-US\",\"@id\":\"https:\/\/foufou-champagne.com\/en\/champagne\/le-brun-de-veuville-cote-blance\/#primaryimage\",\"url\":\"https:\/\/foufou-champagne.com\/wp-content\/uploads\/2023\/05\/0011_Champagne-FouFou-Champagne-Boutique.png\",\"contentUrl\":\"https:\/\/foufou-champagne.com\/wp-content\/uploads\/2023\/05\/0011_Champagne-FouFou-Champagne-Boutique.png\",\"width\":800,\"height\":1000,\"caption\":\"Le Brun de Neuville - C\u00f4te Blanche Brut\"},{\"@type\":\"BreadcrumbList\",\"@id\":\"https:\/\/foufou-champagne.com\/en\/champagne\/le-brun-de-veuville-cote-blance\/#breadcrumb\",\"itemListElement\":[{\"@type\":\"ListItem\",\"position\":1,\"name\":\"Startseite\",\"item\":\"https:\/\/foufou-champagne.com\/en\/\"},{\"@type\":\"ListItem\",\"position\":2,\"name\":\"Shop\",\"item\":\"https:\/\/foufou-champagne.com\/en\/shop\/\"},{\"@type\":\"ListItem\",\"position\":3,\"name\":\"LE BRUN DE NEUVILLE C\u00d4TE BLANCHE\"}]},{\"@type\":\"WebSite\",\"@id\":\"https:\/\/foufou-champagne.com\/en\/#website\",\"url\":\"https:\/\/foufou-champagne.com\/en\/\",\"name\":\"foufou-champagne.com\",\"description\":\"CHAMPAGNE BOUTIQUE\",\"potentialAction\":[{\"@type\":\"SearchAction\",\"target\":{\"@type\":\"EntryPoint\",\"urlTemplate\":\"https:\/\/foufou-champagne.com\/en\/?s={search_term_string}\"},\"query-input\":{\"@type\":\"PropertyValueSpecification\",\"valueRequired\":true,\"valueName\":\"search_term_string\"}}],\"inLanguage\":\"en-US\"}]}<\/script>\n<!-- \/ Yoast SEO plugin. -->","yoast_head_json":{"title":"LE BRUN DE NEUVILLE C\u00d4TE BLANCHE - foufou-champagne.com","description":"A fresh and lively Blanc de Blancs Champagne that awakens the senses. Buy online now.","robots":{"index":"index","follow":"follow","max-snippet":"max-snippet:-1","max-image-preview":"max-image-preview:large","max-video-preview":"max-video-preview:-1"},"canonical":"https:\/\/foufou-champagne.com\/en\/champagne\/le-brun-de-veuville-cote-blance\/","og_locale":"en_US","og_type":"article","og_title":"LE BRUN DE NEUVILLE C\u00d4TE BLANCHE - foufou-champagne.com","og_description":"A fresh and lively Blanc de Blancs Champagne that awakens the senses. Buy online now.","og_url":"https:\/\/foufou-champagne.com\/en\/champagne\/le-brun-de-veuville-cote-blance\/","og_site_name":"foufou-champagne.com","article_modified_time":"2024-06-20T18:53:57+00:00","og_image":[{"width":800,"height":1000,"url":"https:\/\/foufou-champagne.com\/wp-content\/uploads\/2023\/05\/0011_Champagne-FouFou-Champagne-Boutique.png","type":"image\/png"}],"twitter_card":"summary_large_image","twitter_misc":{"Est. reading time":"2 minutes"},"schema":{"@context":"https:\/\/schema.org","@graph":[{"@type":"WebPage","@id":"https:\/\/foufou-champagne.com\/en\/champagne\/le-brun-de-veuville-cote-blance\/","url":"https:\/\/foufou-champagne.com\/en\/champagne\/le-brun-de-veuville-cote-blance\/","name":"LE BRUN DE NEUVILLE C\u00d4TE BLANCHE - foufou-champagne.com","isPartOf":{"@id":"https:\/\/foufou-champagne.com\/en\/#website"},"primaryImageOfPage":{"@id":"https:\/\/foufou-champagne.com\/en\/champagne\/le-brun-de-veuville-cote-blance\/#primaryimage"},"image":{"@id":"https:\/\/foufou-champagne.com\/en\/champagne\/le-brun-de-veuville-cote-blance\/#primaryimage"},"thumbnailUrl":"https:\/\/foufou-champagne.com\/wp-content\/uploads\/2023\/05\/0011_Champagne-FouFou-Champagne-Boutique.png","datePublished":"2023-08-01T08:00:50+00:00","dateModified":"2024-06-20T18:53:57+00:00","description":"A fresh and lively Blanc de Blancs Champagne that awakens the senses. Buy online now.","breadcrumb":{"@id":"https:\/\/foufou-champagne.com\/en\/champagne\/le-brun-de-veuville-cote-blance\/#breadcrumb"},"inLanguage":"en-US","potentialAction":[{"@type":"ReadAction","target":["https:\/\/foufou-champagne.com\/en\/champagne\/le-brun-de-veuville-cote-blance\/"]}]},{"@type":"ImageObject","inLanguage":"en-US","@id":"https:\/\/foufou-champagne.com\/en\/champagne\/le-brun-de-veuville-cote-blance\/#primaryimage","url":"https:\/\/foufou-champagne.com\/wp-content\/uploads\/2023\/05\/0011_Champagne-FouFou-Champagne-Boutique.png","contentUrl":"https:\/\/foufou-champagne.com\/wp-content\/uploads\/2023\/05\/0011_Champagne-FouFou-Champagne-Boutique.png","width":800,"height":1000,"caption":"Le Brun de Neuville - C\u00f4te Blanche Brut"},{"@type":"BreadcrumbList","@id":"https:\/\/foufou-champagne.com\/en\/champagne\/le-brun-de-veuville-cote-blance\/#breadcrumb","itemListElement":[{"@type":"ListItem","position":1,"name":"Startseite","item":"https:\/\/foufou-champagne.com\/en\/"},{"@type":"ListItem","position":2,"name":"Shop","item":"https:\/\/foufou-champagne.com\/en\/shop\/"},{"@type":"ListItem","position":3,"name":"LE BRUN DE NEUVILLE C\u00d4TE BLANCHE"}]},{"@type":"WebSite","@id":"https:\/\/foufou-champagne.com\/en\/#website","url":"https:\/\/foufou-champagne.com\/en\/","name":"foufou-champagne.com","description":"CHAMPAGNE BOUTIQUE","potentialAction":[{"@type":"SearchAction","target":{"@type":"EntryPoint","urlTemplate":"https:\/\/foufou-champagne.com\/en\/?s={search_term_string}"},"query-input":{"@type":"PropertyValueSpecification","valueRequired":true,"valueName":"search_term_string"}}],"inLanguage":"en-US"}]}},"_links":{"self":[{"href":"https:\/\/foufou-champagne.com\/en\/wp-json\/wp\/v2\/product\/13334","targetHints":{"allow":["GET"]}}],"collection":[{"href":"https:\/\/foufou-champagne.com\/en\/wp-json\/wp\/v2\/product"}],"about":[{"href":"https:\/\/foufou-champagne.com\/en\/wp-json\/wp\/v2\/types\/product"}],"replies":[{"embeddable":true,"href":"https:\/\/foufou-champagne.com\/en\/wp-json\/wp\/v2\/comments?post=13334"}],"wp:featuredmedia":[{"embeddable":true,"href":"https:\/\/foufou-champagne.com\/en\/wp-json\/wp\/v2\/media\/12977"}],"wp:attachment":[{"href":"https:\/\/foufou-champagne.com\/en\/wp-json\/wp\/v2\/media?parent=13334"}],"wp:term":[{"taxonomy":"product_brand","embeddable":true,"href":"https:\/\/foufou-champagne.com\/en\/wp-json\/wp\/v2\/product_brand?post=13334"},{"taxonomy":"product_cat","embeddable":true,"href":"https:\/\/foufou-champagne.com\/en\/wp-json\/wp\/v2\/product_cat?post=13334"},{"taxonomy":"product_tag","embeddable":true,"href":"https:\/\/foufou-champagne.com\/en\/wp-json\/wp\/v2\/product_tag?post=13334"}],"curies":[{"name":"wp","href":"https:\/\/api.w.org\/{rel}","templated":true}]}}