{"id":13393,"date":"2024-03-22T13:48:11","date_gmt":"2023-08-15T11:48:11","guid":{"rendered":"https:\/\/foufou-champagne.com\/?post_type=product&#038;p=13393"},"modified":"2025-12-19T16:35:24","modified_gmt":"2025-12-19T15:35:24","slug":"billecart-salmon-brut-nature","status":"publish","type":"product","link":"https:\/\/foufou-champagne.com\/en\/champagne\/billecart-salmon-brut-nature\/","title":{"rendered":"Billecart-Salmon Brut Nature"},"content":{"rendered":"<h4>The Champagne<\/h4>\n<p>Billecart Salmon Brut Nature is an ode to the elegance and authentic expression of Champagne. This exceptional cuv\u00e9e is characterized by its purity and refined character, without any sugar &#8211; zero dosage. It harmoniously combines 30% Pinot Noir from the Montagne de Reims and the Grande Vall\u00e9e de la Marne, 30% Chardonnay from the diverse vineyards of the Marne and 40% Meunier from the Vall\u00e9e de la Marne and the Coteaux Sud d&#8217;\u00c9pernay. Maturation on the lees in the cellar for 48 months and the use of 50% to 60% reserve wines give it remarkable depth and complexity.<\/p>\n<h4>Tasting Note<\/h4>\n<ul>\n<li>In the glass, the Billecart Salmon Brut Nature presents itself in an intense, delicate gold. Its clarity and brilliance are emphasized by abundant and harmonious bubbles that create an inviting play in the glass.<\/li>\n<li>On the nose, it unfolds a variety of scents &#8211; from flowers and dried fruit to brioche, rounded off by the subtle charm of lemon verbena.<\/li>\n<li>On the palate, the champagne offers an exciting taste experience with a perfect balance of mineral notes and nuances of pastry and white stone fruit.<\/li>\n<\/ul>\n<h4>Pair with<\/h4>\n<p>Quite an all-rounder &#8211; but how about veal carpaccio, grilled scallops or fish in a citrus marinade, for example?<\/p>\n<h4>The Champagne House Billecart-Salmon<\/h4>\n<p>One of the few top houses that has been family-owned since its founding in 1818. The small champagne house Billecart-Salmon is one of the oldest family dynasties in the Champagne region. Since the early 1990s, the house has been managed by the 7th generation, Francois Roland Billecart. Billecart-Salmon is considered to be synonymous with refined champagnes with a clear mineral character. They surprise the senses\u00a0 with a fairy-tale delicacy and a pronounced straightforwardness.<\/p>\n<p>&nbsp;<\/p>\n","protected":false},"excerpt":{"rendered":"<p>Reflect on the essentials &#8211; with a timeless and authentic Brut Nature champagne<\/p>\n","protected":false},"featured_media":13343,"comment_status":"open","ping_status":"closed","template":"","meta":{"_acf_changed":false,"_editorskit_title_hidden":false,"_editorskit_reading_time":0,"_editorskit_is_block_options_detached":false,"_editorskit_block_options_position":"{}","_coblocks_attr":"","_coblocks_dimensions":"","_coblocks_responsive_height":"","_coblocks_accordion_ie_support":""},"product_brand":[],"product_cat":[433,225],"product_tag":[653,293],"class_list":{"0":"post-13393","1":"product","2":"type-product","3":"status-publish","4":"has-post-thumbnail","6":"product_cat-billecart-salmon-champagne-en","7":"product_cat-champagne","8":"product_tag-brut-nature-en","9":"product_tag-zero-dosage-en","10":"product_shipping_class-standard-en","12":"first","13":"outofstock","14":"taxable","15":"shipping-taxable","16":"purchasable","17":"product-type-composite"},"composite_virtual":false,"composite_layout":"single","composite_add_to_cart_form_location":"default","composite_editable_in_cart":false,"composite_sold_individually_context":"product","composite_shop_price_calc":"min_max","composite_components":[{"id":"1686181574","title":"Gift box (optional)","description":"","query_type":"product_ids","query_ids":[13157],"default_option_id":"","thumbnail_id":"","thumbnail_src":"","quantity_min":1,"quantity_max":1,"priced_individually":true,"shipped_individually":false,"optional":true,"discount":"","options_style":"dropdowns","pagination_style":"classic","display_prices":"absolute","show_sorting_options":false,"show_filtering_options":false,"attribute_filter_ids":[],"select_action":"view","product_title_visible":false,"product_descr_visible":true,"product_price_visible":true,"product_thumb_visible":true,"subtotal_visible_product":false,"subtotal_visible_cart":false,"subtotal_visible_orders":false,"product_addons_visible":true},{"id":"1686181575","title":"Greeting card with mini bouquet (optional)","description":"","query_type":"category_ids","query_ids":[636],"default_option_id":"","thumbnail_id":"","thumbnail_src":"","quantity_min":1,"quantity_max":1,"priced_individually":true,"shipped_individually":false,"optional":true,"discount":"","options_style":"dropdowns","pagination_style":"classic","display_prices":"absolute","show_sorting_options":false,"show_filtering_options":false,"attribute_filter_ids":[],"select_action":"view","product_title_visible":false,"product_descr_visible":true,"product_price_visible":true,"product_thumb_visible":true,"subtotal_visible_product":false,"subtotal_visible_cart":false,"subtotal_visible_orders":false,"product_addons_visible":true}],"composite_scenarios":[],"exclude_global_add_ons":[],"addons":[],"acf":[],"yoast_head":"<!-- This site is optimized with the Yoast SEO plugin v26.8 - https:\/\/yoast.com\/product\/yoast-seo-wordpress\/ -->\n<title>Buy Billecart-Salmon Brut R\u00e9serve | FOUFOU CHAMPAGNE BOUTIQUE<\/title>\n<meta name=\"description\" content=\"Billecart-Salmon Brut R\u00e9serve is synonymous with a degree of sophistication rarely found in this price range. Harmonious and well-balanced. \u2665 Learn more here.\" \/>\n<meta name=\"robots\" content=\"index, follow, max-snippet:-1, max-image-preview:large, max-video-preview:-1\" \/>\n<link rel=\"canonical\" href=\"https:\/\/foufou-champagne.com\/en\/champagne\/billecart-salmon-brut-nature\/\" \/>\n<meta property=\"og:locale\" content=\"en_US\" \/>\n<meta property=\"og:type\" content=\"article\" \/>\n<meta property=\"og:title\" content=\"Buy Billecart-Salmon Brut R\u00e9serve | FOUFOU CHAMPAGNE BOUTIQUE\" \/>\n<meta property=\"og:description\" content=\"Billecart-Salmon Brut R\u00e9serve is synonymous with a degree of sophistication rarely found in this price range. Harmonious and well-balanced. \u2665 Learn more here.\" \/>\n<meta property=\"og:url\" content=\"https:\/\/foufou-champagne.com\/en\/champagne\/billecart-salmon-brut-nature\/\" \/>\n<meta property=\"og:site_name\" content=\"foufou-champagne.com\" \/>\n<meta property=\"article:modified_time\" content=\"2025-12-19T15:35:24+00:00\" \/>\n<meta property=\"og:image\" content=\"https:\/\/foufou-champagne.com\/wp-content\/uploads\/2023\/08\/Champagne-Billecart-Salmon-Brut-Nature.png\" \/>\n\t<meta property=\"og:image:width\" content=\"800\" \/>\n\t<meta property=\"og:image:height\" content=\"1000\" \/>\n\t<meta property=\"og:image:type\" content=\"image\/png\" \/>\n<meta name=\"twitter:card\" content=\"summary_large_image\" \/>\n<meta name=\"twitter:label1\" content=\"Est. reading time\" \/>\n\t<meta name=\"twitter:data1\" content=\"2 minutes\" \/>\n<script type=\"application\/ld+json\" class=\"yoast-schema-graph\">{\"@context\":\"https:\/\/schema.org\",\"@graph\":[{\"@type\":\"WebPage\",\"@id\":\"https:\/\/foufou-champagne.com\/en\/champagne\/billecart-salmon-brut-nature\/\",\"url\":\"https:\/\/foufou-champagne.com\/en\/champagne\/billecart-salmon-brut-nature\/\",\"name\":\"Buy Billecart-Salmon Brut R\u00e9serve | FOUFOU CHAMPAGNE BOUTIQUE\",\"isPartOf\":{\"@id\":\"https:\/\/foufou-champagne.com\/en\/#website\"},\"primaryImageOfPage\":{\"@id\":\"https:\/\/foufou-champagne.com\/en\/champagne\/billecart-salmon-brut-nature\/#primaryimage\"},\"image\":{\"@id\":\"https:\/\/foufou-champagne.com\/en\/champagne\/billecart-salmon-brut-nature\/#primaryimage\"},\"thumbnailUrl\":\"https:\/\/foufou-champagne.com\/wp-content\/uploads\/2023\/08\/Champagne-Billecart-Salmon-Brut-Nature.png\",\"datePublished\":\"2023-08-15T11:48:11+00:00\",\"dateModified\":\"2025-12-19T15:35:24+00:00\",\"description\":\"Billecart-Salmon Brut R\u00e9serve is synonymous with a degree of sophistication rarely found in this price range. Harmonious and well-balanced. \u2665 Learn more here.\",\"breadcrumb\":{\"@id\":\"https:\/\/foufou-champagne.com\/en\/champagne\/billecart-salmon-brut-nature\/#breadcrumb\"},\"inLanguage\":\"en-US\",\"potentialAction\":[{\"@type\":\"ReadAction\",\"target\":[\"https:\/\/foufou-champagne.com\/en\/champagne\/billecart-salmon-brut-nature\/\"]}]},{\"@type\":\"ImageObject\",\"inLanguage\":\"en-US\",\"@id\":\"https:\/\/foufou-champagne.com\/en\/champagne\/billecart-salmon-brut-nature\/#primaryimage\",\"url\":\"https:\/\/foufou-champagne.com\/wp-content\/uploads\/2023\/08\/Champagne-Billecart-Salmon-Brut-Nature.png\",\"contentUrl\":\"https:\/\/foufou-champagne.com\/wp-content\/uploads\/2023\/08\/Champagne-Billecart-Salmon-Brut-Nature.png\",\"width\":800,\"height\":1000},{\"@type\":\"BreadcrumbList\",\"@id\":\"https:\/\/foufou-champagne.com\/en\/champagne\/billecart-salmon-brut-nature\/#breadcrumb\",\"itemListElement\":[{\"@type\":\"ListItem\",\"position\":1,\"name\":\"Startseite\",\"item\":\"https:\/\/foufou-champagne.com\/en\/\"},{\"@type\":\"ListItem\",\"position\":2,\"name\":\"Shop\",\"item\":\"https:\/\/foufou-champagne.com\/en\/shop\/\"},{\"@type\":\"ListItem\",\"position\":3,\"name\":\"Billecart-Salmon Brut Nature\"}]},{\"@type\":\"WebSite\",\"@id\":\"https:\/\/foufou-champagne.com\/en\/#website\",\"url\":\"https:\/\/foufou-champagne.com\/en\/\",\"name\":\"foufou-champagne.com\",\"description\":\"CHAMPAGNE BOUTIQUE\",\"potentialAction\":[{\"@type\":\"SearchAction\",\"target\":{\"@type\":\"EntryPoint\",\"urlTemplate\":\"https:\/\/foufou-champagne.com\/en\/?s={search_term_string}\"},\"query-input\":{\"@type\":\"PropertyValueSpecification\",\"valueRequired\":true,\"valueName\":\"search_term_string\"}}],\"inLanguage\":\"en-US\"}]}<\/script>\n<!-- \/ Yoast SEO plugin. -->","yoast_head_json":{"title":"Buy Billecart-Salmon Brut R\u00e9serve | FOUFOU CHAMPAGNE BOUTIQUE","description":"Billecart-Salmon Brut R\u00e9serve is synonymous with a degree of sophistication rarely found in this price range. Harmonious and well-balanced. \u2665 Learn more here.","robots":{"index":"index","follow":"follow","max-snippet":"max-snippet:-1","max-image-preview":"max-image-preview:large","max-video-preview":"max-video-preview:-1"},"canonical":"https:\/\/foufou-champagne.com\/en\/champagne\/billecart-salmon-brut-nature\/","og_locale":"en_US","og_type":"article","og_title":"Buy Billecart-Salmon Brut R\u00e9serve | FOUFOU CHAMPAGNE BOUTIQUE","og_description":"Billecart-Salmon Brut R\u00e9serve is synonymous with a degree of sophistication rarely found in this price range. Harmonious and well-balanced. \u2665 Learn more here.","og_url":"https:\/\/foufou-champagne.com\/en\/champagne\/billecart-salmon-brut-nature\/","og_site_name":"foufou-champagne.com","article_modified_time":"2025-12-19T15:35:24+00:00","og_image":[{"width":800,"height":1000,"url":"https:\/\/foufou-champagne.com\/wp-content\/uploads\/2023\/08\/Champagne-Billecart-Salmon-Brut-Nature.png","type":"image\/png"}],"twitter_card":"summary_large_image","twitter_misc":{"Est. reading time":"2 minutes"},"schema":{"@context":"https:\/\/schema.org","@graph":[{"@type":"WebPage","@id":"https:\/\/foufou-champagne.com\/en\/champagne\/billecart-salmon-brut-nature\/","url":"https:\/\/foufou-champagne.com\/en\/champagne\/billecart-salmon-brut-nature\/","name":"Buy Billecart-Salmon Brut R\u00e9serve | FOUFOU CHAMPAGNE BOUTIQUE","isPartOf":{"@id":"https:\/\/foufou-champagne.com\/en\/#website"},"primaryImageOfPage":{"@id":"https:\/\/foufou-champagne.com\/en\/champagne\/billecart-salmon-brut-nature\/#primaryimage"},"image":{"@id":"https:\/\/foufou-champagne.com\/en\/champagne\/billecart-salmon-brut-nature\/#primaryimage"},"thumbnailUrl":"https:\/\/foufou-champagne.com\/wp-content\/uploads\/2023\/08\/Champagne-Billecart-Salmon-Brut-Nature.png","datePublished":"2023-08-15T11:48:11+00:00","dateModified":"2025-12-19T15:35:24+00:00","description":"Billecart-Salmon Brut R\u00e9serve is synonymous with a degree of sophistication rarely found in this price range. Harmonious and well-balanced. \u2665 Learn more here.","breadcrumb":{"@id":"https:\/\/foufou-champagne.com\/en\/champagne\/billecart-salmon-brut-nature\/#breadcrumb"},"inLanguage":"en-US","potentialAction":[{"@type":"ReadAction","target":["https:\/\/foufou-champagne.com\/en\/champagne\/billecart-salmon-brut-nature\/"]}]},{"@type":"ImageObject","inLanguage":"en-US","@id":"https:\/\/foufou-champagne.com\/en\/champagne\/billecart-salmon-brut-nature\/#primaryimage","url":"https:\/\/foufou-champagne.com\/wp-content\/uploads\/2023\/08\/Champagne-Billecart-Salmon-Brut-Nature.png","contentUrl":"https:\/\/foufou-champagne.com\/wp-content\/uploads\/2023\/08\/Champagne-Billecart-Salmon-Brut-Nature.png","width":800,"height":1000},{"@type":"BreadcrumbList","@id":"https:\/\/foufou-champagne.com\/en\/champagne\/billecart-salmon-brut-nature\/#breadcrumb","itemListElement":[{"@type":"ListItem","position":1,"name":"Startseite","item":"https:\/\/foufou-champagne.com\/en\/"},{"@type":"ListItem","position":2,"name":"Shop","item":"https:\/\/foufou-champagne.com\/en\/shop\/"},{"@type":"ListItem","position":3,"name":"Billecart-Salmon Brut Nature"}]},{"@type":"WebSite","@id":"https:\/\/foufou-champagne.com\/en\/#website","url":"https:\/\/foufou-champagne.com\/en\/","name":"foufou-champagne.com","description":"CHAMPAGNE BOUTIQUE","potentialAction":[{"@type":"SearchAction","target":{"@type":"EntryPoint","urlTemplate":"https:\/\/foufou-champagne.com\/en\/?s={search_term_string}"},"query-input":{"@type":"PropertyValueSpecification","valueRequired":true,"valueName":"search_term_string"}}],"inLanguage":"en-US"}]}},"_links":{"self":[{"href":"https:\/\/foufou-champagne.com\/en\/wp-json\/wp\/v2\/product\/13393","targetHints":{"allow":["GET"]}}],"collection":[{"href":"https:\/\/foufou-champagne.com\/en\/wp-json\/wp\/v2\/product"}],"about":[{"href":"https:\/\/foufou-champagne.com\/en\/wp-json\/wp\/v2\/types\/product"}],"replies":[{"embeddable":true,"href":"https:\/\/foufou-champagne.com\/en\/wp-json\/wp\/v2\/comments?post=13393"}],"wp:featuredmedia":[{"embeddable":true,"href":"https:\/\/foufou-champagne.com\/en\/wp-json\/wp\/v2\/media\/13343"}],"wp:attachment":[{"href":"https:\/\/foufou-champagne.com\/en\/wp-json\/wp\/v2\/media?parent=13393"}],"wp:term":[{"taxonomy":"product_brand","embeddable":true,"href":"https:\/\/foufou-champagne.com\/en\/wp-json\/wp\/v2\/product_brand?post=13393"},{"taxonomy":"product_cat","embeddable":true,"href":"https:\/\/foufou-champagne.com\/en\/wp-json\/wp\/v2\/product_cat?post=13393"},{"taxonomy":"product_tag","embeddable":true,"href":"https:\/\/foufou-champagne.com\/en\/wp-json\/wp\/v2\/product_tag?post=13393"}],"curies":[{"name":"wp","href":"https:\/\/api.w.org\/{rel}","templated":true}]}}