{"id":13556,"date":"2023-11-13T17:12:22","date_gmt":"2023-09-13T15:12:23","guid":{"rendered":"https:\/\/foufou-champagne.com\/?post_type=product&#038;p=13556"},"modified":"2023-11-16T12:25:51","modified_gmt":"2023-11-16T11:25:51","slug":"abele-1757-brut-rose-magnum-15l","status":"publish","type":"product","link":"https:\/\/foufou-champagne.com\/en\/champagne\/abele-1757-brut-rose-magnum-15l\/","title":{"rendered":"Abel\u00e9 1757 Brut Ros\u00e9 Magnum 1,5L"},"content":{"rendered":"<h4>The Champagne<\/h4>\n<p>A classic ros\u00e9 champagne for the romantics among you. Elegant and sensual with very subtle and well integrated residual sweetness. Ideal as an aperitif or with spicy dishes &amp; desserts of red fruits.<\/p>\n<p>Protected from daylight and fluctuations in temperature, the fruity Brut Ros\u00e9 ages in the centuries-old cellars of the House of Abel\u00e9 for at least three years. This composition of the three classic Champagne grapes &#8211; Chardonnay, Pinot Noir and Pinot Meunier &#8211; is the charming, feminist hallmark of the House of Abel\u00e9.<\/p>\n<h4>Tasting Note<\/h4>\n<ul>\n<li>In the glass, a rose gold hue with attractive copper nuances and a lively swirling perlage<\/li>\n<li>In the nose, a fine bouquet with scents of zitrus peel, orange peel and red fruits<\/li>\n<li>On the palate, ripe fruit accented by toasty aromas. Pleasantly smooth and delicate with a sensitive residual sweetness.<\/li>\n<\/ul>\n<h4>Pair with<\/h4>\n<ul>\n<li>Not only an ideal aperitif, but equally suitable with spicy dishes as well as fruity desserts or mild and soft cheeses.<\/li>\n<\/ul>\n<div class=\"row row--collapse align-left\">\n<div class=\"col col-sm-12 col-xlg-12\">\n<div class=\"cmsPlainText\">\n<div class=\"row\">\n<div class=\"col col-sm-12\">\n<div class=\"cmsPlainText__content\">\n<div class=\"cmsPlainText__split cmsPlainText__split--1\">\n<h4>The Champagne House Abel\u00e9 1757<\/h4>\n<p>The champagne house Abel\u00e9 was founded in 1757 and is thus considered one of the oldest in the Champagne region. Committed to ensuring a consistently high quality in its products, the family-run house deliberately produces only a limited amount of champagne. The plots of the house are distributed across the C\u00f4te des Blancs, the Montagne de Reims and the C\u00f4teaux des Riceys.<\/p>\n<\/div>\n<\/div>\n<\/div>\n<\/div>\n<\/div>\n<\/div>\n<\/div>\n","protected":false},"excerpt":{"rendered":"<p>Fruity and full of finesse. An elegant, classic ros\u00e9 champagne &#8211; the ideal aperitif.<\/p>\n","protected":false},"featured_media":13854,"comment_status":"open","ping_status":"closed","template":"","meta":{"_acf_changed":false,"_editorskit_title_hidden":false,"_editorskit_reading_time":0,"_editorskit_is_block_options_detached":false,"_editorskit_block_options_position":"{}","_coblocks_attr":"","_coblocks_dimensions":"","_coblocks_responsive_height":"","_coblocks_accordion_ie_support":""},"product_brand":[],"product_cat":[545,225,663,513],"product_tag":[522,521,519,257],"class_list":{"0":"post-13556","1":"product","2":"type-product","3":"status-publish","4":"has-post-thumbnail","6":"product_cat-abele-en","7":"product_cat-champagne","8":"product_cat-champagne-magnum-bottles","9":"product_cat-rose-champagne","10":"product_tag-elegant-en","11":"product_tag-fruity","12":"product_tag-magnum-en","13":"product_tag-rose-champagne","14":"product_shipping_class-standard-en","15":"pa_kategorie-rose-champagne","17":"first","18":"outofstock","19":"taxable","20":"shipping-taxable","21":"purchasable","22":"product-type-composite"},"composite_virtual":false,"composite_layout":"single","composite_add_to_cart_form_location":"default","composite_editable_in_cart":false,"composite_sold_individually_context":"product","composite_shop_price_calc":"min_max","composite_components":[{"id":"1686179596","title":"Gift box (optional)","description":"","query_type":"product_ids","query_ids":[13164],"default_option_id":"","thumbnail_id":"","thumbnail_src":"","quantity_min":1,"quantity_max":1,"priced_individually":true,"shipped_individually":false,"optional":true,"discount":"","options_style":"dropdowns","pagination_style":"classic","display_prices":"absolute","show_sorting_options":false,"show_filtering_options":false,"attribute_filter_ids":[],"select_action":"view","product_title_visible":false,"product_descr_visible":true,"product_price_visible":true,"product_thumb_visible":true,"subtotal_visible_product":false,"subtotal_visible_cart":false,"subtotal_visible_orders":false,"product_addons_visible":true},{"id":"1686179597","title":"Greeting card with mini bouquet (optional)","description":"","query_type":"category_ids","query_ids":[636],"default_option_id":"","thumbnail_id":"","thumbnail_src":"","quantity_min":1,"quantity_max":1,"priced_individually":true,"shipped_individually":false,"optional":true,"discount":"","options_style":"dropdowns","pagination_style":"classic","display_prices":"absolute","show_sorting_options":false,"show_filtering_options":false,"attribute_filter_ids":[],"select_action":"view","product_title_visible":false,"product_descr_visible":true,"product_price_visible":true,"product_thumb_visible":true,"subtotal_visible_product":false,"subtotal_visible_cart":false,"subtotal_visible_orders":false,"product_addons_visible":true}],"composite_scenarios":[],"exclude_global_add_ons":[],"addons":[],"acf":[],"yoast_head":"<!-- This site is optimized with the Yoast SEO plugin v26.8 - https:\/\/yoast.com\/product\/yoast-seo-wordpress\/ -->\n<title>Abel\u00e9 1757 Brut Ros\u00e9 Magnum 1,5L Champagner | FOUFOU CHAMPAGNE<\/title>\n<meta name=\"description\" content=\"Fruity and full of finesse. An elegant, classic ros\u00e9 champagne - the ideal aperitif.\u00a0Learn more here.\" \/>\n<meta name=\"robots\" content=\"index, follow, max-snippet:-1, max-image-preview:large, max-video-preview:-1\" \/>\n<link rel=\"canonical\" href=\"https:\/\/foufou-champagne.com\/en\/champagne\/abele-1757-brut-rose-magnum-15l\/\" \/>\n<meta property=\"og:locale\" content=\"en_US\" \/>\n<meta property=\"og:type\" content=\"article\" \/>\n<meta property=\"og:title\" content=\"Abel\u00e9 1757 Brut Ros\u00e9 Magnum 1,5L Champagner | FOUFOU CHAMPAGNE\" \/>\n<meta property=\"og:description\" content=\"Fruity and full of finesse. An elegant, classic ros\u00e9 champagne - the ideal aperitif.\u00a0Learn more here.\" \/>\n<meta property=\"og:url\" content=\"https:\/\/foufou-champagne.com\/en\/champagne\/abele-1757-brut-rose-magnum-15l\/\" \/>\n<meta property=\"og:site_name\" content=\"foufou-champagne.com\" \/>\n<meta property=\"article:modified_time\" content=\"2023-11-16T11:25:51+00:00\" \/>\n<meta property=\"og:image\" content=\"https:\/\/foufou-champagne.com\/wp-content\/uploads\/2023\/11\/Abele-Rose-Champagner-FOUFOU-CHAMPAGNE-Boutique.png\" \/>\n\t<meta property=\"og:image:width\" content=\"800\" \/>\n\t<meta property=\"og:image:height\" content=\"1000\" \/>\n\t<meta property=\"og:image:type\" content=\"image\/png\" \/>\n<meta name=\"twitter:card\" content=\"summary_large_image\" \/>\n<meta name=\"twitter:label1\" content=\"Est. reading time\" \/>\n\t<meta name=\"twitter:data1\" content=\"2 minutes\" \/>\n<script type=\"application\/ld+json\" class=\"yoast-schema-graph\">{\"@context\":\"https:\/\/schema.org\",\"@graph\":[{\"@type\":\"WebPage\",\"@id\":\"https:\/\/foufou-champagne.com\/en\/champagne\/abele-1757-brut-rose-magnum-15l\/\",\"url\":\"https:\/\/foufou-champagne.com\/en\/champagne\/abele-1757-brut-rose-magnum-15l\/\",\"name\":\"Abel\u00e9 1757 Brut Ros\u00e9 Magnum 1,5L Champagner | FOUFOU CHAMPAGNE\",\"isPartOf\":{\"@id\":\"https:\/\/foufou-champagne.com\/en\/#website\"},\"primaryImageOfPage\":{\"@id\":\"https:\/\/foufou-champagne.com\/en\/champagne\/abele-1757-brut-rose-magnum-15l\/#primaryimage\"},\"image\":{\"@id\":\"https:\/\/foufou-champagne.com\/en\/champagne\/abele-1757-brut-rose-magnum-15l\/#primaryimage\"},\"thumbnailUrl\":\"https:\/\/foufou-champagne.com\/wp-content\/uploads\/2023\/11\/Abele-Rose-Champagner-FOUFOU-CHAMPAGNE-Boutique.png\",\"datePublished\":\"2023-09-13T15:12:23+00:00\",\"dateModified\":\"2023-11-16T11:25:51+00:00\",\"description\":\"Fruity and full of finesse. An elegant, classic ros\u00e9 champagne - the ideal aperitif.\u00a0Learn more here.\",\"breadcrumb\":{\"@id\":\"https:\/\/foufou-champagne.com\/en\/champagne\/abele-1757-brut-rose-magnum-15l\/#breadcrumb\"},\"inLanguage\":\"en-US\",\"potentialAction\":[{\"@type\":\"ReadAction\",\"target\":[\"https:\/\/foufou-champagne.com\/en\/champagne\/abele-1757-brut-rose-magnum-15l\/\"]}]},{\"@type\":\"ImageObject\",\"inLanguage\":\"en-US\",\"@id\":\"https:\/\/foufou-champagne.com\/en\/champagne\/abele-1757-brut-rose-magnum-15l\/#primaryimage\",\"url\":\"https:\/\/foufou-champagne.com\/wp-content\/uploads\/2023\/11\/Abele-Rose-Champagner-FOUFOU-CHAMPAGNE-Boutique.png\",\"contentUrl\":\"https:\/\/foufou-champagne.com\/wp-content\/uploads\/2023\/11\/Abele-Rose-Champagner-FOUFOU-CHAMPAGNE-Boutique.png\",\"width\":800,\"height\":1000},{\"@type\":\"BreadcrumbList\",\"@id\":\"https:\/\/foufou-champagne.com\/en\/champagne\/abele-1757-brut-rose-magnum-15l\/#breadcrumb\",\"itemListElement\":[{\"@type\":\"ListItem\",\"position\":1,\"name\":\"Startseite\",\"item\":\"https:\/\/foufou-champagne.com\/en\/\"},{\"@type\":\"ListItem\",\"position\":2,\"name\":\"Shop\",\"item\":\"https:\/\/foufou-champagne.com\/en\/shop\/\"},{\"@type\":\"ListItem\",\"position\":3,\"name\":\"Abel\u00e9 1757 Brut Ros\u00e9 Magnum 1,5L\"}]},{\"@type\":\"WebSite\",\"@id\":\"https:\/\/foufou-champagne.com\/en\/#website\",\"url\":\"https:\/\/foufou-champagne.com\/en\/\",\"name\":\"foufou-champagne.com\",\"description\":\"CHAMPAGNE BOUTIQUE\",\"potentialAction\":[{\"@type\":\"SearchAction\",\"target\":{\"@type\":\"EntryPoint\",\"urlTemplate\":\"https:\/\/foufou-champagne.com\/en\/?s={search_term_string}\"},\"query-input\":{\"@type\":\"PropertyValueSpecification\",\"valueRequired\":true,\"valueName\":\"search_term_string\"}}],\"inLanguage\":\"en-US\"}]}<\/script>\n<!-- \/ Yoast SEO plugin. -->","yoast_head_json":{"title":"Abel\u00e9 1757 Brut Ros\u00e9 Magnum 1,5L Champagner | FOUFOU CHAMPAGNE","description":"Fruity and full of finesse. An elegant, classic ros\u00e9 champagne - the ideal aperitif.\u00a0Learn more here.","robots":{"index":"index","follow":"follow","max-snippet":"max-snippet:-1","max-image-preview":"max-image-preview:large","max-video-preview":"max-video-preview:-1"},"canonical":"https:\/\/foufou-champagne.com\/en\/champagne\/abele-1757-brut-rose-magnum-15l\/","og_locale":"en_US","og_type":"article","og_title":"Abel\u00e9 1757 Brut Ros\u00e9 Magnum 1,5L Champagner | FOUFOU CHAMPAGNE","og_description":"Fruity and full of finesse. An elegant, classic ros\u00e9 champagne - the ideal aperitif.\u00a0Learn more here.","og_url":"https:\/\/foufou-champagne.com\/en\/champagne\/abele-1757-brut-rose-magnum-15l\/","og_site_name":"foufou-champagne.com","article_modified_time":"2023-11-16T11:25:51+00:00","og_image":[{"width":800,"height":1000,"url":"https:\/\/foufou-champagne.com\/wp-content\/uploads\/2023\/11\/Abele-Rose-Champagner-FOUFOU-CHAMPAGNE-Boutique.png","type":"image\/png"}],"twitter_card":"summary_large_image","twitter_misc":{"Est. reading time":"2 minutes"},"schema":{"@context":"https:\/\/schema.org","@graph":[{"@type":"WebPage","@id":"https:\/\/foufou-champagne.com\/en\/champagne\/abele-1757-brut-rose-magnum-15l\/","url":"https:\/\/foufou-champagne.com\/en\/champagne\/abele-1757-brut-rose-magnum-15l\/","name":"Abel\u00e9 1757 Brut Ros\u00e9 Magnum 1,5L Champagner | FOUFOU CHAMPAGNE","isPartOf":{"@id":"https:\/\/foufou-champagne.com\/en\/#website"},"primaryImageOfPage":{"@id":"https:\/\/foufou-champagne.com\/en\/champagne\/abele-1757-brut-rose-magnum-15l\/#primaryimage"},"image":{"@id":"https:\/\/foufou-champagne.com\/en\/champagne\/abele-1757-brut-rose-magnum-15l\/#primaryimage"},"thumbnailUrl":"https:\/\/foufou-champagne.com\/wp-content\/uploads\/2023\/11\/Abele-Rose-Champagner-FOUFOU-CHAMPAGNE-Boutique.png","datePublished":"2023-09-13T15:12:23+00:00","dateModified":"2023-11-16T11:25:51+00:00","description":"Fruity and full of finesse. An elegant, classic ros\u00e9 champagne - the ideal aperitif.\u00a0Learn more here.","breadcrumb":{"@id":"https:\/\/foufou-champagne.com\/en\/champagne\/abele-1757-brut-rose-magnum-15l\/#breadcrumb"},"inLanguage":"en-US","potentialAction":[{"@type":"ReadAction","target":["https:\/\/foufou-champagne.com\/en\/champagne\/abele-1757-brut-rose-magnum-15l\/"]}]},{"@type":"ImageObject","inLanguage":"en-US","@id":"https:\/\/foufou-champagne.com\/en\/champagne\/abele-1757-brut-rose-magnum-15l\/#primaryimage","url":"https:\/\/foufou-champagne.com\/wp-content\/uploads\/2023\/11\/Abele-Rose-Champagner-FOUFOU-CHAMPAGNE-Boutique.png","contentUrl":"https:\/\/foufou-champagne.com\/wp-content\/uploads\/2023\/11\/Abele-Rose-Champagner-FOUFOU-CHAMPAGNE-Boutique.png","width":800,"height":1000},{"@type":"BreadcrumbList","@id":"https:\/\/foufou-champagne.com\/en\/champagne\/abele-1757-brut-rose-magnum-15l\/#breadcrumb","itemListElement":[{"@type":"ListItem","position":1,"name":"Startseite","item":"https:\/\/foufou-champagne.com\/en\/"},{"@type":"ListItem","position":2,"name":"Shop","item":"https:\/\/foufou-champagne.com\/en\/shop\/"},{"@type":"ListItem","position":3,"name":"Abel\u00e9 1757 Brut Ros\u00e9 Magnum 1,5L"}]},{"@type":"WebSite","@id":"https:\/\/foufou-champagne.com\/en\/#website","url":"https:\/\/foufou-champagne.com\/en\/","name":"foufou-champagne.com","description":"CHAMPAGNE BOUTIQUE","potentialAction":[{"@type":"SearchAction","target":{"@type":"EntryPoint","urlTemplate":"https:\/\/foufou-champagne.com\/en\/?s={search_term_string}"},"query-input":{"@type":"PropertyValueSpecification","valueRequired":true,"valueName":"search_term_string"}}],"inLanguage":"en-US"}]}},"_links":{"self":[{"href":"https:\/\/foufou-champagne.com\/en\/wp-json\/wp\/v2\/product\/13556","targetHints":{"allow":["GET"]}}],"collection":[{"href":"https:\/\/foufou-champagne.com\/en\/wp-json\/wp\/v2\/product"}],"about":[{"href":"https:\/\/foufou-champagne.com\/en\/wp-json\/wp\/v2\/types\/product"}],"replies":[{"embeddable":true,"href":"https:\/\/foufou-champagne.com\/en\/wp-json\/wp\/v2\/comments?post=13556"}],"wp:featuredmedia":[{"embeddable":true,"href":"https:\/\/foufou-champagne.com\/en\/wp-json\/wp\/v2\/media\/13854"}],"wp:attachment":[{"href":"https:\/\/foufou-champagne.com\/en\/wp-json\/wp\/v2\/media?parent=13556"}],"wp:term":[{"taxonomy":"product_brand","embeddable":true,"href":"https:\/\/foufou-champagne.com\/en\/wp-json\/wp\/v2\/product_brand?post=13556"},{"taxonomy":"product_cat","embeddable":true,"href":"https:\/\/foufou-champagne.com\/en\/wp-json\/wp\/v2\/product_cat?post=13556"},{"taxonomy":"product_tag","embeddable":true,"href":"https:\/\/foufou-champagne.com\/en\/wp-json\/wp\/v2\/product_tag?post=13556"}],"curies":[{"name":"wp","href":"https:\/\/api.w.org\/{rel}","templated":true}]}}