{"id":14018,"date":"2023-12-04T21:08:07","date_gmt":"2023-12-04T20:08:07","guid":{"rendered":"https:\/\/foufou-champagne.com\/?post_type=product&#038;p=14018"},"modified":"2023-12-13T16:24:53","modified_gmt":"2023-12-13T15:24:53","slug":"laurent-perrier-cuvee-rose-brut-kopie","status":"publish","type":"product","link":"https:\/\/foufou-champagne.com\/en\/champagne\/laurent-perrier-cuvee-rose-brut-kopie\/","title":{"rendered":"Laurent-Perrier Cuv\u00e9e Ros\u00e9 metal gift box"},"content":{"rendered":"<h4>The Champagne<\/h4>\n<p>The Cuv\u00e9e Ros\u00e9 is a special champagne with a very expressive bouquet and a balance of vinosity and freshness. A reference wine for ros\u00e9 champagne! The grapes come from 10 different crus around Ambonnay, Bouzy, Louvois and Tours-sur-Marne. This excellent champagne is made with the technique of maceration, extremely rare in ros\u00e9 champagnes. This involves resting the pressed juice on the berries for a few hours to achieve tremendous freshness and particular depth. In addition to its taste, this champagne also boasts an impressive visual appearance: the bottle emblazoned with a coat of arms is an eye-catcher and dates back to the 17th century!<\/p>\n<h4>Tasting Note<\/h4>\n<ul>\n<li>In the glass: A light salmon pink.<\/li>\n<li>On the nose: a fresh bouquet of red berries and black cherries.<\/li>\n<li>On the palate, the Cuv\u00e9e Ros\u00e9 presents an acidic fruitiness and clarity. Very smooth and well-rounded.<\/li>\n<\/ul>\n<h4>Pair with<\/h4>\n<ul>\n<li>The champagne is perfect as an aperitif.<\/li>\n<li>This champagne goes well with sausage and poultry.<\/li>\n<li>Also great in combination with desserts and red fruits.<\/li>\n<\/ul>\n<p>&nbsp;<\/p>\n<h4>The champagne house Laurent-Perrier<\/h4>\n<p><strong>Freshness, finesse and elegance<\/strong><\/p>\n<p>The champagne house was founded in 1812 by Andr\u00e9 Michel Pierlot and was originally christened Veuve Laurent-Perrier. In 1939, the estate was acquired by Marie-Louise de Nonancourt, whose son Bernard took over the winery in 1948 and shaped it into what it is today. Today, Laurent-Perrier is the fifth largest Champagne house in France in terms of production volume. The house&#8217;s vision is to produce a particularly fresh and elegant champagne, which is why its champagnes all have a very high proportion of Chardonnay. The house is committed to sustainable cultivation and uses only non-invasive chemicals on the vines.<\/p>\n","protected":false},"excerpt":{"rendered":"<p>A classic ros\u00e9 champagne in an exclusive metal gift box!<\/p>\n","protected":false},"featured_media":14020,"comment_status":"open","ping_status":"closed","template":"","meta":{"_acf_changed":false,"_editorskit_title_hidden":false,"_editorskit_reading_time":0,"_editorskit_is_block_options_detached":false,"_editorskit_block_options_position":"{}","_coblocks_attr":"","_coblocks_dimensions":"","_coblocks_responsive_height":"","_coblocks_accordion_ie_support":""},"product_brand":[],"product_cat":[225,453,513],"product_tag":[257],"class_list":{"0":"post-14018","1":"product","2":"type-product","3":"status-publish","4":"has-post-thumbnail","6":"product_cat-champagne","7":"product_cat-laurent-perrier-champagne","8":"product_cat-rose-champagne","9":"product_tag-rose-champagne","10":"product_shipping_class-standard-en","12":"first","13":"outofstock","14":"taxable","15":"shipping-taxable","16":"purchasable","17":"product-type-composite"},"composite_virtual":false,"composite_layout":"single","composite_add_to_cart_form_location":"default","composite_editable_in_cart":false,"composite_sold_individually_context":"product","composite_shop_price_calc":"min_max","composite_components":[{"id":"1686166800","title":"Gift box (optional)","description":"","query_type":"product_ids","query_ids":[13157],"default_option_id":"","thumbnail_id":"","thumbnail_src":"","quantity_min":1,"quantity_max":1,"priced_individually":true,"shipped_individually":false,"optional":true,"discount":"","options_style":"dropdowns","pagination_style":"classic","display_prices":"absolute","show_sorting_options":false,"show_filtering_options":false,"attribute_filter_ids":[],"select_action":"view","product_title_visible":false,"product_descr_visible":true,"product_price_visible":true,"product_thumb_visible":true,"subtotal_visible_product":false,"subtotal_visible_cart":false,"subtotal_visible_orders":false,"product_addons_visible":true},{"id":"1686166801","title":"Greeting card with mini bouquet (optional)","description":"","query_type":"category_ids","query_ids":[636],"default_option_id":"","thumbnail_id":"","thumbnail_src":"","quantity_min":1,"quantity_max":1,"priced_individually":true,"shipped_individually":false,"optional":true,"discount":"","options_style":"dropdowns","pagination_style":"classic","display_prices":"absolute","show_sorting_options":false,"show_filtering_options":false,"attribute_filter_ids":[],"select_action":"view","product_title_visible":false,"product_descr_visible":true,"product_price_visible":true,"product_thumb_visible":true,"subtotal_visible_product":false,"subtotal_visible_cart":false,"subtotal_visible_orders":false,"product_addons_visible":true}],"composite_scenarios":[],"exclude_global_add_ons":[],"addons":[],"acf":[],"yoast_head":"<!-- This site is optimized with the Yoast SEO plugin v26.8 - https:\/\/yoast.com\/product\/yoast-seo-wordpress\/ -->\n<title>Laurent-Perrier Cuv\u00e9e Ros\u00e9 metal gift box | FOUFOU CHAMPAGNE BOUTIQUE<\/title>\n<meta name=\"description\" content=\"Laurent-Perrier&#039;s Cuv\u00e9e Brut is the pioneer of ros\u00e9 champagnes. Expressive and fruity. Buy online now!\" \/>\n<meta name=\"robots\" content=\"index, follow, max-snippet:-1, max-image-preview:large, max-video-preview:-1\" \/>\n<link rel=\"canonical\" href=\"https:\/\/foufou-champagne.com\/en\/champagne\/laurent-perrier-cuvee-rose-brut-kopie\/\" \/>\n<meta property=\"og:locale\" content=\"en_US\" \/>\n<meta property=\"og:type\" content=\"article\" \/>\n<meta property=\"og:title\" content=\"Laurent-Perrier Cuv\u00e9e Ros\u00e9 metal gift box | FOUFOU CHAMPAGNE BOUTIQUE\" \/>\n<meta property=\"og:description\" content=\"Laurent-Perrier&#039;s Cuv\u00e9e Brut is the pioneer of ros\u00e9 champagnes. Expressive and fruity. Buy online now!\" \/>\n<meta property=\"og:url\" content=\"https:\/\/foufou-champagne.com\/en\/champagne\/laurent-perrier-cuvee-rose-brut-kopie\/\" \/>\n<meta property=\"og:site_name\" content=\"foufou-champagne.com\" \/>\n<meta property=\"article:modified_time\" content=\"2023-12-13T15:24:53+00:00\" \/>\n<meta property=\"og:image\" content=\"https:\/\/foufou-champagne.com\/wp-content\/uploads\/2023\/12\/foufou-sweater-geschenke-55.jpg\" \/>\n\t<meta property=\"og:image:width\" content=\"1333\" \/>\n\t<meta property=\"og:image:height\" content=\"2000\" \/>\n\t<meta property=\"og:image:type\" content=\"image\/jpeg\" \/>\n<meta name=\"twitter:card\" content=\"summary_large_image\" \/>\n<meta name=\"twitter:label1\" content=\"Est. reading time\" \/>\n\t<meta name=\"twitter:data1\" content=\"2 minutes\" \/>\n<script type=\"application\/ld+json\" class=\"yoast-schema-graph\">{\"@context\":\"https:\/\/schema.org\",\"@graph\":[{\"@type\":\"WebPage\",\"@id\":\"https:\/\/foufou-champagne.com\/en\/champagne\/laurent-perrier-cuvee-rose-brut-kopie\/\",\"url\":\"https:\/\/foufou-champagne.com\/en\/champagne\/laurent-perrier-cuvee-rose-brut-kopie\/\",\"name\":\"Laurent-Perrier Cuv\u00e9e Ros\u00e9 metal gift box | FOUFOU CHAMPAGNE BOUTIQUE\",\"isPartOf\":{\"@id\":\"https:\/\/foufou-champagne.com\/en\/#website\"},\"primaryImageOfPage\":{\"@id\":\"https:\/\/foufou-champagne.com\/en\/champagne\/laurent-perrier-cuvee-rose-brut-kopie\/#primaryimage\"},\"image\":{\"@id\":\"https:\/\/foufou-champagne.com\/en\/champagne\/laurent-perrier-cuvee-rose-brut-kopie\/#primaryimage\"},\"thumbnailUrl\":\"https:\/\/foufou-champagne.com\/wp-content\/uploads\/2023\/12\/foufou-sweater-geschenke-55.jpg\",\"datePublished\":\"2023-12-04T20:08:07+00:00\",\"dateModified\":\"2023-12-13T15:24:53+00:00\",\"description\":\"Laurent-Perrier's Cuv\u00e9e Brut is the pioneer of ros\u00e9 champagnes. Expressive and fruity. Buy online now!\",\"breadcrumb\":{\"@id\":\"https:\/\/foufou-champagne.com\/en\/champagne\/laurent-perrier-cuvee-rose-brut-kopie\/#breadcrumb\"},\"inLanguage\":\"en-US\",\"potentialAction\":[{\"@type\":\"ReadAction\",\"target\":[\"https:\/\/foufou-champagne.com\/en\/champagne\/laurent-perrier-cuvee-rose-brut-kopie\/\"]}]},{\"@type\":\"ImageObject\",\"inLanguage\":\"en-US\",\"@id\":\"https:\/\/foufou-champagne.com\/en\/champagne\/laurent-perrier-cuvee-rose-brut-kopie\/#primaryimage\",\"url\":\"https:\/\/foufou-champagne.com\/wp-content\/uploads\/2023\/12\/foufou-sweater-geschenke-55.jpg\",\"contentUrl\":\"https:\/\/foufou-champagne.com\/wp-content\/uploads\/2023\/12\/foufou-sweater-geschenke-55.jpg\",\"width\":1333,\"height\":2000},{\"@type\":\"BreadcrumbList\",\"@id\":\"https:\/\/foufou-champagne.com\/en\/champagne\/laurent-perrier-cuvee-rose-brut-kopie\/#breadcrumb\",\"itemListElement\":[{\"@type\":\"ListItem\",\"position\":1,\"name\":\"Startseite\",\"item\":\"https:\/\/foufou-champagne.com\/en\/\"},{\"@type\":\"ListItem\",\"position\":2,\"name\":\"Shop\",\"item\":\"https:\/\/foufou-champagne.com\/en\/shop\/\"},{\"@type\":\"ListItem\",\"position\":3,\"name\":\"Laurent-Perrier Cuv\u00e9e Ros\u00e9 metal gift box\"}]},{\"@type\":\"WebSite\",\"@id\":\"https:\/\/foufou-champagne.com\/en\/#website\",\"url\":\"https:\/\/foufou-champagne.com\/en\/\",\"name\":\"foufou-champagne.com\",\"description\":\"CHAMPAGNE BOUTIQUE\",\"potentialAction\":[{\"@type\":\"SearchAction\",\"target\":{\"@type\":\"EntryPoint\",\"urlTemplate\":\"https:\/\/foufou-champagne.com\/en\/?s={search_term_string}\"},\"query-input\":{\"@type\":\"PropertyValueSpecification\",\"valueRequired\":true,\"valueName\":\"search_term_string\"}}],\"inLanguage\":\"en-US\"}]}<\/script>\n<!-- \/ Yoast SEO plugin. -->","yoast_head_json":{"title":"Laurent-Perrier Cuv\u00e9e Ros\u00e9 metal gift box | FOUFOU CHAMPAGNE BOUTIQUE","description":"Laurent-Perrier's Cuv\u00e9e Brut is the pioneer of ros\u00e9 champagnes. Expressive and fruity. Buy online now!","robots":{"index":"index","follow":"follow","max-snippet":"max-snippet:-1","max-image-preview":"max-image-preview:large","max-video-preview":"max-video-preview:-1"},"canonical":"https:\/\/foufou-champagne.com\/en\/champagne\/laurent-perrier-cuvee-rose-brut-kopie\/","og_locale":"en_US","og_type":"article","og_title":"Laurent-Perrier Cuv\u00e9e Ros\u00e9 metal gift box | FOUFOU CHAMPAGNE BOUTIQUE","og_description":"Laurent-Perrier's Cuv\u00e9e Brut is the pioneer of ros\u00e9 champagnes. Expressive and fruity. Buy online now!","og_url":"https:\/\/foufou-champagne.com\/en\/champagne\/laurent-perrier-cuvee-rose-brut-kopie\/","og_site_name":"foufou-champagne.com","article_modified_time":"2023-12-13T15:24:53+00:00","og_image":[{"width":1333,"height":2000,"url":"https:\/\/foufou-champagne.com\/wp-content\/uploads\/2023\/12\/foufou-sweater-geschenke-55.jpg","type":"image\/jpeg"}],"twitter_card":"summary_large_image","twitter_misc":{"Est. reading time":"2 minutes"},"schema":{"@context":"https:\/\/schema.org","@graph":[{"@type":"WebPage","@id":"https:\/\/foufou-champagne.com\/en\/champagne\/laurent-perrier-cuvee-rose-brut-kopie\/","url":"https:\/\/foufou-champagne.com\/en\/champagne\/laurent-perrier-cuvee-rose-brut-kopie\/","name":"Laurent-Perrier Cuv\u00e9e Ros\u00e9 metal gift box | FOUFOU CHAMPAGNE BOUTIQUE","isPartOf":{"@id":"https:\/\/foufou-champagne.com\/en\/#website"},"primaryImageOfPage":{"@id":"https:\/\/foufou-champagne.com\/en\/champagne\/laurent-perrier-cuvee-rose-brut-kopie\/#primaryimage"},"image":{"@id":"https:\/\/foufou-champagne.com\/en\/champagne\/laurent-perrier-cuvee-rose-brut-kopie\/#primaryimage"},"thumbnailUrl":"https:\/\/foufou-champagne.com\/wp-content\/uploads\/2023\/12\/foufou-sweater-geschenke-55.jpg","datePublished":"2023-12-04T20:08:07+00:00","dateModified":"2023-12-13T15:24:53+00:00","description":"Laurent-Perrier's Cuv\u00e9e Brut is the pioneer of ros\u00e9 champagnes. Expressive and fruity. Buy online now!","breadcrumb":{"@id":"https:\/\/foufou-champagne.com\/en\/champagne\/laurent-perrier-cuvee-rose-brut-kopie\/#breadcrumb"},"inLanguage":"en-US","potentialAction":[{"@type":"ReadAction","target":["https:\/\/foufou-champagne.com\/en\/champagne\/laurent-perrier-cuvee-rose-brut-kopie\/"]}]},{"@type":"ImageObject","inLanguage":"en-US","@id":"https:\/\/foufou-champagne.com\/en\/champagne\/laurent-perrier-cuvee-rose-brut-kopie\/#primaryimage","url":"https:\/\/foufou-champagne.com\/wp-content\/uploads\/2023\/12\/foufou-sweater-geschenke-55.jpg","contentUrl":"https:\/\/foufou-champagne.com\/wp-content\/uploads\/2023\/12\/foufou-sweater-geschenke-55.jpg","width":1333,"height":2000},{"@type":"BreadcrumbList","@id":"https:\/\/foufou-champagne.com\/en\/champagne\/laurent-perrier-cuvee-rose-brut-kopie\/#breadcrumb","itemListElement":[{"@type":"ListItem","position":1,"name":"Startseite","item":"https:\/\/foufou-champagne.com\/en\/"},{"@type":"ListItem","position":2,"name":"Shop","item":"https:\/\/foufou-champagne.com\/en\/shop\/"},{"@type":"ListItem","position":3,"name":"Laurent-Perrier Cuv\u00e9e Ros\u00e9 metal gift box"}]},{"@type":"WebSite","@id":"https:\/\/foufou-champagne.com\/en\/#website","url":"https:\/\/foufou-champagne.com\/en\/","name":"foufou-champagne.com","description":"CHAMPAGNE BOUTIQUE","potentialAction":[{"@type":"SearchAction","target":{"@type":"EntryPoint","urlTemplate":"https:\/\/foufou-champagne.com\/en\/?s={search_term_string}"},"query-input":{"@type":"PropertyValueSpecification","valueRequired":true,"valueName":"search_term_string"}}],"inLanguage":"en-US"}]}},"_links":{"self":[{"href":"https:\/\/foufou-champagne.com\/en\/wp-json\/wp\/v2\/product\/14018","targetHints":{"allow":["GET"]}}],"collection":[{"href":"https:\/\/foufou-champagne.com\/en\/wp-json\/wp\/v2\/product"}],"about":[{"href":"https:\/\/foufou-champagne.com\/en\/wp-json\/wp\/v2\/types\/product"}],"replies":[{"embeddable":true,"href":"https:\/\/foufou-champagne.com\/en\/wp-json\/wp\/v2\/comments?post=14018"}],"wp:featuredmedia":[{"embeddable":true,"href":"https:\/\/foufou-champagne.com\/en\/wp-json\/wp\/v2\/media\/14020"}],"wp:attachment":[{"href":"https:\/\/foufou-champagne.com\/en\/wp-json\/wp\/v2\/media?parent=14018"}],"wp:term":[{"taxonomy":"product_brand","embeddable":true,"href":"https:\/\/foufou-champagne.com\/en\/wp-json\/wp\/v2\/product_brand?post=14018"},{"taxonomy":"product_cat","embeddable":true,"href":"https:\/\/foufou-champagne.com\/en\/wp-json\/wp\/v2\/product_cat?post=14018"},{"taxonomy":"product_tag","embeddable":true,"href":"https:\/\/foufou-champagne.com\/en\/wp-json\/wp\/v2\/product_tag?post=14018"}],"curies":[{"name":"wp","href":"https:\/\/api.w.org\/{rel}","templated":true}]}}