{"id":14496,"date":"2024-03-22T12:24:41","date_gmt":"2024-03-22T11:24:42","guid":{"rendered":"https:\/\/foufou-champagne.com\/?post_type=product&#038;p=14496"},"modified":"2024-06-13T14:07:37","modified_gmt":"2024-06-13T12:07:37","slug":"benoit-marguet-sapience-2014","status":"publish","type":"product","link":"https:\/\/foufou-champagne.com\/en\/champagne\/benoit-marguet-sapience-2014\/","title":{"rendered":"Benoit Marguet Sapience Oenotheque 2014"},"content":{"rendered":"<h4>The Champagne<\/h4>\n<p>The Sapience Oenoth\u00e8que 2014 is a true masterpiece on many levels, and not just because of its exceptionally beautiful bottle. This cuv\u00e9e is the result of a collaboration between Beno\u00eet Marguet and his biodynamic colleagues David Leclapart, Vincent Laval and Beno\u00eet Lahaye. Leclapart supplies the Chardonnay (50%), Laval the Pinot Meunier (25%) and Beno\u00eet Lahaye the Pinot Noir (25%) for this prestige champagne. Beno\u00eet Marguet vinifies the Sapience together with Herv\u00e9 Jestin, an expert in biodynamic champagne. Only the best parcels are used for Sapience. The base wine matures for two years in selected wooden barrels before the second fermentation in the bottle. It then matured on the lees for over ten years before being disgorged in 2019.<\/p>\n<p>The Sapience 2014 also displays impressive energy, a remarkable variety of aromas and incredible depth. It is elegant and ripe, yet with a lively acidity. The aromas include citrus fruits, oranges and white flowers. With a little air, spicy notes and an extraordinary minerality also unfold. The slightly oxidative note that is characteristic of Marguet is also present in this cuv\u00e9e.<\/p>\n<p>This champagne impresses with its exceptional harmony and greatness! In a blind tasting with other top champagnes such as Salon and Krug, this Sapience outperformed all its competitors. Connoisseurs drink it immediately, while those with patience keep it for a few more years.<\/p>\n<p>The 2014 harvest benefited from a dry and warm autumn, which contributed to the perfect ripeness of the grapes. The combination of long maturation on the lees and the expertise of the winemakers involved results in a champagne of exceptional finesse and complexity. The Sapience 2014 was produced in a limited quantity, making it a special rarity.<\/p>\n<p>This vintage is appreciated by connoisseurs for its perfect balance between freshness, complexity and ageing potential.<\/p>\n<p>&nbsp;<\/p>\n<div class=\"product--description\">\n<h4><strong>Tasting Note<\/strong><\/h4>\n<\/div>\n<ul>\n<li>In the glass, a beautiful lemon yellow.\u00a0The delicacy of the perlage is hard to beat.<\/li>\n<li>On the nose, a scent of apple and citrus, punctuated by a slight smokiness and hints of vanilla.<\/li>\n<li>The palate is full-bodied and complex with vibrant energy. Spicy and with exceptional depth and minerality.<\/li>\n<\/ul>\n<h4>Pair with<\/h4>\n<ul>\n<li>A soloist for special moments.<\/li>\n<li>Also goes well with spicy, Asian dishes.<\/li>\n<li>Also a super companion to any kind of seafood.<\/li>\n<\/ul>\n<h4>The Marguet Champagne House<\/h4>\n<div class=\"row row--collapse align-left\">\n<div class=\"col col-sm-12 col-xlg-12\">\n<div class=\"cmsPlainText\">\n<div class=\"row\">\n<div class=\"col col-sm-12\">\n<div class=\"cmsPlainText__content\">\n<div class=\"cmsPlainText__split cmsPlainText__split--1\">\n<p>Beno\u00eet Marguet is the fifth generation of his family to run the small Marguet champagne house in the southern Montagne de Reims. This puts the winemaker in the great position of being able to work with vines that are 38 years old on average. Beno\u00eet Marguet firmly believes that an honest and straightforward champagne can only be created through organic cultivation. His vineyards are still plowed with horses and all the champagnes are aged in wood.<br \/>\nSince 2006, Marguet has been collaborating with Herv\u00e9 Jestin, the former cellar master of Duval-Leroy. Jestin advises many Champagne houses, and Beno\u00eet Marguet has learned a lot about biodynamic viticulture from him.<\/p>\n<p>The Marguet champagnes are fruity and elegant yet powerful. Mostly without dosage and with a spicy and sometimes smoky note. This, by the way, makes them excellent food companions.<\/p>\n<\/div>\n<\/div>\n<\/div>\n<\/div>\n<\/div>\n<\/div>\n<\/div>\n","protected":false},"excerpt":{"rendered":"<p>Once again, Benoit Marguet has managed to bring his idiosyncratic and sophisticated style to this beautifully designed bottle of Sapience 2014!<\/p>\n","protected":false},"featured_media":14851,"comment_status":"open","ping_status":"closed","template":"","meta":{"_acf_changed":false,"_editorskit_title_hidden":false,"_editorskit_reading_time":0,"_editorskit_is_block_options_detached":false,"_editorskit_block_options_position":"{}","_coblocks_attr":"","_coblocks_dimensions":"","_coblocks_responsive_height":"","_coblocks_accordion_ie_support":""},"product_brand":[],"product_cat":[225,429,264,248,265],"product_tag":[315,259,310,293],"class_list":{"0":"post-14496","1":"product","2":"type-product","3":"status-publish","4":"has-post-thumbnail","6":"product_cat-champagne","7":"product_cat-marguet-champagne","8":"product_cat-organic-champagne","9":"product_cat-vintage-champagne","10":"product_cat-winemaker-champagne","11":"product_tag-demeter-certified","12":"product_tag-good-dinner-companion","13":"product_tag-vintage-champagne","14":"product_tag-zero-dosage-en","15":"product_shipping_class-standard-en","16":"pa_kategorie-bio-champagner-en","17":"pa_kategorie-vintage-champagne","18":"pa_kategorie-winemaker-champagne","20":"first","21":"outofstock","22":"taxable","23":"shipping-taxable","24":"purchasable","25":"product-type-composite"},"composite_virtual":false,"composite_layout":"single","composite_add_to_cart_form_location":"default","composite_editable_in_cart":false,"composite_sold_individually_context":"product","composite_shop_price_calc":"min_max","composite_components":[{"id":"1686180985","title":"Greeting card with mini bouquet (optional)","description":"","query_type":"category_ids","query_ids":[636],"default_option_id":"","thumbnail_id":"","thumbnail_src":"","quantity_min":1,"quantity_max":1,"priced_individually":true,"shipped_individually":false,"optional":true,"discount":"","options_style":"dropdowns","pagination_style":"classic","display_prices":"absolute","show_sorting_options":false,"show_filtering_options":false,"attribute_filter_ids":[],"select_action":"view","product_title_visible":false,"product_descr_visible":true,"product_price_visible":true,"product_thumb_visible":true,"subtotal_visible_product":false,"subtotal_visible_cart":false,"subtotal_visible_orders":false,"product_addons_visible":true}],"composite_scenarios":[],"exclude_global_add_ons":[],"addons":[],"acf":[],"yoast_head":"<!-- This site is optimized with the Yoast SEO plugin v26.8 - https:\/\/yoast.com\/product\/yoast-seo-wordpress\/ -->\n<title>Buy Marguet Sapience Oenotheque 2014 online | FOUFOU Champagne Boutique<\/title>\n<meta name=\"description\" content=\"A real highlight in a beautiful bottle, Sapience 2014 is full-bodied and complex with vibrant energy. Spicy and with exceptional depth, minerality and precision.\" \/>\n<meta name=\"robots\" content=\"index, follow, max-snippet:-1, max-image-preview:large, max-video-preview:-1\" \/>\n<link rel=\"canonical\" href=\"https:\/\/foufou-champagne.com\/en\/champagne\/benoit-marguet-sapience-2014\/\" \/>\n<meta property=\"og:locale\" content=\"en_US\" \/>\n<meta property=\"og:type\" content=\"article\" \/>\n<meta property=\"og:title\" content=\"Buy Marguet Sapience Oenotheque 2014 online | FOUFOU Champagne Boutique\" \/>\n<meta property=\"og:description\" content=\"A real highlight in a beautiful bottle, Sapience 2014 is full-bodied and complex with vibrant energy. Spicy and with exceptional depth, minerality and precision.\" \/>\n<meta property=\"og:url\" content=\"https:\/\/foufou-champagne.com\/en\/champagne\/benoit-marguet-sapience-2014\/\" \/>\n<meta property=\"og:site_name\" content=\"foufou-champagne.com\" \/>\n<meta property=\"article:modified_time\" content=\"2024-06-13T12:07:37+00:00\" \/>\n<meta property=\"og:image\" content=\"https:\/\/foufou-champagne.com\/wp-content\/uploads\/2024\/03\/FOUFOU-Champagne-Marguet-Sapience-2-scaled.jpg\" \/>\n\t<meta property=\"og:image:width\" content=\"1707\" \/>\n\t<meta property=\"og:image:height\" content=\"2560\" \/>\n\t<meta property=\"og:image:type\" content=\"image\/jpeg\" \/>\n<meta name=\"twitter:card\" content=\"summary_large_image\" \/>\n<meta name=\"twitter:label1\" content=\"Est. reading time\" \/>\n\t<meta name=\"twitter:data1\" content=\"4 minutes\" \/>\n<script type=\"application\/ld+json\" class=\"yoast-schema-graph\">{\"@context\":\"https:\/\/schema.org\",\"@graph\":[{\"@type\":\"WebPage\",\"@id\":\"https:\/\/foufou-champagne.com\/en\/champagne\/benoit-marguet-sapience-2014\/\",\"url\":\"https:\/\/foufou-champagne.com\/en\/champagne\/benoit-marguet-sapience-2014\/\",\"name\":\"Buy Marguet Sapience Oenotheque 2014 online | FOUFOU Champagne Boutique\",\"isPartOf\":{\"@id\":\"https:\/\/foufou-champagne.com\/en\/#website\"},\"primaryImageOfPage\":{\"@id\":\"https:\/\/foufou-champagne.com\/en\/champagne\/benoit-marguet-sapience-2014\/#primaryimage\"},\"image\":{\"@id\":\"https:\/\/foufou-champagne.com\/en\/champagne\/benoit-marguet-sapience-2014\/#primaryimage\"},\"thumbnailUrl\":\"https:\/\/foufou-champagne.com\/wp-content\/uploads\/2024\/03\/FOUFOU-Champagne-Marguet-Sapience-2-scaled.jpg\",\"datePublished\":\"2024-03-22T11:24:42+00:00\",\"dateModified\":\"2024-06-13T12:07:37+00:00\",\"description\":\"A real highlight in a beautiful bottle, Sapience 2014 is full-bodied and complex with vibrant energy. Spicy and with exceptional depth, minerality and precision.\",\"breadcrumb\":{\"@id\":\"https:\/\/foufou-champagne.com\/en\/champagne\/benoit-marguet-sapience-2014\/#breadcrumb\"},\"inLanguage\":\"en-US\",\"potentialAction\":[{\"@type\":\"ReadAction\",\"target\":[\"https:\/\/foufou-champagne.com\/en\/champagne\/benoit-marguet-sapience-2014\/\"]}]},{\"@type\":\"ImageObject\",\"inLanguage\":\"en-US\",\"@id\":\"https:\/\/foufou-champagne.com\/en\/champagne\/benoit-marguet-sapience-2014\/#primaryimage\",\"url\":\"https:\/\/foufou-champagne.com\/wp-content\/uploads\/2024\/03\/FOUFOU-Champagne-Marguet-Sapience-2-scaled.jpg\",\"contentUrl\":\"https:\/\/foufou-champagne.com\/wp-content\/uploads\/2024\/03\/FOUFOU-Champagne-Marguet-Sapience-2-scaled.jpg\",\"width\":1707,\"height\":2560},{\"@type\":\"BreadcrumbList\",\"@id\":\"https:\/\/foufou-champagne.com\/en\/champagne\/benoit-marguet-sapience-2014\/#breadcrumb\",\"itemListElement\":[{\"@type\":\"ListItem\",\"position\":1,\"name\":\"Startseite\",\"item\":\"https:\/\/foufou-champagne.com\/en\/\"},{\"@type\":\"ListItem\",\"position\":2,\"name\":\"Shop\",\"item\":\"https:\/\/foufou-champagne.com\/en\/shop\/\"},{\"@type\":\"ListItem\",\"position\":3,\"name\":\"Benoit Marguet Sapience Oenotheque 2014\"}]},{\"@type\":\"WebSite\",\"@id\":\"https:\/\/foufou-champagne.com\/en\/#website\",\"url\":\"https:\/\/foufou-champagne.com\/en\/\",\"name\":\"foufou-champagne.com\",\"description\":\"CHAMPAGNE BOUTIQUE\",\"potentialAction\":[{\"@type\":\"SearchAction\",\"target\":{\"@type\":\"EntryPoint\",\"urlTemplate\":\"https:\/\/foufou-champagne.com\/en\/?s={search_term_string}\"},\"query-input\":{\"@type\":\"PropertyValueSpecification\",\"valueRequired\":true,\"valueName\":\"search_term_string\"}}],\"inLanguage\":\"en-US\"}]}<\/script>\n<!-- \/ Yoast SEO plugin. -->","yoast_head_json":{"title":"Buy Marguet Sapience Oenotheque 2014 online | FOUFOU Champagne Boutique","description":"A real highlight in a beautiful bottle, Sapience 2014 is full-bodied and complex with vibrant energy. Spicy and with exceptional depth, minerality and precision.","robots":{"index":"index","follow":"follow","max-snippet":"max-snippet:-1","max-image-preview":"max-image-preview:large","max-video-preview":"max-video-preview:-1"},"canonical":"https:\/\/foufou-champagne.com\/en\/champagne\/benoit-marguet-sapience-2014\/","og_locale":"en_US","og_type":"article","og_title":"Buy Marguet Sapience Oenotheque 2014 online | FOUFOU Champagne Boutique","og_description":"A real highlight in a beautiful bottle, Sapience 2014 is full-bodied and complex with vibrant energy. Spicy and with exceptional depth, minerality and precision.","og_url":"https:\/\/foufou-champagne.com\/en\/champagne\/benoit-marguet-sapience-2014\/","og_site_name":"foufou-champagne.com","article_modified_time":"2024-06-13T12:07:37+00:00","og_image":[{"width":1707,"height":2560,"url":"https:\/\/foufou-champagne.com\/wp-content\/uploads\/2024\/03\/FOUFOU-Champagne-Marguet-Sapience-2-scaled.jpg","type":"image\/jpeg"}],"twitter_card":"summary_large_image","twitter_misc":{"Est. reading time":"4 minutes"},"schema":{"@context":"https:\/\/schema.org","@graph":[{"@type":"WebPage","@id":"https:\/\/foufou-champagne.com\/en\/champagne\/benoit-marguet-sapience-2014\/","url":"https:\/\/foufou-champagne.com\/en\/champagne\/benoit-marguet-sapience-2014\/","name":"Buy Marguet Sapience Oenotheque 2014 online | FOUFOU Champagne Boutique","isPartOf":{"@id":"https:\/\/foufou-champagne.com\/en\/#website"},"primaryImageOfPage":{"@id":"https:\/\/foufou-champagne.com\/en\/champagne\/benoit-marguet-sapience-2014\/#primaryimage"},"image":{"@id":"https:\/\/foufou-champagne.com\/en\/champagne\/benoit-marguet-sapience-2014\/#primaryimage"},"thumbnailUrl":"https:\/\/foufou-champagne.com\/wp-content\/uploads\/2024\/03\/FOUFOU-Champagne-Marguet-Sapience-2-scaled.jpg","datePublished":"2024-03-22T11:24:42+00:00","dateModified":"2024-06-13T12:07:37+00:00","description":"A real highlight in a beautiful bottle, Sapience 2014 is full-bodied and complex with vibrant energy. Spicy and with exceptional depth, minerality and precision.","breadcrumb":{"@id":"https:\/\/foufou-champagne.com\/en\/champagne\/benoit-marguet-sapience-2014\/#breadcrumb"},"inLanguage":"en-US","potentialAction":[{"@type":"ReadAction","target":["https:\/\/foufou-champagne.com\/en\/champagne\/benoit-marguet-sapience-2014\/"]}]},{"@type":"ImageObject","inLanguage":"en-US","@id":"https:\/\/foufou-champagne.com\/en\/champagne\/benoit-marguet-sapience-2014\/#primaryimage","url":"https:\/\/foufou-champagne.com\/wp-content\/uploads\/2024\/03\/FOUFOU-Champagne-Marguet-Sapience-2-scaled.jpg","contentUrl":"https:\/\/foufou-champagne.com\/wp-content\/uploads\/2024\/03\/FOUFOU-Champagne-Marguet-Sapience-2-scaled.jpg","width":1707,"height":2560},{"@type":"BreadcrumbList","@id":"https:\/\/foufou-champagne.com\/en\/champagne\/benoit-marguet-sapience-2014\/#breadcrumb","itemListElement":[{"@type":"ListItem","position":1,"name":"Startseite","item":"https:\/\/foufou-champagne.com\/en\/"},{"@type":"ListItem","position":2,"name":"Shop","item":"https:\/\/foufou-champagne.com\/en\/shop\/"},{"@type":"ListItem","position":3,"name":"Benoit Marguet Sapience Oenotheque 2014"}]},{"@type":"WebSite","@id":"https:\/\/foufou-champagne.com\/en\/#website","url":"https:\/\/foufou-champagne.com\/en\/","name":"foufou-champagne.com","description":"CHAMPAGNE BOUTIQUE","potentialAction":[{"@type":"SearchAction","target":{"@type":"EntryPoint","urlTemplate":"https:\/\/foufou-champagne.com\/en\/?s={search_term_string}"},"query-input":{"@type":"PropertyValueSpecification","valueRequired":true,"valueName":"search_term_string"}}],"inLanguage":"en-US"}]}},"_links":{"self":[{"href":"https:\/\/foufou-champagne.com\/en\/wp-json\/wp\/v2\/product\/14496","targetHints":{"allow":["GET"]}}],"collection":[{"href":"https:\/\/foufou-champagne.com\/en\/wp-json\/wp\/v2\/product"}],"about":[{"href":"https:\/\/foufou-champagne.com\/en\/wp-json\/wp\/v2\/types\/product"}],"replies":[{"embeddable":true,"href":"https:\/\/foufou-champagne.com\/en\/wp-json\/wp\/v2\/comments?post=14496"}],"wp:featuredmedia":[{"embeddable":true,"href":"https:\/\/foufou-champagne.com\/en\/wp-json\/wp\/v2\/media\/14851"}],"wp:attachment":[{"href":"https:\/\/foufou-champagne.com\/en\/wp-json\/wp\/v2\/media?parent=14496"}],"wp:term":[{"taxonomy":"product_brand","embeddable":true,"href":"https:\/\/foufou-champagne.com\/en\/wp-json\/wp\/v2\/product_brand?post=14496"},{"taxonomy":"product_cat","embeddable":true,"href":"https:\/\/foufou-champagne.com\/en\/wp-json\/wp\/v2\/product_cat?post=14496"},{"taxonomy":"product_tag","embeddable":true,"href":"https:\/\/foufou-champagne.com\/en\/wp-json\/wp\/v2\/product_tag?post=14496"}],"curies":[{"name":"wp","href":"https:\/\/api.w.org\/{rel}","templated":true}]}}