{"id":14857,"date":"2024-08-07T16:53:21","date_gmt":"2024-06-13T14:53:22","guid":{"rendered":"https:\/\/foufou-champagne.com\/?post_type=product&#038;p=14857"},"modified":"2024-08-08T15:05:32","modified_gmt":"2024-08-08T13:05:32","slug":"olivier-horiot-cuvee-seve-2016-rose-2","status":"publish","type":"product","link":"https:\/\/foufou-champagne.com\/en\/champagne\/olivier-horiot-cuvee-seve-2016-rose-2\/","title":{"rendered":"Olivier Horiot Cuv\u00e9e S\u00e8ve 2016 Rose"},"content":{"rendered":"<h4>The Champagne<\/h4>\n<p>A new star in the champagne firmament: Olivier Horiot presents the S\u00e8ve 2016 Ros\u00e9 de Saign\u00e9e Brut Nature, a champagne that enchants with its unique elegance and vibrancy. Made from 100% Pinot Noir from the prestigious Les Riceys Premier Cru vineyard, this champagne epitomises the class of its origin and grape variety. The traditional saign\u00e9e method gives this ros\u00e9 its intense colour and complex aromas. After macerating for around 4 days, it matures on the lees for several years &#8211; partly in steel tanks and partly in wooden barrels. As a Brut Nature, this champagne does not require any dosage, which emphasises its natural freshness and purity.<\/p>\n<p>By the way: Les Riceys, the region from which this champagne originates, situated on the southern Aube, consists of three villages and was, historically speaking, long famous for its red and ros\u00e9-coloured Pinot Noir and less so for its champagne. \ud83d\ude42 With this champagne, Olivier Horiot is thus building a small bridge to the past and reviving the tradition of this region.<\/p>\n<p>This exclusive ros\u00e9 champagne, limited to just 3,841 bottles and 80 magnums, is the perfect companion for special occasions.<\/p>\n<h4>Tasting Note<\/h4>\n<ul>\n<li>The S\u00e8ve 2016 shines in the glass in an intense raspberry pink colour with a fine, lively perlage.<\/li>\n<li>The bouquet delights with aromas of rose, strawberry and cherry, complemented by a subtle spiciness.<\/li>\n<li>A remarkable freshness unfolds on the palate, carried by juicy berries and a fine minerality. The long, juicy finish leaves an unforgettable impression.<\/li>\n<\/ul>\n<h4>Pair with<\/h4>\n<ul>\n<li>Enjoy it as an aperitif with fine starters such as salads or carpaccio<br \/>\nGoes well with grilled fish<br \/>\nGood companion for fruit desserts (red fruits)<\/li>\n<\/ul>\n<p><strong>The Champagne\u00a0House of\u00a0Olivier Horiot<\/strong><\/p>\n<p>Olivier Horiot&#8217;s ancestors have been growing wine in Les Riceys since the 16th century and have traditionally passed it on to the cooperative. In 2000, the young winemaker&#8217;s house has been producing wine (not common in Champagne) and in 2004, he began the biodynamic production of Champagne. This resulted in a series of special vintage champagnes aged for a year in oak barrels on fine lees. Arguably the most notable feature of Olivier Horiots&#8217; house is that the champagnes are made not only from the three usual grape varieties, but also from the far less common Arbanne, Pinot Blanc, Pinot Gris and Petit Meslier. Thus, the many burgundy barrels hidden in the cellar contain unique cuv\u00e9es that produce champagnes with a special assemblage.<\/p>\n","protected":false},"excerpt":{"rendered":"<p>A particularly exciting ros\u00e9 champagne &#8211; 100% Pinot Noir from the C\u00f4te des Bar.<\/p>\n","protected":false},"featured_media":14948,"comment_status":"open","ping_status":"closed","template":"","meta":{"_acf_changed":false,"_editorskit_title_hidden":false,"_editorskit_reading_time":0,"_editorskit_is_block_options_detached":false,"_editorskit_block_options_position":"{}","_coblocks_attr":"","_coblocks_dimensions":"","_coblocks_responsive_height":"","_coblocks_accordion_ie_support":""},"product_brand":[],"product_cat":[225,654,264,265],"product_tag":[315,259,267,288,270],"class_list":{"0":"post-14857","1":"product","2":"type-product","3":"status-publish","4":"has-post-thumbnail","6":"product_cat-champagne","7":"product_cat-olivier-horiot-en","8":"product_cat-organic-champagne","9":"product_cat-winemaker-champagne","10":"product_tag-demeter-certified","11":"product_tag-good-dinner-companion","12":"product_tag-organic-champagne","13":"product_tag-vegetarische-gerichte-en","14":"product_tag-winzerchampagner-en","15":"product_shipping_class-standard-en","16":"pa_kategorie-bio-champagner-en","17":"pa_kategorie-winemaker-champagne","19":"first","20":"outofstock","21":"taxable","22":"shipping-taxable","23":"purchasable","24":"product-type-composite"},"composite_virtual":false,"composite_layout":"single","composite_add_to_cart_form_location":"default","composite_editable_in_cart":false,"composite_sold_individually_context":"product","composite_shop_price_calc":"min_max","composite_components":[{"id":"1686186615","title":"Gift box (optional)","description":"","query_type":"product_ids","query_ids":[13157],"default_option_id":"","thumbnail_id":"","thumbnail_src":"","quantity_min":1,"quantity_max":1,"priced_individually":true,"shipped_individually":false,"optional":true,"discount":"","options_style":"dropdowns","pagination_style":"classic","display_prices":"absolute","show_sorting_options":false,"show_filtering_options":false,"attribute_filter_ids":[],"select_action":"view","product_title_visible":false,"product_descr_visible":true,"product_price_visible":true,"product_thumb_visible":true,"subtotal_visible_product":false,"subtotal_visible_cart":false,"subtotal_visible_orders":false,"product_addons_visible":true},{"id":"1686186616","title":"Greeting card with mini bouquet (optional)","description":"","query_type":"category_ids","query_ids":[636],"default_option_id":"","thumbnail_id":"","thumbnail_src":"","quantity_min":1,"quantity_max":1,"priced_individually":true,"shipped_individually":false,"optional":true,"discount":"","options_style":"dropdowns","pagination_style":"classic","display_prices":"absolute","show_sorting_options":false,"show_filtering_options":false,"attribute_filter_ids":[],"select_action":"view","product_title_visible":false,"product_descr_visible":true,"product_price_visible":true,"product_thumb_visible":true,"subtotal_visible_product":false,"subtotal_visible_cart":false,"subtotal_visible_orders":false,"product_addons_visible":true}],"composite_scenarios":[],"exclude_global_add_ons":[],"addons":[],"acf":[],"yoast_head":"<!-- This site is optimized with the Yoast SEO plugin v26.8 - https:\/\/yoast.com\/product\/yoast-seo-wordpress\/ -->\n<title>Olivier Horiot Cuv\u00e9e S\u00e8ve 2016 Ros\u00e9 buy online | FOUFOU CHAMPAGNE BOUTIQUE<\/title>\n<meta name=\"description\" content=\"S\u00e8ve 2016 Ros\u00e9 de Saign\u00e9e Brut Nature, a champagne that enchants with its unique elegance and vivacity.\" \/>\n<meta name=\"robots\" content=\"index, follow, max-snippet:-1, max-image-preview:large, max-video-preview:-1\" \/>\n<link rel=\"canonical\" href=\"https:\/\/foufou-champagne.com\/en\/champagne\/olivier-horiot-cuvee-seve-2016-rose-2\/\" \/>\n<meta property=\"og:locale\" content=\"en_US\" \/>\n<meta property=\"og:type\" content=\"article\" \/>\n<meta property=\"og:title\" content=\"Olivier Horiot Cuv\u00e9e S\u00e8ve 2016 Ros\u00e9 buy online | FOUFOU CHAMPAGNE BOUTIQUE\" \/>\n<meta property=\"og:description\" content=\"S\u00e8ve 2016 Ros\u00e9 de Saign\u00e9e Brut Nature, a champagne that enchants with its unique elegance and vivacity.\" \/>\n<meta property=\"og:url\" content=\"https:\/\/foufou-champagne.com\/en\/champagne\/olivier-horiot-cuvee-seve-2016-rose-2\/\" \/>\n<meta property=\"og:site_name\" content=\"foufou-champagne.com\" \/>\n<meta property=\"article:modified_time\" content=\"2024-08-08T13:05:32+00:00\" \/>\n<meta property=\"og:image\" content=\"https:\/\/foufou-champagne.com\/wp-content\/uploads\/2024\/04\/Champagne-olivier-horiot-cuvee-seve-2016-rose-FouFou-Champagne-Boutique5.png\" \/>\n\t<meta property=\"og:image:width\" content=\"800\" \/>\n\t<meta property=\"og:image:height\" content=\"1000\" \/>\n\t<meta property=\"og:image:type\" content=\"image\/png\" \/>\n<meta name=\"twitter:card\" content=\"summary_large_image\" \/>\n<meta name=\"twitter:label1\" content=\"Est. reading time\" \/>\n\t<meta name=\"twitter:data1\" content=\"1 minute\" \/>\n<script type=\"application\/ld+json\" class=\"yoast-schema-graph\">{\"@context\":\"https:\/\/schema.org\",\"@graph\":[{\"@type\":\"WebPage\",\"@id\":\"https:\/\/foufou-champagne.com\/en\/champagne\/olivier-horiot-cuvee-seve-2016-rose-2\/\",\"url\":\"https:\/\/foufou-champagne.com\/en\/champagne\/olivier-horiot-cuvee-seve-2016-rose-2\/\",\"name\":\"Olivier Horiot Cuv\u00e9e S\u00e8ve 2016 Ros\u00e9 buy online | FOUFOU CHAMPAGNE BOUTIQUE\",\"isPartOf\":{\"@id\":\"https:\/\/foufou-champagne.com\/en\/#website\"},\"primaryImageOfPage\":{\"@id\":\"https:\/\/foufou-champagne.com\/en\/champagne\/olivier-horiot-cuvee-seve-2016-rose-2\/#primaryimage\"},\"image\":{\"@id\":\"https:\/\/foufou-champagne.com\/en\/champagne\/olivier-horiot-cuvee-seve-2016-rose-2\/#primaryimage\"},\"thumbnailUrl\":\"https:\/\/foufou-champagne.com\/wp-content\/uploads\/2024\/04\/Champagne-olivier-horiot-cuvee-seve-2016-rose-FouFou-Champagne-Boutique5.png\",\"datePublished\":\"2024-06-13T14:53:22+00:00\",\"dateModified\":\"2024-08-08T13:05:32+00:00\",\"description\":\"S\u00e8ve 2016 Ros\u00e9 de Saign\u00e9e Brut Nature, a champagne that enchants with its unique elegance and vivacity.\",\"breadcrumb\":{\"@id\":\"https:\/\/foufou-champagne.com\/en\/champagne\/olivier-horiot-cuvee-seve-2016-rose-2\/#breadcrumb\"},\"inLanguage\":\"en-US\",\"potentialAction\":[{\"@type\":\"ReadAction\",\"target\":[\"https:\/\/foufou-champagne.com\/en\/champagne\/olivier-horiot-cuvee-seve-2016-rose-2\/\"]}]},{\"@type\":\"ImageObject\",\"inLanguage\":\"en-US\",\"@id\":\"https:\/\/foufou-champagne.com\/en\/champagne\/olivier-horiot-cuvee-seve-2016-rose-2\/#primaryimage\",\"url\":\"https:\/\/foufou-champagne.com\/wp-content\/uploads\/2024\/04\/Champagne-olivier-horiot-cuvee-seve-2016-rose-FouFou-Champagne-Boutique5.png\",\"contentUrl\":\"https:\/\/foufou-champagne.com\/wp-content\/uploads\/2024\/04\/Champagne-olivier-horiot-cuvee-seve-2016-rose-FouFou-Champagne-Boutique5.png\",\"width\":800,\"height\":1000},{\"@type\":\"BreadcrumbList\",\"@id\":\"https:\/\/foufou-champagne.com\/en\/champagne\/olivier-horiot-cuvee-seve-2016-rose-2\/#breadcrumb\",\"itemListElement\":[{\"@type\":\"ListItem\",\"position\":1,\"name\":\"Startseite\",\"item\":\"https:\/\/foufou-champagne.com\/en\/\"},{\"@type\":\"ListItem\",\"position\":2,\"name\":\"Shop\",\"item\":\"https:\/\/foufou-champagne.com\/en\/shop\/\"},{\"@type\":\"ListItem\",\"position\":3,\"name\":\"Olivier Horiot Cuv\u00e9e S\u00e8ve 2016 Rose\"}]},{\"@type\":\"WebSite\",\"@id\":\"https:\/\/foufou-champagne.com\/en\/#website\",\"url\":\"https:\/\/foufou-champagne.com\/en\/\",\"name\":\"foufou-champagne.com\",\"description\":\"CHAMPAGNE BOUTIQUE\",\"potentialAction\":[{\"@type\":\"SearchAction\",\"target\":{\"@type\":\"EntryPoint\",\"urlTemplate\":\"https:\/\/foufou-champagne.com\/en\/?s={search_term_string}\"},\"query-input\":{\"@type\":\"PropertyValueSpecification\",\"valueRequired\":true,\"valueName\":\"search_term_string\"}}],\"inLanguage\":\"en-US\"}]}<\/script>\n<!-- \/ Yoast SEO plugin. -->","yoast_head_json":{"title":"Olivier Horiot Cuv\u00e9e S\u00e8ve 2016 Ros\u00e9 buy online | FOUFOU CHAMPAGNE BOUTIQUE","description":"S\u00e8ve 2016 Ros\u00e9 de Saign\u00e9e Brut Nature, a champagne that enchants with its unique elegance and vivacity.","robots":{"index":"index","follow":"follow","max-snippet":"max-snippet:-1","max-image-preview":"max-image-preview:large","max-video-preview":"max-video-preview:-1"},"canonical":"https:\/\/foufou-champagne.com\/en\/champagne\/olivier-horiot-cuvee-seve-2016-rose-2\/","og_locale":"en_US","og_type":"article","og_title":"Olivier Horiot Cuv\u00e9e S\u00e8ve 2016 Ros\u00e9 buy online | FOUFOU CHAMPAGNE BOUTIQUE","og_description":"S\u00e8ve 2016 Ros\u00e9 de Saign\u00e9e Brut Nature, a champagne that enchants with its unique elegance and vivacity.","og_url":"https:\/\/foufou-champagne.com\/en\/champagne\/olivier-horiot-cuvee-seve-2016-rose-2\/","og_site_name":"foufou-champagne.com","article_modified_time":"2024-08-08T13:05:32+00:00","og_image":[{"width":800,"height":1000,"url":"https:\/\/foufou-champagne.com\/wp-content\/uploads\/2024\/04\/Champagne-olivier-horiot-cuvee-seve-2016-rose-FouFou-Champagne-Boutique5.png","type":"image\/png"}],"twitter_card":"summary_large_image","twitter_misc":{"Est. reading time":"1 minute"},"schema":{"@context":"https:\/\/schema.org","@graph":[{"@type":"WebPage","@id":"https:\/\/foufou-champagne.com\/en\/champagne\/olivier-horiot-cuvee-seve-2016-rose-2\/","url":"https:\/\/foufou-champagne.com\/en\/champagne\/olivier-horiot-cuvee-seve-2016-rose-2\/","name":"Olivier Horiot Cuv\u00e9e S\u00e8ve 2016 Ros\u00e9 buy online | FOUFOU CHAMPAGNE BOUTIQUE","isPartOf":{"@id":"https:\/\/foufou-champagne.com\/en\/#website"},"primaryImageOfPage":{"@id":"https:\/\/foufou-champagne.com\/en\/champagne\/olivier-horiot-cuvee-seve-2016-rose-2\/#primaryimage"},"image":{"@id":"https:\/\/foufou-champagne.com\/en\/champagne\/olivier-horiot-cuvee-seve-2016-rose-2\/#primaryimage"},"thumbnailUrl":"https:\/\/foufou-champagne.com\/wp-content\/uploads\/2024\/04\/Champagne-olivier-horiot-cuvee-seve-2016-rose-FouFou-Champagne-Boutique5.png","datePublished":"2024-06-13T14:53:22+00:00","dateModified":"2024-08-08T13:05:32+00:00","description":"S\u00e8ve 2016 Ros\u00e9 de Saign\u00e9e Brut Nature, a champagne that enchants with its unique elegance and vivacity.","breadcrumb":{"@id":"https:\/\/foufou-champagne.com\/en\/champagne\/olivier-horiot-cuvee-seve-2016-rose-2\/#breadcrumb"},"inLanguage":"en-US","potentialAction":[{"@type":"ReadAction","target":["https:\/\/foufou-champagne.com\/en\/champagne\/olivier-horiot-cuvee-seve-2016-rose-2\/"]}]},{"@type":"ImageObject","inLanguage":"en-US","@id":"https:\/\/foufou-champagne.com\/en\/champagne\/olivier-horiot-cuvee-seve-2016-rose-2\/#primaryimage","url":"https:\/\/foufou-champagne.com\/wp-content\/uploads\/2024\/04\/Champagne-olivier-horiot-cuvee-seve-2016-rose-FouFou-Champagne-Boutique5.png","contentUrl":"https:\/\/foufou-champagne.com\/wp-content\/uploads\/2024\/04\/Champagne-olivier-horiot-cuvee-seve-2016-rose-FouFou-Champagne-Boutique5.png","width":800,"height":1000},{"@type":"BreadcrumbList","@id":"https:\/\/foufou-champagne.com\/en\/champagne\/olivier-horiot-cuvee-seve-2016-rose-2\/#breadcrumb","itemListElement":[{"@type":"ListItem","position":1,"name":"Startseite","item":"https:\/\/foufou-champagne.com\/en\/"},{"@type":"ListItem","position":2,"name":"Shop","item":"https:\/\/foufou-champagne.com\/en\/shop\/"},{"@type":"ListItem","position":3,"name":"Olivier Horiot Cuv\u00e9e S\u00e8ve 2016 Rose"}]},{"@type":"WebSite","@id":"https:\/\/foufou-champagne.com\/en\/#website","url":"https:\/\/foufou-champagne.com\/en\/","name":"foufou-champagne.com","description":"CHAMPAGNE BOUTIQUE","potentialAction":[{"@type":"SearchAction","target":{"@type":"EntryPoint","urlTemplate":"https:\/\/foufou-champagne.com\/en\/?s={search_term_string}"},"query-input":{"@type":"PropertyValueSpecification","valueRequired":true,"valueName":"search_term_string"}}],"inLanguage":"en-US"}]}},"_links":{"self":[{"href":"https:\/\/foufou-champagne.com\/en\/wp-json\/wp\/v2\/product\/14857","targetHints":{"allow":["GET"]}}],"collection":[{"href":"https:\/\/foufou-champagne.com\/en\/wp-json\/wp\/v2\/product"}],"about":[{"href":"https:\/\/foufou-champagne.com\/en\/wp-json\/wp\/v2\/types\/product"}],"replies":[{"embeddable":true,"href":"https:\/\/foufou-champagne.com\/en\/wp-json\/wp\/v2\/comments?post=14857"}],"wp:featuredmedia":[{"embeddable":true,"href":"https:\/\/foufou-champagne.com\/en\/wp-json\/wp\/v2\/media\/14948"}],"wp:attachment":[{"href":"https:\/\/foufou-champagne.com\/en\/wp-json\/wp\/v2\/media?parent=14857"}],"wp:term":[{"taxonomy":"product_brand","embeddable":true,"href":"https:\/\/foufou-champagne.com\/en\/wp-json\/wp\/v2\/product_brand?post=14857"},{"taxonomy":"product_cat","embeddable":true,"href":"https:\/\/foufou-champagne.com\/en\/wp-json\/wp\/v2\/product_cat?post=14857"},{"taxonomy":"product_tag","embeddable":true,"href":"https:\/\/foufou-champagne.com\/en\/wp-json\/wp\/v2\/product_tag?post=14857"}],"curies":[{"name":"wp","href":"https:\/\/api.w.org\/{rel}","templated":true}]}}