{"id":15905,"date":"2025-08-11T11:30:25","date_gmt":"2025-08-11T09:30:25","guid":{"rendered":"https:\/\/foufou-champagne.com\/?post_type=product&#038;p=15905"},"modified":"2026-02-19T06:50:51","modified_gmt":"2026-02-19T05:50:51","slug":"dom-perignon-vintage-2015","status":"publish","type":"product","link":"https:\/\/foufou-champagne.com\/en\/champagne\/dom-perignon-vintage-2015\/","title":{"rendered":"Dom Perignon Vintage 2015"},"content":{"rendered":"<h3>The Champagne Dom Perignon Vintage 2015<\/h3>\n<p>The 2015 vintage tells a story full of contrasts: a gently cool spring followed by a summer whose warmth and dryness allowed the grapes to ripen to perfection. From this, Dom P\u00e9rignon has created a cuv\u00e9e that brims with energy while remaining remarkably harmonious. The delicate balance of Pinot Noir (51%) and Chardonnay (49%) lends depth, structure, and an almost sensual texture. On the palate, it reveals itself generously, with an aromatic spectrum ranging from floral elegance to exotic freshness. From the very first glass, it unfolds its own distinctive rhythm\u2014powerful, seductive, and with a finish that lingers long in the memory. A champagne not merely to be drunk, but to be experienced.<\/p>\n<p>&nbsp;<\/p>\n<h3>Tasting Note<\/h3>\n<ul>\n<li>In the glass, golden yellow hues with a vibrant, persistent perlage.<\/li>\n<li>The nose is voluptuous and deep, with scents of white flowers and yellow stone fruit, followed by crisp tartness and minimal smokiness on the finish.<\/li>\n<li>On the palate, lively effervescence, well-balanced acidity, slight bitter notes and hints of pastry, with the typical reductiveness, rounded off by a clean minerality.<\/li>\n<\/ul>\n<p>&nbsp;<\/p>\n<h3>Pair with<\/h3>\n<ul>\n<li>Elegant enough to pair with light seafood dishes, powerful enough to keep up with flavorful meat.<\/li>\n<\/ul>\n<h3>The Dom P\u00e9rignon Champagne House<\/h3>\n<p>The Benedictine monk Pierre P\u00e9rignon, the namesake of Mo\u00ebt et Chandon\u2019s prestige cuv\u00e9e, is said to have made significant contributions to the quality of champagne we enjoy today. In 1668, Dom P\u00e9rignon took up his role as cellarmaster at the Abbey of Hautvillers, which is still standing today on a hillside overlooking the Marne Valley thanks, in part, to efforts by Mo\u00ebt et Chandon to further its preservation.<\/p>\n<p>Now considered a separate Champagne House, Dom P\u00e9rignon is only available as a vintage, making each bottle a unique embodiment of the year of its harvest. Vincent Chaperon, who replaced Richard Geoffroy as Dom P\u00e9rignon\u2019s chef de cave in 2018, is not only responsible for the assemblage but also decides whether there will be a vintage at all that year &#8211; depending on the quality of the harvest and age-ability. If the grapes are not up to his standards, no vintage will be released.<\/p>\n<p>They are released in three stages \u2013 dubbed Pl\u00e9nitues: The first is released as \u201cDom P\u00e9rignon Vintage\u201d after a minimum of 8 years, which is then re-released in a more intense version about 15 years later as Pl\u00e9nitude 2, or Dom P\u00e9rignon P2. Finally, the last Pl\u00e9nitude, P3, is considered ready after about 25 years.<\/p>\n","protected":false},"excerpt":{"rendered":"<p>Dom P\u00e9rignon Vintage 2015 \u2013 a champagne that transforms the summer of 2015 into sparkling pearls, fresh, profound, and unmistakably unique.<\/p>\n","protected":false},"featured_media":15914,"comment_status":"closed","ping_status":"closed","template":"","meta":{"_acf_changed":false,"_editorskit_title_hidden":false,"_editorskit_reading_time":0,"_editorskit_is_block_options_detached":false,"_editorskit_block_options_position":"{}","_coblocks_attr":"","_coblocks_dimensions":"","_coblocks_responsive_height":"","_coblocks_accordion_ie_support":""},"product_brand":[],"product_cat":[225,248],"product_tag":[251,310],"class_list":{"0":"post-15905","1":"product","2":"type-product","3":"status-publish","4":"has-post-thumbnail","6":"product_cat-champagne","7":"product_cat-vintage-champagne","8":"product_tag-vintage-champagner-en","9":"product_tag-vintage-champagne","10":"product_shipping_class-standard-en","11":"pa_kategorie-vintage-champagne","13":"first","14":"instock","15":"taxable","16":"shipping-taxable","17":"purchasable","18":"product-type-composite"},"composite_virtual":false,"composite_layout":"single","composite_add_to_cart_form_location":"default","composite_editable_in_cart":false,"composite_sold_individually_context":"product","composite_shop_price_calc":"min_max","composite_components":[{"id":"1686184540","title":"Gift box (optional)","description":"","query_type":"product_ids","query_ids":[13157],"default_option_id":"","thumbnail_id":"","thumbnail_src":"","quantity_min":1,"quantity_max":1,"priced_individually":true,"shipped_individually":false,"optional":true,"discount":"","options_style":"dropdowns","pagination_style":"classic","display_prices":"absolute","show_sorting_options":false,"show_filtering_options":false,"attribute_filter_ids":[],"select_action":"view","product_title_visible":false,"product_descr_visible":true,"product_price_visible":true,"product_thumb_visible":true,"subtotal_visible_product":false,"subtotal_visible_cart":false,"subtotal_visible_orders":false,"product_addons_visible":true},{"id":"1686184541","title":"Greeting card with mini bouquet (optional)","description":"","query_type":"category_ids","query_ids":[636],"default_option_id":"","thumbnail_id":"","thumbnail_src":"","quantity_min":1,"quantity_max":1,"priced_individually":true,"shipped_individually":false,"optional":true,"discount":"","options_style":"dropdowns","pagination_style":"classic","display_prices":"absolute","show_sorting_options":false,"show_filtering_options":false,"attribute_filter_ids":[],"select_action":"view","product_title_visible":false,"product_descr_visible":true,"product_price_visible":true,"product_thumb_visible":true,"subtotal_visible_product":false,"subtotal_visible_cart":false,"subtotal_visible_orders":false,"product_addons_visible":true}],"composite_scenarios":[],"exclude_global_add_ons":[],"addons":[],"acf":[],"yoast_head":"<!-- This site is optimized with the Yoast SEO plugin v26.8 - https:\/\/yoast.com\/product\/yoast-seo-wordpress\/ -->\n<title>Dom Perignon Vintage 2015 | Buy online at FOUFOU<\/title>\n<meta name=\"description\" content=\"The legendary prestige cuv\u00e9e of Mo\u00ebt et Chandon achieves an &quot;explosive harmony&quot;.\u2713immediate delivery \u2713free shipping from 120\u20ac \u2665 Your champagne boutique on the web.\" \/>\n<meta name=\"robots\" content=\"index, follow, max-snippet:-1, max-image-preview:large, max-video-preview:-1\" \/>\n<link rel=\"canonical\" href=\"https:\/\/foufou-champagne.com\/en\/champagne\/dom-perignon-vintage-2015\/\" \/>\n<meta property=\"og:locale\" content=\"en_US\" \/>\n<meta property=\"og:type\" content=\"article\" \/>\n<meta property=\"og:title\" content=\"Dom Perignon Vintage 2015 | Buy online at FOUFOU\" \/>\n<meta property=\"og:description\" content=\"The legendary prestige cuv\u00e9e of Mo\u00ebt et Chandon achieves an &quot;explosive harmony&quot;.\u2713immediate delivery \u2713free shipping from 120\u20ac \u2665 Your champagne boutique on the web.\" \/>\n<meta property=\"og:url\" content=\"https:\/\/foufou-champagne.com\/en\/champagne\/dom-perignon-vintage-2015\/\" \/>\n<meta property=\"og:site_name\" content=\"foufou-champagne.com\" \/>\n<meta property=\"article:modified_time\" content=\"2026-02-19T05:50:51+00:00\" \/>\n<meta property=\"og:image\" content=\"https:\/\/foufou-champagne.com\/wp-content\/uploads\/2025\/08\/foufou-champagne-dom-perignon-vintage-2015-scaled.jpg\" \/>\n\t<meta property=\"og:image:width\" content=\"1707\" \/>\n\t<meta property=\"og:image:height\" content=\"2560\" \/>\n\t<meta property=\"og:image:type\" content=\"image\/jpeg\" \/>\n<meta name=\"twitter:card\" content=\"summary_large_image\" \/>\n<meta name=\"twitter:label1\" content=\"Est. reading time\" \/>\n\t<meta name=\"twitter:data1\" content=\"3 minutes\" \/>\n<script type=\"application\/ld+json\" class=\"yoast-schema-graph\">{\"@context\":\"https:\/\/schema.org\",\"@graph\":[{\"@type\":\"WebPage\",\"@id\":\"https:\/\/foufou-champagne.com\/en\/champagne\/dom-perignon-vintage-2015\/\",\"url\":\"https:\/\/foufou-champagne.com\/en\/champagne\/dom-perignon-vintage-2015\/\",\"name\":\"Dom Perignon Vintage 2015 | Buy online at FOUFOU\",\"isPartOf\":{\"@id\":\"https:\/\/foufou-champagne.com\/en\/#website\"},\"primaryImageOfPage\":{\"@id\":\"https:\/\/foufou-champagne.com\/en\/champagne\/dom-perignon-vintage-2015\/#primaryimage\"},\"image\":{\"@id\":\"https:\/\/foufou-champagne.com\/en\/champagne\/dom-perignon-vintage-2015\/#primaryimage\"},\"thumbnailUrl\":\"https:\/\/foufou-champagne.com\/wp-content\/uploads\/2025\/08\/foufou-champagne-dom-perignon-vintage-2015-scaled.jpg\",\"datePublished\":\"2025-08-11T09:30:25+00:00\",\"dateModified\":\"2026-02-19T05:50:51+00:00\",\"description\":\"The legendary prestige cuv\u00e9e of Mo\u00ebt et Chandon achieves an \\\"explosive harmony\\\".\u2713immediate delivery \u2713free shipping from 120\u20ac \u2665 Your champagne boutique on the web.\",\"breadcrumb\":{\"@id\":\"https:\/\/foufou-champagne.com\/en\/champagne\/dom-perignon-vintage-2015\/#breadcrumb\"},\"inLanguage\":\"en-US\",\"potentialAction\":[{\"@type\":\"ReadAction\",\"target\":[\"https:\/\/foufou-champagne.com\/en\/champagne\/dom-perignon-vintage-2015\/\"]}]},{\"@type\":\"ImageObject\",\"inLanguage\":\"en-US\",\"@id\":\"https:\/\/foufou-champagne.com\/en\/champagne\/dom-perignon-vintage-2015\/#primaryimage\",\"url\":\"https:\/\/foufou-champagne.com\/wp-content\/uploads\/2025\/08\/foufou-champagne-dom-perignon-vintage-2015-scaled.jpg\",\"contentUrl\":\"https:\/\/foufou-champagne.com\/wp-content\/uploads\/2025\/08\/foufou-champagne-dom-perignon-vintage-2015-scaled.jpg\",\"width\":1707,\"height\":2560},{\"@type\":\"BreadcrumbList\",\"@id\":\"https:\/\/foufou-champagne.com\/en\/champagne\/dom-perignon-vintage-2015\/#breadcrumb\",\"itemListElement\":[{\"@type\":\"ListItem\",\"position\":1,\"name\":\"Startseite\",\"item\":\"https:\/\/foufou-champagne.com\/en\/\"},{\"@type\":\"ListItem\",\"position\":2,\"name\":\"Shop\",\"item\":\"https:\/\/foufou-champagne.com\/en\/shop\/\"},{\"@type\":\"ListItem\",\"position\":3,\"name\":\"Dom Perignon Vintage 2015\"}]},{\"@type\":\"WebSite\",\"@id\":\"https:\/\/foufou-champagne.com\/en\/#website\",\"url\":\"https:\/\/foufou-champagne.com\/en\/\",\"name\":\"foufou-champagne.com\",\"description\":\"CHAMPAGNE BOUTIQUE\",\"potentialAction\":[{\"@type\":\"SearchAction\",\"target\":{\"@type\":\"EntryPoint\",\"urlTemplate\":\"https:\/\/foufou-champagne.com\/en\/?s={search_term_string}\"},\"query-input\":{\"@type\":\"PropertyValueSpecification\",\"valueRequired\":true,\"valueName\":\"search_term_string\"}}],\"inLanguage\":\"en-US\"}]}<\/script>\n<!-- \/ Yoast SEO plugin. -->","yoast_head_json":{"title":"Dom Perignon Vintage 2015 | Buy online at FOUFOU","description":"The legendary prestige cuv\u00e9e of Mo\u00ebt et Chandon achieves an \"explosive harmony\".\u2713immediate delivery \u2713free shipping from 120\u20ac \u2665 Your champagne boutique on the web.","robots":{"index":"index","follow":"follow","max-snippet":"max-snippet:-1","max-image-preview":"max-image-preview:large","max-video-preview":"max-video-preview:-1"},"canonical":"https:\/\/foufou-champagne.com\/en\/champagne\/dom-perignon-vintage-2015\/","og_locale":"en_US","og_type":"article","og_title":"Dom Perignon Vintage 2015 | Buy online at FOUFOU","og_description":"The legendary prestige cuv\u00e9e of Mo\u00ebt et Chandon achieves an \"explosive harmony\".\u2713immediate delivery \u2713free shipping from 120\u20ac \u2665 Your champagne boutique on the web.","og_url":"https:\/\/foufou-champagne.com\/en\/champagne\/dom-perignon-vintage-2015\/","og_site_name":"foufou-champagne.com","article_modified_time":"2026-02-19T05:50:51+00:00","og_image":[{"width":1707,"height":2560,"url":"https:\/\/foufou-champagne.com\/wp-content\/uploads\/2025\/08\/foufou-champagne-dom-perignon-vintage-2015-scaled.jpg","type":"image\/jpeg"}],"twitter_card":"summary_large_image","twitter_misc":{"Est. reading time":"3 minutes"},"schema":{"@context":"https:\/\/schema.org","@graph":[{"@type":"WebPage","@id":"https:\/\/foufou-champagne.com\/en\/champagne\/dom-perignon-vintage-2015\/","url":"https:\/\/foufou-champagne.com\/en\/champagne\/dom-perignon-vintage-2015\/","name":"Dom Perignon Vintage 2015 | Buy online at FOUFOU","isPartOf":{"@id":"https:\/\/foufou-champagne.com\/en\/#website"},"primaryImageOfPage":{"@id":"https:\/\/foufou-champagne.com\/en\/champagne\/dom-perignon-vintage-2015\/#primaryimage"},"image":{"@id":"https:\/\/foufou-champagne.com\/en\/champagne\/dom-perignon-vintage-2015\/#primaryimage"},"thumbnailUrl":"https:\/\/foufou-champagne.com\/wp-content\/uploads\/2025\/08\/foufou-champagne-dom-perignon-vintage-2015-scaled.jpg","datePublished":"2025-08-11T09:30:25+00:00","dateModified":"2026-02-19T05:50:51+00:00","description":"The legendary prestige cuv\u00e9e of Mo\u00ebt et Chandon achieves an \"explosive harmony\".\u2713immediate delivery \u2713free shipping from 120\u20ac \u2665 Your champagne boutique on the web.","breadcrumb":{"@id":"https:\/\/foufou-champagne.com\/en\/champagne\/dom-perignon-vintage-2015\/#breadcrumb"},"inLanguage":"en-US","potentialAction":[{"@type":"ReadAction","target":["https:\/\/foufou-champagne.com\/en\/champagne\/dom-perignon-vintage-2015\/"]}]},{"@type":"ImageObject","inLanguage":"en-US","@id":"https:\/\/foufou-champagne.com\/en\/champagne\/dom-perignon-vintage-2015\/#primaryimage","url":"https:\/\/foufou-champagne.com\/wp-content\/uploads\/2025\/08\/foufou-champagne-dom-perignon-vintage-2015-scaled.jpg","contentUrl":"https:\/\/foufou-champagne.com\/wp-content\/uploads\/2025\/08\/foufou-champagne-dom-perignon-vintage-2015-scaled.jpg","width":1707,"height":2560},{"@type":"BreadcrumbList","@id":"https:\/\/foufou-champagne.com\/en\/champagne\/dom-perignon-vintage-2015\/#breadcrumb","itemListElement":[{"@type":"ListItem","position":1,"name":"Startseite","item":"https:\/\/foufou-champagne.com\/en\/"},{"@type":"ListItem","position":2,"name":"Shop","item":"https:\/\/foufou-champagne.com\/en\/shop\/"},{"@type":"ListItem","position":3,"name":"Dom Perignon Vintage 2015"}]},{"@type":"WebSite","@id":"https:\/\/foufou-champagne.com\/en\/#website","url":"https:\/\/foufou-champagne.com\/en\/","name":"foufou-champagne.com","description":"CHAMPAGNE BOUTIQUE","potentialAction":[{"@type":"SearchAction","target":{"@type":"EntryPoint","urlTemplate":"https:\/\/foufou-champagne.com\/en\/?s={search_term_string}"},"query-input":{"@type":"PropertyValueSpecification","valueRequired":true,"valueName":"search_term_string"}}],"inLanguage":"en-US"}]}},"_links":{"self":[{"href":"https:\/\/foufou-champagne.com\/en\/wp-json\/wp\/v2\/product\/15905","targetHints":{"allow":["GET"]}}],"collection":[{"href":"https:\/\/foufou-champagne.com\/en\/wp-json\/wp\/v2\/product"}],"about":[{"href":"https:\/\/foufou-champagne.com\/en\/wp-json\/wp\/v2\/types\/product"}],"replies":[{"embeddable":true,"href":"https:\/\/foufou-champagne.com\/en\/wp-json\/wp\/v2\/comments?post=15905"}],"wp:featuredmedia":[{"embeddable":true,"href":"https:\/\/foufou-champagne.com\/en\/wp-json\/wp\/v2\/media\/15914"}],"wp:attachment":[{"href":"https:\/\/foufou-champagne.com\/en\/wp-json\/wp\/v2\/media?parent=15905"}],"wp:term":[{"taxonomy":"product_brand","embeddable":true,"href":"https:\/\/foufou-champagne.com\/en\/wp-json\/wp\/v2\/product_brand?post=15905"},{"taxonomy":"product_cat","embeddable":true,"href":"https:\/\/foufou-champagne.com\/en\/wp-json\/wp\/v2\/product_cat?post=15905"},{"taxonomy":"product_tag","embeddable":true,"href":"https:\/\/foufou-champagne.com\/en\/wp-json\/wp\/v2\/product_tag?post=15905"}],"curies":[{"name":"wp","href":"https:\/\/api.w.org\/{rel}","templated":true}]}}