{"id":5372,"date":"2024-08-07T18:52:26","date_gmt":"2024-08-07T16:52:26","guid":{"rendered":"https:\/\/foufou-champagne.com\/champagner\/de-barfontarc-sainte-germaine-brut\/"},"modified":"2024-08-08T15:13:06","modified_gmt":"2024-08-08T13:13:06","slug":"de-barfontarc-sainte-germaine-2015-brut","status":"publish","type":"product","link":"https:\/\/foufou-champagne.com\/en\/champagne\/de-barfontarc-sainte-germaine-2015-brut\/","title":{"rendered":"De Barfontarc Sainte Germaine 2015 Brut"},"content":{"rendered":"<h4>The Champagne<\/h4>\n<p>A vintage champagne from 2015, named after the Sainte Germaine chapel in Bar-sur-Aube. It represents the balancing act between tradition, modernity and the character of the region. True to the style of the De Barfontarc cooperative. Slender and with a beautiful complexity. 60% Pinot Noir and 40% Chardonnay from the southern part of Champagne around Baroville.<\/p>\n<h4>Tasting Note<\/h4>\n<ul>\n<li>In the glass a light yellow colour with fine perlage.<\/li>\n<li>Very pleasing to the nose. Champagne connoisseurs will detect notes of pastry and yellow fruits such as quince.<\/li>\n<li>Crispness and acidity unfold on the palate. Elegant and balanced with a pleasant depth and intensity.<\/li>\n<\/ul>\n<h4>Pair with<\/h4>\n<ul>\n<li>Great aperitif.<\/li>\n<li>Good companion to mushroom dishes and truffles.<\/li>\n<li>Also goes well with white meat.<\/li>\n<\/ul>\n<div class=\"row row--collapse align-left\">\n<div class=\"col col-sm-12 col-xlg-12\">\n<div class=\"cmsPlainText\">\n<div class=\"row\">\n<div class=\"col col-sm-12\">\n<div class=\"cmsPlainText__content\">\n<div class=\"cmsPlainText__split cmsPlainText__split--1\">\n<h4>The Champagne House De Barfontarc<\/h4>\n<p><span class=\"TextRun SCXW175684281 BCX4\" lang=\"DE-DE\" xml:lang=\"DE-DE\" data-contrast=\"auto\"><span class=\"NormalTextRun SCXW175684281 BCX4\">In 1962, some 50 winegrowers from the villages of Baroville, Fontaine and Arconville in the C\u00f4te des Bar joined forces to found the &#8220;Coop\u00e9rative Vinicole de la R\u00e9gion Baroville&#8221;. At the beginning, this was solely a facility for processing grapes, but in the course of time, the cooperative also began to create its own champagne and adopted the name &#8220;De Barfontarc&#8221;, composed of the first syllables of the three growing regions. To this day, the original winegrowers are still part of the Baroville-based cooperative and cultivate a total of 112 hectares of vines, aided by 20 employees. Over the years, &#8220;De Barfontarc&#8221; has succeeded in developing a large collection of fruity champagnes, which embody the characteristic taste of the southern part of Champagne and regularly win prizes.<\/span><\/span><\/p>\n<\/div>\n<\/div>\n<\/div>\n<\/div>\n<\/div>\n<\/div>\n<\/div>\n","protected":false},"excerpt":{"rendered":"<p>The vintage trademark of De Barfontarc.<\/p>\n","protected":false},"featured_media":14946,"comment_status":"open","ping_status":"closed","template":"","meta":{"_acf_changed":false,"_editorskit_title_hidden":false,"_editorskit_reading_time":0,"_editorskit_is_block_options_detached":false,"_editorskit_block_options_position":"{}","_coblocks_attr":"","_coblocks_dimensions":"","_coblocks_responsive_height":"","_coblocks_accordion_ie_support":""},"product_brand":[],"product_cat":[225,439,248],"product_tag":[249,250,251,310],"class_list":{"0":"post-5372","1":"product","2":"type-product","3":"status-publish","4":"has-post-thumbnail","6":"product_cat-champagne","7":"product_cat-de-barfontarc-champagne","8":"product_cat-vintage-champagne","9":"product_tag-aperitif-en-2","10":"product_tag-brut-en","11":"product_tag-vintage-champagner-en","12":"product_tag-vintage-champagne","13":"product_shipping_class-standard-en","15":"first","16":"instock","17":"taxable","18":"shipping-taxable","19":"purchasable","20":"product-type-composite"},"composite_virtual":false,"composite_layout":"single","composite_add_to_cart_form_location":"default","composite_editable_in_cart":false,"composite_sold_individually_context":"product","composite_shop_price_calc":"min_max","composite_components":[{"id":"1690890259","title":"Gift box (optional)","description":"","query_type":"product_ids","query_ids":[13157],"default_option_id":"","thumbnail_id":"","thumbnail_src":"","quantity_min":1,"quantity_max":1,"priced_individually":true,"shipped_individually":false,"optional":true,"discount":"","options_style":"dropdowns","pagination_style":"classic","display_prices":"absolute","show_sorting_options":false,"show_filtering_options":false,"attribute_filter_ids":[],"select_action":"view","product_title_visible":false,"product_descr_visible":true,"product_price_visible":true,"product_thumb_visible":true,"subtotal_visible_product":false,"subtotal_visible_cart":false,"subtotal_visible_orders":false,"product_addons_visible":true},{"id":"1690890260","title":"Greeting card with mini bouquet (optional)","description":"","query_type":"category_ids","query_ids":[636],"default_option_id":"","thumbnail_id":"","thumbnail_src":"","quantity_min":1,"quantity_max":1,"priced_individually":true,"shipped_individually":false,"optional":true,"discount":"","options_style":"dropdowns","pagination_style":"classic","display_prices":"absolute","show_sorting_options":false,"show_filtering_options":false,"attribute_filter_ids":[],"select_action":"view","product_title_visible":false,"product_descr_visible":true,"product_price_visible":true,"product_thumb_visible":true,"subtotal_visible_product":false,"subtotal_visible_cart":false,"subtotal_visible_orders":false,"product_addons_visible":true}],"composite_scenarios":[],"exclude_global_add_ons":[],"addons":[],"acf":[],"yoast_head":"<!-- This site is optimized with the Yoast SEO plugin v26.8 - https:\/\/yoast.com\/product\/yoast-seo-wordpress\/ -->\n<title>Buy De Barfontarc Sainte Germaine 2015 | FOUFOU CHAMPAGNE<\/title>\n<meta name=\"description\" content=\"A vintage champagne from De Barfontarc. From 2015 - slender and full of freshness, despite its age. Perfect for special occasions!\" \/>\n<meta name=\"robots\" content=\"index, follow, max-snippet:-1, max-image-preview:large, max-video-preview:-1\" \/>\n<link rel=\"canonical\" href=\"https:\/\/foufou-champagne.com\/en\/champagne\/de-barfontarc-sainte-germaine-2015-brut\/\" \/>\n<meta property=\"og:locale\" content=\"en_US\" \/>\n<meta property=\"og:type\" content=\"article\" \/>\n<meta property=\"og:title\" content=\"Buy De Barfontarc Sainte Germaine 2015 | FOUFOU CHAMPAGNE\" \/>\n<meta property=\"og:description\" content=\"A vintage champagne from De Barfontarc. From 2015 - slender and full of freshness, despite its age. Perfect for special occasions!\" \/>\n<meta property=\"og:url\" content=\"https:\/\/foufou-champagne.com\/en\/champagne\/de-barfontarc-sainte-germaine-2015-brut\/\" \/>\n<meta property=\"og:site_name\" content=\"foufou-champagne.com\" \/>\n<meta property=\"article:modified_time\" content=\"2024-08-08T13:13:06+00:00\" \/>\n<meta property=\"og:image\" content=\"https:\/\/foufou-champagne.com\/wp-content\/uploads\/2024\/04\/Champagne-Barfontarc-Sainte-Grmaine-FouFou-Champagne-Boutique6.png\" \/>\n\t<meta property=\"og:image:width\" content=\"800\" \/>\n\t<meta property=\"og:image:height\" content=\"1000\" \/>\n\t<meta property=\"og:image:type\" content=\"image\/png\" \/>\n<meta name=\"twitter:card\" content=\"summary_large_image\" \/>\n<meta name=\"twitter:label1\" content=\"Est. reading time\" \/>\n\t<meta name=\"twitter:data1\" content=\"2 minutes\" \/>\n<script type=\"application\/ld+json\" class=\"yoast-schema-graph\">{\"@context\":\"https:\/\/schema.org\",\"@graph\":[{\"@type\":\"WebPage\",\"@id\":\"https:\/\/foufou-champagne.com\/en\/champagne\/de-barfontarc-sainte-germaine-2015-brut\/\",\"url\":\"https:\/\/foufou-champagne.com\/en\/champagne\/de-barfontarc-sainte-germaine-2015-brut\/\",\"name\":\"Buy De Barfontarc Sainte Germaine 2015 | FOUFOU CHAMPAGNE\",\"isPartOf\":{\"@id\":\"https:\/\/foufou-champagne.com\/en\/#website\"},\"primaryImageOfPage\":{\"@id\":\"https:\/\/foufou-champagne.com\/en\/champagne\/de-barfontarc-sainte-germaine-2015-brut\/#primaryimage\"},\"image\":{\"@id\":\"https:\/\/foufou-champagne.com\/en\/champagne\/de-barfontarc-sainte-germaine-2015-brut\/#primaryimage\"},\"thumbnailUrl\":\"https:\/\/foufou-champagne.com\/wp-content\/uploads\/2024\/04\/Champagne-Barfontarc-Sainte-Grmaine-FouFou-Champagne-Boutique6.png\",\"datePublished\":\"2024-08-07T16:52:26+00:00\",\"dateModified\":\"2024-08-08T13:13:06+00:00\",\"description\":\"A vintage champagne from De Barfontarc. From 2015 - slender and full of freshness, despite its age. Perfect for special occasions!\",\"breadcrumb\":{\"@id\":\"https:\/\/foufou-champagne.com\/en\/champagne\/de-barfontarc-sainte-germaine-2015-brut\/#breadcrumb\"},\"inLanguage\":\"en-US\",\"potentialAction\":[{\"@type\":\"ReadAction\",\"target\":[\"https:\/\/foufou-champagne.com\/en\/champagne\/de-barfontarc-sainte-germaine-2015-brut\/\"]}]},{\"@type\":\"ImageObject\",\"inLanguage\":\"en-US\",\"@id\":\"https:\/\/foufou-champagne.com\/en\/champagne\/de-barfontarc-sainte-germaine-2015-brut\/#primaryimage\",\"url\":\"https:\/\/foufou-champagne.com\/wp-content\/uploads\/2024\/04\/Champagne-Barfontarc-Sainte-Grmaine-FouFou-Champagne-Boutique6.png\",\"contentUrl\":\"https:\/\/foufou-champagne.com\/wp-content\/uploads\/2024\/04\/Champagne-Barfontarc-Sainte-Grmaine-FouFou-Champagne-Boutique6.png\",\"width\":800,\"height\":1000},{\"@type\":\"BreadcrumbList\",\"@id\":\"https:\/\/foufou-champagne.com\/en\/champagne\/de-barfontarc-sainte-germaine-2015-brut\/#breadcrumb\",\"itemListElement\":[{\"@type\":\"ListItem\",\"position\":1,\"name\":\"Startseite\",\"item\":\"https:\/\/foufou-champagne.com\/en\/\"},{\"@type\":\"ListItem\",\"position\":2,\"name\":\"Shop\",\"item\":\"https:\/\/foufou-champagne.com\/en\/shop\/\"},{\"@type\":\"ListItem\",\"position\":3,\"name\":\"De Barfontarc Sainte Germaine 2015 Brut\"}]},{\"@type\":\"WebSite\",\"@id\":\"https:\/\/foufou-champagne.com\/en\/#website\",\"url\":\"https:\/\/foufou-champagne.com\/en\/\",\"name\":\"foufou-champagne.com\",\"description\":\"CHAMPAGNE BOUTIQUE\",\"potentialAction\":[{\"@type\":\"SearchAction\",\"target\":{\"@type\":\"EntryPoint\",\"urlTemplate\":\"https:\/\/foufou-champagne.com\/en\/?s={search_term_string}\"},\"query-input\":{\"@type\":\"PropertyValueSpecification\",\"valueRequired\":true,\"valueName\":\"search_term_string\"}}],\"inLanguage\":\"en-US\"}]}<\/script>\n<!-- \/ Yoast SEO plugin. -->","yoast_head_json":{"title":"Buy De Barfontarc Sainte Germaine 2015 | FOUFOU CHAMPAGNE","description":"A vintage champagne from De Barfontarc. From 2015 - slender and full of freshness, despite its age. Perfect for special occasions!","robots":{"index":"index","follow":"follow","max-snippet":"max-snippet:-1","max-image-preview":"max-image-preview:large","max-video-preview":"max-video-preview:-1"},"canonical":"https:\/\/foufou-champagne.com\/en\/champagne\/de-barfontarc-sainte-germaine-2015-brut\/","og_locale":"en_US","og_type":"article","og_title":"Buy De Barfontarc Sainte Germaine 2015 | FOUFOU CHAMPAGNE","og_description":"A vintage champagne from De Barfontarc. From 2015 - slender and full of freshness, despite its age. Perfect for special occasions!","og_url":"https:\/\/foufou-champagne.com\/en\/champagne\/de-barfontarc-sainte-germaine-2015-brut\/","og_site_name":"foufou-champagne.com","article_modified_time":"2024-08-08T13:13:06+00:00","og_image":[{"width":800,"height":1000,"url":"https:\/\/foufou-champagne.com\/wp-content\/uploads\/2024\/04\/Champagne-Barfontarc-Sainte-Grmaine-FouFou-Champagne-Boutique6.png","type":"image\/png"}],"twitter_card":"summary_large_image","twitter_misc":{"Est. reading time":"2 minutes"},"schema":{"@context":"https:\/\/schema.org","@graph":[{"@type":"WebPage","@id":"https:\/\/foufou-champagne.com\/en\/champagne\/de-barfontarc-sainte-germaine-2015-brut\/","url":"https:\/\/foufou-champagne.com\/en\/champagne\/de-barfontarc-sainte-germaine-2015-brut\/","name":"Buy De Barfontarc Sainte Germaine 2015 | FOUFOU CHAMPAGNE","isPartOf":{"@id":"https:\/\/foufou-champagne.com\/en\/#website"},"primaryImageOfPage":{"@id":"https:\/\/foufou-champagne.com\/en\/champagne\/de-barfontarc-sainte-germaine-2015-brut\/#primaryimage"},"image":{"@id":"https:\/\/foufou-champagne.com\/en\/champagne\/de-barfontarc-sainte-germaine-2015-brut\/#primaryimage"},"thumbnailUrl":"https:\/\/foufou-champagne.com\/wp-content\/uploads\/2024\/04\/Champagne-Barfontarc-Sainte-Grmaine-FouFou-Champagne-Boutique6.png","datePublished":"2024-08-07T16:52:26+00:00","dateModified":"2024-08-08T13:13:06+00:00","description":"A vintage champagne from De Barfontarc. From 2015 - slender and full of freshness, despite its age. Perfect for special occasions!","breadcrumb":{"@id":"https:\/\/foufou-champagne.com\/en\/champagne\/de-barfontarc-sainte-germaine-2015-brut\/#breadcrumb"},"inLanguage":"en-US","potentialAction":[{"@type":"ReadAction","target":["https:\/\/foufou-champagne.com\/en\/champagne\/de-barfontarc-sainte-germaine-2015-brut\/"]}]},{"@type":"ImageObject","inLanguage":"en-US","@id":"https:\/\/foufou-champagne.com\/en\/champagne\/de-barfontarc-sainte-germaine-2015-brut\/#primaryimage","url":"https:\/\/foufou-champagne.com\/wp-content\/uploads\/2024\/04\/Champagne-Barfontarc-Sainte-Grmaine-FouFou-Champagne-Boutique6.png","contentUrl":"https:\/\/foufou-champagne.com\/wp-content\/uploads\/2024\/04\/Champagne-Barfontarc-Sainte-Grmaine-FouFou-Champagne-Boutique6.png","width":800,"height":1000},{"@type":"BreadcrumbList","@id":"https:\/\/foufou-champagne.com\/en\/champagne\/de-barfontarc-sainte-germaine-2015-brut\/#breadcrumb","itemListElement":[{"@type":"ListItem","position":1,"name":"Startseite","item":"https:\/\/foufou-champagne.com\/en\/"},{"@type":"ListItem","position":2,"name":"Shop","item":"https:\/\/foufou-champagne.com\/en\/shop\/"},{"@type":"ListItem","position":3,"name":"De Barfontarc Sainte Germaine 2015 Brut"}]},{"@type":"WebSite","@id":"https:\/\/foufou-champagne.com\/en\/#website","url":"https:\/\/foufou-champagne.com\/en\/","name":"foufou-champagne.com","description":"CHAMPAGNE BOUTIQUE","potentialAction":[{"@type":"SearchAction","target":{"@type":"EntryPoint","urlTemplate":"https:\/\/foufou-champagne.com\/en\/?s={search_term_string}"},"query-input":{"@type":"PropertyValueSpecification","valueRequired":true,"valueName":"search_term_string"}}],"inLanguage":"en-US"}]}},"_links":{"self":[{"href":"https:\/\/foufou-champagne.com\/en\/wp-json\/wp\/v2\/product\/5372","targetHints":{"allow":["GET"]}}],"collection":[{"href":"https:\/\/foufou-champagne.com\/en\/wp-json\/wp\/v2\/product"}],"about":[{"href":"https:\/\/foufou-champagne.com\/en\/wp-json\/wp\/v2\/types\/product"}],"replies":[{"embeddable":true,"href":"https:\/\/foufou-champagne.com\/en\/wp-json\/wp\/v2\/comments?post=5372"}],"wp:featuredmedia":[{"embeddable":true,"href":"https:\/\/foufou-champagne.com\/en\/wp-json\/wp\/v2\/media\/14946"}],"wp:attachment":[{"href":"https:\/\/foufou-champagne.com\/en\/wp-json\/wp\/v2\/media?parent=5372"}],"wp:term":[{"taxonomy":"product_brand","embeddable":true,"href":"https:\/\/foufou-champagne.com\/en\/wp-json\/wp\/v2\/product_brand?post=5372"},{"taxonomy":"product_cat","embeddable":true,"href":"https:\/\/foufou-champagne.com\/en\/wp-json\/wp\/v2\/product_cat?post=5372"},{"taxonomy":"product_tag","embeddable":true,"href":"https:\/\/foufou-champagne.com\/en\/wp-json\/wp\/v2\/product_tag?post=5372"}],"curies":[{"name":"wp","href":"https:\/\/api.w.org\/{rel}","templated":true}]}}