{"id":5377,"date":"2020-12-16T18:08:59","date_gmt":"2020-12-16T17:08:59","guid":{"rendered":"https:\/\/foufou-champagne.com\/champagner\/de-barfontarc-rose-brut\/"},"modified":"2023-06-13T19:36:15","modified_gmt":"2023-06-13T17:36:15","slug":"de-barfontarc-rose-brut","status":"publish","type":"product","link":"https:\/\/foufou-champagne.com\/en\/champagne\/de-barfontarc-rose-brut\/","title":{"rendered":"De Barfontarc Ros\u00e9 Brut"},"content":{"rendered":"<h4>The Champagne<\/h4>\n<p>With its light pink colour, light dosage (10-11g) and fine perlage, this champagne&#8217;s signature feature is its fruity aroma. A feminine cuv\u00e9e with a lot of grace and elegance. Made from 62% Pinot Noir and 38% Chardonnay.<\/p>\n<h4>Tasting Note<\/h4>\n<ul>\n<li>In the glass, a light pink hue.<\/li>\n<li>In the nose, this ros\u00e9 reveals intense notes of strawberry and cherry. A bouquet of red fruits.<\/li>\n<li>Lively aromas of red fruits unfold on the palate. Balanced and warming. Opening a second bottle is easy with this one.<\/li>\n<\/ul>\n<h4>Pair with<\/h4>\n<ul>\n<li>Perfect as an aperitif.<\/li>\n<li>Or with deserts such as fruit tarts and ice cream.<\/li>\n<\/ul>\n<div class=\"row row--collapse align-left\">\n<div class=\"col col-sm-12 col-xlg-12\">\n<div class=\"cmsPlainText\">\n<div class=\"row\">\n<div class=\"col col-sm-12\">\n<div class=\"cmsPlainText__content\">\n<div class=\"cmsPlainText__split cmsPlainText__split--1\">\n<h4>The Champagne House De Barfontarc<\/h4>\n<p><span class=\"TextRun SCXW175684281 BCX4\" lang=\"DE-DE\" xml:lang=\"DE-DE\" data-contrast=\"auto\"><span class=\"NormalTextRun SCXW175684281 BCX4\">In 1962, some 50 winegrowers from the villages of Baroville, Fontaine and Arconville in the C\u00f4te des Bar joined forces to found the &#8220;Coop\u00e9rative Vinicole de la R\u00e9gion Baroville&#8221;. At the beginning, this was solely a facility for processing grapes, but in the course of time, the cooperative also began to create its own champagne and adopted the name &#8220;De Barfontarc&#8221;, composed of the first syllables of the three growing regions. To this day, the original winegrowers are still part of the Baroville-based cooperative and cultivate a total of 112 hectares of vines, aided by 20 employees. Over the years, &#8220;De Barfontarc&#8221; has succeeded in developing a large collection of fruity champagnes, which embody the characteristic taste of the southern part of Champagne and regularly win prizes.<\/span><\/span><\/p>\n<\/div>\n<\/div>\n<\/div>\n<\/div>\n<\/div>\n<\/div>\n<\/div>\n","protected":false},"excerpt":{"rendered":"<p>The fruity elegance of a ros\u00e9 champagne. Light pink, fruity. With a lots of grace and elegance. The perfect aperitif ros\u00e9 from De Barfontarc.<\/p>\n","protected":false},"featured_media":9100,"comment_status":"open","ping_status":"closed","template":"","meta":{"_acf_changed":false,"_editorskit_title_hidden":false,"_editorskit_reading_time":0,"_editorskit_is_block_options_detached":false,"_editorskit_block_options_position":"{}","_coblocks_attr":"","_coblocks_dimensions":"","_coblocks_responsive_height":"","_coblocks_accordion_ie_support":""},"product_brand":[],"product_cat":[225,439,513],"product_tag":[249,250,257],"class_list":{"0":"post-5377","1":"product","2":"type-product","3":"status-publish","4":"has-post-thumbnail","6":"product_cat-champagne","7":"product_cat-de-barfontarc-champagne","8":"product_cat-rose-champagne","9":"product_tag-aperitif-en-2","10":"product_tag-brut-en","11":"product_tag-rose-champagne","12":"product_shipping_class-standard-en","13":"pa_kategorie-rose-champagne","15":"first","16":"outofstock","17":"taxable","18":"shipping-taxable","19":"purchasable","20":"product-type-composite"},"composite_virtual":false,"composite_layout":"single","composite_add_to_cart_form_location":"default","composite_editable_in_cart":false,"composite_sold_individually_context":"product","composite_shop_price_calc":"min_max","composite_components":[{"id":"1686183616","title":"Gift box (optional)","description":"","query_type":"product_ids","query_ids":[13157],"default_option_id":"","thumbnail_id":"","thumbnail_src":"","quantity_min":1,"quantity_max":1,"priced_individually":true,"shipped_individually":false,"optional":true,"discount":"","options_style":"dropdowns","pagination_style":"classic","display_prices":"absolute","show_sorting_options":false,"show_filtering_options":false,"attribute_filter_ids":[],"select_action":"view","product_title_visible":false,"product_descr_visible":true,"product_price_visible":true,"product_thumb_visible":true,"subtotal_visible_product":false,"subtotal_visible_cart":false,"subtotal_visible_orders":false,"product_addons_visible":true},{"id":"1686183617","title":"Greeting card with mini bouquet (optional)","description":"","query_type":"category_ids","query_ids":[636],"default_option_id":"","thumbnail_id":"","thumbnail_src":"","quantity_min":1,"quantity_max":1,"priced_individually":true,"shipped_individually":false,"optional":true,"discount":"","options_style":"dropdowns","pagination_style":"classic","display_prices":"absolute","show_sorting_options":false,"show_filtering_options":false,"attribute_filter_ids":[],"select_action":"view","product_title_visible":false,"product_descr_visible":true,"product_price_visible":true,"product_thumb_visible":true,"subtotal_visible_product":false,"subtotal_visible_cart":false,"subtotal_visible_orders":false,"product_addons_visible":true}],"composite_scenarios":[],"exclude_global_add_ons":[],"addons":[],"acf":[],"yoast_head":"<!-- This site is optimized with the Yoast SEO plugin v26.8 - https:\/\/yoast.com\/product\/yoast-seo-wordpress\/ -->\n<title>Buy De Barfontarc Ros\u00e9 Brut online | FOUFOU CHAMPAGNE<\/title>\n<meta name=\"description\" content=\"Light pink, fruity. With a lots of grace and elegance. The perfect aperitif ros\u00e9 from De Barfontarc. Learn more here.\" \/>\n<meta name=\"robots\" content=\"index, follow, max-snippet:-1, max-image-preview:large, max-video-preview:-1\" \/>\n<link rel=\"canonical\" href=\"https:\/\/foufou-champagne.com\/en\/champagne\/de-barfontarc-rose-brut\/\" \/>\n<meta property=\"og:locale\" content=\"en_US\" \/>\n<meta property=\"og:type\" content=\"article\" \/>\n<meta property=\"og:title\" content=\"Buy De Barfontarc Ros\u00e9 Brut online | FOUFOU CHAMPAGNE\" \/>\n<meta property=\"og:description\" content=\"Light pink, fruity. With a lots of grace and elegance. The perfect aperitif ros\u00e9 from De Barfontarc. Learn more here.\" \/>\n<meta property=\"og:url\" content=\"https:\/\/foufou-champagne.com\/en\/champagne\/de-barfontarc-rose-brut\/\" \/>\n<meta property=\"og:site_name\" content=\"foufou-champagne.com\" \/>\n<meta property=\"article:modified_time\" content=\"2023-06-13T17:36:15+00:00\" \/>\n<meta property=\"og:image\" content=\"https:\/\/foufou-champagne.com\/wp-content\/uploads\/2020\/12\/Champagne-de-barfontarc-rose-brut-FouFou-Champagne-Boutique.png\" \/>\n\t<meta property=\"og:image:width\" content=\"800\" \/>\n\t<meta property=\"og:image:height\" content=\"1000\" \/>\n\t<meta property=\"og:image:type\" content=\"image\/png\" \/>\n<meta name=\"twitter:card\" content=\"summary_large_image\" \/>\n<meta name=\"twitter:label1\" content=\"Est. reading time\" \/>\n\t<meta name=\"twitter:data1\" content=\"2 minutes\" \/>\n<script type=\"application\/ld+json\" class=\"yoast-schema-graph\">{\"@context\":\"https:\/\/schema.org\",\"@graph\":[{\"@type\":\"WebPage\",\"@id\":\"https:\/\/foufou-champagne.com\/en\/champagne\/de-barfontarc-rose-brut\/\",\"url\":\"https:\/\/foufou-champagne.com\/en\/champagne\/de-barfontarc-rose-brut\/\",\"name\":\"Buy De Barfontarc Ros\u00e9 Brut online | FOUFOU CHAMPAGNE\",\"isPartOf\":{\"@id\":\"https:\/\/foufou-champagne.com\/en\/#website\"},\"primaryImageOfPage\":{\"@id\":\"https:\/\/foufou-champagne.com\/en\/champagne\/de-barfontarc-rose-brut\/#primaryimage\"},\"image\":{\"@id\":\"https:\/\/foufou-champagne.com\/en\/champagne\/de-barfontarc-rose-brut\/#primaryimage\"},\"thumbnailUrl\":\"https:\/\/foufou-champagne.com\/wp-content\/uploads\/2020\/12\/Champagne-de-barfontarc-rose-brut-FouFou-Champagne-Boutique.png\",\"datePublished\":\"2020-12-16T17:08:59+00:00\",\"dateModified\":\"2023-06-13T17:36:15+00:00\",\"description\":\"Light pink, fruity. With a lots of grace and elegance. The perfect aperitif ros\u00e9 from De Barfontarc. Learn more here.\",\"breadcrumb\":{\"@id\":\"https:\/\/foufou-champagne.com\/en\/champagne\/de-barfontarc-rose-brut\/#breadcrumb\"},\"inLanguage\":\"en-US\",\"potentialAction\":[{\"@type\":\"ReadAction\",\"target\":[\"https:\/\/foufou-champagne.com\/en\/champagne\/de-barfontarc-rose-brut\/\"]}]},{\"@type\":\"ImageObject\",\"inLanguage\":\"en-US\",\"@id\":\"https:\/\/foufou-champagne.com\/en\/champagne\/de-barfontarc-rose-brut\/#primaryimage\",\"url\":\"https:\/\/foufou-champagne.com\/wp-content\/uploads\/2020\/12\/Champagne-de-barfontarc-rose-brut-FouFou-Champagne-Boutique.png\",\"contentUrl\":\"https:\/\/foufou-champagne.com\/wp-content\/uploads\/2020\/12\/Champagne-de-barfontarc-rose-brut-FouFou-Champagne-Boutique.png\",\"width\":800,\"height\":1000},{\"@type\":\"BreadcrumbList\",\"@id\":\"https:\/\/foufou-champagne.com\/en\/champagne\/de-barfontarc-rose-brut\/#breadcrumb\",\"itemListElement\":[{\"@type\":\"ListItem\",\"position\":1,\"name\":\"Startseite\",\"item\":\"https:\/\/foufou-champagne.com\/en\/\"},{\"@type\":\"ListItem\",\"position\":2,\"name\":\"Shop\",\"item\":\"https:\/\/foufou-champagne.com\/en\/shop\/\"},{\"@type\":\"ListItem\",\"position\":3,\"name\":\"De Barfontarc Ros\u00e9 Brut\"}]},{\"@type\":\"WebSite\",\"@id\":\"https:\/\/foufou-champagne.com\/en\/#website\",\"url\":\"https:\/\/foufou-champagne.com\/en\/\",\"name\":\"foufou-champagne.com\",\"description\":\"CHAMPAGNE BOUTIQUE\",\"potentialAction\":[{\"@type\":\"SearchAction\",\"target\":{\"@type\":\"EntryPoint\",\"urlTemplate\":\"https:\/\/foufou-champagne.com\/en\/?s={search_term_string}\"},\"query-input\":{\"@type\":\"PropertyValueSpecification\",\"valueRequired\":true,\"valueName\":\"search_term_string\"}}],\"inLanguage\":\"en-US\"}]}<\/script>\n<!-- \/ Yoast SEO plugin. -->","yoast_head_json":{"title":"Buy De Barfontarc Ros\u00e9 Brut online | FOUFOU CHAMPAGNE","description":"Light pink, fruity. With a lots of grace and elegance. The perfect aperitif ros\u00e9 from De Barfontarc. Learn more here.","robots":{"index":"index","follow":"follow","max-snippet":"max-snippet:-1","max-image-preview":"max-image-preview:large","max-video-preview":"max-video-preview:-1"},"canonical":"https:\/\/foufou-champagne.com\/en\/champagne\/de-barfontarc-rose-brut\/","og_locale":"en_US","og_type":"article","og_title":"Buy De Barfontarc Ros\u00e9 Brut online | FOUFOU CHAMPAGNE","og_description":"Light pink, fruity. With a lots of grace and elegance. The perfect aperitif ros\u00e9 from De Barfontarc. Learn more here.","og_url":"https:\/\/foufou-champagne.com\/en\/champagne\/de-barfontarc-rose-brut\/","og_site_name":"foufou-champagne.com","article_modified_time":"2023-06-13T17:36:15+00:00","og_image":[{"width":800,"height":1000,"url":"https:\/\/foufou-champagne.com\/wp-content\/uploads\/2020\/12\/Champagne-de-barfontarc-rose-brut-FouFou-Champagne-Boutique.png","type":"image\/png"}],"twitter_card":"summary_large_image","twitter_misc":{"Est. reading time":"2 minutes"},"schema":{"@context":"https:\/\/schema.org","@graph":[{"@type":"WebPage","@id":"https:\/\/foufou-champagne.com\/en\/champagne\/de-barfontarc-rose-brut\/","url":"https:\/\/foufou-champagne.com\/en\/champagne\/de-barfontarc-rose-brut\/","name":"Buy De Barfontarc Ros\u00e9 Brut online | FOUFOU CHAMPAGNE","isPartOf":{"@id":"https:\/\/foufou-champagne.com\/en\/#website"},"primaryImageOfPage":{"@id":"https:\/\/foufou-champagne.com\/en\/champagne\/de-barfontarc-rose-brut\/#primaryimage"},"image":{"@id":"https:\/\/foufou-champagne.com\/en\/champagne\/de-barfontarc-rose-brut\/#primaryimage"},"thumbnailUrl":"https:\/\/foufou-champagne.com\/wp-content\/uploads\/2020\/12\/Champagne-de-barfontarc-rose-brut-FouFou-Champagne-Boutique.png","datePublished":"2020-12-16T17:08:59+00:00","dateModified":"2023-06-13T17:36:15+00:00","description":"Light pink, fruity. With a lots of grace and elegance. The perfect aperitif ros\u00e9 from De Barfontarc. Learn more here.","breadcrumb":{"@id":"https:\/\/foufou-champagne.com\/en\/champagne\/de-barfontarc-rose-brut\/#breadcrumb"},"inLanguage":"en-US","potentialAction":[{"@type":"ReadAction","target":["https:\/\/foufou-champagne.com\/en\/champagne\/de-barfontarc-rose-brut\/"]}]},{"@type":"ImageObject","inLanguage":"en-US","@id":"https:\/\/foufou-champagne.com\/en\/champagne\/de-barfontarc-rose-brut\/#primaryimage","url":"https:\/\/foufou-champagne.com\/wp-content\/uploads\/2020\/12\/Champagne-de-barfontarc-rose-brut-FouFou-Champagne-Boutique.png","contentUrl":"https:\/\/foufou-champagne.com\/wp-content\/uploads\/2020\/12\/Champagne-de-barfontarc-rose-brut-FouFou-Champagne-Boutique.png","width":800,"height":1000},{"@type":"BreadcrumbList","@id":"https:\/\/foufou-champagne.com\/en\/champagne\/de-barfontarc-rose-brut\/#breadcrumb","itemListElement":[{"@type":"ListItem","position":1,"name":"Startseite","item":"https:\/\/foufou-champagne.com\/en\/"},{"@type":"ListItem","position":2,"name":"Shop","item":"https:\/\/foufou-champagne.com\/en\/shop\/"},{"@type":"ListItem","position":3,"name":"De Barfontarc Ros\u00e9 Brut"}]},{"@type":"WebSite","@id":"https:\/\/foufou-champagne.com\/en\/#website","url":"https:\/\/foufou-champagne.com\/en\/","name":"foufou-champagne.com","description":"CHAMPAGNE BOUTIQUE","potentialAction":[{"@type":"SearchAction","target":{"@type":"EntryPoint","urlTemplate":"https:\/\/foufou-champagne.com\/en\/?s={search_term_string}"},"query-input":{"@type":"PropertyValueSpecification","valueRequired":true,"valueName":"search_term_string"}}],"inLanguage":"en-US"}]}},"_links":{"self":[{"href":"https:\/\/foufou-champagne.com\/en\/wp-json\/wp\/v2\/product\/5377","targetHints":{"allow":["GET"]}}],"collection":[{"href":"https:\/\/foufou-champagne.com\/en\/wp-json\/wp\/v2\/product"}],"about":[{"href":"https:\/\/foufou-champagne.com\/en\/wp-json\/wp\/v2\/types\/product"}],"replies":[{"embeddable":true,"href":"https:\/\/foufou-champagne.com\/en\/wp-json\/wp\/v2\/comments?post=5377"}],"wp:featuredmedia":[{"embeddable":true,"href":"https:\/\/foufou-champagne.com\/en\/wp-json\/wp\/v2\/media\/9100"}],"wp:attachment":[{"href":"https:\/\/foufou-champagne.com\/en\/wp-json\/wp\/v2\/media?parent=5377"}],"wp:term":[{"taxonomy":"product_brand","embeddable":true,"href":"https:\/\/foufou-champagne.com\/en\/wp-json\/wp\/v2\/product_brand?post=5377"},{"taxonomy":"product_cat","embeddable":true,"href":"https:\/\/foufou-champagne.com\/en\/wp-json\/wp\/v2\/product_cat?post=5377"},{"taxonomy":"product_tag","embeddable":true,"href":"https:\/\/foufou-champagne.com\/en\/wp-json\/wp\/v2\/product_tag?post=5377"}],"curies":[{"name":"wp","href":"https:\/\/api.w.org\/{rel}","templated":true}]}}