{"id":5512,"date":"2024-11-16T09:38:43","date_gmt":"2020-12-14T08:38:43","guid":{"rendered":"https:\/\/foufou-champagne.com\/champagner\/veuve-clicquot-la-grande-dame-2008\/"},"modified":"2024-11-21T15:16:05","modified_gmt":"2024-11-21T14:16:05","slug":"veuve-clicquot-la-grande-dame-2008","status":"publish","type":"product","link":"https:\/\/foufou-champagne.com\/en\/champagne\/veuve-clicquot-la-grande-dame-2008\/","title":{"rendered":"Veuve Clicquot La Grande Dame 2012"},"content":{"rendered":"<h4>The Champagne<\/h4>\n<p><strong>La Grand Dame \u2013 this champagne is as bold and unique as its namesake!<\/strong><\/p>\n<p>After the death of her husband in 1805, Barbe-Nicole Clicquot-Ponsardin took over the management of the small champagne house founded by her father-in-law. While at that time the emancipation of women and feminism were not even in their infancy, &#8220;Widow Clicquot,&#8221; the literal translation of the champagne brand, single-handedly turned a small family business into a company operating throughout Europe. A success story for which Madame Clicquot needed one trait above all &#8211; to be daring. And, perhaps, just a tad foufou&#8230;<\/p>\n<p>In honor of the Champagne region&#8217;s grand dame, Veuve Clicquot releases a vintage champagne named after her in good years of harvest: La Grande Dame.<\/p>\n<p>The high percentage of Pinot Noir (a full 92%!) lends this vintage champagne incredible structure and strength, accompanied by a fresh minerality, delicate texture and elegant complexity.<\/p>\n<p><span class=\"pdp-product-description-text__continued\">The year 2008 is one of the best vintages of the famous champagne house Veuve Clicquot. The prestigious champagne was allowed to mature for a full 10 years in the centuries-old cellars of the house. An exceptional champagne that has the potential to become a true classic.<\/span><\/p>\n<p>So <strong>Mesdames<\/strong> et Messieurs, treat yourselves! <strong>Vive les femmes!<\/strong><\/p>\n<p>&nbsp;<\/p>\n<h4>Tasting Note<\/h4>\n<ul>\n<li>In the glass, sparkling gold with amber reflections.<\/li>\n<li>On the nose, a fruity bouquet dominated by seductive scents of white peach and bergamot.<\/li>\n<li>Au\u00dferdem leichte Ankl\u00e4nge von Vanille.<\/li>\n<li>Full-bodied and powerful on the palate. The high proportion of Pinot Noir provides a perfect balance between freshness and structure.<\/li>\n<\/ul>\n<h4>Pair with<\/h4>\n<ul>\n<li>This champagne is a perfect aperitif and harmonizes nicely with oysters and shellfish.<\/li>\n<li>It also goes great with fish (eg. sea bass) or chicken.<\/li>\n<\/ul>\n<p><strong>Shelf life<\/strong><\/p>\n<p>La Grande Dame 2008 has a high aging potential. The champagne will develop well in wine cellars until 2030 and beyond.<\/p>\n<h4>The Champagne House Veuve Cliquot<\/h4>\n<div class=\"row row--collapse align-left\">\n<div class=\"col col-sm-12 col-xlg-12\">\n<div class=\"cmsPlainText\">\n<div class=\"row\">\n<div class=\"col col-sm-12\">\n<div class=\"cmsPlainText__content\">\n<div class=\"cmsPlainText__split cmsPlainText__split--1\">\n<p>Veuve Clicquot is the second largest champagne house after Mo\u00ebt &amp; Chandon and, like Mo\u00ebt, now belongs to the luxury group LVMH. At the beginning of the 19th century, the young widow of the former owner Fran\u00e7ois Clicquot, Nicole-Barbe Clicquot-Ponsardin, took over the family business and expanded it into an international company. The widow Clicquot-Ponsardin was a true champagne enthusiast and formative in the development of the champagne production! She invented the first ros\u00e9 champagne, the first shaking desk and also contributed to the typical champagne disgorging process.<\/p>\n<\/div>\n<\/div>\n<\/div>\n<\/div>\n<\/div>\n<\/div>\n<\/div>\n<p>&nbsp;<\/p>\n","protected":false},"excerpt":{"rendered":"<p><strong>Vive les femmes!<\/strong><br \/>\nNo other champagne is a better symbol of emancipation and feminism. As &#8220;bold&#8221; as its namesake, with a unique freshness.<\/p>\n","protected":false},"featured_media":13381,"comment_status":"open","ping_status":"closed","template":"","meta":{"_acf_changed":false,"_editorskit_title_hidden":false,"_editorskit_reading_time":0,"_editorskit_is_block_options_detached":false,"_editorskit_block_options_position":"{}","_coblocks_attr":"","_coblocks_dimensions":"","_coblocks_responsive_height":"","_coblocks_accordion_ie_support":""},"product_brand":[],"product_cat":[225,463,248],"product_tag":[251,310],"class_list":{"0":"post-5512","1":"product","2":"type-product","3":"status-publish","4":"has-post-thumbnail","6":"product_cat-champagne","7":"product_cat-veuve-clicquot-champagne","8":"product_cat-vintage-champagne","9":"product_tag-vintage-champagner-en","10":"product_tag-vintage-champagne","11":"product_shipping_class-standard-en","12":"pa_kategorie-vintage-champagne","14":"first","15":"instock","16":"taxable","17":"shipping-taxable","18":"purchasable","19":"product-type-composite"},"composite_virtual":false,"composite_layout":"single","composite_add_to_cart_form_location":"default","composite_editable_in_cart":false,"composite_sold_individually_context":"product","composite_shop_price_calc":"min_max","composite_components":[{"id":"1692207825","title":"Gift box (optional)","description":"","query_type":"product_ids","query_ids":[13157],"default_option_id":"","thumbnail_id":"","thumbnail_src":"","quantity_min":1,"quantity_max":1,"priced_individually":true,"shipped_individually":false,"optional":true,"discount":"","options_style":"dropdowns","pagination_style":"classic","display_prices":"absolute","show_sorting_options":false,"show_filtering_options":false,"attribute_filter_ids":[],"select_action":"view","product_title_visible":false,"product_descr_visible":true,"product_price_visible":true,"product_thumb_visible":true,"subtotal_visible_product":false,"subtotal_visible_cart":false,"subtotal_visible_orders":false,"product_addons_visible":true},{"id":"1692207826","title":"Greeting card with mini bouquet (optional)","description":"","query_type":"category_ids","query_ids":[636],"default_option_id":"","thumbnail_id":"","thumbnail_src":"","quantity_min":1,"quantity_max":1,"priced_individually":true,"shipped_individually":false,"optional":true,"discount":"","options_style":"dropdowns","pagination_style":"classic","display_prices":"absolute","show_sorting_options":false,"show_filtering_options":false,"attribute_filter_ids":[],"select_action":"view","product_title_visible":false,"product_descr_visible":true,"product_price_visible":true,"product_thumb_visible":true,"subtotal_visible_product":false,"subtotal_visible_cart":false,"subtotal_visible_orders":false,"product_addons_visible":true}],"composite_scenarios":[],"exclude_global_add_ons":[],"addons":[],"acf":[],"yoast_head":"<!-- This site is optimized with the Yoast SEO plugin v26.8 - https:\/\/yoast.com\/product\/yoast-seo-wordpress\/ -->\n<title>Buy Veuve Clicquot La Grande Dame 2012 | FOUFOU CHAMPAGNE<\/title>\n<meta name=\"description\" content=\"The champagne is a tribute to Madame Clicquot - a pioneer in feminism and emancipation. Unmistakably unique. Learn more here.\" \/>\n<meta name=\"robots\" content=\"index, follow, max-snippet:-1, max-image-preview:large, max-video-preview:-1\" \/>\n<link rel=\"canonical\" href=\"https:\/\/foufou-champagne.com\/en\/champagne\/veuve-clicquot-la-grande-dame-2008\/\" \/>\n<meta property=\"og:locale\" content=\"en_US\" \/>\n<meta property=\"og:type\" content=\"article\" \/>\n<meta property=\"og:title\" content=\"Buy Veuve Clicquot La Grande Dame 2012 | FOUFOU CHAMPAGNE\" \/>\n<meta property=\"og:description\" content=\"The champagne is a tribute to Madame Clicquot - a pioneer in feminism and emancipation. Unmistakably unique. Learn more here.\" \/>\n<meta property=\"og:url\" content=\"https:\/\/foufou-champagne.com\/en\/champagne\/veuve-clicquot-la-grande-dame-2008\/\" \/>\n<meta property=\"og:site_name\" content=\"foufou-champagne.com\" \/>\n<meta property=\"article:modified_time\" content=\"2024-11-21T14:16:05+00:00\" \/>\n<meta property=\"og:image\" content=\"https:\/\/foufou-champagne.com\/wp-content\/uploads\/2023\/08\/Champagne-Veuve-Cliquot-La-Grande-Dame-2012.png\" \/>\n\t<meta property=\"og:image:width\" content=\"800\" \/>\n\t<meta property=\"og:image:height\" content=\"1000\" \/>\n\t<meta property=\"og:image:type\" content=\"image\/png\" \/>\n<meta name=\"twitter:card\" content=\"summary_large_image\" \/>\n<meta name=\"twitter:label1\" content=\"Est. reading time\" \/>\n\t<meta name=\"twitter:data1\" content=\"2 minutes\" \/>\n<script type=\"application\/ld+json\" class=\"yoast-schema-graph\">{\"@context\":\"https:\/\/schema.org\",\"@graph\":[{\"@type\":\"WebPage\",\"@id\":\"https:\/\/foufou-champagne.com\/en\/champagne\/veuve-clicquot-la-grande-dame-2008\/\",\"url\":\"https:\/\/foufou-champagne.com\/en\/champagne\/veuve-clicquot-la-grande-dame-2008\/\",\"name\":\"Buy Veuve Clicquot La Grande Dame 2012 | FOUFOU CHAMPAGNE\",\"isPartOf\":{\"@id\":\"https:\/\/foufou-champagne.com\/en\/#website\"},\"primaryImageOfPage\":{\"@id\":\"https:\/\/foufou-champagne.com\/en\/champagne\/veuve-clicquot-la-grande-dame-2008\/#primaryimage\"},\"image\":{\"@id\":\"https:\/\/foufou-champagne.com\/en\/champagne\/veuve-clicquot-la-grande-dame-2008\/#primaryimage\"},\"thumbnailUrl\":\"https:\/\/foufou-champagne.com\/wp-content\/uploads\/2023\/08\/Champagne-Veuve-Cliquot-La-Grande-Dame-2012.png\",\"datePublished\":\"2020-12-14T08:38:43+00:00\",\"dateModified\":\"2024-11-21T14:16:05+00:00\",\"description\":\"The champagne is a tribute to Madame Clicquot - a pioneer in feminism and emancipation. Unmistakably unique. Learn more here.\",\"breadcrumb\":{\"@id\":\"https:\/\/foufou-champagne.com\/en\/champagne\/veuve-clicquot-la-grande-dame-2008\/#breadcrumb\"},\"inLanguage\":\"en-US\",\"potentialAction\":[{\"@type\":\"ReadAction\",\"target\":[\"https:\/\/foufou-champagne.com\/en\/champagne\/veuve-clicquot-la-grande-dame-2008\/\"]}]},{\"@type\":\"ImageObject\",\"inLanguage\":\"en-US\",\"@id\":\"https:\/\/foufou-champagne.com\/en\/champagne\/veuve-clicquot-la-grande-dame-2008\/#primaryimage\",\"url\":\"https:\/\/foufou-champagne.com\/wp-content\/uploads\/2023\/08\/Champagne-Veuve-Cliquot-La-Grande-Dame-2012.png\",\"contentUrl\":\"https:\/\/foufou-champagne.com\/wp-content\/uploads\/2023\/08\/Champagne-Veuve-Cliquot-La-Grande-Dame-2012.png\",\"width\":800,\"height\":1000},{\"@type\":\"BreadcrumbList\",\"@id\":\"https:\/\/foufou-champagne.com\/en\/champagne\/veuve-clicquot-la-grande-dame-2008\/#breadcrumb\",\"itemListElement\":[{\"@type\":\"ListItem\",\"position\":1,\"name\":\"Startseite\",\"item\":\"https:\/\/foufou-champagne.com\/en\/\"},{\"@type\":\"ListItem\",\"position\":2,\"name\":\"Shop\",\"item\":\"https:\/\/foufou-champagne.com\/en\/shop\/\"},{\"@type\":\"ListItem\",\"position\":3,\"name\":\"Veuve Clicquot La Grande Dame 2012\"}]},{\"@type\":\"WebSite\",\"@id\":\"https:\/\/foufou-champagne.com\/en\/#website\",\"url\":\"https:\/\/foufou-champagne.com\/en\/\",\"name\":\"foufou-champagne.com\",\"description\":\"CHAMPAGNE BOUTIQUE\",\"potentialAction\":[{\"@type\":\"SearchAction\",\"target\":{\"@type\":\"EntryPoint\",\"urlTemplate\":\"https:\/\/foufou-champagne.com\/en\/?s={search_term_string}\"},\"query-input\":{\"@type\":\"PropertyValueSpecification\",\"valueRequired\":true,\"valueName\":\"search_term_string\"}}],\"inLanguage\":\"en-US\"}]}<\/script>\n<!-- \/ Yoast SEO plugin. -->","yoast_head_json":{"title":"Buy Veuve Clicquot La Grande Dame 2012 | FOUFOU CHAMPAGNE","description":"The champagne is a tribute to Madame Clicquot - a pioneer in feminism and emancipation. Unmistakably unique. Learn more here.","robots":{"index":"index","follow":"follow","max-snippet":"max-snippet:-1","max-image-preview":"max-image-preview:large","max-video-preview":"max-video-preview:-1"},"canonical":"https:\/\/foufou-champagne.com\/en\/champagne\/veuve-clicquot-la-grande-dame-2008\/","og_locale":"en_US","og_type":"article","og_title":"Buy Veuve Clicquot La Grande Dame 2012 | FOUFOU CHAMPAGNE","og_description":"The champagne is a tribute to Madame Clicquot - a pioneer in feminism and emancipation. Unmistakably unique. Learn more here.","og_url":"https:\/\/foufou-champagne.com\/en\/champagne\/veuve-clicquot-la-grande-dame-2008\/","og_site_name":"foufou-champagne.com","article_modified_time":"2024-11-21T14:16:05+00:00","og_image":[{"width":800,"height":1000,"url":"https:\/\/foufou-champagne.com\/wp-content\/uploads\/2023\/08\/Champagne-Veuve-Cliquot-La-Grande-Dame-2012.png","type":"image\/png"}],"twitter_card":"summary_large_image","twitter_misc":{"Est. reading time":"2 minutes"},"schema":{"@context":"https:\/\/schema.org","@graph":[{"@type":"WebPage","@id":"https:\/\/foufou-champagne.com\/en\/champagne\/veuve-clicquot-la-grande-dame-2008\/","url":"https:\/\/foufou-champagne.com\/en\/champagne\/veuve-clicquot-la-grande-dame-2008\/","name":"Buy Veuve Clicquot La Grande Dame 2012 | FOUFOU CHAMPAGNE","isPartOf":{"@id":"https:\/\/foufou-champagne.com\/en\/#website"},"primaryImageOfPage":{"@id":"https:\/\/foufou-champagne.com\/en\/champagne\/veuve-clicquot-la-grande-dame-2008\/#primaryimage"},"image":{"@id":"https:\/\/foufou-champagne.com\/en\/champagne\/veuve-clicquot-la-grande-dame-2008\/#primaryimage"},"thumbnailUrl":"https:\/\/foufou-champagne.com\/wp-content\/uploads\/2023\/08\/Champagne-Veuve-Cliquot-La-Grande-Dame-2012.png","datePublished":"2020-12-14T08:38:43+00:00","dateModified":"2024-11-21T14:16:05+00:00","description":"The champagne is a tribute to Madame Clicquot - a pioneer in feminism and emancipation. Unmistakably unique. Learn more here.","breadcrumb":{"@id":"https:\/\/foufou-champagne.com\/en\/champagne\/veuve-clicquot-la-grande-dame-2008\/#breadcrumb"},"inLanguage":"en-US","potentialAction":[{"@type":"ReadAction","target":["https:\/\/foufou-champagne.com\/en\/champagne\/veuve-clicquot-la-grande-dame-2008\/"]}]},{"@type":"ImageObject","inLanguage":"en-US","@id":"https:\/\/foufou-champagne.com\/en\/champagne\/veuve-clicquot-la-grande-dame-2008\/#primaryimage","url":"https:\/\/foufou-champagne.com\/wp-content\/uploads\/2023\/08\/Champagne-Veuve-Cliquot-La-Grande-Dame-2012.png","contentUrl":"https:\/\/foufou-champagne.com\/wp-content\/uploads\/2023\/08\/Champagne-Veuve-Cliquot-La-Grande-Dame-2012.png","width":800,"height":1000},{"@type":"BreadcrumbList","@id":"https:\/\/foufou-champagne.com\/en\/champagne\/veuve-clicquot-la-grande-dame-2008\/#breadcrumb","itemListElement":[{"@type":"ListItem","position":1,"name":"Startseite","item":"https:\/\/foufou-champagne.com\/en\/"},{"@type":"ListItem","position":2,"name":"Shop","item":"https:\/\/foufou-champagne.com\/en\/shop\/"},{"@type":"ListItem","position":3,"name":"Veuve Clicquot La Grande Dame 2012"}]},{"@type":"WebSite","@id":"https:\/\/foufou-champagne.com\/en\/#website","url":"https:\/\/foufou-champagne.com\/en\/","name":"foufou-champagne.com","description":"CHAMPAGNE BOUTIQUE","potentialAction":[{"@type":"SearchAction","target":{"@type":"EntryPoint","urlTemplate":"https:\/\/foufou-champagne.com\/en\/?s={search_term_string}"},"query-input":{"@type":"PropertyValueSpecification","valueRequired":true,"valueName":"search_term_string"}}],"inLanguage":"en-US"}]}},"_links":{"self":[{"href":"https:\/\/foufou-champagne.com\/en\/wp-json\/wp\/v2\/product\/5512","targetHints":{"allow":["GET"]}}],"collection":[{"href":"https:\/\/foufou-champagne.com\/en\/wp-json\/wp\/v2\/product"}],"about":[{"href":"https:\/\/foufou-champagne.com\/en\/wp-json\/wp\/v2\/types\/product"}],"replies":[{"embeddable":true,"href":"https:\/\/foufou-champagne.com\/en\/wp-json\/wp\/v2\/comments?post=5512"}],"wp:featuredmedia":[{"embeddable":true,"href":"https:\/\/foufou-champagne.com\/en\/wp-json\/wp\/v2\/media\/13381"}],"wp:attachment":[{"href":"https:\/\/foufou-champagne.com\/en\/wp-json\/wp\/v2\/media?parent=5512"}],"wp:term":[{"taxonomy":"product_brand","embeddable":true,"href":"https:\/\/foufou-champagne.com\/en\/wp-json\/wp\/v2\/product_brand?post=5512"},{"taxonomy":"product_cat","embeddable":true,"href":"https:\/\/foufou-champagne.com\/en\/wp-json\/wp\/v2\/product_cat?post=5512"},{"taxonomy":"product_tag","embeddable":true,"href":"https:\/\/foufou-champagne.com\/en\/wp-json\/wp\/v2\/product_tag?post=5512"}],"curies":[{"name":"wp","href":"https:\/\/api.w.org\/{rel}","templated":true}]}}