{"id":5522,"date":"2020-12-18T15:27:13","date_gmt":"2020-12-18T14:27:13","guid":{"rendered":"https:\/\/foufou-champagne.com\/champagner\/taittinger-brut-reserve-gift-box\/"},"modified":"2022-09-16T17:52:02","modified_gmt":"2022-09-16T15:52:02","slug":"taittinger-brut-reserve-gift-box","status":"publish","type":"product","link":"https:\/\/foufou-champagne.com\/en\/champagne\/taittinger-brut-reserve-gift-box\/","title":{"rendered":"Taittinger Brut R\u00e9serve as a gift"},"content":{"rendered":"<h4>The Champagne<\/h4>\n<p>A playful effervescence in a sparkling gift box!<\/p>\n<p>Due to its unusually high proportion of Chardonnay, which makes it unique among the great champagne cuv\u00e9es, it captivates with the finesse typical of the Taittinger house.<\/p>\n<p>The Brut R\u00e9serve is aged for at least three years and up to 30 meters below the surface within the historic chalk rock cellars in Reims, the headquarters of the Taittinger house. When served, the Brut R\u00e9serve boasts expressive aromas of peach, white flowers, and hints of vanilla and toasted brioche. Fresh fruit notes paired with light honey nuances lend this cuv\u00e9e its distinctive taste. Truly delicious.<\/p>\n<p>40-45% Chardonnay, 35-40% Pinot noir, 20% Meunier<\/p>\n<h4>Tasting Note<\/h4>\n<ul>\n<li>In the glass, a fine play of pearls.<\/li>\n<li>Scents of white flowers, peach and a touch of vanilla.<\/li>\n<li>Harmonious, lively and fresh on the palate.<\/li>\n<\/ul>\n<h4>Pair with\/h4&gt;<\/h4>\n<ul>\n<li>Superb Aperitif.<\/li>\n<li>An exemplary companion to seafood and fish.<\/li>\n<li>Also goes great with fruit desserts.<\/li>\n<\/ul>\n<h4>The Taittinger Champagne House<\/h4>\n<div class=\"row row--collapse align-left\">\n<div class=\"col col-sm-12 col-xlg-12\">\n<div class=\"cmsPlainText\">\n<div class=\"row\">\n<div class=\"col col-sm-12\">\n<div class=\"cmsPlainText__content\">\n<div class=\"cmsPlainText__split cmsPlainText__split--1\">\n<p>Taittinger, a Champagne House with a long tradition in Reims, is the home of Brut R\u00e9serve. The house\u2019s 260 hectares of vineyards, located in the best sites of the Champagne region and yielding a volume of 6.5 million bottles per year, make it the sixth largest house in Champagne. Its ownership of such a large number of vines ensures Taittinger a steady supply of top-quality champagne, known throughout the world for its finesse and airiness.<\/p>\n<\/div>\n<\/div>\n<\/div>\n<\/div>\n<\/div>\n<\/div>\n<\/div>\n","protected":false},"excerpt":{"rendered":"<p>One of the five best-selling champagne cuv\u00e9es in the world. Taittinger Brut R\u00e9serve is the classic from the house of Taittinger.<\/p>\n","protected":false},"featured_media":5523,"comment_status":"open","ping_status":"closed","template":"","meta":{"_acf_changed":false,"_editorskit_title_hidden":false,"_editorskit_reading_time":0,"_editorskit_is_block_options_detached":false,"_editorskit_block_options_position":"{}","_coblocks_attr":"","_coblocks_dimensions":"","_coblocks_responsive_height":"","_coblocks_accordion_ie_support":""},"product_brand":[],"product_cat":[307,225,459],"product_tag":[],"class_list":{"0":"post-5522","1":"product","2":"type-product","3":"status-publish","4":"has-post-thumbnail","6":"product_cat-as-a-gift","7":"product_cat-champagne","8":"product_cat-taittinger-champagne","9":"product_shipping_class-standard-en","11":"first","12":"outofstock","13":"taxable","14":"shipping-taxable","15":"purchasable","16":"product-type-simple"},"composite_virtual":false,"composite_layout":"","composite_add_to_cart_form_location":"","composite_editable_in_cart":false,"composite_sold_individually_context":"","composite_shop_price_calc":"","composite_components":[],"composite_scenarios":[],"exclude_global_add_ons":[],"addons":[],"acf":[],"yoast_head":"<!-- This site is optimized with the Yoast SEO plugin v26.8 - https:\/\/yoast.com\/product\/yoast-seo-wordpress\/ -->\n<title>Taittinger Brut R\u00e9serve in a gift box | FOUFOU CHAMPAGNE<\/title>\n<meta name=\"description\" content=\"One of the five best-selling champagne cuv\u00e9es in the world. Taittinger Brut R\u00e9serve is the classic from the house of Taittinger. \u2665 Learn more here.\" \/>\n<meta name=\"robots\" content=\"index, follow, max-snippet:-1, max-image-preview:large, max-video-preview:-1\" \/>\n<link rel=\"canonical\" href=\"https:\/\/foufou-champagne.com\/en\/champagne\/taittinger-brut-reserve-gift-box\/\" \/>\n<meta property=\"og:locale\" content=\"en_US\" \/>\n<meta property=\"og:type\" content=\"article\" \/>\n<meta property=\"og:title\" content=\"Taittinger Brut R\u00e9serve in a gift box | FOUFOU CHAMPAGNE\" \/>\n<meta property=\"og:description\" content=\"One of the five best-selling champagne cuv\u00e9es in the world. Taittinger Brut R\u00e9serve is the classic from the house of Taittinger. \u2665 Learn more here.\" \/>\n<meta property=\"og:url\" content=\"https:\/\/foufou-champagne.com\/en\/champagne\/taittinger-brut-reserve-gift-box\/\" \/>\n<meta property=\"og:site_name\" content=\"foufou-champagne.com\" \/>\n<meta property=\"article:modified_time\" content=\"2022-09-16T15:52:02+00:00\" \/>\n<meta property=\"og:image\" content=\"https:\/\/foufou-champagne.com\/wp-content\/uploads\/2020\/12\/FOUFOU-Product-Shots-114.jpg\" \/>\n\t<meta property=\"og:image:width\" content=\"960\" \/>\n\t<meta property=\"og:image:height\" content=\"1200\" \/>\n\t<meta property=\"og:image:type\" content=\"image\/jpeg\" \/>\n<meta name=\"twitter:card\" content=\"summary_large_image\" \/>\n<meta name=\"twitter:label1\" content=\"Est. reading time\" \/>\n\t<meta name=\"twitter:data1\" content=\"1 minute\" \/>\n<script type=\"application\/ld+json\" class=\"yoast-schema-graph\">{\"@context\":\"https:\/\/schema.org\",\"@graph\":[{\"@type\":\"WebPage\",\"@id\":\"https:\/\/foufou-champagne.com\/en\/champagne\/taittinger-brut-reserve-gift-box\/\",\"url\":\"https:\/\/foufou-champagne.com\/en\/champagne\/taittinger-brut-reserve-gift-box\/\",\"name\":\"Taittinger Brut R\u00e9serve in a gift box | FOUFOU CHAMPAGNE\",\"isPartOf\":{\"@id\":\"https:\/\/foufou-champagne.com\/en\/#website\"},\"primaryImageOfPage\":{\"@id\":\"https:\/\/foufou-champagne.com\/en\/champagne\/taittinger-brut-reserve-gift-box\/#primaryimage\"},\"image\":{\"@id\":\"https:\/\/foufou-champagne.com\/en\/champagne\/taittinger-brut-reserve-gift-box\/#primaryimage\"},\"thumbnailUrl\":\"https:\/\/foufou-champagne.com\/wp-content\/uploads\/2020\/12\/FOUFOU-Product-Shots-114.jpg\",\"datePublished\":\"2020-12-18T14:27:13+00:00\",\"dateModified\":\"2022-09-16T15:52:02+00:00\",\"description\":\"One of the five best-selling champagne cuv\u00e9es in the world. Taittinger Brut R\u00e9serve is the classic from the house of Taittinger. \u2665 Learn more here.\",\"breadcrumb\":{\"@id\":\"https:\/\/foufou-champagne.com\/en\/champagne\/taittinger-brut-reserve-gift-box\/#breadcrumb\"},\"inLanguage\":\"en-US\",\"potentialAction\":[{\"@type\":\"ReadAction\",\"target\":[\"https:\/\/foufou-champagne.com\/en\/champagne\/taittinger-brut-reserve-gift-box\/\"]}]},{\"@type\":\"ImageObject\",\"inLanguage\":\"en-US\",\"@id\":\"https:\/\/foufou-champagne.com\/en\/champagne\/taittinger-brut-reserve-gift-box\/#primaryimage\",\"url\":\"https:\/\/foufou-champagne.com\/wp-content\/uploads\/2020\/12\/FOUFOU-Product-Shots-114.jpg\",\"contentUrl\":\"https:\/\/foufou-champagne.com\/wp-content\/uploads\/2020\/12\/FOUFOU-Product-Shots-114.jpg\",\"width\":960,\"height\":1200,\"caption\":\"Taittinger Brut R\u00e9serve Champagner Geschenkbox\"},{\"@type\":\"BreadcrumbList\",\"@id\":\"https:\/\/foufou-champagne.com\/en\/champagne\/taittinger-brut-reserve-gift-box\/#breadcrumb\",\"itemListElement\":[{\"@type\":\"ListItem\",\"position\":1,\"name\":\"Startseite\",\"item\":\"https:\/\/foufou-champagne.com\/en\/\"},{\"@type\":\"ListItem\",\"position\":2,\"name\":\"Shop\",\"item\":\"https:\/\/foufou-champagne.com\/en\/shop\/\"},{\"@type\":\"ListItem\",\"position\":3,\"name\":\"Taittinger Brut R\u00e9serve as a gift\"}]},{\"@type\":\"WebSite\",\"@id\":\"https:\/\/foufou-champagne.com\/en\/#website\",\"url\":\"https:\/\/foufou-champagne.com\/en\/\",\"name\":\"foufou-champagne.com\",\"description\":\"CHAMPAGNE BOUTIQUE\",\"potentialAction\":[{\"@type\":\"SearchAction\",\"target\":{\"@type\":\"EntryPoint\",\"urlTemplate\":\"https:\/\/foufou-champagne.com\/en\/?s={search_term_string}\"},\"query-input\":{\"@type\":\"PropertyValueSpecification\",\"valueRequired\":true,\"valueName\":\"search_term_string\"}}],\"inLanguage\":\"en-US\"}]}<\/script>\n<!-- \/ Yoast SEO plugin. -->","yoast_head_json":{"title":"Taittinger Brut R\u00e9serve in a gift box | FOUFOU CHAMPAGNE","description":"One of the five best-selling champagne cuv\u00e9es in the world. Taittinger Brut R\u00e9serve is the classic from the house of Taittinger. \u2665 Learn more here.","robots":{"index":"index","follow":"follow","max-snippet":"max-snippet:-1","max-image-preview":"max-image-preview:large","max-video-preview":"max-video-preview:-1"},"canonical":"https:\/\/foufou-champagne.com\/en\/champagne\/taittinger-brut-reserve-gift-box\/","og_locale":"en_US","og_type":"article","og_title":"Taittinger Brut R\u00e9serve in a gift box | FOUFOU CHAMPAGNE","og_description":"One of the five best-selling champagne cuv\u00e9es in the world. Taittinger Brut R\u00e9serve is the classic from the house of Taittinger. \u2665 Learn more here.","og_url":"https:\/\/foufou-champagne.com\/en\/champagne\/taittinger-brut-reserve-gift-box\/","og_site_name":"foufou-champagne.com","article_modified_time":"2022-09-16T15:52:02+00:00","og_image":[{"width":960,"height":1200,"url":"https:\/\/foufou-champagne.com\/wp-content\/uploads\/2020\/12\/FOUFOU-Product-Shots-114.jpg","type":"image\/jpeg"}],"twitter_card":"summary_large_image","twitter_misc":{"Est. reading time":"1 minute"},"schema":{"@context":"https:\/\/schema.org","@graph":[{"@type":"WebPage","@id":"https:\/\/foufou-champagne.com\/en\/champagne\/taittinger-brut-reserve-gift-box\/","url":"https:\/\/foufou-champagne.com\/en\/champagne\/taittinger-brut-reserve-gift-box\/","name":"Taittinger Brut R\u00e9serve in a gift box | FOUFOU CHAMPAGNE","isPartOf":{"@id":"https:\/\/foufou-champagne.com\/en\/#website"},"primaryImageOfPage":{"@id":"https:\/\/foufou-champagne.com\/en\/champagne\/taittinger-brut-reserve-gift-box\/#primaryimage"},"image":{"@id":"https:\/\/foufou-champagne.com\/en\/champagne\/taittinger-brut-reserve-gift-box\/#primaryimage"},"thumbnailUrl":"https:\/\/foufou-champagne.com\/wp-content\/uploads\/2020\/12\/FOUFOU-Product-Shots-114.jpg","datePublished":"2020-12-18T14:27:13+00:00","dateModified":"2022-09-16T15:52:02+00:00","description":"One of the five best-selling champagne cuv\u00e9es in the world. Taittinger Brut R\u00e9serve is the classic from the house of Taittinger. \u2665 Learn more here.","breadcrumb":{"@id":"https:\/\/foufou-champagne.com\/en\/champagne\/taittinger-brut-reserve-gift-box\/#breadcrumb"},"inLanguage":"en-US","potentialAction":[{"@type":"ReadAction","target":["https:\/\/foufou-champagne.com\/en\/champagne\/taittinger-brut-reserve-gift-box\/"]}]},{"@type":"ImageObject","inLanguage":"en-US","@id":"https:\/\/foufou-champagne.com\/en\/champagne\/taittinger-brut-reserve-gift-box\/#primaryimage","url":"https:\/\/foufou-champagne.com\/wp-content\/uploads\/2020\/12\/FOUFOU-Product-Shots-114.jpg","contentUrl":"https:\/\/foufou-champagne.com\/wp-content\/uploads\/2020\/12\/FOUFOU-Product-Shots-114.jpg","width":960,"height":1200,"caption":"Taittinger Brut R\u00e9serve Champagner Geschenkbox"},{"@type":"BreadcrumbList","@id":"https:\/\/foufou-champagne.com\/en\/champagne\/taittinger-brut-reserve-gift-box\/#breadcrumb","itemListElement":[{"@type":"ListItem","position":1,"name":"Startseite","item":"https:\/\/foufou-champagne.com\/en\/"},{"@type":"ListItem","position":2,"name":"Shop","item":"https:\/\/foufou-champagne.com\/en\/shop\/"},{"@type":"ListItem","position":3,"name":"Taittinger Brut R\u00e9serve as a gift"}]},{"@type":"WebSite","@id":"https:\/\/foufou-champagne.com\/en\/#website","url":"https:\/\/foufou-champagne.com\/en\/","name":"foufou-champagne.com","description":"CHAMPAGNE BOUTIQUE","potentialAction":[{"@type":"SearchAction","target":{"@type":"EntryPoint","urlTemplate":"https:\/\/foufou-champagne.com\/en\/?s={search_term_string}"},"query-input":{"@type":"PropertyValueSpecification","valueRequired":true,"valueName":"search_term_string"}}],"inLanguage":"en-US"}]}},"_links":{"self":[{"href":"https:\/\/foufou-champagne.com\/en\/wp-json\/wp\/v2\/product\/5522","targetHints":{"allow":["GET"]}}],"collection":[{"href":"https:\/\/foufou-champagne.com\/en\/wp-json\/wp\/v2\/product"}],"about":[{"href":"https:\/\/foufou-champagne.com\/en\/wp-json\/wp\/v2\/types\/product"}],"replies":[{"embeddable":true,"href":"https:\/\/foufou-champagne.com\/en\/wp-json\/wp\/v2\/comments?post=5522"}],"wp:featuredmedia":[{"embeddable":true,"href":"https:\/\/foufou-champagne.com\/en\/wp-json\/wp\/v2\/media\/5523"}],"wp:attachment":[{"href":"https:\/\/foufou-champagne.com\/en\/wp-json\/wp\/v2\/media?parent=5522"}],"wp:term":[{"taxonomy":"product_brand","embeddable":true,"href":"https:\/\/foufou-champagne.com\/en\/wp-json\/wp\/v2\/product_brand?post=5522"},{"taxonomy":"product_cat","embeddable":true,"href":"https:\/\/foufou-champagne.com\/en\/wp-json\/wp\/v2\/product_cat?post=5522"},{"taxonomy":"product_tag","embeddable":true,"href":"https:\/\/foufou-champagne.com\/en\/wp-json\/wp\/v2\/product_tag?post=5522"}],"curies":[{"name":"wp","href":"https:\/\/api.w.org\/{rel}","templated":true}]}}