{"id":5579,"date":"2020-12-01T21:02:48","date_gmt":"2020-12-01T20:02:48","guid":{"rendered":"https:\/\/foufou-champagne.com\/champagner\/bruno-paillard-premiere-cuvee\/"},"modified":"2024-07-19T13:36:52","modified_gmt":"2024-07-19T11:36:52","slug":"bruno-paillard-premiere-cuvee","status":"publish","type":"product","link":"https:\/\/foufou-champagne.com\/en\/champagne\/bruno-paillard-premiere-cuvee\/","title":{"rendered":"Bruno Paillard Premi\u00e8re Cuv\u00e9e"},"content":{"rendered":"<h4>The Champagne<\/h4>\n<p>Bruno Paillard&#8217;s Brut Premi\u00e8re Cuv\u00e9e is the flagship of the house and one of our absolute favorites!<\/p>\n<p>Each signature blend of 22% Pinot Meunier, 33% Chardonnay and 45% Pinot Noir is aged for three years, followed by a resting period of at least five months after disgorgement. With a very low dosage (less than 6g\/l), this champagne radiates the finest crisp aroma, with lively mineral notes. Dominated by fruit (red berries and citrus) as well as the exotic flavors typical of Pinot Noir &#8211; a pleasure for all the senses.<\/p>\n<h4>Tasting Note<\/h4>\n<ul>\n<li>In the glass: a light golden yellow with silver hues, fine, lively crescendo of bubbles.<\/li>\n<li>In the nose: fresh citrus scents (lime and grapefruit) paired with almonds.<\/li>\n<li>On the palate, the full-bodied cuv\u00e9e provides a persuasive combination of black currant and black fruit flavors, minerality and pleasant depth.<\/li>\n<\/ul>\n<h4>Pair with<\/h4>\n<ul>\n<li>This champagne is an excellent aperitif and harmonises perfectly with oysters and shellfish.<\/li>\n<li>It also goes wonderfully with cheese (Brie de Meaux, Camembert) and salads.<\/li>\n<li>The champagne is also an exceptional companion for roasted poultry or lightly grilled artichoke hearts.<\/li>\n<\/ul>\n<p>&nbsp;<\/p>\n<h4>The Champagne House Bruno Paillard<\/h4>\n<p><strong>Purity, minerality, elegance and complexity<\/strong><\/p>\n<p>The champagne house was founded in 1981 by its namesake Bruno Paillard and is one of the youngest champagne houses. The founder comes from a family of grape brokers and winegrowers who have lived and worked in the heart of Champagne for more than three centuries. His idea and philosophy is to extract the quintessence from the best crus to create a composition, a great champagne. His champagnes are mainly found in upscale restaurants and specialist wine shops.<\/p>\n","protected":false},"excerpt":{"rendered":"<p>A premiere cuv\u00e9e of the highest quality and one of our absolute favorites! Elegant but with an invigorating vibrance and minerality.<\/p>\n","protected":false},"featured_media":11688,"comment_status":"open","ping_status":"closed","template":"","meta":{"_acf_changed":false,"_editorskit_title_hidden":false,"_editorskit_reading_time":0,"_editorskit_is_block_options_detached":false,"_editorskit_block_options_position":"{}","_coblocks_attr":"","_coblocks_dimensions":"","_coblocks_responsive_height":"","_coblocks_accordion_ie_support":""},"product_brand":[],"product_cat":[437,225,265],"product_tag":[270],"class_list":{"0":"post-5579","1":"product","2":"type-product","3":"status-publish","4":"has-post-thumbnail","6":"product_cat-bruno-paillard-champagne","7":"product_cat-champagne","8":"product_cat-winemaker-champagne","9":"product_tag-winzerchampagner-en","10":"product_shipping_class-standard-en","11":"pa_kategorie-winemaker-champagne","13":"first","14":"instock","15":"taxable","16":"shipping-taxable","17":"purchasable","18":"product-type-composite"},"composite_virtual":false,"composite_layout":"single","composite_add_to_cart_form_location":"default","composite_editable_in_cart":false,"composite_sold_individually_context":"product","composite_shop_price_calc":"min_max","composite_components":[{"id":"1686156074","title":"Gift box (optional)","description":"","query_type":"product_ids","query_ids":[5460,13157],"default_option_id":"","thumbnail_id":"","thumbnail_src":"","quantity_min":1,"quantity_max":1,"priced_individually":true,"shipped_individually":false,"optional":true,"discount":"","options_style":"dropdowns","pagination_style":"classic","display_prices":"absolute","show_sorting_options":false,"show_filtering_options":false,"attribute_filter_ids":[],"select_action":"view","product_title_visible":false,"product_descr_visible":true,"product_price_visible":true,"product_thumb_visible":true,"subtotal_visible_product":false,"subtotal_visible_cart":false,"subtotal_visible_orders":false,"product_addons_visible":true},{"id":"1686156075","title":"Greeting card with mini bouquet (optional)","description":"","query_type":"category_ids","query_ids":[636],"default_option_id":"","thumbnail_id":"","thumbnail_src":"","quantity_min":1,"quantity_max":1,"priced_individually":true,"shipped_individually":false,"optional":true,"discount":"","options_style":"dropdowns","pagination_style":"classic","display_prices":"absolute","show_sorting_options":false,"show_filtering_options":false,"attribute_filter_ids":[],"select_action":"view","product_title_visible":false,"product_descr_visible":true,"product_price_visible":true,"product_thumb_visible":true,"subtotal_visible_product":false,"subtotal_visible_cart":false,"subtotal_visible_orders":false,"product_addons_visible":true}],"composite_scenarios":[],"exclude_global_add_ons":[],"addons":[],"acf":[],"yoast_head":"<!-- This site is optimized with the Yoast SEO plugin v26.8 - https:\/\/yoast.com\/product\/yoast-seo-wordpress\/ -->\n<title>Bruno Paillard Premi\u00e8re Cuv\u00e9e | FOUFOU CHAMPAGNE BOUTIQUE<\/title>\n<meta name=\"description\" content=\"Bruno Paillard&#039;s Premi\u00e8re Cuv\u00e9e: our favorite! A fruity champagne for all the senses. Buy online now!\" \/>\n<meta name=\"robots\" content=\"index, follow, max-snippet:-1, max-image-preview:large, max-video-preview:-1\" \/>\n<link rel=\"canonical\" href=\"https:\/\/foufou-champagne.com\/en\/champagne\/bruno-paillard-premiere-cuvee\/\" \/>\n<meta property=\"og:locale\" content=\"en_US\" \/>\n<meta property=\"og:type\" content=\"article\" \/>\n<meta property=\"og:title\" content=\"Bruno Paillard Premi\u00e8re Cuv\u00e9e | FOUFOU CHAMPAGNE BOUTIQUE\" \/>\n<meta property=\"og:description\" content=\"Bruno Paillard&#039;s Premi\u00e8re Cuv\u00e9e: our favorite! A fruity champagne for all the senses. Buy online now!\" \/>\n<meta property=\"og:url\" content=\"https:\/\/foufou-champagne.com\/en\/champagne\/bruno-paillard-premiere-cuvee\/\" \/>\n<meta property=\"og:site_name\" content=\"foufou-champagne.com\" \/>\n<meta property=\"article:modified_time\" content=\"2024-07-19T11:36:52+00:00\" \/>\n<meta name=\"twitter:card\" content=\"summary_large_image\" \/>\n<meta name=\"twitter:label1\" content=\"Est. reading time\" \/>\n\t<meta name=\"twitter:data1\" content=\"2 minutes\" \/>\n<script type=\"application\/ld+json\" class=\"yoast-schema-graph\">{\"@context\":\"https:\/\/schema.org\",\"@graph\":[{\"@type\":\"WebPage\",\"@id\":\"https:\/\/foufou-champagne.com\/en\/champagne\/bruno-paillard-premiere-cuvee\/\",\"url\":\"https:\/\/foufou-champagne.com\/en\/champagne\/bruno-paillard-premiere-cuvee\/\",\"name\":\"Bruno Paillard Premi\u00e8re Cuv\u00e9e | FOUFOU CHAMPAGNE BOUTIQUE\",\"isPartOf\":{\"@id\":\"https:\/\/foufou-champagne.com\/en\/#website\"},\"primaryImageOfPage\":{\"@id\":\"https:\/\/foufou-champagne.com\/en\/champagne\/bruno-paillard-premiere-cuvee\/#primaryimage\"},\"image\":{\"@id\":\"https:\/\/foufou-champagne.com\/en\/champagne\/bruno-paillard-premiere-cuvee\/#primaryimage\"},\"thumbnailUrl\":\"https:\/\/foufou-champagne.com\/wp-content\/uploads\/2020\/12\/0000_Champagne-Bruno-Paillard-Premiere-Cuvee-FouFou-Champagne-Boutique.png\",\"datePublished\":\"2020-12-01T20:02:48+00:00\",\"dateModified\":\"2024-07-19T11:36:52+00:00\",\"description\":\"Bruno Paillard's Premi\u00e8re Cuv\u00e9e: our favorite! A fruity champagne for all the senses. Buy online now!\",\"breadcrumb\":{\"@id\":\"https:\/\/foufou-champagne.com\/en\/champagne\/bruno-paillard-premiere-cuvee\/#breadcrumb\"},\"inLanguage\":\"en-US\",\"potentialAction\":[{\"@type\":\"ReadAction\",\"target\":[\"https:\/\/foufou-champagne.com\/en\/champagne\/bruno-paillard-premiere-cuvee\/\"]}]},{\"@type\":\"ImageObject\",\"inLanguage\":\"en-US\",\"@id\":\"https:\/\/foufou-champagne.com\/en\/champagne\/bruno-paillard-premiere-cuvee\/#primaryimage\",\"url\":\"https:\/\/foufou-champagne.com\/wp-content\/uploads\/2020\/12\/0000_Champagne-Bruno-Paillard-Premiere-Cuvee-FouFou-Champagne-Boutique.png\",\"contentUrl\":\"https:\/\/foufou-champagne.com\/wp-content\/uploads\/2020\/12\/0000_Champagne-Bruno-Paillard-Premiere-Cuvee-FouFou-Champagne-Boutique.png\",\"width\":800,\"height\":1000},{\"@type\":\"BreadcrumbList\",\"@id\":\"https:\/\/foufou-champagne.com\/en\/champagne\/bruno-paillard-premiere-cuvee\/#breadcrumb\",\"itemListElement\":[{\"@type\":\"ListItem\",\"position\":1,\"name\":\"Startseite\",\"item\":\"https:\/\/foufou-champagne.com\/en\/\"},{\"@type\":\"ListItem\",\"position\":2,\"name\":\"Shop\",\"item\":\"https:\/\/foufou-champagne.com\/en\/shop\/\"},{\"@type\":\"ListItem\",\"position\":3,\"name\":\"Bruno Paillard Premi\u00e8re Cuv\u00e9e\"}]},{\"@type\":\"WebSite\",\"@id\":\"https:\/\/foufou-champagne.com\/en\/#website\",\"url\":\"https:\/\/foufou-champagne.com\/en\/\",\"name\":\"foufou-champagne.com\",\"description\":\"CHAMPAGNE BOUTIQUE\",\"potentialAction\":[{\"@type\":\"SearchAction\",\"target\":{\"@type\":\"EntryPoint\",\"urlTemplate\":\"https:\/\/foufou-champagne.com\/en\/?s={search_term_string}\"},\"query-input\":{\"@type\":\"PropertyValueSpecification\",\"valueRequired\":true,\"valueName\":\"search_term_string\"}}],\"inLanguage\":\"en-US\"}]}<\/script>\n<!-- \/ Yoast SEO plugin. -->","yoast_head_json":{"title":"Bruno Paillard Premi\u00e8re Cuv\u00e9e | FOUFOU CHAMPAGNE BOUTIQUE","description":"Bruno Paillard's Premi\u00e8re Cuv\u00e9e: our favorite! A fruity champagne for all the senses. Buy online now!","robots":{"index":"index","follow":"follow","max-snippet":"max-snippet:-1","max-image-preview":"max-image-preview:large","max-video-preview":"max-video-preview:-1"},"canonical":"https:\/\/foufou-champagne.com\/en\/champagne\/bruno-paillard-premiere-cuvee\/","og_locale":"en_US","og_type":"article","og_title":"Bruno Paillard Premi\u00e8re Cuv\u00e9e | FOUFOU CHAMPAGNE BOUTIQUE","og_description":"Bruno Paillard's Premi\u00e8re Cuv\u00e9e: our favorite! A fruity champagne for all the senses. Buy online now!","og_url":"https:\/\/foufou-champagne.com\/en\/champagne\/bruno-paillard-premiere-cuvee\/","og_site_name":"foufou-champagne.com","article_modified_time":"2024-07-19T11:36:52+00:00","twitter_card":"summary_large_image","twitter_misc":{"Est. reading time":"2 minutes"},"schema":{"@context":"https:\/\/schema.org","@graph":[{"@type":"WebPage","@id":"https:\/\/foufou-champagne.com\/en\/champagne\/bruno-paillard-premiere-cuvee\/","url":"https:\/\/foufou-champagne.com\/en\/champagne\/bruno-paillard-premiere-cuvee\/","name":"Bruno Paillard Premi\u00e8re Cuv\u00e9e | FOUFOU CHAMPAGNE BOUTIQUE","isPartOf":{"@id":"https:\/\/foufou-champagne.com\/en\/#website"},"primaryImageOfPage":{"@id":"https:\/\/foufou-champagne.com\/en\/champagne\/bruno-paillard-premiere-cuvee\/#primaryimage"},"image":{"@id":"https:\/\/foufou-champagne.com\/en\/champagne\/bruno-paillard-premiere-cuvee\/#primaryimage"},"thumbnailUrl":"https:\/\/foufou-champagne.com\/wp-content\/uploads\/2020\/12\/0000_Champagne-Bruno-Paillard-Premiere-Cuvee-FouFou-Champagne-Boutique.png","datePublished":"2020-12-01T20:02:48+00:00","dateModified":"2024-07-19T11:36:52+00:00","description":"Bruno Paillard's Premi\u00e8re Cuv\u00e9e: our favorite! A fruity champagne for all the senses. Buy online now!","breadcrumb":{"@id":"https:\/\/foufou-champagne.com\/en\/champagne\/bruno-paillard-premiere-cuvee\/#breadcrumb"},"inLanguage":"en-US","potentialAction":[{"@type":"ReadAction","target":["https:\/\/foufou-champagne.com\/en\/champagne\/bruno-paillard-premiere-cuvee\/"]}]},{"@type":"ImageObject","inLanguage":"en-US","@id":"https:\/\/foufou-champagne.com\/en\/champagne\/bruno-paillard-premiere-cuvee\/#primaryimage","url":"https:\/\/foufou-champagne.com\/wp-content\/uploads\/2020\/12\/0000_Champagne-Bruno-Paillard-Premiere-Cuvee-FouFou-Champagne-Boutique.png","contentUrl":"https:\/\/foufou-champagne.com\/wp-content\/uploads\/2020\/12\/0000_Champagne-Bruno-Paillard-Premiere-Cuvee-FouFou-Champagne-Boutique.png","width":800,"height":1000},{"@type":"BreadcrumbList","@id":"https:\/\/foufou-champagne.com\/en\/champagne\/bruno-paillard-premiere-cuvee\/#breadcrumb","itemListElement":[{"@type":"ListItem","position":1,"name":"Startseite","item":"https:\/\/foufou-champagne.com\/en\/"},{"@type":"ListItem","position":2,"name":"Shop","item":"https:\/\/foufou-champagne.com\/en\/shop\/"},{"@type":"ListItem","position":3,"name":"Bruno Paillard Premi\u00e8re Cuv\u00e9e"}]},{"@type":"WebSite","@id":"https:\/\/foufou-champagne.com\/en\/#website","url":"https:\/\/foufou-champagne.com\/en\/","name":"foufou-champagne.com","description":"CHAMPAGNE BOUTIQUE","potentialAction":[{"@type":"SearchAction","target":{"@type":"EntryPoint","urlTemplate":"https:\/\/foufou-champagne.com\/en\/?s={search_term_string}"},"query-input":{"@type":"PropertyValueSpecification","valueRequired":true,"valueName":"search_term_string"}}],"inLanguage":"en-US"}]}},"_links":{"self":[{"href":"https:\/\/foufou-champagne.com\/en\/wp-json\/wp\/v2\/product\/5579","targetHints":{"allow":["GET"]}}],"collection":[{"href":"https:\/\/foufou-champagne.com\/en\/wp-json\/wp\/v2\/product"}],"about":[{"href":"https:\/\/foufou-champagne.com\/en\/wp-json\/wp\/v2\/types\/product"}],"replies":[{"embeddable":true,"href":"https:\/\/foufou-champagne.com\/en\/wp-json\/wp\/v2\/comments?post=5579"}],"wp:featuredmedia":[{"embeddable":true,"href":"https:\/\/foufou-champagne.com\/en\/wp-json\/wp\/v2\/media\/11688"}],"wp:attachment":[{"href":"https:\/\/foufou-champagne.com\/en\/wp-json\/wp\/v2\/media?parent=5579"}],"wp:term":[{"taxonomy":"product_brand","embeddable":true,"href":"https:\/\/foufou-champagne.com\/en\/wp-json\/wp\/v2\/product_brand?post=5579"},{"taxonomy":"product_cat","embeddable":true,"href":"https:\/\/foufou-champagne.com\/en\/wp-json\/wp\/v2\/product_cat?post=5579"},{"taxonomy":"product_tag","embeddable":true,"href":"https:\/\/foufou-champagne.com\/en\/wp-json\/wp\/v2\/product_tag?post=5579"}],"curies":[{"name":"wp","href":"https:\/\/api.w.org\/{rel}","templated":true}]}}