{"id":5888,"date":"2020-12-29T13:51:21","date_gmt":"2020-12-29T12:51:21","guid":{"rendered":"https:\/\/foufou-champagne.com\/champagner\/bruno-paillard-rose-premiere-cuvee-magnum\/"},"modified":"2023-11-20T11:17:48","modified_gmt":"2023-11-20T10:17:48","slug":"bruno-paillard-rose-premiere-cuvee-magnum","status":"publish","type":"product","link":"https:\/\/foufou-champagne.com\/en\/champagne\/bruno-paillard-rose-premiere-cuvee-magnum\/","title":{"rendered":"Bruno Paillard Ros\u00e9 Premi\u00e8re Cuv\u00e9e Magnum 1,5l"},"content":{"rendered":"<h4>The Champagne<\/h4>\n<p>This exquisite and very elegant ros\u00e9 champagne comes from one of the most prestigious houses of Champagne &#8211; Bruno Paillard. The assemblage consists of Pinot Noir in higher proportions and Chardonnay &#8211; the exact composition remains the house&#8217;s secret. The long maturation on lees (3 years) provides a very fine mousseux. The bouquet unveils enchanting scents of red berries, fresh bread crust and brioche, while each sip glides smoothly over the palate with a delicate minerality.<\/p>\n<h4>Tasting Note<\/h4>\n<ul>\n<li>In the glass, a bright salmon colour with very fine strings of lingering bubbles.<\/li>\n<li>Scents of currants and slightly tart red berries that evolve into aromas of wild berries and violets.<\/li>\n<li>The palate is vibrantly fresh and straightforward, yet delicate. The fine, velvety mousseux draws a tingling trail of fine berry aromas across the palate. The crisp, clean finish reveals, one more time, the minerality of this exceptional champagne!<\/li>\n<\/ul>\n<h4>Pair with<\/h4>\n<ul>\n<li>This champagne makes for an excellent aperitif.<\/li>\n<li>Bruno Paillard recommends pairing with lobster or mushroom dishes.<\/li>\n<\/ul>\n<div class=\"wpb_text_column wpb_content_element vc_custom_1447410949289 commentaires\">\n<div class=\"wpb_wrapper\">\n<p>&nbsp;<\/p>\n<p><em>\u201cFine, refreshing, direct, delicate, it is the quintessential aperitif champagne\u2026 A lovely tasting moment.\u201d<br \/>\n<\/em><em>Terre de vins\u00a0<span class=\"tiret\">\u2013<\/span>\u00a02013<\/em><\/p>\n<\/div>\n<\/div>\n<h4>The Champagne House Bruno Paillard<\/h4>\n<p><strong>Purity, minerality, elegance and complexity<\/strong><\/p>\n<p>The champagne house was founded in 1981 by its namesake Bruno Paillard and is one of the youngest champagne houses. The founder comes from a family of grape brokers and winegrowers who have lived and worked in the heart of Champagne for more than three centuries. His idea and philosophy is to extract the quintessence from the best crus to create a composition, a great champagne. His champagnes are mainly found in upscale restaurants and specialist wine shops.<\/p>\n","protected":false},"excerpt":{"rendered":"<p>A divine ros\u00e9 champagne with playfulness and ease. This dreamlike quality was awarded 92 points by Fallstaff in 2017!<\/p>\n","protected":false},"featured_media":13902,"comment_status":"open","ping_status":"closed","template":"","meta":{"_acf_changed":false,"_editorskit_title_hidden":false,"_editorskit_reading_time":0,"_editorskit_is_block_options_detached":false,"_editorskit_block_options_position":"{}","_coblocks_attr":"","_coblocks_dimensions":"","_coblocks_responsive_height":"","_coblocks_accordion_ie_support":""},"product_brand":[],"product_cat":[437,225,663,513,265],"product_tag":[519,518,257,270],"class_list":{"0":"post-5888","1":"product","2":"type-product","3":"status-publish","4":"has-post-thumbnail","6":"product_cat-bruno-paillard-champagne","7":"product_cat-champagne","8":"product_cat-champagne-magnum-bottles","9":"product_cat-rose-champagne","10":"product_cat-winemaker-champagne","11":"product_tag-magnum-en","12":"product_tag-rose-en","13":"product_tag-rose-champagne","14":"product_tag-winzerchampagner-en","15":"product_shipping_class-standard-en","16":"pa_kategorie-rose-champagne","17":"pa_kategorie-winemaker-champagne","19":"first","20":"outofstock","21":"taxable","22":"shipping-taxable","23":"purchasable","24":"product-type-composite"},"composite_virtual":false,"composite_layout":"single","composite_add_to_cart_form_location":"default","composite_editable_in_cart":false,"composite_sold_individually_context":"product","composite_shop_price_calc":"min_max","composite_components":[{"id":"1692178124","title":"Gift box (optional)","description":"","query_type":"product_ids","query_ids":[13164],"default_option_id":"","thumbnail_id":"","thumbnail_src":"","quantity_min":1,"quantity_max":1,"priced_individually":true,"shipped_individually":false,"optional":true,"discount":"","options_style":"dropdowns","pagination_style":"classic","display_prices":"absolute","show_sorting_options":false,"show_filtering_options":false,"attribute_filter_ids":[],"select_action":"view","product_title_visible":false,"product_descr_visible":true,"product_price_visible":true,"product_thumb_visible":true,"subtotal_visible_product":false,"subtotal_visible_cart":false,"subtotal_visible_orders":false,"product_addons_visible":true},{"id":"1692178994","title":"Greeting card with mini bouquet (optional)","description":"","query_type":"category_ids","query_ids":[636],"default_option_id":"","thumbnail_id":"","thumbnail_src":"","quantity_min":1,"quantity_max":1,"priced_individually":true,"shipped_individually":false,"optional":true,"discount":"","options_style":"dropdowns","pagination_style":"classic","display_prices":"absolute","show_sorting_options":false,"show_filtering_options":false,"attribute_filter_ids":[],"select_action":"view","product_title_visible":false,"product_descr_visible":true,"product_price_visible":true,"product_thumb_visible":true,"subtotal_visible_product":false,"subtotal_visible_cart":false,"subtotal_visible_orders":false,"product_addons_visible":true}],"composite_scenarios":[],"exclude_global_add_ons":[],"addons":[],"acf":[],"yoast_head":"<!-- This site is optimized with the Yoast SEO plugin v26.8 - https:\/\/yoast.com\/product\/yoast-seo-wordpress\/ -->\n<title>Buy Bruno Paillard Ros\u00e9 Champagner | FOUFOU CHAMPAGNE<\/title>\n<meta name=\"description\" content=\"A divine ros\u00e9 champagne with playfulness and ease. This dreamlike quality was awarded 92 points by Fallstaff in 2017! Learn more here!\" \/>\n<meta name=\"robots\" content=\"index, follow, max-snippet:-1, max-image-preview:large, max-video-preview:-1\" \/>\n<link rel=\"canonical\" href=\"https:\/\/foufou-champagne.com\/en\/champagne\/bruno-paillard-rose-premiere-cuvee-magnum\/\" \/>\n<meta property=\"og:locale\" content=\"en_US\" \/>\n<meta property=\"og:type\" content=\"article\" \/>\n<meta property=\"og:title\" content=\"Buy Bruno Paillard Ros\u00e9 Champagner | FOUFOU CHAMPAGNE\" \/>\n<meta property=\"og:description\" content=\"A divine ros\u00e9 champagne with playfulness and ease. This dreamlike quality was awarded 92 points by Fallstaff in 2017! Learn more here!\" \/>\n<meta property=\"og:url\" content=\"https:\/\/foufou-champagne.com\/en\/champagne\/bruno-paillard-rose-premiere-cuvee-magnum\/\" \/>\n<meta property=\"og:site_name\" content=\"foufou-champagne.com\" \/>\n<meta property=\"article:modified_time\" content=\"2023-11-20T10:17:48+00:00\" \/>\n<meta property=\"og:image\" content=\"https:\/\/foufou-champagne.com\/wp-content\/uploads\/2023\/08\/Champagne-Bruno-Paillard-Rose-Magnum.png\" \/>\n\t<meta property=\"og:image:width\" content=\"800\" \/>\n\t<meta property=\"og:image:height\" content=\"1000\" \/>\n\t<meta property=\"og:image:type\" content=\"image\/png\" \/>\n<meta name=\"twitter:card\" content=\"summary_large_image\" \/>\n<meta name=\"twitter:label1\" content=\"Est. reading time\" \/>\n\t<meta name=\"twitter:data1\" content=\"2 minutes\" \/>\n<script type=\"application\/ld+json\" class=\"yoast-schema-graph\">{\"@context\":\"https:\/\/schema.org\",\"@graph\":[{\"@type\":\"WebPage\",\"@id\":\"https:\/\/foufou-champagne.com\/en\/champagne\/bruno-paillard-rose-premiere-cuvee-magnum\/\",\"url\":\"https:\/\/foufou-champagne.com\/en\/champagne\/bruno-paillard-rose-premiere-cuvee-magnum\/\",\"name\":\"Buy Bruno Paillard Ros\u00e9 Champagner | FOUFOU CHAMPAGNE\",\"isPartOf\":{\"@id\":\"https:\/\/foufou-champagne.com\/en\/#website\"},\"primaryImageOfPage\":{\"@id\":\"https:\/\/foufou-champagne.com\/en\/champagne\/bruno-paillard-rose-premiere-cuvee-magnum\/#primaryimage\"},\"image\":{\"@id\":\"https:\/\/foufou-champagne.com\/en\/champagne\/bruno-paillard-rose-premiere-cuvee-magnum\/#primaryimage\"},\"thumbnailUrl\":\"https:\/\/foufou-champagne.com\/wp-content\/uploads\/2020\/12\/Bruno-Paillard-Premiere-Cuvee-Rose-Magnum-Champagner-FOUFOU-CHAMPAGNE.png\",\"datePublished\":\"2020-12-29T12:51:21+00:00\",\"dateModified\":\"2023-11-20T10:17:48+00:00\",\"description\":\"A divine ros\u00e9 champagne with playfulness and ease. This dreamlike quality was awarded 92 points by Fallstaff in 2017! Learn more here!\",\"breadcrumb\":{\"@id\":\"https:\/\/foufou-champagne.com\/en\/champagne\/bruno-paillard-rose-premiere-cuvee-magnum\/#breadcrumb\"},\"inLanguage\":\"en-US\",\"potentialAction\":[{\"@type\":\"ReadAction\",\"target\":[\"https:\/\/foufou-champagne.com\/en\/champagne\/bruno-paillard-rose-premiere-cuvee-magnum\/\"]}]},{\"@type\":\"ImageObject\",\"inLanguage\":\"en-US\",\"@id\":\"https:\/\/foufou-champagne.com\/en\/champagne\/bruno-paillard-rose-premiere-cuvee-magnum\/#primaryimage\",\"url\":\"https:\/\/foufou-champagne.com\/wp-content\/uploads\/2020\/12\/Bruno-Paillard-Premiere-Cuvee-Rose-Magnum-Champagner-FOUFOU-CHAMPAGNE.png\",\"contentUrl\":\"https:\/\/foufou-champagne.com\/wp-content\/uploads\/2020\/12\/Bruno-Paillard-Premiere-Cuvee-Rose-Magnum-Champagner-FOUFOU-CHAMPAGNE.png\",\"width\":800,\"height\":1000},{\"@type\":\"BreadcrumbList\",\"@id\":\"https:\/\/foufou-champagne.com\/en\/champagne\/bruno-paillard-rose-premiere-cuvee-magnum\/#breadcrumb\",\"itemListElement\":[{\"@type\":\"ListItem\",\"position\":1,\"name\":\"Startseite\",\"item\":\"https:\/\/foufou-champagne.com\/en\/\"},{\"@type\":\"ListItem\",\"position\":2,\"name\":\"Shop\",\"item\":\"https:\/\/foufou-champagne.com\/en\/shop\/\"},{\"@type\":\"ListItem\",\"position\":3,\"name\":\"Bruno Paillard Ros\u00e9 Premi\u00e8re Cuv\u00e9e Magnum 1,5l\"}]},{\"@type\":\"WebSite\",\"@id\":\"https:\/\/foufou-champagne.com\/en\/#website\",\"url\":\"https:\/\/foufou-champagne.com\/en\/\",\"name\":\"foufou-champagne.com\",\"description\":\"CHAMPAGNE BOUTIQUE\",\"potentialAction\":[{\"@type\":\"SearchAction\",\"target\":{\"@type\":\"EntryPoint\",\"urlTemplate\":\"https:\/\/foufou-champagne.com\/en\/?s={search_term_string}\"},\"query-input\":{\"@type\":\"PropertyValueSpecification\",\"valueRequired\":true,\"valueName\":\"search_term_string\"}}],\"inLanguage\":\"en-US\"}]}<\/script>\n<!-- \/ Yoast SEO plugin. -->","yoast_head_json":{"title":"Buy Bruno Paillard Ros\u00e9 Champagner | FOUFOU CHAMPAGNE","description":"A divine ros\u00e9 champagne with playfulness and ease. This dreamlike quality was awarded 92 points by Fallstaff in 2017! Learn more here!","robots":{"index":"index","follow":"follow","max-snippet":"max-snippet:-1","max-image-preview":"max-image-preview:large","max-video-preview":"max-video-preview:-1"},"canonical":"https:\/\/foufou-champagne.com\/en\/champagne\/bruno-paillard-rose-premiere-cuvee-magnum\/","og_locale":"en_US","og_type":"article","og_title":"Buy Bruno Paillard Ros\u00e9 Champagner | FOUFOU CHAMPAGNE","og_description":"A divine ros\u00e9 champagne with playfulness and ease. This dreamlike quality was awarded 92 points by Fallstaff in 2017! Learn more here!","og_url":"https:\/\/foufou-champagne.com\/en\/champagne\/bruno-paillard-rose-premiere-cuvee-magnum\/","og_site_name":"foufou-champagne.com","article_modified_time":"2023-11-20T10:17:48+00:00","og_image":[{"width":800,"height":1000,"url":"https:\/\/foufou-champagne.com\/wp-content\/uploads\/2023\/08\/Champagne-Bruno-Paillard-Rose-Magnum.png","type":"image\/png"}],"twitter_card":"summary_large_image","twitter_misc":{"Est. reading time":"2 minutes"},"schema":{"@context":"https:\/\/schema.org","@graph":[{"@type":"WebPage","@id":"https:\/\/foufou-champagne.com\/en\/champagne\/bruno-paillard-rose-premiere-cuvee-magnum\/","url":"https:\/\/foufou-champagne.com\/en\/champagne\/bruno-paillard-rose-premiere-cuvee-magnum\/","name":"Buy Bruno Paillard Ros\u00e9 Champagner | FOUFOU CHAMPAGNE","isPartOf":{"@id":"https:\/\/foufou-champagne.com\/en\/#website"},"primaryImageOfPage":{"@id":"https:\/\/foufou-champagne.com\/en\/champagne\/bruno-paillard-rose-premiere-cuvee-magnum\/#primaryimage"},"image":{"@id":"https:\/\/foufou-champagne.com\/en\/champagne\/bruno-paillard-rose-premiere-cuvee-magnum\/#primaryimage"},"thumbnailUrl":"https:\/\/foufou-champagne.com\/wp-content\/uploads\/2020\/12\/Bruno-Paillard-Premiere-Cuvee-Rose-Magnum-Champagner-FOUFOU-CHAMPAGNE.png","datePublished":"2020-12-29T12:51:21+00:00","dateModified":"2023-11-20T10:17:48+00:00","description":"A divine ros\u00e9 champagne with playfulness and ease. This dreamlike quality was awarded 92 points by Fallstaff in 2017! Learn more here!","breadcrumb":{"@id":"https:\/\/foufou-champagne.com\/en\/champagne\/bruno-paillard-rose-premiere-cuvee-magnum\/#breadcrumb"},"inLanguage":"en-US","potentialAction":[{"@type":"ReadAction","target":["https:\/\/foufou-champagne.com\/en\/champagne\/bruno-paillard-rose-premiere-cuvee-magnum\/"]}]},{"@type":"ImageObject","inLanguage":"en-US","@id":"https:\/\/foufou-champagne.com\/en\/champagne\/bruno-paillard-rose-premiere-cuvee-magnum\/#primaryimage","url":"https:\/\/foufou-champagne.com\/wp-content\/uploads\/2020\/12\/Bruno-Paillard-Premiere-Cuvee-Rose-Magnum-Champagner-FOUFOU-CHAMPAGNE.png","contentUrl":"https:\/\/foufou-champagne.com\/wp-content\/uploads\/2020\/12\/Bruno-Paillard-Premiere-Cuvee-Rose-Magnum-Champagner-FOUFOU-CHAMPAGNE.png","width":800,"height":1000},{"@type":"BreadcrumbList","@id":"https:\/\/foufou-champagne.com\/en\/champagne\/bruno-paillard-rose-premiere-cuvee-magnum\/#breadcrumb","itemListElement":[{"@type":"ListItem","position":1,"name":"Startseite","item":"https:\/\/foufou-champagne.com\/en\/"},{"@type":"ListItem","position":2,"name":"Shop","item":"https:\/\/foufou-champagne.com\/en\/shop\/"},{"@type":"ListItem","position":3,"name":"Bruno Paillard Ros\u00e9 Premi\u00e8re Cuv\u00e9e Magnum 1,5l"}]},{"@type":"WebSite","@id":"https:\/\/foufou-champagne.com\/en\/#website","url":"https:\/\/foufou-champagne.com\/en\/","name":"foufou-champagne.com","description":"CHAMPAGNE BOUTIQUE","potentialAction":[{"@type":"SearchAction","target":{"@type":"EntryPoint","urlTemplate":"https:\/\/foufou-champagne.com\/en\/?s={search_term_string}"},"query-input":{"@type":"PropertyValueSpecification","valueRequired":true,"valueName":"search_term_string"}}],"inLanguage":"en-US"}]}},"_links":{"self":[{"href":"https:\/\/foufou-champagne.com\/en\/wp-json\/wp\/v2\/product\/5888","targetHints":{"allow":["GET"]}}],"collection":[{"href":"https:\/\/foufou-champagne.com\/en\/wp-json\/wp\/v2\/product"}],"about":[{"href":"https:\/\/foufou-champagne.com\/en\/wp-json\/wp\/v2\/types\/product"}],"replies":[{"embeddable":true,"href":"https:\/\/foufou-champagne.com\/en\/wp-json\/wp\/v2\/comments?post=5888"}],"wp:featuredmedia":[{"embeddable":true,"href":"https:\/\/foufou-champagne.com\/en\/wp-json\/wp\/v2\/media\/13902"}],"wp:attachment":[{"href":"https:\/\/foufou-champagne.com\/en\/wp-json\/wp\/v2\/media?parent=5888"}],"wp:term":[{"taxonomy":"product_brand","embeddable":true,"href":"https:\/\/foufou-champagne.com\/en\/wp-json\/wp\/v2\/product_brand?post=5888"},{"taxonomy":"product_cat","embeddable":true,"href":"https:\/\/foufou-champagne.com\/en\/wp-json\/wp\/v2\/product_cat?post=5888"},{"taxonomy":"product_tag","embeddable":true,"href":"https:\/\/foufou-champagne.com\/en\/wp-json\/wp\/v2\/product_tag?post=5888"}],"curies":[{"name":"wp","href":"https:\/\/api.w.org\/{rel}","templated":true}]}}