{"id":6073,"date":"2020-12-11T19:01:49","date_gmt":"2020-12-11T18:01:49","guid":{"rendered":"https:\/\/foufou-champagne.com\/champagner\/ruinart-rose\/"},"modified":"2023-08-16T16:54:18","modified_gmt":"2023-08-16T14:54:18","slug":"ruinart-rose","status":"publish","type":"product","link":"https:\/\/foufou-champagne.com\/en\/champagne\/ruinart-rose\/","title":{"rendered":"Ruinart Ros\u00e9"},"content":{"rendered":"<h4>The Champagne<\/h4>\n<p>A unique blend of fresh Chardonnay and fruity Pinot Noir. This ros\u00e9 champagne remains true to the style of the House of Ruinart: fresh, elegant and with a healthy proximity to wine, which makes it an excellent dinner companion.<\/p>\n<p>The elegance of Ruinart Ros\u00e9 is largely due to the blending of Ruinart&#8217;s signature grapes, Chardonnay (45%, from the C\u00f4te des Blancs and Montagne de Reims) with Pinot Noir (55%, from the Montagne de Reims and Vall\u00e9e de la Marne). The grapes are almost exclusively sourced from Premier Cru sites. 20-25% of the blend are reserve wines, 18-19% of the total is Pinot Noir vinified as red wine. Which is how the intensely pink shining chaacquires its heavenly fruity aroma.<\/p>\n<p>One of the best ros\u00e9 champagnes and, incidentally, the perfect gift, thanks to its unique bottle shape!<\/p>\n<h4>Tasting Note<\/h4>\n<ul>\n<li>Beautiful as it flows into the glass with a delicate golden-pink color.<\/li>\n<li>Exotic and fresh on the nose. A pleasant aroma of exotic fruits such as guava and lychee and red fruits such as raspberry, cherry and wild strawberry.<\/li>\n<li>On the palate, the champagne will win you over with its balance, complexity and elegance. It is at once fresh, exotic and smooth.<\/li>\n<\/ul>\n<h4>Pair with<\/h4>\n<ul>\n<li>Perfectly suited as an aperitif or for a champagne breakfast for two?<\/li>\n<li>Excellent with Japanese dishes. \u98df\u6b32\u3092\u305d\u305d\u308b\uff01<\/li>\n<li>But also very compatible with lamb, veal or duck.<\/li>\n<\/ul>\n<h4>The Ruinart Champagne House<\/h4>\n<div class=\"row row--collapse align-left\">\n<div class=\"col col-sm-12 col-xlg-12\">\n<div class=\"cmsPlainText\">\n<div class=\"row\">\n<div class=\"col col-sm-12\">\n<div class=\"cmsPlainText__content\">\n<div class=\"cmsPlainText__split cmsPlainText__split--1\">\n<p>Ruinart is not only the oldest active champagne house, but also one of the noblest and most luxurious of its kind. Ruinart can look back on three centuries of history: The foundation was laid by Nicolas Ruinart, the nephew of the Benedictine monk Dom Thierry Ruinart. And to this day, the champagnes are aged in the house&#8217;s lime vaults, which were acquired in 1769. Ruinart champagnes are unmistakable in character, appearance and taste: harmonious, clear, aromatic and delicate.<\/p>\n<\/div>\n<\/div>\n<\/div>\n<\/div>\n<\/div>\n<\/div>\n<\/div>\n","protected":false},"excerpt":{"rendered":"<p>Fresh and exotic! Sensual and elegant. Perfect for a champagne breakfast for two? Or as a companion to Japanese dishes and others.<\/p>\n","protected":false},"featured_media":9186,"comment_status":"open","ping_status":"closed","template":"","meta":{"_acf_changed":false,"_editorskit_title_hidden":false,"_editorskit_reading_time":0,"_editorskit_is_block_options_detached":false,"_editorskit_block_options_position":"{}","_coblocks_attr":"","_coblocks_dimensions":"","_coblocks_responsive_height":"","_coblocks_accordion_ie_support":""},"product_brand":[],"product_cat":[225,513,457],"product_tag":[257],"class_list":{"0":"post-6073","1":"product","2":"type-product","3":"status-publish","4":"has-post-thumbnail","6":"product_cat-champagne","7":"product_cat-rose-champagne","8":"product_cat-ruinart-champagne","9":"product_tag-rose-champagne","10":"product_shipping_class-standard-en","11":"pa_kategorie-rose-champagne","13":"first","14":"outofstock","15":"taxable","16":"shipping-taxable","17":"purchasable","18":"product-type-composite"},"composite_virtual":false,"composite_layout":"single","composite_add_to_cart_form_location":"default","composite_editable_in_cart":false,"composite_sold_individually_context":"product","composite_shop_price_calc":"min_max","composite_components":[{"id":"1686187087","title":"Gift box (optional)","description":"","query_type":"product_ids","query_ids":[13157],"default_option_id":"","thumbnail_id":"","thumbnail_src":"","quantity_min":1,"quantity_max":1,"priced_individually":true,"shipped_individually":false,"optional":true,"discount":"","options_style":"dropdowns","pagination_style":"classic","display_prices":"absolute","show_sorting_options":false,"show_filtering_options":false,"attribute_filter_ids":[],"select_action":"view","product_title_visible":false,"product_descr_visible":true,"product_price_visible":true,"product_thumb_visible":true,"subtotal_visible_product":false,"subtotal_visible_cart":false,"subtotal_visible_orders":false,"product_addons_visible":true},{"id":"1686187088","title":"Greeting card with mini bouquet (optional)","description":"","query_type":"category_ids","query_ids":[636],"default_option_id":"","thumbnail_id":"","thumbnail_src":"","quantity_min":1,"quantity_max":1,"priced_individually":true,"shipped_individually":false,"optional":true,"discount":"","options_style":"dropdowns","pagination_style":"classic","display_prices":"absolute","show_sorting_options":false,"show_filtering_options":false,"attribute_filter_ids":[],"select_action":"view","product_title_visible":false,"product_descr_visible":true,"product_price_visible":true,"product_thumb_visible":true,"subtotal_visible_product":false,"subtotal_visible_cart":false,"subtotal_visible_orders":false,"product_addons_visible":true}],"composite_scenarios":[],"exclude_global_add_ons":[],"addons":[],"acf":[],"yoast_head":"<!-- This site is optimized with the Yoast SEO plugin v26.8 - https:\/\/yoast.com\/product\/yoast-seo-wordpress\/ -->\n<title>Buy Ruinart Ros\u00e9 Champagner | FOUFOU CHAMPAGNE BOUTIQUE<\/title>\n<meta name=\"description\" content=\"One of the best ros\u00e9 champagnes for connoisseurs and lovers. Fresh and exotic. Sensual and elegant. Learn more here.\" \/>\n<meta name=\"robots\" content=\"index, follow, max-snippet:-1, max-image-preview:large, max-video-preview:-1\" \/>\n<link rel=\"canonical\" href=\"https:\/\/foufou-champagne.com\/en\/champagne\/ruinart-rose\/\" \/>\n<meta property=\"og:locale\" content=\"en_US\" \/>\n<meta property=\"og:type\" content=\"article\" \/>\n<meta property=\"og:title\" content=\"Buy Ruinart Ros\u00e9 Champagner | FOUFOU CHAMPAGNE BOUTIQUE\" \/>\n<meta property=\"og:description\" content=\"One of the best ros\u00e9 champagnes for connoisseurs and lovers. Fresh and exotic. Sensual and elegant. Learn more here.\" \/>\n<meta property=\"og:url\" content=\"https:\/\/foufou-champagne.com\/en\/champagne\/ruinart-rose\/\" \/>\n<meta property=\"og:site_name\" content=\"foufou-champagne.com\" \/>\n<meta property=\"article:modified_time\" content=\"2023-08-16T14:54:18+00:00\" \/>\n<meta name=\"twitter:card\" content=\"summary_large_image\" \/>\n<meta name=\"twitter:label1\" content=\"Est. reading time\" \/>\n\t<meta name=\"twitter:data1\" content=\"2 minutes\" \/>\n<script type=\"application\/ld+json\" class=\"yoast-schema-graph\">{\"@context\":\"https:\/\/schema.org\",\"@graph\":[{\"@type\":\"WebPage\",\"@id\":\"https:\/\/foufou-champagne.com\/en\/champagne\/ruinart-rose\/\",\"url\":\"https:\/\/foufou-champagne.com\/en\/champagne\/ruinart-rose\/\",\"name\":\"Buy Ruinart Ros\u00e9 Champagner | FOUFOU CHAMPAGNE BOUTIQUE\",\"isPartOf\":{\"@id\":\"https:\/\/foufou-champagne.com\/en\/#website\"},\"primaryImageOfPage\":{\"@id\":\"https:\/\/foufou-champagne.com\/en\/champagne\/ruinart-rose\/#primaryimage\"},\"image\":{\"@id\":\"https:\/\/foufou-champagne.com\/en\/champagne\/ruinart-rose\/#primaryimage\"},\"thumbnailUrl\":\"https:\/\/foufou-champagne.com\/wp-content\/uploads\/2020\/12\/Champagne-ruinart-rose-FouFou-Champagne-Boutique.png\",\"datePublished\":\"2020-12-11T18:01:49+00:00\",\"dateModified\":\"2023-08-16T14:54:18+00:00\",\"description\":\"One of the best ros\u00e9 champagnes for connoisseurs and lovers. Fresh and exotic. Sensual and elegant. Learn more here.\",\"breadcrumb\":{\"@id\":\"https:\/\/foufou-champagne.com\/en\/champagne\/ruinart-rose\/#breadcrumb\"},\"inLanguage\":\"en-US\",\"potentialAction\":[{\"@type\":\"ReadAction\",\"target\":[\"https:\/\/foufou-champagne.com\/en\/champagne\/ruinart-rose\/\"]}]},{\"@type\":\"ImageObject\",\"inLanguage\":\"en-US\",\"@id\":\"https:\/\/foufou-champagne.com\/en\/champagne\/ruinart-rose\/#primaryimage\",\"url\":\"https:\/\/foufou-champagne.com\/wp-content\/uploads\/2020\/12\/Champagne-ruinart-rose-FouFou-Champagne-Boutique.png\",\"contentUrl\":\"https:\/\/foufou-champagne.com\/wp-content\/uploads\/2020\/12\/Champagne-ruinart-rose-FouFou-Champagne-Boutique.png\",\"width\":800,\"height\":1000},{\"@type\":\"BreadcrumbList\",\"@id\":\"https:\/\/foufou-champagne.com\/en\/champagne\/ruinart-rose\/#breadcrumb\",\"itemListElement\":[{\"@type\":\"ListItem\",\"position\":1,\"name\":\"Startseite\",\"item\":\"https:\/\/foufou-champagne.com\/en\/\"},{\"@type\":\"ListItem\",\"position\":2,\"name\":\"Shop\",\"item\":\"https:\/\/foufou-champagne.com\/en\/shop\/\"},{\"@type\":\"ListItem\",\"position\":3,\"name\":\"Ruinart Ros\u00e9\"}]},{\"@type\":\"WebSite\",\"@id\":\"https:\/\/foufou-champagne.com\/en\/#website\",\"url\":\"https:\/\/foufou-champagne.com\/en\/\",\"name\":\"foufou-champagne.com\",\"description\":\"CHAMPAGNE BOUTIQUE\",\"potentialAction\":[{\"@type\":\"SearchAction\",\"target\":{\"@type\":\"EntryPoint\",\"urlTemplate\":\"https:\/\/foufou-champagne.com\/en\/?s={search_term_string}\"},\"query-input\":{\"@type\":\"PropertyValueSpecification\",\"valueRequired\":true,\"valueName\":\"search_term_string\"}}],\"inLanguage\":\"en-US\"}]}<\/script>\n<!-- \/ Yoast SEO plugin. -->","yoast_head_json":{"title":"Buy Ruinart Ros\u00e9 Champagner | FOUFOU CHAMPAGNE BOUTIQUE","description":"One of the best ros\u00e9 champagnes for connoisseurs and lovers. Fresh and exotic. Sensual and elegant. Learn more here.","robots":{"index":"index","follow":"follow","max-snippet":"max-snippet:-1","max-image-preview":"max-image-preview:large","max-video-preview":"max-video-preview:-1"},"canonical":"https:\/\/foufou-champagne.com\/en\/champagne\/ruinart-rose\/","og_locale":"en_US","og_type":"article","og_title":"Buy Ruinart Ros\u00e9 Champagner | FOUFOU CHAMPAGNE BOUTIQUE","og_description":"One of the best ros\u00e9 champagnes for connoisseurs and lovers. Fresh and exotic. Sensual and elegant. Learn more here.","og_url":"https:\/\/foufou-champagne.com\/en\/champagne\/ruinart-rose\/","og_site_name":"foufou-champagne.com","article_modified_time":"2023-08-16T14:54:18+00:00","twitter_card":"summary_large_image","twitter_misc":{"Est. reading time":"2 minutes"},"schema":{"@context":"https:\/\/schema.org","@graph":[{"@type":"WebPage","@id":"https:\/\/foufou-champagne.com\/en\/champagne\/ruinart-rose\/","url":"https:\/\/foufou-champagne.com\/en\/champagne\/ruinart-rose\/","name":"Buy Ruinart Ros\u00e9 Champagner | FOUFOU CHAMPAGNE BOUTIQUE","isPartOf":{"@id":"https:\/\/foufou-champagne.com\/en\/#website"},"primaryImageOfPage":{"@id":"https:\/\/foufou-champagne.com\/en\/champagne\/ruinart-rose\/#primaryimage"},"image":{"@id":"https:\/\/foufou-champagne.com\/en\/champagne\/ruinart-rose\/#primaryimage"},"thumbnailUrl":"https:\/\/foufou-champagne.com\/wp-content\/uploads\/2020\/12\/Champagne-ruinart-rose-FouFou-Champagne-Boutique.png","datePublished":"2020-12-11T18:01:49+00:00","dateModified":"2023-08-16T14:54:18+00:00","description":"One of the best ros\u00e9 champagnes for connoisseurs and lovers. Fresh and exotic. Sensual and elegant. Learn more here.","breadcrumb":{"@id":"https:\/\/foufou-champagne.com\/en\/champagne\/ruinart-rose\/#breadcrumb"},"inLanguage":"en-US","potentialAction":[{"@type":"ReadAction","target":["https:\/\/foufou-champagne.com\/en\/champagne\/ruinart-rose\/"]}]},{"@type":"ImageObject","inLanguage":"en-US","@id":"https:\/\/foufou-champagne.com\/en\/champagne\/ruinart-rose\/#primaryimage","url":"https:\/\/foufou-champagne.com\/wp-content\/uploads\/2020\/12\/Champagne-ruinart-rose-FouFou-Champagne-Boutique.png","contentUrl":"https:\/\/foufou-champagne.com\/wp-content\/uploads\/2020\/12\/Champagne-ruinart-rose-FouFou-Champagne-Boutique.png","width":800,"height":1000},{"@type":"BreadcrumbList","@id":"https:\/\/foufou-champagne.com\/en\/champagne\/ruinart-rose\/#breadcrumb","itemListElement":[{"@type":"ListItem","position":1,"name":"Startseite","item":"https:\/\/foufou-champagne.com\/en\/"},{"@type":"ListItem","position":2,"name":"Shop","item":"https:\/\/foufou-champagne.com\/en\/shop\/"},{"@type":"ListItem","position":3,"name":"Ruinart Ros\u00e9"}]},{"@type":"WebSite","@id":"https:\/\/foufou-champagne.com\/en\/#website","url":"https:\/\/foufou-champagne.com\/en\/","name":"foufou-champagne.com","description":"CHAMPAGNE BOUTIQUE","potentialAction":[{"@type":"SearchAction","target":{"@type":"EntryPoint","urlTemplate":"https:\/\/foufou-champagne.com\/en\/?s={search_term_string}"},"query-input":{"@type":"PropertyValueSpecification","valueRequired":true,"valueName":"search_term_string"}}],"inLanguage":"en-US"}]}},"_links":{"self":[{"href":"https:\/\/foufou-champagne.com\/en\/wp-json\/wp\/v2\/product\/6073","targetHints":{"allow":["GET"]}}],"collection":[{"href":"https:\/\/foufou-champagne.com\/en\/wp-json\/wp\/v2\/product"}],"about":[{"href":"https:\/\/foufou-champagne.com\/en\/wp-json\/wp\/v2\/types\/product"}],"replies":[{"embeddable":true,"href":"https:\/\/foufou-champagne.com\/en\/wp-json\/wp\/v2\/comments?post=6073"}],"wp:featuredmedia":[{"embeddable":true,"href":"https:\/\/foufou-champagne.com\/en\/wp-json\/wp\/v2\/media\/9186"}],"wp:attachment":[{"href":"https:\/\/foufou-champagne.com\/en\/wp-json\/wp\/v2\/media?parent=6073"}],"wp:term":[{"taxonomy":"product_brand","embeddable":true,"href":"https:\/\/foufou-champagne.com\/en\/wp-json\/wp\/v2\/product_brand?post=6073"},{"taxonomy":"product_cat","embeddable":true,"href":"https:\/\/foufou-champagne.com\/en\/wp-json\/wp\/v2\/product_cat?post=6073"},{"taxonomy":"product_tag","embeddable":true,"href":"https:\/\/foufou-champagne.com\/en\/wp-json\/wp\/v2\/product_tag?post=6073"}],"curies":[{"name":"wp","href":"https:\/\/api.w.org\/{rel}","templated":true}]}}