{"id":6120,"date":"2020-12-15T15:47:05","date_gmt":"2020-12-15T14:47:05","guid":{"rendered":"https:\/\/foufou-champagne.com\/champagner\/stoelzle-champagnerglas-6er-set\/"},"modified":"2023-07-09T10:42:27","modified_gmt":"2023-07-09T08:42:27","slug":"stoelzle-champagne-glas-6-set","status":"publish","type":"product","link":"https:\/\/foufou-champagne.com\/en\/champagne\/stoelzle-champagne-glas-6-set\/","title":{"rendered":"St\u00f6lzle Lausitz Champagne Glasses Quatrophil Set of 6"},"content":{"rendered":"<h4>The glass<\/h4>\n<p><strong>&#8230; with an attitude!<\/strong><\/p>\n<p>And a durability that will withstand the rigors of everyday life. A machine-made glass drawn in a goblet, the Quatrophil champagne glass has no connecting seam. This makes it particularly stable and suitable for day-to-day use. This makes it particularly stable and suitable for everyday use. The seamless, long stem rests easily in the hand. The strong cubic shape allows the champagne to spread out, guaranteeing full flavor. And true beauty.<\/p>\n<h4>The shape<\/h4>\n<ul>\n<li>Diameter: 8.25 cm<\/li>\n<li>Height: 26 cm<\/li>\n<li>Capacity: 292 ml<\/li>\n<\/ul>\n<h4>The brand<\/h4>\n<p>The secret of St\u00f6lzle glasses? 130 years of glassmaking art using sand from the Lausitz region. Founded in 1889 in Wei\u00dfwasser, St\u00f6lzle has become one of the largest German stemware manufacturers. True wine connoisseurs describe St\u00f6lzle glasses as the ideal habitat for every special drop. We agree!<\/p>\n","protected":false},"excerpt":{"rendered":"<p>Beauty, stability and taste are not mutually exclusive. The ideal glass for everyday use.<\/p>\n","protected":false},"featured_media":10360,"comment_status":"open","ping_status":"closed","template":"","meta":{"_acf_changed":false,"_editorskit_title_hidden":false,"_editorskit_reading_time":0,"_editorskit_is_block_options_detached":false,"_editorskit_block_options_position":"{}","_coblocks_attr":"","_coblocks_dimensions":"","_coblocks_responsive_height":"","_coblocks_accordion_ie_support":""},"product_brand":[],"product_cat":[468,355],"product_tag":[527,524],"class_list":{"0":"post-6120","1":"product","2":"type-product","3":"status-publish","4":"has-post-thumbnail","6":"product_cat-champagne-accessoires-en","7":"product_cat-champagne-glasses","8":"product_tag-champagne-glas","9":"product_tag-glasses","10":"product_shipping_class-standard-en","11":"pa_kategorie-champagne-accessories","13":"first","14":"instock","15":"taxable","16":"shipping-taxable","17":"purchasable","18":"product-type-simple"},"composite_virtual":false,"composite_layout":"","composite_add_to_cart_form_location":"","composite_editable_in_cart":false,"composite_sold_individually_context":"","composite_shop_price_calc":"","composite_components":[],"composite_scenarios":[],"exclude_global_add_ons":[],"addons":[],"acf":[],"yoast_head":"<!-- This site is optimized with the Yoast SEO plugin v26.8 - https:\/\/yoast.com\/product\/yoast-seo-wordpress\/ -->\n<title>Buy St\u00f6lzle Champagne Glasses Quatrophil | FOUFOU CHAMPAGNE<\/title>\n<meta name=\"description\" content=\"The champagne glass with durability and cubic beauty guarantees full flavor. Find out for yourself!\" \/>\n<meta name=\"robots\" content=\"index, follow, max-snippet:-1, max-image-preview:large, max-video-preview:-1\" \/>\n<link rel=\"canonical\" href=\"https:\/\/foufou-champagne.com\/en\/champagne\/stoelzle-champagne-glas-6-set\/\" \/>\n<meta property=\"og:locale\" content=\"en_US\" \/>\n<meta property=\"og:type\" content=\"article\" \/>\n<meta property=\"og:title\" content=\"Buy St\u00f6lzle Champagne Glasses Quatrophil | FOUFOU CHAMPAGNE\" \/>\n<meta property=\"og:description\" content=\"The champagne glass with durability and cubic beauty guarantees full flavor. Find out for yourself!\" \/>\n<meta property=\"og:url\" content=\"https:\/\/foufou-champagne.com\/en\/champagne\/stoelzle-champagne-glas-6-set\/\" \/>\n<meta property=\"og:site_name\" content=\"foufou-champagne.com\" \/>\n<meta property=\"article:modified_time\" content=\"2023-07-09T08:42:27+00:00\" \/>\n<meta name=\"twitter:card\" content=\"summary_large_image\" \/>\n<meta name=\"twitter:label1\" content=\"Est. reading time\" \/>\n\t<meta name=\"twitter:data1\" content=\"1 minute\" \/>\n<script type=\"application\/ld+json\" class=\"yoast-schema-graph\">{\"@context\":\"https:\/\/schema.org\",\"@graph\":[{\"@type\":\"WebPage\",\"@id\":\"https:\/\/foufou-champagne.com\/en\/champagne\/stoelzle-champagne-glas-6-set\/\",\"url\":\"https:\/\/foufou-champagne.com\/en\/champagne\/stoelzle-champagne-glas-6-set\/\",\"name\":\"Buy St\u00f6lzle Champagne Glasses Quatrophil | FOUFOU CHAMPAGNE\",\"isPartOf\":{\"@id\":\"https:\/\/foufou-champagne.com\/en\/#website\"},\"primaryImageOfPage\":{\"@id\":\"https:\/\/foufou-champagne.com\/en\/champagne\/stoelzle-champagne-glas-6-set\/#primaryimage\"},\"image\":{\"@id\":\"https:\/\/foufou-champagne.com\/en\/champagne\/stoelzle-champagne-glas-6-set\/#primaryimage\"},\"thumbnailUrl\":\"https:\/\/foufou-champagne.com\/wp-content\/uploads\/2020\/12\/quatrophil-champagnerglas-stoelzle-foufou-champagne2.jpg\",\"datePublished\":\"2020-12-15T14:47:05+00:00\",\"dateModified\":\"2023-07-09T08:42:27+00:00\",\"description\":\"The champagne glass with durability and cubic beauty guarantees full flavor. Find out for yourself!\",\"breadcrumb\":{\"@id\":\"https:\/\/foufou-champagne.com\/en\/champagne\/stoelzle-champagne-glas-6-set\/#breadcrumb\"},\"inLanguage\":\"en-US\",\"potentialAction\":[{\"@type\":\"ReadAction\",\"target\":[\"https:\/\/foufou-champagne.com\/en\/champagne\/stoelzle-champagne-glas-6-set\/\"]}]},{\"@type\":\"ImageObject\",\"inLanguage\":\"en-US\",\"@id\":\"https:\/\/foufou-champagne.com\/en\/champagne\/stoelzle-champagne-glas-6-set\/#primaryimage\",\"url\":\"https:\/\/foufou-champagne.com\/wp-content\/uploads\/2020\/12\/quatrophil-champagnerglas-stoelzle-foufou-champagne2.jpg\",\"contentUrl\":\"https:\/\/foufou-champagne.com\/wp-content\/uploads\/2020\/12\/quatrophil-champagnerglas-stoelzle-foufou-champagne2.jpg\",\"width\":1067,\"height\":1600},{\"@type\":\"BreadcrumbList\",\"@id\":\"https:\/\/foufou-champagne.com\/en\/champagne\/stoelzle-champagne-glas-6-set\/#breadcrumb\",\"itemListElement\":[{\"@type\":\"ListItem\",\"position\":1,\"name\":\"Startseite\",\"item\":\"https:\/\/foufou-champagne.com\/en\/\"},{\"@type\":\"ListItem\",\"position\":2,\"name\":\"Shop\",\"item\":\"https:\/\/foufou-champagne.com\/en\/shop\/\"},{\"@type\":\"ListItem\",\"position\":3,\"name\":\"St\u00f6lzle Lausitz Champagne Glasses Quatrophil Set of 6\"}]},{\"@type\":\"WebSite\",\"@id\":\"https:\/\/foufou-champagne.com\/en\/#website\",\"url\":\"https:\/\/foufou-champagne.com\/en\/\",\"name\":\"foufou-champagne.com\",\"description\":\"CHAMPAGNE BOUTIQUE\",\"potentialAction\":[{\"@type\":\"SearchAction\",\"target\":{\"@type\":\"EntryPoint\",\"urlTemplate\":\"https:\/\/foufou-champagne.com\/en\/?s={search_term_string}\"},\"query-input\":{\"@type\":\"PropertyValueSpecification\",\"valueRequired\":true,\"valueName\":\"search_term_string\"}}],\"inLanguage\":\"en-US\"}]}<\/script>\n<!-- \/ Yoast SEO plugin. -->","yoast_head_json":{"title":"Buy St\u00f6lzle Champagne Glasses Quatrophil | FOUFOU CHAMPAGNE","description":"The champagne glass with durability and cubic beauty guarantees full flavor. Find out for yourself!","robots":{"index":"index","follow":"follow","max-snippet":"max-snippet:-1","max-image-preview":"max-image-preview:large","max-video-preview":"max-video-preview:-1"},"canonical":"https:\/\/foufou-champagne.com\/en\/champagne\/stoelzle-champagne-glas-6-set\/","og_locale":"en_US","og_type":"article","og_title":"Buy St\u00f6lzle Champagne Glasses Quatrophil | FOUFOU CHAMPAGNE","og_description":"The champagne glass with durability and cubic beauty guarantees full flavor. Find out for yourself!","og_url":"https:\/\/foufou-champagne.com\/en\/champagne\/stoelzle-champagne-glas-6-set\/","og_site_name":"foufou-champagne.com","article_modified_time":"2023-07-09T08:42:27+00:00","twitter_card":"summary_large_image","twitter_misc":{"Est. reading time":"1 minute"},"schema":{"@context":"https:\/\/schema.org","@graph":[{"@type":"WebPage","@id":"https:\/\/foufou-champagne.com\/en\/champagne\/stoelzle-champagne-glas-6-set\/","url":"https:\/\/foufou-champagne.com\/en\/champagne\/stoelzle-champagne-glas-6-set\/","name":"Buy St\u00f6lzle Champagne Glasses Quatrophil | FOUFOU CHAMPAGNE","isPartOf":{"@id":"https:\/\/foufou-champagne.com\/en\/#website"},"primaryImageOfPage":{"@id":"https:\/\/foufou-champagne.com\/en\/champagne\/stoelzle-champagne-glas-6-set\/#primaryimage"},"image":{"@id":"https:\/\/foufou-champagne.com\/en\/champagne\/stoelzle-champagne-glas-6-set\/#primaryimage"},"thumbnailUrl":"https:\/\/foufou-champagne.com\/wp-content\/uploads\/2020\/12\/quatrophil-champagnerglas-stoelzle-foufou-champagne2.jpg","datePublished":"2020-12-15T14:47:05+00:00","dateModified":"2023-07-09T08:42:27+00:00","description":"The champagne glass with durability and cubic beauty guarantees full flavor. Find out for yourself!","breadcrumb":{"@id":"https:\/\/foufou-champagne.com\/en\/champagne\/stoelzle-champagne-glas-6-set\/#breadcrumb"},"inLanguage":"en-US","potentialAction":[{"@type":"ReadAction","target":["https:\/\/foufou-champagne.com\/en\/champagne\/stoelzle-champagne-glas-6-set\/"]}]},{"@type":"ImageObject","inLanguage":"en-US","@id":"https:\/\/foufou-champagne.com\/en\/champagne\/stoelzle-champagne-glas-6-set\/#primaryimage","url":"https:\/\/foufou-champagne.com\/wp-content\/uploads\/2020\/12\/quatrophil-champagnerglas-stoelzle-foufou-champagne2.jpg","contentUrl":"https:\/\/foufou-champagne.com\/wp-content\/uploads\/2020\/12\/quatrophil-champagnerglas-stoelzle-foufou-champagne2.jpg","width":1067,"height":1600},{"@type":"BreadcrumbList","@id":"https:\/\/foufou-champagne.com\/en\/champagne\/stoelzle-champagne-glas-6-set\/#breadcrumb","itemListElement":[{"@type":"ListItem","position":1,"name":"Startseite","item":"https:\/\/foufou-champagne.com\/en\/"},{"@type":"ListItem","position":2,"name":"Shop","item":"https:\/\/foufou-champagne.com\/en\/shop\/"},{"@type":"ListItem","position":3,"name":"St\u00f6lzle Lausitz Champagne Glasses Quatrophil Set of 6"}]},{"@type":"WebSite","@id":"https:\/\/foufou-champagne.com\/en\/#website","url":"https:\/\/foufou-champagne.com\/en\/","name":"foufou-champagne.com","description":"CHAMPAGNE BOUTIQUE","potentialAction":[{"@type":"SearchAction","target":{"@type":"EntryPoint","urlTemplate":"https:\/\/foufou-champagne.com\/en\/?s={search_term_string}"},"query-input":{"@type":"PropertyValueSpecification","valueRequired":true,"valueName":"search_term_string"}}],"inLanguage":"en-US"}]}},"_links":{"self":[{"href":"https:\/\/foufou-champagne.com\/en\/wp-json\/wp\/v2\/product\/6120","targetHints":{"allow":["GET"]}}],"collection":[{"href":"https:\/\/foufou-champagne.com\/en\/wp-json\/wp\/v2\/product"}],"about":[{"href":"https:\/\/foufou-champagne.com\/en\/wp-json\/wp\/v2\/types\/product"}],"replies":[{"embeddable":true,"href":"https:\/\/foufou-champagne.com\/en\/wp-json\/wp\/v2\/comments?post=6120"}],"wp:featuredmedia":[{"embeddable":true,"href":"https:\/\/foufou-champagne.com\/en\/wp-json\/wp\/v2\/media\/10360"}],"wp:attachment":[{"href":"https:\/\/foufou-champagne.com\/en\/wp-json\/wp\/v2\/media?parent=6120"}],"wp:term":[{"taxonomy":"product_brand","embeddable":true,"href":"https:\/\/foufou-champagne.com\/en\/wp-json\/wp\/v2\/product_brand?post=6120"},{"taxonomy":"product_cat","embeddable":true,"href":"https:\/\/foufou-champagne.com\/en\/wp-json\/wp\/v2\/product_cat?post=6120"},{"taxonomy":"product_tag","embeddable":true,"href":"https:\/\/foufou-champagne.com\/en\/wp-json\/wp\/v2\/product_tag?post=6120"}],"curies":[{"name":"wp","href":"https:\/\/api.w.org\/{rel}","templated":true}]}}