{"id":7696,"date":"2021-05-04T11:47:06","date_gmt":"2021-05-04T09:47:06","guid":{"rendered":"https:\/\/foufou-champagne.com\/?post_type=product&#038;p=7696"},"modified":"2026-02-07T15:38:20","modified_gmt":"2026-02-07T14:38:20","slug":"bonnet-ponson-cuvee-perpetuelle","status":"publish","type":"product","link":"https:\/\/foufou-champagne.com\/en\/champagne\/bonnet-ponson-cuvee-perpetuelle\/","title":{"rendered":"Bonnet-Ponson Cuv\u00e9e Perp\u00e9tuelle"},"content":{"rendered":"<h4>The Champagne<\/h4>\n<p>Full-bodied and aromatically intense &#8211; the signature cuv\u00e9e of Bonnet-Ponson!<\/p>\n<p>40% Pinot Noir, 30% Chardonnay and 30% Pinot Meunier: And that from a whole 35 plots in Premier Cru plots around Chamery in the Montagne de Reims. Here, the Bonnet family has been making its champagnes on chalky clay and sandy soils since 1862. The vines have an average age of more than 35 years and are in the process of conversion to organic viticulture. This is what we love! 40% of the Cuv\u00e9e Perp\u00e9tuelle consists of reserve wines from previous vintages to maintain Bonnet-Ponson&#8217;s own style. The cuv\u00e9e is left on the lees for at least 48 months. After the dosage of a minimum of 3 g\/l, the Cuv\u00e9e Perp\u00e9tuelle can call itself extra-brut. Just try it!<\/p>\n<h4>Tasting Note<\/h4>\n<ul>\n<li>In the glass, a dense, eye-catching golden yellow with a fine mousseux.<\/li>\n<li>On the nose, ripe apple aromas with yellow stone fruit and light notes of pastry.<\/li>\n<li>On the palate, the Cuv\u00e9e Perp\u00e9tuelle shows a lively perlage and a fine harmony. The aromas of ripe apple and yeast are accompanied by a slightly salty note, which gives the champagne its concision.<\/li>\n<\/ul>\n<h4>Pair with<\/h4>\n<ul>\n<li>This champagne is an excellent aperitif.<\/li>\n<li>It goes wonderfully with light veal and chicken dishes.<\/li>\n<li>The champagne is also a super companion for vegetarian dishes with root vegetables.<\/li>\n<\/ul>\n<p>&nbsp;<\/p>\n<h4>The Champagne House Bruno Paillard<\/h4>\n<h5>Aromatic, energetic with a special ripeness.<\/h5>\n<p>Since 1862, the Bonnet family has been producing its champagne in Chamery. Gr\u00e9goire Bonnet was the first winemaker in the area. Most of the house\u2019s vines are located on the hills of the three villages of Chamery, Vrigny and Coulommes la Montagne in the western part of the Montagne de Reims, also known as \u201cpetite montagne\u201d. The soils, formed in the Tertiary period, are composed of sand, clay and chalky clay. In 1956, Andr\u00e9 Bonnet met his wife Monique Ponson, herself from a family of winegrowers in Vrigny, also from the Montagne de Reims. Together they began to cultivate a few parcels of Meunier and Pinot Noir in Chamery, Vrigny and Coulommes la Montagne with the Bonnet-Ponson domain. Today, the area has grown to 9 hectares, planted equally with each of the three grape varieties. In 1979, the son Thierry Bonnet joined the champagne house and, over the course of 30 years, continued to drive the development of the domain. Additional wine cellars in the sandy soils of the \u201cPetit Montagne\u201d have since allowed the precious champagnes to age for longer. After studying enology and working as a red winemaker in the southwest of France, Cyril Bonnet joined the family domain in 2013 and at the same time began converting the entire vineyard to organic farming methods. We are excited to see what follows!<\/p>\n","protected":false},"excerpt":{"rendered":"<p>The signature cuv\u00e9e of Bonnet-Ponson! Full-bodied and intense.<\/p>\n","protected":false},"featured_media":9078,"comment_status":"open","ping_status":"closed","template":"","meta":{"_acf_changed":false,"_editorskit_title_hidden":false,"_editorskit_reading_time":0,"_editorskit_is_block_options_detached":false,"_editorskit_block_options_position":"{}","_coblocks_attr":"","_coblocks_dimensions":"","_coblocks_responsive_height":"","_coblocks_accordion_ie_support":""},"product_brand":[],"product_cat":[466,225,264,265],"product_tag":[267,270],"class_list":{"0":"post-7696","1":"product","2":"type-product","3":"status-publish","4":"has-post-thumbnail","6":"product_cat-bonnet-ponson-champagner-en","7":"product_cat-champagne","8":"product_cat-organic-champagne","9":"product_cat-winemaker-champagne","10":"product_tag-organic-champagne","11":"product_tag-winzerchampagner-en","12":"product_shipping_class-standard-en","13":"pa_kategorie-bio-champagner-en","14":"pa_kategorie-winemaker-champagne","16":"first","17":"instock","18":"taxable","19":"shipping-taxable","20":"purchasable","21":"product-type-composite"},"composite_virtual":false,"composite_layout":"single","composite_add_to_cart_form_location":"default","composite_editable_in_cart":false,"composite_sold_individually_context":"product","composite_shop_price_calc":"min_max","composite_components":[{"id":"1686182026","title":"Gift box (optional)","description":"","query_type":"product_ids","query_ids":[13157],"default_option_id":"","thumbnail_id":"","thumbnail_src":"","quantity_min":1,"quantity_max":1,"priced_individually":true,"shipped_individually":false,"optional":true,"discount":"","options_style":"dropdowns","pagination_style":"classic","display_prices":"absolute","show_sorting_options":false,"show_filtering_options":false,"attribute_filter_ids":[],"select_action":"view","product_title_visible":false,"product_descr_visible":true,"product_price_visible":true,"product_thumb_visible":true,"subtotal_visible_product":false,"subtotal_visible_cart":false,"subtotal_visible_orders":false,"product_addons_visible":true},{"id":"1686182027","title":"Greeting card with mini bouquet (optional)","description":"","query_type":"category_ids","query_ids":[636],"default_option_id":"","thumbnail_id":"","thumbnail_src":"","quantity_min":1,"quantity_max":1,"priced_individually":true,"shipped_individually":false,"optional":true,"discount":"","options_style":"dropdowns","pagination_style":"classic","display_prices":"absolute","show_sorting_options":false,"show_filtering_options":false,"attribute_filter_ids":[],"select_action":"view","product_title_visible":false,"product_descr_visible":true,"product_price_visible":true,"product_thumb_visible":true,"subtotal_visible_product":false,"subtotal_visible_cart":false,"subtotal_visible_orders":false,"product_addons_visible":true}],"composite_scenarios":[],"exclude_global_add_ons":[],"addons":[],"acf":[],"yoast_head":"<!-- This site is optimized with the Yoast SEO plugin v26.8 - https:\/\/yoast.com\/product\/yoast-seo-wordpress\/ -->\n<title>Bonnet-Ponson Cuv\u00e9e Perp\u00e9tuelle | FOUFOU CHAMPAGNE BOUTIQUE<\/title>\n<meta name=\"description\" content=\"Bonnet-Ponson Cuv\u00e9e Perp\u00e9tuelle. The signature cuv\u00e9e of Bonnet-Ponson! Full-bodied and intense. Learn more.\" \/>\n<meta name=\"robots\" content=\"index, follow, max-snippet:-1, max-image-preview:large, max-video-preview:-1\" \/>\n<link rel=\"canonical\" href=\"https:\/\/foufou-champagne.com\/en\/champagne\/bonnet-ponson-cuvee-perpetuelle\/\" \/>\n<meta property=\"og:locale\" content=\"en_US\" \/>\n<meta property=\"og:type\" content=\"article\" \/>\n<meta property=\"og:title\" content=\"Bonnet-Ponson Cuv\u00e9e Perp\u00e9tuelle | FOUFOU CHAMPAGNE BOUTIQUE\" \/>\n<meta property=\"og:description\" content=\"Bonnet-Ponson Cuv\u00e9e Perp\u00e9tuelle. The signature cuv\u00e9e of Bonnet-Ponson! Full-bodied and intense. Learn more.\" \/>\n<meta property=\"og:url\" content=\"https:\/\/foufou-champagne.com\/en\/champagne\/bonnet-ponson-cuvee-perpetuelle\/\" \/>\n<meta property=\"og:site_name\" content=\"foufou-champagne.com\" \/>\n<meta property=\"article:modified_time\" content=\"2026-02-07T14:38:20+00:00\" \/>\n<meta property=\"og:image\" content=\"https:\/\/foufou-champagne.com\/wp-content\/uploads\/2021\/05\/0000s_0002_Champagne-FouFou-Champagne-Boutique.png\" \/>\n\t<meta property=\"og:image:width\" content=\"800\" \/>\n\t<meta property=\"og:image:height\" content=\"1000\" \/>\n\t<meta property=\"og:image:type\" content=\"image\/png\" \/>\n<meta name=\"twitter:card\" content=\"summary_large_image\" \/>\n<meta name=\"twitter:label1\" content=\"Est. reading time\" \/>\n\t<meta name=\"twitter:data1\" content=\"3 minutes\" \/>\n<script type=\"application\/ld+json\" class=\"yoast-schema-graph\">{\"@context\":\"https:\/\/schema.org\",\"@graph\":[{\"@type\":\"WebPage\",\"@id\":\"https:\/\/foufou-champagne.com\/en\/champagne\/bonnet-ponson-cuvee-perpetuelle\/\",\"url\":\"https:\/\/foufou-champagne.com\/en\/champagne\/bonnet-ponson-cuvee-perpetuelle\/\",\"name\":\"Bonnet-Ponson Cuv\u00e9e Perp\u00e9tuelle | FOUFOU CHAMPAGNE BOUTIQUE\",\"isPartOf\":{\"@id\":\"https:\/\/foufou-champagne.com\/en\/#website\"},\"primaryImageOfPage\":{\"@id\":\"https:\/\/foufou-champagne.com\/en\/champagne\/bonnet-ponson-cuvee-perpetuelle\/#primaryimage\"},\"image\":{\"@id\":\"https:\/\/foufou-champagne.com\/en\/champagne\/bonnet-ponson-cuvee-perpetuelle\/#primaryimage\"},\"thumbnailUrl\":\"https:\/\/foufou-champagne.com\/wp-content\/uploads\/2021\/05\/0000s_0002_Champagne-FouFou-Champagne-Boutique.png\",\"datePublished\":\"2021-05-04T09:47:06+00:00\",\"dateModified\":\"2026-02-07T14:38:20+00:00\",\"description\":\"Bonnet-Ponson Cuv\u00e9e Perp\u00e9tuelle. The signature cuv\u00e9e of Bonnet-Ponson! Full-bodied and intense. Learn more.\",\"breadcrumb\":{\"@id\":\"https:\/\/foufou-champagne.com\/en\/champagne\/bonnet-ponson-cuvee-perpetuelle\/#breadcrumb\"},\"inLanguage\":\"en-US\",\"potentialAction\":[{\"@type\":\"ReadAction\",\"target\":[\"https:\/\/foufou-champagne.com\/en\/champagne\/bonnet-ponson-cuvee-perpetuelle\/\"]}]},{\"@type\":\"ImageObject\",\"inLanguage\":\"en-US\",\"@id\":\"https:\/\/foufou-champagne.com\/en\/champagne\/bonnet-ponson-cuvee-perpetuelle\/#primaryimage\",\"url\":\"https:\/\/foufou-champagne.com\/wp-content\/uploads\/2021\/05\/0000s_0002_Champagne-FouFou-Champagne-Boutique.png\",\"contentUrl\":\"https:\/\/foufou-champagne.com\/wp-content\/uploads\/2021\/05\/0000s_0002_Champagne-FouFou-Champagne-Boutique.png\",\"width\":800,\"height\":1000},{\"@type\":\"BreadcrumbList\",\"@id\":\"https:\/\/foufou-champagne.com\/en\/champagne\/bonnet-ponson-cuvee-perpetuelle\/#breadcrumb\",\"itemListElement\":[{\"@type\":\"ListItem\",\"position\":1,\"name\":\"Startseite\",\"item\":\"https:\/\/foufou-champagne.com\/en\/\"},{\"@type\":\"ListItem\",\"position\":2,\"name\":\"Shop\",\"item\":\"https:\/\/foufou-champagne.com\/en\/shop\/\"},{\"@type\":\"ListItem\",\"position\":3,\"name\":\"Bonnet-Ponson Cuv\u00e9e Perp\u00e9tuelle\"}]},{\"@type\":\"WebSite\",\"@id\":\"https:\/\/foufou-champagne.com\/en\/#website\",\"url\":\"https:\/\/foufou-champagne.com\/en\/\",\"name\":\"foufou-champagne.com\",\"description\":\"CHAMPAGNE BOUTIQUE\",\"potentialAction\":[{\"@type\":\"SearchAction\",\"target\":{\"@type\":\"EntryPoint\",\"urlTemplate\":\"https:\/\/foufou-champagne.com\/en\/?s={search_term_string}\"},\"query-input\":{\"@type\":\"PropertyValueSpecification\",\"valueRequired\":true,\"valueName\":\"search_term_string\"}}],\"inLanguage\":\"en-US\"}]}<\/script>\n<!-- \/ Yoast SEO plugin. -->","yoast_head_json":{"title":"Bonnet-Ponson Cuv\u00e9e Perp\u00e9tuelle | FOUFOU CHAMPAGNE BOUTIQUE","description":"Bonnet-Ponson Cuv\u00e9e Perp\u00e9tuelle. The signature cuv\u00e9e of Bonnet-Ponson! Full-bodied and intense. Learn more.","robots":{"index":"index","follow":"follow","max-snippet":"max-snippet:-1","max-image-preview":"max-image-preview:large","max-video-preview":"max-video-preview:-1"},"canonical":"https:\/\/foufou-champagne.com\/en\/champagne\/bonnet-ponson-cuvee-perpetuelle\/","og_locale":"en_US","og_type":"article","og_title":"Bonnet-Ponson Cuv\u00e9e Perp\u00e9tuelle | FOUFOU CHAMPAGNE BOUTIQUE","og_description":"Bonnet-Ponson Cuv\u00e9e Perp\u00e9tuelle. The signature cuv\u00e9e of Bonnet-Ponson! Full-bodied and intense. Learn more.","og_url":"https:\/\/foufou-champagne.com\/en\/champagne\/bonnet-ponson-cuvee-perpetuelle\/","og_site_name":"foufou-champagne.com","article_modified_time":"2026-02-07T14:38:20+00:00","og_image":[{"width":800,"height":1000,"url":"https:\/\/foufou-champagne.com\/wp-content\/uploads\/2021\/05\/0000s_0002_Champagne-FouFou-Champagne-Boutique.png","type":"image\/png"}],"twitter_card":"summary_large_image","twitter_misc":{"Est. reading time":"3 minutes"},"schema":{"@context":"https:\/\/schema.org","@graph":[{"@type":"WebPage","@id":"https:\/\/foufou-champagne.com\/en\/champagne\/bonnet-ponson-cuvee-perpetuelle\/","url":"https:\/\/foufou-champagne.com\/en\/champagne\/bonnet-ponson-cuvee-perpetuelle\/","name":"Bonnet-Ponson Cuv\u00e9e Perp\u00e9tuelle | FOUFOU CHAMPAGNE BOUTIQUE","isPartOf":{"@id":"https:\/\/foufou-champagne.com\/en\/#website"},"primaryImageOfPage":{"@id":"https:\/\/foufou-champagne.com\/en\/champagne\/bonnet-ponson-cuvee-perpetuelle\/#primaryimage"},"image":{"@id":"https:\/\/foufou-champagne.com\/en\/champagne\/bonnet-ponson-cuvee-perpetuelle\/#primaryimage"},"thumbnailUrl":"https:\/\/foufou-champagne.com\/wp-content\/uploads\/2021\/05\/0000s_0002_Champagne-FouFou-Champagne-Boutique.png","datePublished":"2021-05-04T09:47:06+00:00","dateModified":"2026-02-07T14:38:20+00:00","description":"Bonnet-Ponson Cuv\u00e9e Perp\u00e9tuelle. The signature cuv\u00e9e of Bonnet-Ponson! Full-bodied and intense. Learn more.","breadcrumb":{"@id":"https:\/\/foufou-champagne.com\/en\/champagne\/bonnet-ponson-cuvee-perpetuelle\/#breadcrumb"},"inLanguage":"en-US","potentialAction":[{"@type":"ReadAction","target":["https:\/\/foufou-champagne.com\/en\/champagne\/bonnet-ponson-cuvee-perpetuelle\/"]}]},{"@type":"ImageObject","inLanguage":"en-US","@id":"https:\/\/foufou-champagne.com\/en\/champagne\/bonnet-ponson-cuvee-perpetuelle\/#primaryimage","url":"https:\/\/foufou-champagne.com\/wp-content\/uploads\/2021\/05\/0000s_0002_Champagne-FouFou-Champagne-Boutique.png","contentUrl":"https:\/\/foufou-champagne.com\/wp-content\/uploads\/2021\/05\/0000s_0002_Champagne-FouFou-Champagne-Boutique.png","width":800,"height":1000},{"@type":"BreadcrumbList","@id":"https:\/\/foufou-champagne.com\/en\/champagne\/bonnet-ponson-cuvee-perpetuelle\/#breadcrumb","itemListElement":[{"@type":"ListItem","position":1,"name":"Startseite","item":"https:\/\/foufou-champagne.com\/en\/"},{"@type":"ListItem","position":2,"name":"Shop","item":"https:\/\/foufou-champagne.com\/en\/shop\/"},{"@type":"ListItem","position":3,"name":"Bonnet-Ponson Cuv\u00e9e Perp\u00e9tuelle"}]},{"@type":"WebSite","@id":"https:\/\/foufou-champagne.com\/en\/#website","url":"https:\/\/foufou-champagne.com\/en\/","name":"foufou-champagne.com","description":"CHAMPAGNE BOUTIQUE","potentialAction":[{"@type":"SearchAction","target":{"@type":"EntryPoint","urlTemplate":"https:\/\/foufou-champagne.com\/en\/?s={search_term_string}"},"query-input":{"@type":"PropertyValueSpecification","valueRequired":true,"valueName":"search_term_string"}}],"inLanguage":"en-US"}]}},"_links":{"self":[{"href":"https:\/\/foufou-champagne.com\/en\/wp-json\/wp\/v2\/product\/7696","targetHints":{"allow":["GET"]}}],"collection":[{"href":"https:\/\/foufou-champagne.com\/en\/wp-json\/wp\/v2\/product"}],"about":[{"href":"https:\/\/foufou-champagne.com\/en\/wp-json\/wp\/v2\/types\/product"}],"replies":[{"embeddable":true,"href":"https:\/\/foufou-champagne.com\/en\/wp-json\/wp\/v2\/comments?post=7696"}],"wp:featuredmedia":[{"embeddable":true,"href":"https:\/\/foufou-champagne.com\/en\/wp-json\/wp\/v2\/media\/9078"}],"wp:attachment":[{"href":"https:\/\/foufou-champagne.com\/en\/wp-json\/wp\/v2\/media?parent=7696"}],"wp:term":[{"taxonomy":"product_brand","embeddable":true,"href":"https:\/\/foufou-champagne.com\/en\/wp-json\/wp\/v2\/product_brand?post=7696"},{"taxonomy":"product_cat","embeddable":true,"href":"https:\/\/foufou-champagne.com\/en\/wp-json\/wp\/v2\/product_cat?post=7696"},{"taxonomy":"product_tag","embeddable":true,"href":"https:\/\/foufou-champagne.com\/en\/wp-json\/wp\/v2\/product_tag?post=7696"}],"curies":[{"name":"wp","href":"https:\/\/api.w.org\/{rel}","templated":true}]}}