{"id":8013,"date":"2021-05-18T14:38:40","date_gmt":"2021-05-18T12:38:40","guid":{"rendered":"https:\/\/foufou-champagne.com\/?post_type=product&#038;p=8013"},"modified":"2023-08-16T12:19:54","modified_gmt":"2023-08-16T10:19:54","slug":"larmandier-bernier-rose-de-saignee","status":"publish","type":"product","link":"https:\/\/foufou-champagne.com\/en\/champagne\/larmandier-bernier-rose-de-saignee\/","title":{"rendered":"Larmandier-Bernier Ros\u00e9 de Saign\u00e9e Premier Cru Extra Brut"},"content":{"rendered":"<h4>Der Champagner<\/h4>\n<p>A rarity with 10% Pinot Gris: the Ros\u00e9 de Saign\u00e9e is a specialty in the champagne world. The ros\u00e9 undergoes a very complex and exciting vinification, the so-called maceration. For this, the grapes are gently pressed and rest three days before the must is filled into the barrels. This not only gives the champagne its expressive color, it also allows valuable phenols and other extracts to be obtained. The malocatic fermentation which follows is created with the indigenous yeast strains which are obligatory at Larmandier-Bernier. After that, the base wines are left to mature on their lees for 12 months. before the second fermentation takes place in the bottle. The champagne is then stored in the cellars below the hills of Vertus for at least two more years until it is spiked with a dosage of only 2g\/L.<\/p>\n<h4>Tasting Note<\/h4>\n<ul>\n<li>In the glass, an expressive ros\u00e9 with lively mousseux.<\/li>\n<li>The nose reveals a very balanced aroma of strawberries, floral notes and grapefruit.<\/li>\n<li>On the palate, Ros\u00e9 de Saign\u00e9e unfolds opulently with aromas of strawberries and cherries, as well as a slightly chalky minerality and a simultaneously fresh and playful acidity.<\/li>\n<\/ul>\n<h4>Passt zu<\/h4>\n<ul>\n<li>Ros\u00e9 de Saign\u00e9e is excellent as an aperitif.<br \/>\nA great pairing with wild fowl and porcini mushrooms.<br \/>\nAlso perfect in combination with raw fish such as salmon or tuna tartare.<\/li>\n<li><\/li>\n<\/ul>\n<div class=\"row row--collapse align-left\">\n<div class=\"col col-sm-12 col-xlg-12\">\n<div class=\"cmsPlainText\">\n<div class=\"row\">\n<div class=\"col col-sm-12\">\n<div class=\"cmsPlainText__content\">\n<div class=\"cmsPlainText__split cmsPlainText__split--1\">\n<h4>THE CHAMPAGNE HOUSE LARMANDIER-BERNIER<\/h4>\n<p><span class=\"EOP SCXW266697620 BCX4\" data-ccp-props=\"{}\">For their champagne, the Larmandier-Bernier family grow their wine near the towns of Vertus, Cramant, Chouilly, Oger and Avize. A distinct feature of theirs is the wine\u2019s spontaneous fermentation with natural yeasts. As a result, each vintage, site and barrel has its own yeast, creating a very authentic and fascinating champagne. The champagnes are also very diverse, as each site is pre-aged separately for a year in barriques or barrels before aging for several years. The champagnes receive a low dosage, between 0 and 0.4 g\/l, making freshness, authenticity and precise minerality the hallmarks of the Champagne House Larmandier-Bernier.\u00a0\u00a0<\/span><\/p>\n<\/div>\n<\/div>\n<\/div>\n<\/div>\n<\/div>\n<\/div>\n<\/div>\n","protected":false},"excerpt":{"rendered":"<p>An intense and special ros\u00e9 champagne with an incredibly long finish. A masterpiece of the Larmandier-Bernier family!<\/p>\n","protected":false},"featured_media":9165,"comment_status":"open","ping_status":"closed","template":"","meta":{"_acf_changed":false,"_editorskit_title_hidden":false,"_editorskit_reading_time":0,"_editorskit_is_block_options_detached":false,"_editorskit_block_options_position":"{}","_coblocks_attr":"","_coblocks_dimensions":"","_coblocks_responsive_height":"","_coblocks_accordion_ie_support":""},"product_brand":[],"product_cat":[225,451,264,513,265],"product_tag":[295,267,518,257,270],"class_list":{"0":"post-8013","1":"product","2":"type-product","3":"status-publish","4":"has-post-thumbnail","6":"product_cat-champagne","7":"product_cat-larmandier-bernier-champagne","8":"product_cat-organic-champagne","9":"product_cat-rose-champagne","10":"product_cat-winemaker-champagne","11":"product_tag-extra-brut-en","12":"product_tag-organic-champagne","13":"product_tag-rose-en","14":"product_tag-rose-champagne","15":"product_tag-winzerchampagner-en","16":"product_shipping_class-standard-en","17":"pa_kategorie-bio-champagner-en","18":"pa_kategorie-rose-champagne","19":"pa_kategorie-winemaker-champagne","21":"first","22":"instock","23":"taxable","24":"shipping-taxable","25":"purchasable","26":"product-type-composite"},"composite_virtual":false,"composite_layout":"single","composite_add_to_cart_form_location":"default","composite_editable_in_cart":false,"composite_sold_individually_context":"product","composite_shop_price_calc":"min_max","composite_components":[{"id":"1686162251","title":"Gift box (optional)","description":"","query_type":"product_ids","query_ids":[6490,13157],"default_option_id":"","thumbnail_id":"","thumbnail_src":"","quantity_min":1,"quantity_max":1,"priced_individually":true,"shipped_individually":false,"optional":true,"discount":"","options_style":"dropdowns","pagination_style":"classic","display_prices":"absolute","show_sorting_options":false,"show_filtering_options":false,"attribute_filter_ids":[],"select_action":"view","product_title_visible":true,"product_descr_visible":true,"product_price_visible":true,"product_thumb_visible":true,"subtotal_visible_product":false,"subtotal_visible_cart":false,"subtotal_visible_orders":false,"product_addons_visible":true},{"id":"1686162252","title":"Greeting card with mini bouquet (optional)","description":"","query_type":"category_ids","query_ids":[636],"default_option_id":"","thumbnail_id":"","thumbnail_src":"","quantity_min":1,"quantity_max":1,"priced_individually":true,"shipped_individually":false,"optional":true,"discount":"","options_style":"dropdowns","pagination_style":"classic","display_prices":"absolute","show_sorting_options":false,"show_filtering_options":false,"attribute_filter_ids":[],"select_action":"view","product_title_visible":false,"product_descr_visible":true,"product_price_visible":true,"product_thumb_visible":true,"subtotal_visible_product":false,"subtotal_visible_cart":false,"subtotal_visible_orders":false,"product_addons_visible":true}],"composite_scenarios":[],"exclude_global_add_ons":[],"addons":[],"acf":[],"yoast_head":"<!-- This site is optimized with the Yoast SEO plugin v26.8 - https:\/\/yoast.com\/product\/yoast-seo-wordpress\/ -->\n<title>Larmandier-Bernier Ros\u00e9 de Saign\u00e9e | FOUFOU CHAMPAGNE<\/title>\n<meta name=\"description\" content=\"An intense and special ros\u00e9 champagne with an incredibly long finish. A masterpiece of the Larmandier-Bernier family! Buy online now.\" \/>\n<meta name=\"robots\" content=\"index, follow, max-snippet:-1, max-image-preview:large, max-video-preview:-1\" \/>\n<link rel=\"canonical\" href=\"https:\/\/foufou-champagne.com\/en\/champagne\/larmandier-bernier-rose-de-saignee\/\" \/>\n<meta property=\"og:locale\" content=\"en_US\" \/>\n<meta property=\"og:type\" content=\"article\" \/>\n<meta property=\"og:title\" content=\"Larmandier-Bernier Ros\u00e9 de Saign\u00e9e | FOUFOU CHAMPAGNE\" \/>\n<meta property=\"og:description\" content=\"An intense and special ros\u00e9 champagne with an incredibly long finish. A masterpiece of the Larmandier-Bernier family! Buy online now.\" \/>\n<meta property=\"og:url\" content=\"https:\/\/foufou-champagne.com\/en\/champagne\/larmandier-bernier-rose-de-saignee\/\" \/>\n<meta property=\"og:site_name\" content=\"foufou-champagne.com\" \/>\n<meta property=\"article:modified_time\" content=\"2023-08-16T10:19:54+00:00\" \/>\n<meta property=\"og:image\" content=\"https:\/\/foufou-champagne.com\/wp-content\/uploads\/2021\/05\/Champagne-larmandier-bernier-rose-de-saignee-premier-cru-extra-brut-FouFou-Champagne-Boutique.png\" \/>\n\t<meta property=\"og:image:width\" content=\"800\" \/>\n\t<meta property=\"og:image:height\" content=\"1000\" \/>\n\t<meta property=\"og:image:type\" content=\"image\/png\" \/>\n<meta name=\"twitter:card\" content=\"summary_large_image\" \/>\n<meta name=\"twitter:label1\" content=\"Est. reading time\" \/>\n\t<meta name=\"twitter:data1\" content=\"2 minutes\" \/>\n<script type=\"application\/ld+json\" class=\"yoast-schema-graph\">{\"@context\":\"https:\/\/schema.org\",\"@graph\":[{\"@type\":\"WebPage\",\"@id\":\"https:\/\/foufou-champagne.com\/en\/champagne\/larmandier-bernier-rose-de-saignee\/\",\"url\":\"https:\/\/foufou-champagne.com\/en\/champagne\/larmandier-bernier-rose-de-saignee\/\",\"name\":\"Larmandier-Bernier Ros\u00e9 de Saign\u00e9e | FOUFOU CHAMPAGNE\",\"isPartOf\":{\"@id\":\"https:\/\/foufou-champagne.com\/en\/#website\"},\"primaryImageOfPage\":{\"@id\":\"https:\/\/foufou-champagne.com\/en\/champagne\/larmandier-bernier-rose-de-saignee\/#primaryimage\"},\"image\":{\"@id\":\"https:\/\/foufou-champagne.com\/en\/champagne\/larmandier-bernier-rose-de-saignee\/#primaryimage\"},\"thumbnailUrl\":\"https:\/\/foufou-champagne.com\/wp-content\/uploads\/2021\/05\/Champagne-larmandier-bernier-rose-de-saignee-premier-cru-extra-brut-FouFou-Champagne-Boutique.png\",\"datePublished\":\"2021-05-18T12:38:40+00:00\",\"dateModified\":\"2023-08-16T10:19:54+00:00\",\"description\":\"An intense and special ros\u00e9 champagne with an incredibly long finish. A masterpiece of the Larmandier-Bernier family! Buy online now.\",\"breadcrumb\":{\"@id\":\"https:\/\/foufou-champagne.com\/en\/champagne\/larmandier-bernier-rose-de-saignee\/#breadcrumb\"},\"inLanguage\":\"en-US\",\"potentialAction\":[{\"@type\":\"ReadAction\",\"target\":[\"https:\/\/foufou-champagne.com\/en\/champagne\/larmandier-bernier-rose-de-saignee\/\"]}]},{\"@type\":\"ImageObject\",\"inLanguage\":\"en-US\",\"@id\":\"https:\/\/foufou-champagne.com\/en\/champagne\/larmandier-bernier-rose-de-saignee\/#primaryimage\",\"url\":\"https:\/\/foufou-champagne.com\/wp-content\/uploads\/2021\/05\/Champagne-larmandier-bernier-rose-de-saignee-premier-cru-extra-brut-FouFou-Champagne-Boutique.png\",\"contentUrl\":\"https:\/\/foufou-champagne.com\/wp-content\/uploads\/2021\/05\/Champagne-larmandier-bernier-rose-de-saignee-premier-cru-extra-brut-FouFou-Champagne-Boutique.png\",\"width\":800,\"height\":1000},{\"@type\":\"BreadcrumbList\",\"@id\":\"https:\/\/foufou-champagne.com\/en\/champagne\/larmandier-bernier-rose-de-saignee\/#breadcrumb\",\"itemListElement\":[{\"@type\":\"ListItem\",\"position\":1,\"name\":\"Startseite\",\"item\":\"https:\/\/foufou-champagne.com\/en\/\"},{\"@type\":\"ListItem\",\"position\":2,\"name\":\"Shop\",\"item\":\"https:\/\/foufou-champagne.com\/en\/shop\/\"},{\"@type\":\"ListItem\",\"position\":3,\"name\":\"Larmandier-Bernier Ros\u00e9 de Saign\u00e9e Premier Cru Extra Brut\"}]},{\"@type\":\"WebSite\",\"@id\":\"https:\/\/foufou-champagne.com\/en\/#website\",\"url\":\"https:\/\/foufou-champagne.com\/en\/\",\"name\":\"foufou-champagne.com\",\"description\":\"CHAMPAGNE BOUTIQUE\",\"potentialAction\":[{\"@type\":\"SearchAction\",\"target\":{\"@type\":\"EntryPoint\",\"urlTemplate\":\"https:\/\/foufou-champagne.com\/en\/?s={search_term_string}\"},\"query-input\":{\"@type\":\"PropertyValueSpecification\",\"valueRequired\":true,\"valueName\":\"search_term_string\"}}],\"inLanguage\":\"en-US\"}]}<\/script>\n<!-- \/ Yoast SEO plugin. -->","yoast_head_json":{"title":"Larmandier-Bernier Ros\u00e9 de Saign\u00e9e | FOUFOU CHAMPAGNE","description":"An intense and special ros\u00e9 champagne with an incredibly long finish. A masterpiece of the Larmandier-Bernier family! Buy online now.","robots":{"index":"index","follow":"follow","max-snippet":"max-snippet:-1","max-image-preview":"max-image-preview:large","max-video-preview":"max-video-preview:-1"},"canonical":"https:\/\/foufou-champagne.com\/en\/champagne\/larmandier-bernier-rose-de-saignee\/","og_locale":"en_US","og_type":"article","og_title":"Larmandier-Bernier Ros\u00e9 de Saign\u00e9e | FOUFOU CHAMPAGNE","og_description":"An intense and special ros\u00e9 champagne with an incredibly long finish. A masterpiece of the Larmandier-Bernier family! Buy online now.","og_url":"https:\/\/foufou-champagne.com\/en\/champagne\/larmandier-bernier-rose-de-saignee\/","og_site_name":"foufou-champagne.com","article_modified_time":"2023-08-16T10:19:54+00:00","og_image":[{"width":800,"height":1000,"url":"https:\/\/foufou-champagne.com\/wp-content\/uploads\/2021\/05\/Champagne-larmandier-bernier-rose-de-saignee-premier-cru-extra-brut-FouFou-Champagne-Boutique.png","type":"image\/png"}],"twitter_card":"summary_large_image","twitter_misc":{"Est. reading time":"2 minutes"},"schema":{"@context":"https:\/\/schema.org","@graph":[{"@type":"WebPage","@id":"https:\/\/foufou-champagne.com\/en\/champagne\/larmandier-bernier-rose-de-saignee\/","url":"https:\/\/foufou-champagne.com\/en\/champagne\/larmandier-bernier-rose-de-saignee\/","name":"Larmandier-Bernier Ros\u00e9 de Saign\u00e9e | FOUFOU CHAMPAGNE","isPartOf":{"@id":"https:\/\/foufou-champagne.com\/en\/#website"},"primaryImageOfPage":{"@id":"https:\/\/foufou-champagne.com\/en\/champagne\/larmandier-bernier-rose-de-saignee\/#primaryimage"},"image":{"@id":"https:\/\/foufou-champagne.com\/en\/champagne\/larmandier-bernier-rose-de-saignee\/#primaryimage"},"thumbnailUrl":"https:\/\/foufou-champagne.com\/wp-content\/uploads\/2021\/05\/Champagne-larmandier-bernier-rose-de-saignee-premier-cru-extra-brut-FouFou-Champagne-Boutique.png","datePublished":"2021-05-18T12:38:40+00:00","dateModified":"2023-08-16T10:19:54+00:00","description":"An intense and special ros\u00e9 champagne with an incredibly long finish. A masterpiece of the Larmandier-Bernier family! Buy online now.","breadcrumb":{"@id":"https:\/\/foufou-champagne.com\/en\/champagne\/larmandier-bernier-rose-de-saignee\/#breadcrumb"},"inLanguage":"en-US","potentialAction":[{"@type":"ReadAction","target":["https:\/\/foufou-champagne.com\/en\/champagne\/larmandier-bernier-rose-de-saignee\/"]}]},{"@type":"ImageObject","inLanguage":"en-US","@id":"https:\/\/foufou-champagne.com\/en\/champagne\/larmandier-bernier-rose-de-saignee\/#primaryimage","url":"https:\/\/foufou-champagne.com\/wp-content\/uploads\/2021\/05\/Champagne-larmandier-bernier-rose-de-saignee-premier-cru-extra-brut-FouFou-Champagne-Boutique.png","contentUrl":"https:\/\/foufou-champagne.com\/wp-content\/uploads\/2021\/05\/Champagne-larmandier-bernier-rose-de-saignee-premier-cru-extra-brut-FouFou-Champagne-Boutique.png","width":800,"height":1000},{"@type":"BreadcrumbList","@id":"https:\/\/foufou-champagne.com\/en\/champagne\/larmandier-bernier-rose-de-saignee\/#breadcrumb","itemListElement":[{"@type":"ListItem","position":1,"name":"Startseite","item":"https:\/\/foufou-champagne.com\/en\/"},{"@type":"ListItem","position":2,"name":"Shop","item":"https:\/\/foufou-champagne.com\/en\/shop\/"},{"@type":"ListItem","position":3,"name":"Larmandier-Bernier Ros\u00e9 de Saign\u00e9e Premier Cru Extra Brut"}]},{"@type":"WebSite","@id":"https:\/\/foufou-champagne.com\/en\/#website","url":"https:\/\/foufou-champagne.com\/en\/","name":"foufou-champagne.com","description":"CHAMPAGNE BOUTIQUE","potentialAction":[{"@type":"SearchAction","target":{"@type":"EntryPoint","urlTemplate":"https:\/\/foufou-champagne.com\/en\/?s={search_term_string}"},"query-input":{"@type":"PropertyValueSpecification","valueRequired":true,"valueName":"search_term_string"}}],"inLanguage":"en-US"}]}},"_links":{"self":[{"href":"https:\/\/foufou-champagne.com\/en\/wp-json\/wp\/v2\/product\/8013","targetHints":{"allow":["GET"]}}],"collection":[{"href":"https:\/\/foufou-champagne.com\/en\/wp-json\/wp\/v2\/product"}],"about":[{"href":"https:\/\/foufou-champagne.com\/en\/wp-json\/wp\/v2\/types\/product"}],"replies":[{"embeddable":true,"href":"https:\/\/foufou-champagne.com\/en\/wp-json\/wp\/v2\/comments?post=8013"}],"wp:featuredmedia":[{"embeddable":true,"href":"https:\/\/foufou-champagne.com\/en\/wp-json\/wp\/v2\/media\/9165"}],"wp:attachment":[{"href":"https:\/\/foufou-champagne.com\/en\/wp-json\/wp\/v2\/media?parent=8013"}],"wp:term":[{"taxonomy":"product_brand","embeddable":true,"href":"https:\/\/foufou-champagne.com\/en\/wp-json\/wp\/v2\/product_brand?post=8013"},{"taxonomy":"product_cat","embeddable":true,"href":"https:\/\/foufou-champagne.com\/en\/wp-json\/wp\/v2\/product_cat?post=8013"},{"taxonomy":"product_tag","embeddable":true,"href":"https:\/\/foufou-champagne.com\/en\/wp-json\/wp\/v2\/product_tag?post=8013"}],"curies":[{"name":"wp","href":"https:\/\/api.w.org\/{rel}","templated":true}]}}