{"id":9592,"date":"2021-12-10T18:29:49","date_gmt":"2021-12-10T17:29:49","guid":{"rendered":"https:\/\/foufou-champagne.com\/?post_type=product&#038;p=9592"},"modified":"2022-12-05T12:42:33","modified_gmt":"2022-12-05T11:42:33","slug":"tarlant-zero-brut-nature-jeroboam-3liters","status":"publish","type":"product","link":"https:\/\/foufou-champagne.com\/en\/champagne\/tarlant-zero-brut-nature-jeroboam-3liters\/","title":{"rendered":"Tarlant Zer\u00f3 Brut Nature J\u00e9roboam 3 liters"},"content":{"rendered":"<h4>The Champagne<\/h4>\n<p>A puristic, authentic and characterful champagne. Here in a particularly beautiful bottle: J\u00e9roboam (3 liters).<\/p>\n<p>Benoit Tarlant has refined each phase of cultivation and production to find and promote balance in his Zero. To achieve this goal, he uses the three main grape varieties of the Champagne region. Zero is composed of one-third each of Pinot Noir, Chardonnay and Pinot Meunier.\u00a0 The 2012 vintage serves as the base, along with a high proportion of reserve wines. After nearly six years in bottle, Zero Brut Nature was disgorged in January 2019, with zero grams of dosage. Benoit Tarlant strives for an accuracy, purity and directness with his Cuv\u00e9e Zer\u00f3 that he compares to playing darts. Ripe fruit, three reserve vintages and extremely long bottle aging create balance and presence.<\/p>\n<h4>Tasting Note<\/h4>\n<ul>\n<li>In the glass golden yellow with light green reflections.<\/li>\n<li>On the nose, the Zer\u00f3 is pure minerality. Profound and honest. Elegant and chalky with aromas of citrus.<\/li>\n<li>On the palate: dry and cool with citric acidity. A bit salty with clarity and minerality in the long finish.<\/li>\n<\/ul>\n<h4>Passt zu<\/h4>\n<ul>\n<li>Perfect aperitif combined with raw ham or mixed pickles.<\/li>\n<li>Perfect paring\u00a0 with fish, seafood and shellfish.<\/li>\n<\/ul>\n<h4><\/h4>\n<h4>Bewertungen und Fachpresse<\/h4>\n<p>Robert Parker Wine Advocate (90\/100)<\/p>\n<p>&#8220;Based on the 2012 vintage and disgorged in January 2019, the latest rendition of Tarlant&#8217;s NV Brut Nature Zero exhibits notes of citrus oil, green apples, pastry cream and walnuts, followed by a medium to full-bodied, vinous but incisive palate that&#8217;s tangy and precise, with good depth and dimension at the core.&#8221;<\/p>\n<p>James Suckling\u00a0 (93\/100)<\/p>\n<p>&#8220;This has an engaging sense of raw fruit on the nose with fresh citrus, dried peach, strawberries and pears. The palate is impressively zesty and carries plenty of tart lemon flavor. Powerful, dry finish. Drink now.&#8221;<\/p>\n<div id=\"tradepress-content\" class=\"clearfix collapse in\" aria-expanded=\"true\"><\/div>\n<div class=\"row row--collapse align-left\">\n<div class=\"col col-sm-12 col-xlg-12\">\n<div class=\"cmsPlainText\">\n<div class=\"row\">\n<div class=\"col col-sm-12\">\n<div class=\"cmsPlainText__content\">\n<div class=\"cmsPlainText__split cmsPlainText__split--1\">\n<h4>The Tarlant Champagne House<\/h4>\n<div class=\"row row--collapse align-left\">\n<div class=\"col col-sm-12 col-xlg-12\">\n<div class=\"cmsPlainText\">\n<div class=\"row\">\n<div class=\"col col-sm-12\">\n<div class=\"cmsPlainText__content\">\n<div class=\"cmsPlainText__split cmsPlainText__split--1\">\n<p>The Tarlant family of winemakers is one of the leaders in its field. Siblings Benoit and Melanie Tarlant are the 12th generation to run the house. Every one of the more than 40 vineyard plots is tended meticulously and with great dedication, and pressed individually. The entire process follows biodynamic standards and is completed by hand. The Tarlant champagnes mature on the yeast for an average of five years, the champagnes of the great sites for up to 16 years. To maintain the originality of the champagnes, the dosage is limited to 0-0.6g\/l.<\/p>\n<\/div>\n<\/div>\n<\/div>\n<\/div>\n<\/div>\n<\/div>\n<\/div>\n<\/div>\n<\/div>\n<\/div>\n<\/div>\n<\/div>\n<\/div>\n<\/div>\n","protected":false},"excerpt":{"rendered":"<p>Tarlant Zer\u00f3 Brut Nature is simply fun to drink. Full-bodied, lively and extremely mineral pleasure to drink. Here in a particularly beautiful bottle: J\u00e9roboam (3 liters).<\/p>\n","protected":false},"featured_media":10176,"comment_status":"open","ping_status":"closed","template":"","meta":{"_acf_changed":false,"_editorskit_title_hidden":false,"_editorskit_reading_time":0,"_editorskit_is_block_options_detached":false,"_editorskit_block_options_position":"{}","_coblocks_attr":"","_coblocks_dimensions":"","_coblocks_responsive_height":"","_coblocks_accordion_ie_support":""},"product_brand":[],"product_cat":[225,264,461,265],"product_tag":[653,656,267,270,293],"class_list":{"0":"post-9592","1":"product","2":"type-product","3":"status-publish","4":"has-post-thumbnail","6":"product_cat-champagne","7":"product_cat-organic-champagne","8":"product_cat-tarlant-champagne","9":"product_cat-winemaker-champagne","10":"product_tag-brut-nature-en","11":"product_tag-jeroboam-3l-en","12":"product_tag-organic-champagne","13":"product_tag-winzerchampagner-en","14":"product_tag-zero-dosage-en","15":"product_shipping_class-standard-en","16":"pa_kategorie-bio-champagner-en","17":"pa_kategorie-winemaker-champagne","19":"first","20":"outofstock","21":"taxable","22":"shipping-taxable","23":"purchasable","24":"product-type-composite"},"composite_virtual":false,"composite_layout":"single","composite_add_to_cart_form_location":"default","composite_editable_in_cart":false,"composite_sold_individually_context":"product","composite_shop_price_calc":"min_max","composite_components":[{"id":"1692207052","title":"Greeting card with mini bouquet (optional)","description":"","query_type":"category_ids","query_ids":[636],"default_option_id":"","thumbnail_id":"","thumbnail_src":"","quantity_min":1,"quantity_max":1,"priced_individually":true,"shipped_individually":false,"optional":true,"discount":"","options_style":"dropdowns","pagination_style":"classic","display_prices":"absolute","show_sorting_options":false,"show_filtering_options":false,"attribute_filter_ids":[],"select_action":"view","product_title_visible":false,"product_descr_visible":true,"product_price_visible":true,"product_thumb_visible":true,"subtotal_visible_product":false,"subtotal_visible_cart":false,"subtotal_visible_orders":false,"product_addons_visible":true}],"composite_scenarios":[],"exclude_global_add_ons":[],"addons":[],"acf":[],"yoast_head":"<!-- This site is optimized with the Yoast SEO plugin v26.8 - https:\/\/yoast.com\/product\/yoast-seo-wordpress\/ -->\n<title>Tarlant Zer\u00f3 J\u00e9roboam Brut Nature buy online | FOUFOU CHAMPAGNE<\/title>\n<meta name=\"description\" content=\"The champagne Tarlant Zer\u00f3 Brut Nature is simply fun. A full-bodied, tangy and extremely mineral pleasure to drink. Lern more.\" \/>\n<meta name=\"robots\" content=\"index, follow, max-snippet:-1, max-image-preview:large, max-video-preview:-1\" \/>\n<link rel=\"canonical\" href=\"https:\/\/foufou-champagne.com\/en\/champagne\/tarlant-zero-brut-nature-jeroboam-3liters\/\" \/>\n<meta property=\"og:locale\" content=\"en_US\" \/>\n<meta property=\"og:type\" content=\"article\" \/>\n<meta property=\"og:title\" content=\"Tarlant Zer\u00f3 J\u00e9roboam Brut Nature buy online | FOUFOU CHAMPAGNE\" \/>\n<meta property=\"og:description\" content=\"The champagne Tarlant Zer\u00f3 Brut Nature is simply fun. A full-bodied, tangy and extremely mineral pleasure to drink. Lern more.\" \/>\n<meta property=\"og:url\" content=\"https:\/\/foufou-champagne.com\/en\/champagne\/tarlant-zero-brut-nature-jeroboam-3liters\/\" \/>\n<meta property=\"og:site_name\" content=\"foufou-champagne.com\" \/>\n<meta property=\"article:modified_time\" content=\"2022-12-05T11:42:33+00:00\" \/>\n<meta property=\"og:image\" content=\"https:\/\/foufou-champagne.com\/wp-content\/uploads\/2021\/12\/Champagne-tarlant-zero-jeroboam-FOUFOU-Champagne-Boutique1.jpg\" \/>\n\t<meta property=\"og:image:width\" content=\"1200\" \/>\n\t<meta property=\"og:image:height\" content=\"1800\" \/>\n\t<meta property=\"og:image:type\" content=\"image\/jpeg\" \/>\n<meta name=\"twitter:card\" content=\"summary_large_image\" \/>\n<meta name=\"twitter:label1\" content=\"Est. reading time\" \/>\n\t<meta name=\"twitter:data1\" content=\"2 minutes\" \/>\n<script type=\"application\/ld+json\" class=\"yoast-schema-graph\">{\"@context\":\"https:\/\/schema.org\",\"@graph\":[{\"@type\":\"WebPage\",\"@id\":\"https:\/\/foufou-champagne.com\/en\/champagne\/tarlant-zero-brut-nature-jeroboam-3liters\/\",\"url\":\"https:\/\/foufou-champagne.com\/en\/champagne\/tarlant-zero-brut-nature-jeroboam-3liters\/\",\"name\":\"Tarlant Zer\u00f3 J\u00e9roboam Brut Nature buy online | FOUFOU CHAMPAGNE\",\"isPartOf\":{\"@id\":\"https:\/\/foufou-champagne.com\/en\/#website\"},\"primaryImageOfPage\":{\"@id\":\"https:\/\/foufou-champagne.com\/en\/champagne\/tarlant-zero-brut-nature-jeroboam-3liters\/#primaryimage\"},\"image\":{\"@id\":\"https:\/\/foufou-champagne.com\/en\/champagne\/tarlant-zero-brut-nature-jeroboam-3liters\/#primaryimage\"},\"thumbnailUrl\":\"https:\/\/foufou-champagne.com\/wp-content\/uploads\/2021\/12\/Champagne-tarlant-zero-jeroboam-FOUFOU-Champagne-Boutique1.jpg\",\"datePublished\":\"2021-12-10T17:29:49+00:00\",\"dateModified\":\"2022-12-05T11:42:33+00:00\",\"description\":\"The champagne Tarlant Zer\u00f3 Brut Nature is simply fun. A full-bodied, tangy and extremely mineral pleasure to drink. Lern more.\",\"breadcrumb\":{\"@id\":\"https:\/\/foufou-champagne.com\/en\/champagne\/tarlant-zero-brut-nature-jeroboam-3liters\/#breadcrumb\"},\"inLanguage\":\"en-US\",\"potentialAction\":[{\"@type\":\"ReadAction\",\"target\":[\"https:\/\/foufou-champagne.com\/en\/champagne\/tarlant-zero-brut-nature-jeroboam-3liters\/\"]}]},{\"@type\":\"ImageObject\",\"inLanguage\":\"en-US\",\"@id\":\"https:\/\/foufou-champagne.com\/en\/champagne\/tarlant-zero-brut-nature-jeroboam-3liters\/#primaryimage\",\"url\":\"https:\/\/foufou-champagne.com\/wp-content\/uploads\/2021\/12\/Champagne-tarlant-zero-jeroboam-FOUFOU-Champagne-Boutique1.jpg\",\"contentUrl\":\"https:\/\/foufou-champagne.com\/wp-content\/uploads\/2021\/12\/Champagne-tarlant-zero-jeroboam-FOUFOU-Champagne-Boutique1.jpg\",\"width\":1200,\"height\":1800},{\"@type\":\"BreadcrumbList\",\"@id\":\"https:\/\/foufou-champagne.com\/en\/champagne\/tarlant-zero-brut-nature-jeroboam-3liters\/#breadcrumb\",\"itemListElement\":[{\"@type\":\"ListItem\",\"position\":1,\"name\":\"Startseite\",\"item\":\"https:\/\/foufou-champagne.com\/en\/\"},{\"@type\":\"ListItem\",\"position\":2,\"name\":\"Shop\",\"item\":\"https:\/\/foufou-champagne.com\/en\/shop\/\"},{\"@type\":\"ListItem\",\"position\":3,\"name\":\"Tarlant Zer\u00f3 Brut Nature J\u00e9roboam 3 liters\"}]},{\"@type\":\"WebSite\",\"@id\":\"https:\/\/foufou-champagne.com\/en\/#website\",\"url\":\"https:\/\/foufou-champagne.com\/en\/\",\"name\":\"foufou-champagne.com\",\"description\":\"CHAMPAGNE BOUTIQUE\",\"potentialAction\":[{\"@type\":\"SearchAction\",\"target\":{\"@type\":\"EntryPoint\",\"urlTemplate\":\"https:\/\/foufou-champagne.com\/en\/?s={search_term_string}\"},\"query-input\":{\"@type\":\"PropertyValueSpecification\",\"valueRequired\":true,\"valueName\":\"search_term_string\"}}],\"inLanguage\":\"en-US\"}]}<\/script>\n<!-- \/ Yoast SEO plugin. -->","yoast_head_json":{"title":"Tarlant Zer\u00f3 J\u00e9roboam Brut Nature buy online | FOUFOU CHAMPAGNE","description":"The champagne Tarlant Zer\u00f3 Brut Nature is simply fun. A full-bodied, tangy and extremely mineral pleasure to drink. Lern more.","robots":{"index":"index","follow":"follow","max-snippet":"max-snippet:-1","max-image-preview":"max-image-preview:large","max-video-preview":"max-video-preview:-1"},"canonical":"https:\/\/foufou-champagne.com\/en\/champagne\/tarlant-zero-brut-nature-jeroboam-3liters\/","og_locale":"en_US","og_type":"article","og_title":"Tarlant Zer\u00f3 J\u00e9roboam Brut Nature buy online | FOUFOU CHAMPAGNE","og_description":"The champagne Tarlant Zer\u00f3 Brut Nature is simply fun. A full-bodied, tangy and extremely mineral pleasure to drink. Lern more.","og_url":"https:\/\/foufou-champagne.com\/en\/champagne\/tarlant-zero-brut-nature-jeroboam-3liters\/","og_site_name":"foufou-champagne.com","article_modified_time":"2022-12-05T11:42:33+00:00","og_image":[{"width":1200,"height":1800,"url":"https:\/\/foufou-champagne.com\/wp-content\/uploads\/2021\/12\/Champagne-tarlant-zero-jeroboam-FOUFOU-Champagne-Boutique1.jpg","type":"image\/jpeg"}],"twitter_card":"summary_large_image","twitter_misc":{"Est. reading time":"2 minutes"},"schema":{"@context":"https:\/\/schema.org","@graph":[{"@type":"WebPage","@id":"https:\/\/foufou-champagne.com\/en\/champagne\/tarlant-zero-brut-nature-jeroboam-3liters\/","url":"https:\/\/foufou-champagne.com\/en\/champagne\/tarlant-zero-brut-nature-jeroboam-3liters\/","name":"Tarlant Zer\u00f3 J\u00e9roboam Brut Nature buy online | FOUFOU CHAMPAGNE","isPartOf":{"@id":"https:\/\/foufou-champagne.com\/en\/#website"},"primaryImageOfPage":{"@id":"https:\/\/foufou-champagne.com\/en\/champagne\/tarlant-zero-brut-nature-jeroboam-3liters\/#primaryimage"},"image":{"@id":"https:\/\/foufou-champagne.com\/en\/champagne\/tarlant-zero-brut-nature-jeroboam-3liters\/#primaryimage"},"thumbnailUrl":"https:\/\/foufou-champagne.com\/wp-content\/uploads\/2021\/12\/Champagne-tarlant-zero-jeroboam-FOUFOU-Champagne-Boutique1.jpg","datePublished":"2021-12-10T17:29:49+00:00","dateModified":"2022-12-05T11:42:33+00:00","description":"The champagne Tarlant Zer\u00f3 Brut Nature is simply fun. A full-bodied, tangy and extremely mineral pleasure to drink. Lern more.","breadcrumb":{"@id":"https:\/\/foufou-champagne.com\/en\/champagne\/tarlant-zero-brut-nature-jeroboam-3liters\/#breadcrumb"},"inLanguage":"en-US","potentialAction":[{"@type":"ReadAction","target":["https:\/\/foufou-champagne.com\/en\/champagne\/tarlant-zero-brut-nature-jeroboam-3liters\/"]}]},{"@type":"ImageObject","inLanguage":"en-US","@id":"https:\/\/foufou-champagne.com\/en\/champagne\/tarlant-zero-brut-nature-jeroboam-3liters\/#primaryimage","url":"https:\/\/foufou-champagne.com\/wp-content\/uploads\/2021\/12\/Champagne-tarlant-zero-jeroboam-FOUFOU-Champagne-Boutique1.jpg","contentUrl":"https:\/\/foufou-champagne.com\/wp-content\/uploads\/2021\/12\/Champagne-tarlant-zero-jeroboam-FOUFOU-Champagne-Boutique1.jpg","width":1200,"height":1800},{"@type":"BreadcrumbList","@id":"https:\/\/foufou-champagne.com\/en\/champagne\/tarlant-zero-brut-nature-jeroboam-3liters\/#breadcrumb","itemListElement":[{"@type":"ListItem","position":1,"name":"Startseite","item":"https:\/\/foufou-champagne.com\/en\/"},{"@type":"ListItem","position":2,"name":"Shop","item":"https:\/\/foufou-champagne.com\/en\/shop\/"},{"@type":"ListItem","position":3,"name":"Tarlant Zer\u00f3 Brut Nature J\u00e9roboam 3 liters"}]},{"@type":"WebSite","@id":"https:\/\/foufou-champagne.com\/en\/#website","url":"https:\/\/foufou-champagne.com\/en\/","name":"foufou-champagne.com","description":"CHAMPAGNE BOUTIQUE","potentialAction":[{"@type":"SearchAction","target":{"@type":"EntryPoint","urlTemplate":"https:\/\/foufou-champagne.com\/en\/?s={search_term_string}"},"query-input":{"@type":"PropertyValueSpecification","valueRequired":true,"valueName":"search_term_string"}}],"inLanguage":"en-US"}]}},"_links":{"self":[{"href":"https:\/\/foufou-champagne.com\/en\/wp-json\/wp\/v2\/product\/9592","targetHints":{"allow":["GET"]}}],"collection":[{"href":"https:\/\/foufou-champagne.com\/en\/wp-json\/wp\/v2\/product"}],"about":[{"href":"https:\/\/foufou-champagne.com\/en\/wp-json\/wp\/v2\/types\/product"}],"replies":[{"embeddable":true,"href":"https:\/\/foufou-champagne.com\/en\/wp-json\/wp\/v2\/comments?post=9592"}],"wp:featuredmedia":[{"embeddable":true,"href":"https:\/\/foufou-champagne.com\/en\/wp-json\/wp\/v2\/media\/10176"}],"wp:attachment":[{"href":"https:\/\/foufou-champagne.com\/en\/wp-json\/wp\/v2\/media?parent=9592"}],"wp:term":[{"taxonomy":"product_brand","embeddable":true,"href":"https:\/\/foufou-champagne.com\/en\/wp-json\/wp\/v2\/product_brand?post=9592"},{"taxonomy":"product_cat","embeddable":true,"href":"https:\/\/foufou-champagne.com\/en\/wp-json\/wp\/v2\/product_cat?post=9592"},{"taxonomy":"product_tag","embeddable":true,"href":"https:\/\/foufou-champagne.com\/en\/wp-json\/wp\/v2\/product_tag?post=9592"}],"curies":[{"name":"wp","href":"https:\/\/api.w.org\/{rel}","templated":true}]}}