{"id":9730,"date":"2021-12-17T17:41:30","date_gmt":"2021-12-17T16:41:31","guid":{"rendered":"https:\/\/foufou-champagne.com\/?post_type=product&#038;p=9730"},"modified":"2023-08-15T17:37:07","modified_gmt":"2023-08-15T15:37:07","slug":"alfred-gratien-brut-rose","status":"publish","type":"product","link":"https:\/\/foufou-champagne.com\/en\/champagne\/alfred-gratien-brut-rose\/","title":{"rendered":"Alfred Gratien Brut Ros\u00e9"},"content":{"rendered":"<h4>The Champagne<\/h4>\n<p>You cannot go wrong with this seductive, light ros\u00e9 champagne! Its pleasant acidity, traces of tannin and low dosage lend this classic cuv\u00e9e a harmonious round body. This makes the Champagne Alfred Gratien Brut Ros\u00e9 an ideal match for light vegetarian dishes, fish, cheese and desserts.<\/p>\n<h4>Tasting Note<\/h4>\n<ul>\n<li>In the glass, a delicate salmon pink and a lively, persistent perlage.<\/li>\n<li>On the nose, a delicate scent of red berries and roses paired with hints of hazelnut and brioche.<\/li>\n<li>The palate is tangy and dry with aromas of grapefruit and red berries. A finish of light mineral notes.<\/li>\n<\/ul>\n<h4>Pair with<\/h4>\n<ul>\n<li>Solo or as an aperitif<\/li>\n<li>Perfect with vegetarian dishes, fish or seafood<\/li>\n<li>Super companion to fruity desserts<\/li>\n<\/ul>\n<div class=\"row row--collapse align-left\">\n<div class=\"col col-sm-12 col-xlg-12\">\n<div class=\"cmsPlainText\">\n<div class=\"row\">\n<div class=\"col col-sm-12\">\n<div class=\"cmsPlainText__content\">\n<div class=\"cmsPlainText__split cmsPlainText__split--1\">\n<h4><strong>The Alfred Gratien Champagne House<\/strong><\/h4>\n<p>Not far from the center of \u00c9pernay, exquisite champagnes have been produced for four generations with the utmost care and the best know-how continuing in the footsteps of founder Alfred Gratien. Established in 1864, Gratien has a long tradition of champagne production and still uses very traditional methods of vinification. In addition to aging the wines in oak barrels, Nicolas Jeager, as &#8220;Chef de Caves,&#8221; relies on another special feature: forgoing malolactic fermentation. As a result, the fruity and fresh character of the wine is preserved for a longer period of time. Alfred Gratien stands for many years of comprehensive know-how, aging of wines in oak barrels and striving to always deliver the best to connoisseurs.<\/p>\n<\/div>\n<\/div>\n<\/div>\n<\/div>\n<\/div>\n<\/div>\n<\/div>\n","protected":false},"excerpt":{"rendered":"<p>Lively, light, harmonious &#8211; words that best describe this exceedingly elegant ros\u00e9 champagne. Always a good choice &#8211; be it solo, as an aperitif or with light meals.<\/p>\n","protected":false},"featured_media":9725,"comment_status":"open","ping_status":"closed","template":"","meta":{"_acf_changed":false,"_editorskit_title_hidden":false,"_editorskit_reading_time":0,"_editorskit_is_block_options_detached":false,"_editorskit_block_options_position":"{}","_coblocks_attr":"","_coblocks_dimensions":"","_coblocks_responsive_height":"","_coblocks_accordion_ie_support":""},"product_brand":[],"product_cat":[546,225,513],"product_tag":[523,518,257],"class_list":{"0":"post-9730","1":"product","2":"type-product","3":"status-publish","4":"has-post-thumbnail","6":"product_cat-alfred-gratien-en","7":"product_cat-champagne","8":"product_cat-rose-champagne","9":"product_tag-easy-drinking-en","10":"product_tag-rose-en","11":"product_tag-rose-champagne","12":"product_shipping_class-standard-en","13":"pa_kategorie-rose-champagne","15":"first","16":"outofstock","17":"taxable","18":"shipping-taxable","19":"purchasable","20":"product-type-composite"},"composite_virtual":false,"composite_layout":"single","composite_add_to_cart_form_location":"default","composite_editable_in_cart":false,"composite_sold_individually_context":"product","composite_shop_price_calc":"min_max","composite_components":[{"id":"1686179913","title":"Gift box (optional)","description":"","query_type":"product_ids","query_ids":[13157],"default_option_id":"","thumbnail_id":"","thumbnail_src":"","quantity_min":1,"quantity_max":1,"priced_individually":true,"shipped_individually":false,"optional":true,"discount":"","options_style":"dropdowns","pagination_style":"classic","display_prices":"absolute","show_sorting_options":false,"show_filtering_options":false,"attribute_filter_ids":[],"select_action":"view","product_title_visible":false,"product_descr_visible":true,"product_price_visible":true,"product_thumb_visible":true,"subtotal_visible_product":false,"subtotal_visible_cart":false,"subtotal_visible_orders":false,"product_addons_visible":true},{"id":"1686179914","title":"Greeting card with mini bouquet (optional)","description":"","query_type":"category_ids","query_ids":[636],"default_option_id":"","thumbnail_id":"","thumbnail_src":"","quantity_min":1,"quantity_max":1,"priced_individually":true,"shipped_individually":false,"optional":true,"discount":"","options_style":"dropdowns","pagination_style":"classic","display_prices":"absolute","show_sorting_options":false,"show_filtering_options":false,"attribute_filter_ids":[],"select_action":"view","product_title_visible":false,"product_descr_visible":true,"product_price_visible":true,"product_thumb_visible":true,"subtotal_visible_product":false,"subtotal_visible_cart":false,"subtotal_visible_orders":false,"product_addons_visible":true}],"composite_scenarios":[],"exclude_global_add_ons":[],"addons":[],"acf":[],"yoast_head":"<!-- This site is optimized with the Yoast SEO plugin v26.8 - https:\/\/yoast.com\/product\/yoast-seo-wordpress\/ -->\n<title>Alfred Gratien Ros\u00e9 Champagne | FOUFOU CHAMPAGNE<\/title>\n<meta name=\"description\" content=\"Lively, light, harmonious - words that best describe this exceedingly elegant ros\u00e9 champagne. Learn more here.\" \/>\n<meta name=\"robots\" content=\"index, follow, max-snippet:-1, max-image-preview:large, max-video-preview:-1\" \/>\n<link rel=\"canonical\" href=\"https:\/\/foufou-champagne.com\/en\/champagne\/alfred-gratien-brut-rose\/\" \/>\n<meta property=\"og:locale\" content=\"en_US\" \/>\n<meta property=\"og:type\" content=\"article\" \/>\n<meta property=\"og:title\" content=\"Alfred Gratien Ros\u00e9 Champagne | FOUFOU CHAMPAGNE\" \/>\n<meta property=\"og:description\" content=\"Lively, light, harmonious - words that best describe this exceedingly elegant ros\u00e9 champagne. Learn more here.\" \/>\n<meta property=\"og:url\" content=\"https:\/\/foufou-champagne.com\/en\/champagne\/alfred-gratien-brut-rose\/\" \/>\n<meta property=\"og:site_name\" content=\"foufou-champagne.com\" \/>\n<meta property=\"article:modified_time\" content=\"2023-08-15T15:37:07+00:00\" \/>\n<meta property=\"og:image\" content=\"https:\/\/foufou-champagne.com\/wp-content\/uploads\/2021\/09\/Alfred-Gratien-Rose-FouFou-Champagne-Boutique.png\" \/>\n\t<meta property=\"og:image:width\" content=\"800\" \/>\n\t<meta property=\"og:image:height\" content=\"1000\" \/>\n\t<meta property=\"og:image:type\" content=\"image\/png\" \/>\n<meta name=\"twitter:card\" content=\"summary_large_image\" \/>\n<meta name=\"twitter:label1\" content=\"Est. reading time\" \/>\n\t<meta name=\"twitter:data1\" content=\"2 minutes\" \/>\n<script type=\"application\/ld+json\" class=\"yoast-schema-graph\">{\"@context\":\"https:\/\/schema.org\",\"@graph\":[{\"@type\":\"WebPage\",\"@id\":\"https:\/\/foufou-champagne.com\/en\/champagne\/alfred-gratien-brut-rose\/\",\"url\":\"https:\/\/foufou-champagne.com\/en\/champagne\/alfred-gratien-brut-rose\/\",\"name\":\"Alfred Gratien Ros\u00e9 Champagne | FOUFOU CHAMPAGNE\",\"isPartOf\":{\"@id\":\"https:\/\/foufou-champagne.com\/en\/#website\"},\"primaryImageOfPage\":{\"@id\":\"https:\/\/foufou-champagne.com\/en\/champagne\/alfred-gratien-brut-rose\/#primaryimage\"},\"image\":{\"@id\":\"https:\/\/foufou-champagne.com\/en\/champagne\/alfred-gratien-brut-rose\/#primaryimage\"},\"thumbnailUrl\":\"https:\/\/foufou-champagne.com\/wp-content\/uploads\/2021\/09\/Alfred-Gratien-Rose-FouFou-Champagne-Boutique.png\",\"datePublished\":\"2021-12-17T16:41:31+00:00\",\"dateModified\":\"2023-08-15T15:37:07+00:00\",\"description\":\"Lively, light, harmonious - words that best describe this exceedingly elegant ros\u00e9 champagne. Learn more here.\",\"breadcrumb\":{\"@id\":\"https:\/\/foufou-champagne.com\/en\/champagne\/alfred-gratien-brut-rose\/#breadcrumb\"},\"inLanguage\":\"en-US\",\"potentialAction\":[{\"@type\":\"ReadAction\",\"target\":[\"https:\/\/foufou-champagne.com\/en\/champagne\/alfred-gratien-brut-rose\/\"]}]},{\"@type\":\"ImageObject\",\"inLanguage\":\"en-US\",\"@id\":\"https:\/\/foufou-champagne.com\/en\/champagne\/alfred-gratien-brut-rose\/#primaryimage\",\"url\":\"https:\/\/foufou-champagne.com\/wp-content\/uploads\/2021\/09\/Alfred-Gratien-Rose-FouFou-Champagne-Boutique.png\",\"contentUrl\":\"https:\/\/foufou-champagne.com\/wp-content\/uploads\/2021\/09\/Alfred-Gratien-Rose-FouFou-Champagne-Boutique.png\",\"width\":800,\"height\":1000},{\"@type\":\"BreadcrumbList\",\"@id\":\"https:\/\/foufou-champagne.com\/en\/champagne\/alfred-gratien-brut-rose\/#breadcrumb\",\"itemListElement\":[{\"@type\":\"ListItem\",\"position\":1,\"name\":\"Startseite\",\"item\":\"https:\/\/foufou-champagne.com\/en\/\"},{\"@type\":\"ListItem\",\"position\":2,\"name\":\"Shop\",\"item\":\"https:\/\/foufou-champagne.com\/en\/shop\/\"},{\"@type\":\"ListItem\",\"position\":3,\"name\":\"Alfred Gratien Brut Ros\u00e9\"}]},{\"@type\":\"WebSite\",\"@id\":\"https:\/\/foufou-champagne.com\/en\/#website\",\"url\":\"https:\/\/foufou-champagne.com\/en\/\",\"name\":\"foufou-champagne.com\",\"description\":\"CHAMPAGNE BOUTIQUE\",\"potentialAction\":[{\"@type\":\"SearchAction\",\"target\":{\"@type\":\"EntryPoint\",\"urlTemplate\":\"https:\/\/foufou-champagne.com\/en\/?s={search_term_string}\"},\"query-input\":{\"@type\":\"PropertyValueSpecification\",\"valueRequired\":true,\"valueName\":\"search_term_string\"}}],\"inLanguage\":\"en-US\"}]}<\/script>\n<!-- \/ Yoast SEO plugin. -->","yoast_head_json":{"title":"Alfred Gratien Ros\u00e9 Champagne | FOUFOU CHAMPAGNE","description":"Lively, light, harmonious - words that best describe this exceedingly elegant ros\u00e9 champagne. Learn more here.","robots":{"index":"index","follow":"follow","max-snippet":"max-snippet:-1","max-image-preview":"max-image-preview:large","max-video-preview":"max-video-preview:-1"},"canonical":"https:\/\/foufou-champagne.com\/en\/champagne\/alfred-gratien-brut-rose\/","og_locale":"en_US","og_type":"article","og_title":"Alfred Gratien Ros\u00e9 Champagne | FOUFOU CHAMPAGNE","og_description":"Lively, light, harmonious - words that best describe this exceedingly elegant ros\u00e9 champagne. Learn more here.","og_url":"https:\/\/foufou-champagne.com\/en\/champagne\/alfred-gratien-brut-rose\/","og_site_name":"foufou-champagne.com","article_modified_time":"2023-08-15T15:37:07+00:00","og_image":[{"width":800,"height":1000,"url":"https:\/\/foufou-champagne.com\/wp-content\/uploads\/2021\/09\/Alfred-Gratien-Rose-FouFou-Champagne-Boutique.png","type":"image\/png"}],"twitter_card":"summary_large_image","twitter_misc":{"Est. reading time":"2 minutes"},"schema":{"@context":"https:\/\/schema.org","@graph":[{"@type":"WebPage","@id":"https:\/\/foufou-champagne.com\/en\/champagne\/alfred-gratien-brut-rose\/","url":"https:\/\/foufou-champagne.com\/en\/champagne\/alfred-gratien-brut-rose\/","name":"Alfred Gratien Ros\u00e9 Champagne | FOUFOU CHAMPAGNE","isPartOf":{"@id":"https:\/\/foufou-champagne.com\/en\/#website"},"primaryImageOfPage":{"@id":"https:\/\/foufou-champagne.com\/en\/champagne\/alfred-gratien-brut-rose\/#primaryimage"},"image":{"@id":"https:\/\/foufou-champagne.com\/en\/champagne\/alfred-gratien-brut-rose\/#primaryimage"},"thumbnailUrl":"https:\/\/foufou-champagne.com\/wp-content\/uploads\/2021\/09\/Alfred-Gratien-Rose-FouFou-Champagne-Boutique.png","datePublished":"2021-12-17T16:41:31+00:00","dateModified":"2023-08-15T15:37:07+00:00","description":"Lively, light, harmonious - words that best describe this exceedingly elegant ros\u00e9 champagne. Learn more here.","breadcrumb":{"@id":"https:\/\/foufou-champagne.com\/en\/champagne\/alfred-gratien-brut-rose\/#breadcrumb"},"inLanguage":"en-US","potentialAction":[{"@type":"ReadAction","target":["https:\/\/foufou-champagne.com\/en\/champagne\/alfred-gratien-brut-rose\/"]}]},{"@type":"ImageObject","inLanguage":"en-US","@id":"https:\/\/foufou-champagne.com\/en\/champagne\/alfred-gratien-brut-rose\/#primaryimage","url":"https:\/\/foufou-champagne.com\/wp-content\/uploads\/2021\/09\/Alfred-Gratien-Rose-FouFou-Champagne-Boutique.png","contentUrl":"https:\/\/foufou-champagne.com\/wp-content\/uploads\/2021\/09\/Alfred-Gratien-Rose-FouFou-Champagne-Boutique.png","width":800,"height":1000},{"@type":"BreadcrumbList","@id":"https:\/\/foufou-champagne.com\/en\/champagne\/alfred-gratien-brut-rose\/#breadcrumb","itemListElement":[{"@type":"ListItem","position":1,"name":"Startseite","item":"https:\/\/foufou-champagne.com\/en\/"},{"@type":"ListItem","position":2,"name":"Shop","item":"https:\/\/foufou-champagne.com\/en\/shop\/"},{"@type":"ListItem","position":3,"name":"Alfred Gratien Brut Ros\u00e9"}]},{"@type":"WebSite","@id":"https:\/\/foufou-champagne.com\/en\/#website","url":"https:\/\/foufou-champagne.com\/en\/","name":"foufou-champagne.com","description":"CHAMPAGNE BOUTIQUE","potentialAction":[{"@type":"SearchAction","target":{"@type":"EntryPoint","urlTemplate":"https:\/\/foufou-champagne.com\/en\/?s={search_term_string}"},"query-input":{"@type":"PropertyValueSpecification","valueRequired":true,"valueName":"search_term_string"}}],"inLanguage":"en-US"}]}},"_links":{"self":[{"href":"https:\/\/foufou-champagne.com\/en\/wp-json\/wp\/v2\/product\/9730","targetHints":{"allow":["GET"]}}],"collection":[{"href":"https:\/\/foufou-champagne.com\/en\/wp-json\/wp\/v2\/product"}],"about":[{"href":"https:\/\/foufou-champagne.com\/en\/wp-json\/wp\/v2\/types\/product"}],"replies":[{"embeddable":true,"href":"https:\/\/foufou-champagne.com\/en\/wp-json\/wp\/v2\/comments?post=9730"}],"wp:featuredmedia":[{"embeddable":true,"href":"https:\/\/foufou-champagne.com\/en\/wp-json\/wp\/v2\/media\/9725"}],"wp:attachment":[{"href":"https:\/\/foufou-champagne.com\/en\/wp-json\/wp\/v2\/media?parent=9730"}],"wp:term":[{"taxonomy":"product_brand","embeddable":true,"href":"https:\/\/foufou-champagne.com\/en\/wp-json\/wp\/v2\/product_brand?post=9730"},{"taxonomy":"product_cat","embeddable":true,"href":"https:\/\/foufou-champagne.com\/en\/wp-json\/wp\/v2\/product_cat?post=9730"},{"taxonomy":"product_tag","embeddable":true,"href":"https:\/\/foufou-champagne.com\/en\/wp-json\/wp\/v2\/product_tag?post=9730"}],"curies":[{"name":"wp","href":"https:\/\/api.w.org\/{rel}","templated":true}]}}