{"id":9736,"date":"2021-12-17T17:57:36","date_gmt":"2021-12-17T16:57:36","guid":{"rendered":"https:\/\/foufou-champagne.com\/?post_type=product&#038;p=9736"},"modified":"2023-08-16T16:24:08","modified_gmt":"2023-08-16T14:24:08","slug":"olivier-horiot-cuvee-seve-2015-bio","status":"publish","type":"product","link":"https:\/\/foufou-champagne.com\/en\/champagne\/olivier-horiot-cuvee-seve-2015-bio\/","title":{"rendered":"Olivier Horiot Cuv\u00e9e S\u00e8ve 2015"},"content":{"rendered":"<h4>The Champagne<\/h4>\n<p>S\u00e8ve Blanc de Noir is derived entirely from Pinot Noir and is produced on a plot in En Barmont &#8211; a warm little spot facing the southeast, with soil permeated by clay and Kimmeridgien limestone. After the harvest, the grape is fermented and aged in wooden vats. As usual for Horiot, the champagne sits on its lees for a long time. Exactly six years after the day of harvest, the champagne is disgorged &#8211; in this case, on September 14th, 2020.<\/p>\n<h4>Tasting Note<\/h4>\n<ul>\n<li>In the glass, a pale lemony yellow with a delicate, subtle perlage.<\/li>\n<li>The nose reveals the typical characteristics of long fermentation on the yeast: bread crust, shortcrust and brioche, plus lemon and quince tart &#8211; in other words, the full bakery menu \ud83d\ude42 Here and there, a little lemon and ginger to add fruit and spice, plus lemon balm and basil.<\/li>\n<li>On the palate, the oh so fine bubbles provide quite the froth, and a nice acidity spreads throughout the mouth. The S\u00e8ve then becomes pleasantly cool and silk, with a fine minerality. The lemon zest emerges subtly, combining fruit with bitterness. Concluded by a lingering finale, althewhile maintaining a marked balance.<\/li>\n<\/ul>\n<h4>Pair with<\/h4>\n<ul>\n<li>Pairs wonderfully with dishes of fish, such as grilled turbot with broccoli or trout tartare, as well as seafood salad.<\/li>\n<\/ul>\n<p><strong>The Champagne\u00a0House of\u00a0Olivier Horiot<\/strong><\/p>\n<p>Olivier Horiot&#8217;s ancestors have been growing wine in Les Riceys since the 16th century and have traditionally passed it on to the cooperative. In 2000, the young winemaker&#8217;s house has been producing wine (not common in Champagne) and in 2004, he began the biodynamic production of Champagne. This resulted in a series of special vintage champagnes aged for a year in oak barrels on fine lees. Arguably the most notable feature of Olivier Horiots&#8217; house is that the champagnes are made not only from the three usual grape varieties, but also from the far less common Arbanne, Pinot Blanc, Pinot Gris and Petit Meslier. Thus, the many burgundy barrels hidden in the cellar contain unique cuv\u00e9es that produce champagnes with a special assemblage.<\/p>\n","protected":false},"excerpt":{"rendered":"<p>Cuv\u00e9e S\u00e8ve Blanc de Noir Brut Nature 2015 &#8211; a tribute to the black grape: 100% Pinot Noir.<\/p>\n","protected":false},"featured_media":9742,"comment_status":"open","ping_status":"closed","template":"","meta":{"_acf_changed":false,"_editorskit_title_hidden":false,"_editorskit_reading_time":0,"_editorskit_is_block_options_detached":false,"_editorskit_block_options_position":"{}","_coblocks_attr":"","_coblocks_dimensions":"","_coblocks_responsive_height":"","_coblocks_accordion_ie_support":""},"product_brand":[],"product_cat":[225,654,264,265],"product_tag":[315,259,267,288,270,293],"class_list":{"0":"post-9736","1":"product","2":"type-product","3":"status-publish","4":"has-post-thumbnail","6":"product_cat-champagne","7":"product_cat-olivier-horiot-en","8":"product_cat-organic-champagne","9":"product_cat-winemaker-champagne","10":"product_tag-demeter-certified","11":"product_tag-good-dinner-companion","12":"product_tag-organic-champagne","13":"product_tag-vegetarische-gerichte-en","14":"product_tag-winzerchampagner-en","15":"product_tag-zero-dosage-en","16":"product_shipping_class-standard-en","17":"pa_kategorie-bio-champagner-en","18":"pa_kategorie-winemaker-champagne","20":"first","21":"outofstock","22":"taxable","23":"shipping-taxable","24":"purchasable","25":"product-type-composite"},"composite_virtual":false,"composite_layout":"single","composite_add_to_cart_form_location":"default","composite_editable_in_cart":false,"composite_sold_individually_context":"product","composite_shop_price_calc":"min_max","composite_components":[{"id":"1686186615","title":"Gift box (optional)","description":"","query_type":"product_ids","query_ids":[13157],"default_option_id":"","thumbnail_id":"","thumbnail_src":"","quantity_min":1,"quantity_max":1,"priced_individually":true,"shipped_individually":false,"optional":true,"discount":"","options_style":"dropdowns","pagination_style":"classic","display_prices":"absolute","show_sorting_options":false,"show_filtering_options":false,"attribute_filter_ids":[],"select_action":"view","product_title_visible":false,"product_descr_visible":true,"product_price_visible":true,"product_thumb_visible":true,"subtotal_visible_product":false,"subtotal_visible_cart":false,"subtotal_visible_orders":false,"product_addons_visible":true},{"id":"1686186616","title":"Greeting card with mini bouquet (optional)","description":"","query_type":"category_ids","query_ids":[636],"default_option_id":"","thumbnail_id":"","thumbnail_src":"","quantity_min":1,"quantity_max":1,"priced_individually":true,"shipped_individually":false,"optional":true,"discount":"","options_style":"dropdowns","pagination_style":"classic","display_prices":"absolute","show_sorting_options":false,"show_filtering_options":false,"attribute_filter_ids":[],"select_action":"view","product_title_visible":false,"product_descr_visible":true,"product_price_visible":true,"product_thumb_visible":true,"subtotal_visible_product":false,"subtotal_visible_cart":false,"subtotal_visible_orders":false,"product_addons_visible":true}],"composite_scenarios":[],"exclude_global_add_ons":[],"addons":[],"acf":[],"yoast_head":"<!-- This site is optimized with the Yoast SEO plugin v26.8 - https:\/\/yoast.com\/product\/yoast-seo-wordpress\/ -->\n<title>Buy Olivier Horiot S\u00e8ve online | FOUFOU CHAMPAGNE BOUTIQUE<\/title>\n<meta name=\"description\" content=\"Cuv\u00e9e S\u00e8ve Blanc de Noir Brut Nature 2015 - a tribute to the black grape: 100% Pinot Noir.\" \/>\n<meta name=\"robots\" content=\"index, follow, max-snippet:-1, max-image-preview:large, max-video-preview:-1\" \/>\n<link rel=\"canonical\" href=\"https:\/\/foufou-champagne.com\/en\/champagne\/olivier-horiot-cuvee-seve-2015-bio\/\" \/>\n<meta property=\"og:locale\" content=\"en_US\" \/>\n<meta property=\"og:type\" content=\"article\" \/>\n<meta property=\"og:title\" content=\"Buy Olivier Horiot S\u00e8ve online | FOUFOU CHAMPAGNE BOUTIQUE\" \/>\n<meta property=\"og:description\" content=\"Cuv\u00e9e S\u00e8ve Blanc de Noir Brut Nature 2015 - a tribute to the black grape: 100% Pinot Noir.\" \/>\n<meta property=\"og:url\" content=\"https:\/\/foufou-champagne.com\/en\/champagne\/olivier-horiot-cuvee-seve-2015-bio\/\" \/>\n<meta property=\"og:site_name\" content=\"foufou-champagne.com\" \/>\n<meta property=\"article:modified_time\" content=\"2023-08-16T14:24:08+00:00\" \/>\n<meta property=\"og:image\" content=\"https:\/\/foufou-champagne.com\/wp-content\/uploads\/2021\/12\/Champagne-FouFou-Champagne-Boutique.png\" \/>\n\t<meta property=\"og:image:width\" content=\"800\" \/>\n\t<meta property=\"og:image:height\" content=\"1000\" \/>\n\t<meta property=\"og:image:type\" content=\"image\/png\" \/>\n<meta name=\"twitter:card\" content=\"summary_large_image\" \/>\n<meta name=\"twitter:label1\" content=\"Est. reading time\" \/>\n\t<meta name=\"twitter:data1\" content=\"2 minutes\" \/>\n<script type=\"application\/ld+json\" class=\"yoast-schema-graph\">{\"@context\":\"https:\/\/schema.org\",\"@graph\":[{\"@type\":\"WebPage\",\"@id\":\"https:\/\/foufou-champagne.com\/en\/champagne\/olivier-horiot-cuvee-seve-2015-bio\/\",\"url\":\"https:\/\/foufou-champagne.com\/en\/champagne\/olivier-horiot-cuvee-seve-2015-bio\/\",\"name\":\"Buy Olivier Horiot S\u00e8ve online | FOUFOU CHAMPAGNE BOUTIQUE\",\"isPartOf\":{\"@id\":\"https:\/\/foufou-champagne.com\/en\/#website\"},\"primaryImageOfPage\":{\"@id\":\"https:\/\/foufou-champagne.com\/en\/champagne\/olivier-horiot-cuvee-seve-2015-bio\/#primaryimage\"},\"image\":{\"@id\":\"https:\/\/foufou-champagne.com\/en\/champagne\/olivier-horiot-cuvee-seve-2015-bio\/#primaryimage\"},\"thumbnailUrl\":\"https:\/\/foufou-champagne.com\/wp-content\/uploads\/2021\/12\/Champagne-FouFou-Champagne-Boutique.png\",\"datePublished\":\"2021-12-17T16:57:36+00:00\",\"dateModified\":\"2023-08-16T14:24:08+00:00\",\"description\":\"Cuv\u00e9e S\u00e8ve Blanc de Noir Brut Nature 2015 - a tribute to the black grape: 100% Pinot Noir.\",\"breadcrumb\":{\"@id\":\"https:\/\/foufou-champagne.com\/en\/champagne\/olivier-horiot-cuvee-seve-2015-bio\/#breadcrumb\"},\"inLanguage\":\"en-US\",\"potentialAction\":[{\"@type\":\"ReadAction\",\"target\":[\"https:\/\/foufou-champagne.com\/en\/champagne\/olivier-horiot-cuvee-seve-2015-bio\/\"]}]},{\"@type\":\"ImageObject\",\"inLanguage\":\"en-US\",\"@id\":\"https:\/\/foufou-champagne.com\/en\/champagne\/olivier-horiot-cuvee-seve-2015-bio\/#primaryimage\",\"url\":\"https:\/\/foufou-champagne.com\/wp-content\/uploads\/2021\/12\/Champagne-FouFou-Champagne-Boutique.png\",\"contentUrl\":\"https:\/\/foufou-champagne.com\/wp-content\/uploads\/2021\/12\/Champagne-FouFou-Champagne-Boutique.png\",\"width\":800,\"height\":1000},{\"@type\":\"BreadcrumbList\",\"@id\":\"https:\/\/foufou-champagne.com\/en\/champagne\/olivier-horiot-cuvee-seve-2015-bio\/#breadcrumb\",\"itemListElement\":[{\"@type\":\"ListItem\",\"position\":1,\"name\":\"Startseite\",\"item\":\"https:\/\/foufou-champagne.com\/en\/\"},{\"@type\":\"ListItem\",\"position\":2,\"name\":\"Shop\",\"item\":\"https:\/\/foufou-champagne.com\/en\/shop\/\"},{\"@type\":\"ListItem\",\"position\":3,\"name\":\"Olivier Horiot Cuv\u00e9e S\u00e8ve 2015\"}]},{\"@type\":\"WebSite\",\"@id\":\"https:\/\/foufou-champagne.com\/en\/#website\",\"url\":\"https:\/\/foufou-champagne.com\/en\/\",\"name\":\"foufou-champagne.com\",\"description\":\"CHAMPAGNE BOUTIQUE\",\"potentialAction\":[{\"@type\":\"SearchAction\",\"target\":{\"@type\":\"EntryPoint\",\"urlTemplate\":\"https:\/\/foufou-champagne.com\/en\/?s={search_term_string}\"},\"query-input\":{\"@type\":\"PropertyValueSpecification\",\"valueRequired\":true,\"valueName\":\"search_term_string\"}}],\"inLanguage\":\"en-US\"}]}<\/script>\n<!-- \/ Yoast SEO plugin. -->","yoast_head_json":{"title":"Buy Olivier Horiot S\u00e8ve online | FOUFOU CHAMPAGNE BOUTIQUE","description":"Cuv\u00e9e S\u00e8ve Blanc de Noir Brut Nature 2015 - a tribute to the black grape: 100% Pinot Noir.","robots":{"index":"index","follow":"follow","max-snippet":"max-snippet:-1","max-image-preview":"max-image-preview:large","max-video-preview":"max-video-preview:-1"},"canonical":"https:\/\/foufou-champagne.com\/en\/champagne\/olivier-horiot-cuvee-seve-2015-bio\/","og_locale":"en_US","og_type":"article","og_title":"Buy Olivier Horiot S\u00e8ve online | FOUFOU CHAMPAGNE BOUTIQUE","og_description":"Cuv\u00e9e S\u00e8ve Blanc de Noir Brut Nature 2015 - a tribute to the black grape: 100% Pinot Noir.","og_url":"https:\/\/foufou-champagne.com\/en\/champagne\/olivier-horiot-cuvee-seve-2015-bio\/","og_site_name":"foufou-champagne.com","article_modified_time":"2023-08-16T14:24:08+00:00","og_image":[{"width":800,"height":1000,"url":"https:\/\/foufou-champagne.com\/wp-content\/uploads\/2021\/12\/Champagne-FouFou-Champagne-Boutique.png","type":"image\/png"}],"twitter_card":"summary_large_image","twitter_misc":{"Est. reading time":"2 minutes"},"schema":{"@context":"https:\/\/schema.org","@graph":[{"@type":"WebPage","@id":"https:\/\/foufou-champagne.com\/en\/champagne\/olivier-horiot-cuvee-seve-2015-bio\/","url":"https:\/\/foufou-champagne.com\/en\/champagne\/olivier-horiot-cuvee-seve-2015-bio\/","name":"Buy Olivier Horiot S\u00e8ve online | FOUFOU CHAMPAGNE BOUTIQUE","isPartOf":{"@id":"https:\/\/foufou-champagne.com\/en\/#website"},"primaryImageOfPage":{"@id":"https:\/\/foufou-champagne.com\/en\/champagne\/olivier-horiot-cuvee-seve-2015-bio\/#primaryimage"},"image":{"@id":"https:\/\/foufou-champagne.com\/en\/champagne\/olivier-horiot-cuvee-seve-2015-bio\/#primaryimage"},"thumbnailUrl":"https:\/\/foufou-champagne.com\/wp-content\/uploads\/2021\/12\/Champagne-FouFou-Champagne-Boutique.png","datePublished":"2021-12-17T16:57:36+00:00","dateModified":"2023-08-16T14:24:08+00:00","description":"Cuv\u00e9e S\u00e8ve Blanc de Noir Brut Nature 2015 - a tribute to the black grape: 100% Pinot Noir.","breadcrumb":{"@id":"https:\/\/foufou-champagne.com\/en\/champagne\/olivier-horiot-cuvee-seve-2015-bio\/#breadcrumb"},"inLanguage":"en-US","potentialAction":[{"@type":"ReadAction","target":["https:\/\/foufou-champagne.com\/en\/champagne\/olivier-horiot-cuvee-seve-2015-bio\/"]}]},{"@type":"ImageObject","inLanguage":"en-US","@id":"https:\/\/foufou-champagne.com\/en\/champagne\/olivier-horiot-cuvee-seve-2015-bio\/#primaryimage","url":"https:\/\/foufou-champagne.com\/wp-content\/uploads\/2021\/12\/Champagne-FouFou-Champagne-Boutique.png","contentUrl":"https:\/\/foufou-champagne.com\/wp-content\/uploads\/2021\/12\/Champagne-FouFou-Champagne-Boutique.png","width":800,"height":1000},{"@type":"BreadcrumbList","@id":"https:\/\/foufou-champagne.com\/en\/champagne\/olivier-horiot-cuvee-seve-2015-bio\/#breadcrumb","itemListElement":[{"@type":"ListItem","position":1,"name":"Startseite","item":"https:\/\/foufou-champagne.com\/en\/"},{"@type":"ListItem","position":2,"name":"Shop","item":"https:\/\/foufou-champagne.com\/en\/shop\/"},{"@type":"ListItem","position":3,"name":"Olivier Horiot Cuv\u00e9e S\u00e8ve 2015"}]},{"@type":"WebSite","@id":"https:\/\/foufou-champagne.com\/en\/#website","url":"https:\/\/foufou-champagne.com\/en\/","name":"foufou-champagne.com","description":"CHAMPAGNE BOUTIQUE","potentialAction":[{"@type":"SearchAction","target":{"@type":"EntryPoint","urlTemplate":"https:\/\/foufou-champagne.com\/en\/?s={search_term_string}"},"query-input":{"@type":"PropertyValueSpecification","valueRequired":true,"valueName":"search_term_string"}}],"inLanguage":"en-US"}]}},"_links":{"self":[{"href":"https:\/\/foufou-champagne.com\/en\/wp-json\/wp\/v2\/product\/9736","targetHints":{"allow":["GET"]}}],"collection":[{"href":"https:\/\/foufou-champagne.com\/en\/wp-json\/wp\/v2\/product"}],"about":[{"href":"https:\/\/foufou-champagne.com\/en\/wp-json\/wp\/v2\/types\/product"}],"replies":[{"embeddable":true,"href":"https:\/\/foufou-champagne.com\/en\/wp-json\/wp\/v2\/comments?post=9736"}],"wp:featuredmedia":[{"embeddable":true,"href":"https:\/\/foufou-champagne.com\/en\/wp-json\/wp\/v2\/media\/9742"}],"wp:attachment":[{"href":"https:\/\/foufou-champagne.com\/en\/wp-json\/wp\/v2\/media?parent=9736"}],"wp:term":[{"taxonomy":"product_brand","embeddable":true,"href":"https:\/\/foufou-champagne.com\/en\/wp-json\/wp\/v2\/product_brand?post=9736"},{"taxonomy":"product_cat","embeddable":true,"href":"https:\/\/foufou-champagne.com\/en\/wp-json\/wp\/v2\/product_cat?post=9736"},{"taxonomy":"product_tag","embeddable":true,"href":"https:\/\/foufou-champagne.com\/en\/wp-json\/wp\/v2\/product_tag?post=9736"}],"curies":[{"name":"wp","href":"https:\/\/api.w.org\/{rel}","templated":true}]}}